{"id":62,"date":"2023-11-25T13:26:47","date_gmt":"2023-11-25T12:26:47","guid":{"rendered":"https:\/\/nanodron.de\/?page_id=62"},"modified":"2025-09-12T20:06:44","modified_gmt":"2025-09-12T18:06:44","slug":"widerrufsbelehrung","status":"publish","type":"page","link":"https:\/\/nanodron.de\/zh\/widerrufsbelehrung\/","title":{"rendered":"\u64a4\u56de\u6743"},"content":{"rendered":"<div data-elementor-type=\"wp-page\" data-elementor-id=\"62\" class=\"elementor elementor-62\" data-elementor-post-type=\"page\">\n\t\t\t\t<div class=\"elementor-element elementor-element-ccddca1 e-flex e-con-boxed e-con e-parent\" data-id=\"ccddca1\" data-element_type=\"container\" data-e-type=\"container\">\n\t\t\t\t\t<div class=\"e-con-inner\">\n\t\t\t\t<div class=\"elementor-element elementor-element-9d4a2fe elementor-widget elementor-widget-text-editor\" data-id=\"9d4a2fe\" data-element_type=\"widget\" data-e-type=\"widget\" data-widget_type=\"text-editor.default\">\n\t\t\t\t<div class=\"elementor-widget-container\">\n\t\t\t\t\t\t\t\t\t<h4><strong>\u64a4\u56de\u6743\u00a0<\/strong><\/h4><p>\u00a0<\/p><p><strong>A. \u64a4\u56de\u6743<br \/><\/strong>\u5982\u679c\u4e70\u65b9\u662f\u6d88\u8d39\u8005\uff0c\u5219\u5176\u6709\u6743\u6839\u636e\u4ee5\u4e0b\u89c4\u5b9a\u64a4\u56de\u8d27\u7269\uff1a<\/p><p>\u60a8\u6709\u6743\u5728\u5341\u56db\u5929\u5185\u65e0\u7406\u7531\u64a4\u9500\u672c\u5408\u540c\u3002\u64a4\u9500\u671f\u9650\u4e3a\u81ea\u60a8\u6216\u60a8\u6307\u5b9a\u7684\u627f\u8fd0\u4eba\u4ee5\u5916\u7684\u7b2c\u4e09\u65b9\u63a5\u6536\u8d27\u7269\u4e4b\u65e5\u8d77\u5341\u56db\u5929\u3002\u00a0<\/p><p>\u5982\u9700\u884c\u4f7f\u60a8\u7684\u64a4\u9500\u6743\uff0c\u60a8\u5fc5\u987b\u4ee5\u660e\u786e\u7684\u65b9\u5f0f\uff08\u4f8b\u5982\uff0c\u901a\u8fc7\u90ae\u5bc4\u6216\u7535\u5b50\u90ae\u4ef6\uff09\u544a\u77e5\u6211\u4eec\uff08NANODRON GmbH\uff0c\u5730\u5740\uff1aEisenbahnstr. 25, 75179 Pforzheim, Germany\uff0c\u7535\u8bdd\uff1a+49 7231 781 07 80\uff0c\u90ae\u7bb1\uff1ainfo@nanodron.de\uff09\u60a8\u51b3\u5b9a\u64a4\u9500\u672c\u5408\u540c\u3002\u60a8\u53ef\u4ee5\u4f7f\u7528\u968f\u9644\u7684\u64a4\u9500\u8868\u683c\u8303\u672c\uff0c\u4f46\u6b64\u4e3e\u5e76\u975e\u5f3a\u5236\u6027\u8981\u6c42\u3002<\/p><p>\u4e3a\u4e86\u6ee1\u8db3\u53d6\u6d88\u671f\u9650\u7684\u8981\u6c42\uff0c\u60a8\u53ea\u9700\u5728\u53d6\u6d88\u671f\u9650\u5230\u671f\u4e4b\u524d\u53d1\u9001\u884c\u4f7f\u53d6\u6d88\u6743\u7684\u901a\u77e5\u5373\u53ef\u3002<\/p><p><strong>B. \u64a4\u9500\u7684\u540e\u679c<\/strong><br \/>\u5982\u679c\u60a8\u53d6\u6d88\u672c\u5408\u540c\uff0c\u6211\u4eec\u5c06\u7acb\u5373\u9000\u8fd8\u60a8\u5df2\u6536\u5230\u7684\u6240\u6709\u6b3e\u9879\uff0c\u5305\u62ec\u8fd0\u8d39\uff08\u56e0\u60a8\u9009\u62e9\u6211\u4eec\u63d0\u4f9b\u7684\u6700\u4f4e\u4ef7\u6807\u51c6\u914d\u9001\u65b9\u5f0f\u4ee5\u5916\u7684\u5176\u4ed6\u914d\u9001\u65b9\u5f0f\u800c\u4ea7\u751f\u7684\u989d\u5916\u8d39\u7528\u9664\u5916\uff09\uff0c\u6700\u8fdf\u5728\u6536\u5230\u60a8\u53d6\u6d88\u672c\u5408\u540c\u901a\u77e5\u4e4b\u65e5\u8d77\u5341\u56db\u5929\u5185\u5b8c\u6210\u3002\u9664\u975e\u53e6\u6709\u660e\u786e\u7ea6\u5b9a\uff0c\u5426\u5219\u6211\u4eec\u5c06\u4f7f\u7528\u60a8\u539f\u59cb\u4ea4\u6613\u4e2d\u4f7f\u7528\u7684\u4ed8\u6b3e\u65b9\u5f0f\u8fdb\u884c\u9000\u6b3e\uff1b\u5728\u4efb\u4f55\u60c5\u51b5\u4e0b\uff0c\u60a8\u5747\u65e0\u9700\u4e3a\u6b64\u9000\u6b3e\u652f\u4ed8\u4efb\u4f55\u8d39\u7528\u3002\u6211\u4eec\u6709\u6743\u62d2\u7edd\u9000\u6b3e\uff0c\u76f4\u81f3\u6211\u4eec\u6536\u5230\u9000\u56de\u7684\u5546\u54c1\u6216\u60a8\u63d0\u4f9b\u9000\u8d27\u8bc1\u660e\uff08\u4ee5\u8f83\u65e9\u8005\u4e3a\u51c6\uff09\u3002<\/p><p>\u60a8\u5fc5\u987b\u7acb\u5373\u9000\u8fd8\u6216\u79fb\u4ea4\u8d27\u7269\uff0c\u65e0\u8bba\u5982\u4f55\u4e0d\u5f97\u665a\u4e8e\u60a8\u901a\u77e5\u6211\u4eec\u53d6\u6d88\u672c\u5408\u540c\u4e4b\u65e5\u8d77\u5341\u56db\u5929<\/p><p>NANODRON \u6709\u9650\u516c\u53f8\uff0cEisenbahnstr\u3002 25, 75179 \u666e\u798f\u5c14\u8328\u6d77\u59c6, \u5fb7\u56fd<\/p><p>\u9000\u56de\u6216\u4ea4\u51fa\u8d27\u7269\u3002\u5982\u679c\u60a8\u5728\u5341\u56db\u5929\u671f\u9650\u5c4a\u6ee1\u4e4b\u524d\u5bc4\u51fa\u8d27\u7269\uff0c\u5219\u89c6\u4e3a\u6ee1\u8db3\u6b64\u671f\u9650\u3002<\/p><p>\u60a8\u5c06\u627f\u62c5\u9000\u8d27\u7684\u76f4\u63a5\u8d39\u7528\u3002\u4ec5\u5f53\u5546\u54c1\u4ef7\u503c\u635f\u5931\u662f\u7531\u4e8e\u975e\u5fc5\u8981\u7684\u64cd\u4f5c\u9020\u6210\u7684\uff0c\u4e14\u5e76\u975e\u4e3a\u4e86\u68c0\u67e5\u5176\u8d28\u91cf\u3001\u6027\u80fd\u548c\u529f\u80fd\uff0c\u60a8\u624d\u9700\u627f\u62c5\u8d23\u4efb\u3002\u201c\u68c0\u67e5\u8d28\u91cf\u3001\u6027\u80fd\u548c\u529f\u80fd\u201d\u662f\u6307\u5bf9\u76f8\u5e94\u5546\u54c1\u8fdb\u884c\u6d4b\u8bd5\u548c\u8bd5\u7528\uff0c\u4f8b\u5982\u5728\u96f6\u552e\u5e97\u4e2d\u53ef\u4ee5\u8fdb\u884c\u4e14\u60ef\u5e38\u7684\u64cd\u4f5c\u3002\u00a0<\/p><p><strong>C. \u64a4\u9500\u6743\u7684\u6392\u9664<br \/><\/strong>\u64a4\u56de\u6743\u4e0d\u9002\u7528\u4e8e\u6839\u636e\u5ba2\u6237\u89c4\u683c\u5236\u9020\u6216\u660e\u786e\u9488\u5bf9\u4e2a\u4eba\u9700\u6c42\u5b9a\u5236\u7684\u8d27\u7269\u4ea4\u4ed8\u5408\u540c\u3002<\/p><p><b>D. \u53d6\u6d88\u8868\u683c\u6837\u672c<br \/><\/b>\uff08\u5982\u679c\u60a8\u60f3\u53d6\u6d88\u5408\u540c\uff0c\u8bf7\u586b\u5199\u6b64\u8868\u5e76\u5bc4\u56de\uff09<b><br \/><\/b><\/p><p>\u2013 \u81f3\uff1aNANODRON GmbH\uff0cEisenbahnstr\u3002 25, 75179 \u666e\u798f\u5c14\u8328\u6d77\u59c6, \u7535\u8bdd\u3002 +49 7231 781 07 80<\/p><p>\u2013 \u6211\/\u6211\u4eec (*) \u7279\u6b64\u64a4\u9500\u6211\/\u6211\u4eec (*) \u7b7e\u8ba2\u7684\u8d2d\u4e70\u4ee5\u4e0b\u5546\u54c1 (*)\/\u63d0\u4f9b\u4ee5\u4e0b\u670d\u52a1 (*) \u7684\u5408\u540c<\/p><p>\u2013 \u8ba2\u8d2d\u65e5\u671f (*)\/\u6536\u5230\u65e5\u671f (*)<\/p><p>\u2013 \u6d88\u8d39\u8005\u59d3\u540d<\/p><p>\u2013 \u6d88\u8d39\u8005\u5730\u5740<\/p><p>\u2013 \u6d88\u8d39\u8005\u7b7e\u540d\uff08\u4ec5\u9650\u7eb8\u8d28\u901a\u77e5\uff09<\/p><p>- \u65e5\u671f<\/p><p>\uff08*\uff09\u5220\u9664\u4e0d\u9002\u7528\u8005<\/p>\t\t\t\t\t\t\t\t<\/div>\n\t\t\t\t<\/div>\n\t\t\t\t\t<\/div>\n\t\t\t\t<\/div>\n\t\t\t\t<\/div>","protected":false},"excerpt":{"rendered":"<p>Widerrufsbelehrung\u00a0 \u00a0 A. WiderrufsrechtIst der K\u00e4ufer Verbraucher, steht ihm ein Widerrufsrecht nach folgender Ma\u00dfgabe zu: Sie haben das Recht, binnen vierzehn Tagen ohne Angabe von Gr\u00fcnden diesen Vertrag zu widerrufen. Die Widerrufsfrist betr\u00e4gt vierzehn Tage ab dem Tag, an dem Sie oder ein von Ihnen benannter Dritter, der nicht Bef\u00f6rderer ist, die Waren in Besitz [&hellip;]<\/p>\n","protected":false},"author":1,"featured_media":0,"parent":0,"menu_order":999,"comment_status":"closed","ping_status":"closed","template":"","meta":{"site-sidebar-layout":"no-sidebar","site-content-layout":"","ast-site-content-layout":"full-width-container","site-content-style":"default","site-sidebar-style":"default","ast-global-header-display":"","ast-banner-title-visibility":"","ast-main-header-display":"","ast-hfb-above-header-display":"","ast-hfb-below-header-display":"","ast-hfb-mobile-header-display":"","site-post-title":"disabled","ast-breadcrumbs-content":"","ast-featured-img":"disabled","footer-sml-layout":"","theme-transparent-header-meta":"","adv-header-id-meta":"","stick-header-meta":"","header-above-stick-meta":"","header-main-stick-meta":"","header-below-stick-meta":"","astra-migrate-meta-layouts":"default","ast-page-background-enabled":"default","ast-page-background-meta":{"desktop":{"background-color":"var(--ast-global-color-4)","background-image":"","background-repeat":"repeat","background-position":"center center","background-size":"auto","background-attachment":"scroll","background-type":"","background-media":"","overlay-type":"","overlay-color":"","overlay-opacity":"","overlay-gradient":""},"tablet":{"background-color":"","background-image":"","background-repeat":"repeat","background-position":"center center","background-size":"auto","background-attachment":"scroll","background-type":"","background-media":"","overlay-type":"","overlay-color":"","overlay-opacity":"","overlay-gradient":""},"mobile":{"background-color":"","background-image":"","background-repeat":"repeat","background-position":"center center","background-size":"auto","background-attachment":"scroll","background-type":"","background-media":"","overlay-type":"","overlay-color":"","overlay-opacity":"","overlay-gradient":""}},"ast-content-background-meta":{"desktop":{"background-color":"var(--ast-global-color-5)","background-image":"","background-repeat":"repeat","background-position":"center center","background-size":"auto","background-attachment":"scroll","background-type":"","background-media":"","overlay-type":"","overlay-color":"","overlay-opacity":"","overlay-gradient":""},"tablet":{"background-color":"var(--ast-global-color-5)","background-image":"","background-repeat":"repeat","background-position":"center center","background-size":"auto","background-attachment":"scroll","background-type":"","background-media":"","overlay-type":"","overlay-color":"","overlay-opacity":"","overlay-gradient":""},"mobile":{"background-color":"var(--ast-global-color-5)","background-image":"","background-repeat":"repeat","background-position":"center center","background-size":"auto","background-attachment":"scroll","background-type":"","background-media":"","overlay-type":"","overlay-color":"","overlay-opacity":"","overlay-gradient":""}},"footnotes":""},"class_list":["post-62","page","type-page","status-publish","hentry"],"_links":{"self":[{"href":"https:\/\/nanodron.de\/zh\/wp-json\/wp\/v2\/pages\/62","targetHints":{"allow":["GET"]}}],"collection":[{"href":"https:\/\/nanodron.de\/zh\/wp-json\/wp\/v2\/pages"}],"about":[{"href":"https:\/\/nanodron.de\/zh\/wp-json\/wp\/v2\/types\/page"}],"author":[{"embeddable":true,"href":"https:\/\/nanodron.de\/zh\/wp-json\/wp\/v2\/users\/1"}],"replies":[{"embeddable":true,"href":"https:\/\/nanodron.de\/zh\/wp-json\/wp\/v2\/comments?post=62"}],"version-history":[{"count":10,"href":"https:\/\/nanodron.de\/zh\/wp-json\/wp\/v2\/pages\/62\/revisions"}],"predecessor-version":[{"id":4613,"href":"https:\/\/nanodron.de\/zh\/wp-json\/wp\/v2\/pages\/62\/revisions\/4613"}],"wp:attachment":[{"href":"https:\/\/nanodron.de\/zh\/wp-json\/wp\/v2\/media?parent=62"}],"curies":[{"name":"\u53ef\u6e7f\u6027\u7c89\u5242","href":"https:\/\/api.w.org\/{rel}","templated":true}]}}