{"id":143,"date":"2023-12-01T15:14:20","date_gmt":"2023-12-01T14:14:20","guid":{"rendered":"https:\/\/nanodron.de\/?page_id=143"},"modified":"2025-09-12T20:03:41","modified_gmt":"2025-09-12T18:03:41","slug":"zahlungarten-und-versandarten","status":"publish","type":"page","link":"https:\/\/nanodron.de\/zh\/zahlungarten-und-versandarten\/","title":{"rendered":"\u4ed8\u6b3e\u65b9\u5f0f\u548c\u8fd0\u8f93\u65b9\u5f0f"},"content":{"rendered":"<div data-elementor-type=\"wp-page\" data-elementor-id=\"143\" class=\"elementor elementor-143\" data-elementor-post-type=\"page\">\n\t\t\t\t<div class=\"elementor-element elementor-element-51a323e e-flex e-con-boxed e-con e-parent\" data-id=\"51a323e\" data-element_type=\"container\" data-e-type=\"container\">\n\t\t\t\t\t<div class=\"e-con-inner\">\n\t\t\t\t<div class=\"elementor-element elementor-element-48bf275 elementor-widget elementor-widget-heading\" data-id=\"48bf275\" data-element_type=\"widget\" data-e-type=\"widget\" data-widget_type=\"heading.default\">\n\t\t\t\t<div class=\"elementor-widget-container\">\n\t\t\t\t\t<p class=\"elementor-heading-title elementor-size-default\">\u4e3a\u4f01\u4e1a\u5ba2\u6237\u63d0\u4f9b\u4e2a\u4eba\u878d\u8d44\u89e3\u51b3\u65b9\u6848<\/p>\t\t\t\t<\/div>\n\t\t\t\t<\/div>\n\t\t\t\t<div class=\"elementor-element elementor-element-059456d elementor-widget elementor-widget-text-editor\" data-id=\"059456d\" data-element_type=\"widget\" data-e-type=\"widget\" data-widget_type=\"text-editor.default\">\n\t\t\t\t<div class=\"elementor-widget-container\">\n\t\t\t\t\t\t\t\t\t<p>\u6211\u4eec\u4e3a\u5546\u4e1a\u5ba2\u6237\u63d0\u4f9b\u5b9a\u5236\u7684\u878d\u8d44\u65b9\u6848\u2014\u2014\u79df\u8d41\u6216\u5206\u671f\u4ed8\u6b3e\u3002\u6b22\u8fce\u8054\u7cfb\u6211\u4eec\uff0c\u6211\u4eec\u5c06\u7aed\u8bda\u4e3a\u60a8\u63d0\u4f9b\u4e2a\u6027\u5316\u54a8\u8be2\u3002<\/p>\t\t\t\t\t\t\t\t<\/div>\n\t\t\t\t<\/div>\n\t\t\t\t<div class=\"elementor-element elementor-element-e20af43 elementor-widget elementor-widget-heading\" data-id=\"e20af43\" data-element_type=\"widget\" data-e-type=\"widget\" data-widget_type=\"heading.default\">\n\t\t\t\t<div class=\"elementor-widget-container\">\n\t\t\t\t\t<p class=\"elementor-heading-title elementor-size-default\">\u79c1\u4eba\u5ba2\u6237<\/p>\t\t\t\t<\/div>\n\t\t\t\t<\/div>\n\t\t\t\t<div class=\"elementor-element elementor-element-85dc887 elementor-widget elementor-widget-text-editor\" data-id=\"85dc887\" data-element_type=\"widget\" data-e-type=\"widget\" data-widget_type=\"text-editor.default\">\n\t\t\t\t<div class=\"elementor-widget-container\">\n\t\t\t\t\t\t\t\t\t<p>\u4f5c\u4e3a\u79c1\u4eba\u5ba2\u6237\uff0c\u60a8\u53ef\u4ee5\u9009\u62e9\u901a\u8fc7\u9884\u4ed8\u6b3e\u65b9\u4fbf\u5730\u8ba2\u8d2d\u3002 <br \/>\u6211\u4eec\u5f88\u4e50\u610f\u901a\u8fc7\u7535\u8bdd\u63a5\u53d7\u60a8\u7684\u8ba2\u5355 <strong data-start=\"571\" data-end=\"590\">07231 \/ 7810780<\/strong> \u6216\u901a\u8fc7\u7535\u5b50\u90ae\u4ef6\u53d1\u9001\u81f3 <strong data-start=\"610\" data-end=\"630\"><a class=\"cursor-pointer\" rel=\"noopener\" data-start=\"612\" data-end=\"628\">info@nanodron.de<\/a><\/strong> \u5bf9\u6bd4\u3002 <br \/>\u6216\u8005\uff0c\u60a8\u53ef\u4ee5\u76f4\u63a5\u4ece\u6211\u4eec\u7684\u5728\u7ebf\u5546\u5e97\u8ba2\u8d2d NANODRON\u00ae\u3002<\/p>\t\t\t\t\t\t\t\t<\/div>\n\t\t\t\t<\/div>\n\t\t\t\t<div class=\"elementor-element elementor-element-bb1d94e elementor-widget elementor-widget-heading\" data-id=\"bb1d94e\" data-element_type=\"widget\" data-e-type=\"widget\" data-widget_type=\"heading.default\">\n\t\t\t\t<div class=\"elementor-widget-container\">\n\t\t\t\t\t<p class=\"elementor-heading-title elementor-size-default\">\u6709\u5173\u4ed8\u6b3e\u65b9\u5f0f\u7684\u66f4\u591a\u4fe1\u606f<\/p>\t\t\t\t<\/div>\n\t\t\t\t<\/div>\n\t\t\t\t<div class=\"elementor-element elementor-element-8ee32db elementor-widget elementor-widget-text-editor\" data-id=\"8ee32db\" data-element_type=\"widget\" data-e-type=\"widget\" data-widget_type=\"text-editor.default\">\n\t\t\t\t<div class=\"elementor-widget-container\">\n\t\t\t\t\t\t\t\t\t<p>\u5b89\u5168\u3001\u8f7b\u677e\u5730\u4ed8\u6b3e\u3002\u6240\u6709\u53ef\u80fd\u7684\u4ed8\u6b3e\u65b9\u5f0f\u90fd\u4f1a\u5728\u8ba2\u8d2d\u8fc7\u7a0b\u4e2d\u663e\u793a\u3002\u60a8\u51b3\u5b9a\u60a8\u559c\u6b22\u7684\u4ed8\u6b3e\u65b9\u5f0f\uff1a<\/p><p><strong>\u901a\u8fc7\u4fe1\u7528\u5361\u4ed8\u6b3e\uff08\u901a\u8fc7 Stripe\uff09<\/strong><\/p><p>\u63a5\u53d7\u4ee5\u4e0b\u4fe1\u7528\u5361\uff1aVISA\u3001Mastercard\u3001American Express<\/p><p>\u4f7f\u7528\u4fe1\u7528\u5361\u652f\u4ed8\u65f6\uff0c\u9700\u8981\u63d0\u4f9b16\u4f4d\u5361\u53f7\u3001\u6709\u6548\u671f\u548c\u6821\u9a8c\u4f4d\uff0c\u4e5f\u79f0\u4e3aCVV\/CVC\u3002\u5bf9\u4e8e VISA \u548c MasterCard\uff0c\u6821\u9a8c\u4f4d\u5bf9\u5e94\u4e8e\u5361\u80cc\u9762\u7b7e\u540d\u5b57\u6bb5\u65c1\u8fb9\u7684\u4e09\u4f4d\u6570\u5b57\u3002\u5728\u7f8e\u56fd\u8fd0\u901a\u5361\u4e0a\uff0c4 \u4f4d\u652f\u7968\u53f7\u7801\u4f4d\u4e8e\u6b63\u9762\uff0c\u6d6e\u96d5\u5361\u53f7\u7684\u6b63\u4e0a\u65b9\u3002\u60a8\u7684\u6570\u636e\u5c06\u4f7f\u7528\u5b89\u5168 SSL \u52a0\u5bc6\u6d41\u7a0b\u53d7\u5230\u4fdd\u62a4\u5e76\u7acb\u5373\u5f97\u5230\u5904\u7406\u3002<br \/>\u5982\u679c\u60a8\u901a\u8fc7\u4fe1\u7528\u5361\u4ed8\u6b3e\u6210\u529f\uff0c\u53d1\u7968\u91d1\u989d\u5c06\u5728\u8d27\u7269\u53d1\u8d27\u65f6\u4ece\u60a8\u7684\u4fe1\u7528\u5361\u8d26\u6237\u4e2d\u6263\u9664\u3002<\/p><p><strong>\u901a\u8fc7\u94f6\u884c\u8f6c\u8d26\u4ed8\u6b3e<\/strong> <strong>\uff08\u9884\u4ed8\u6b3e\uff09<\/strong><\/p><p>\u53ea\u9700\u4f7f\u7528\u6211\u4eec\u7684\u94f6\u884c\u8be6\u7ec6\u4fe1\u606f\u548c\u60a8\u7684\u8ba2\u5355\u53f7\u5373\u53ef\u8fdb\u884c\u8f6c\u8d26\u3002\u6211\u4eec\u7684\u8f6c\u8d26\u94f6\u884c\u8be6\u7ec6\u4fe1\u606f\u5c06\u5728\u8ba2\u8d2d\u540e\u901a\u8fc7\u7535\u5b50\u90ae\u4ef6\u53d1\u9001\u3002<\/p>\t\t\t\t\t\t\t\t<\/div>\n\t\t\t\t<\/div>\n\t\t\t\t<div class=\"elementor-element elementor-element-0bb0fa9 elementor-widget elementor-widget-heading\" data-id=\"0bb0fa9\" data-element_type=\"widget\" data-e-type=\"widget\" data-widget_type=\"heading.default\">\n\t\t\t\t<div class=\"elementor-widget-container\">\n\t\t\t\t\t<p class=\"elementor-heading-title elementor-size-default\">\u8fd0\u9001\u65b9\u5f0f<\/p>\t\t\t\t<\/div>\n\t\t\t\t<\/div>\n\t\t\t\t<div class=\"elementor-element elementor-element-741dd95 elementor-widget elementor-widget-text-editor\" data-id=\"741dd95\" data-element_type=\"widget\" data-e-type=\"widget\" data-widget_type=\"text-editor.default\">\n\t\t\t\t<div class=\"elementor-widget-container\">\n\t\t\t\t\t\t\t\t\t<div class=\"wp-block-group\"><div class=\"wp-block-group__inner-container is-layout-constrained wp-block-group-is-layout-constrained\"><p>\u6211\u4eec\u5c06\u59cb\u7ec8\u5c3d\u53ef\u80fd\u8ba9\u60a8\u4e86\u89e3\u6700\u65b0\u60c5\u51b5 <strong>\u9884\u8ba1\u4ea4\u8d27\u65f6\u95f4<\/strong> \u4ee5\u53ca\u60a8\u8ba2\u5355\u7684\u5f53\u524d\u72b6\u6001\u3002\u60a8\u8fd8\u53ef\u4ee5\u9009\u62e9\u4f7f\u7528\u8ffd\u8e2a\u53f7\u7801\u901a\u8fc7\u6211\u4eec\u7684\u5305\u88f9\u670d\u52a1 DHL \u8ffd\u8e2a\u9012\u9001\u60c5\u51b5\u3002\u60a8\u5c06\u901a\u8fc7\u7535\u5b50\u90ae\u4ef6\u6536\u5230\u8ddf\u8e2a\u53f7\u7801\u548c\u8ddf\u8e2a\u94fe\u63a5\u4ee5\u53ca\u53d1\u8d27\u786e\u8ba4\u4fe1\u606f\u3002<\/p><p>\u8fd9 <strong>\u8fd0\u8d39<\/strong> \u5404\u6709\u4e0d\u540c <strong>\u4ea4\u8d27\u56fd\u5bb6<\/strong>\u3002\u5728\u5fb7\u56fd\u5883\u5185\uff0c\u514d\u8d39\u9001\u8d27\u4e0a\u95e8\u3002\u7ed3\u5e10\u65f6\u5728\u7ed3\u5e10\u533a\u57df\u4f1a\u6ce8\u660e\u5355\u72ec\u7684\u8fd0\u8d39\u3002<\/p><p>\u6ce8\u610f\uff1a\u8fd0\u9001\u81f3\u975e\u6b27\u76df\u56fd\u5bb6\/\u5730\u533a\u65f6\uff0c\u60a8\u7684\u8ba2\u5355\u53ef\u80fd\u9700\u8981\u7f34\u7eb3\u989d\u5916\u7a0e\u8d39\u6216\u8d39\u7528\uff08\u4f8b\u5982\u5173\u7a0e\uff09\u3002<\/p><\/div><\/div>\t\t\t\t\t\t\t\t<\/div>\n\t\t\t\t<\/div>\n\t\t\t\t\t<\/div>\n\t\t\t\t<\/div>\n\t\t\t\t<\/div>","protected":false},"excerpt":{"rendered":"<p>Individuelle Finanzierungsl\u00f6sungen f\u00fcr Gesch\u00e4ftskunden F\u00fcr unsere gewerblichen Kunden bieten wir ma\u00dfgeschneiderte Finanzierungsm\u00f6glichkeiten \u2013 wahlweise per Leasing oder Mietkauf. Sprechen Sie uns gerne dazu an, wir beraten Sie pers\u00f6nlich. Privatkunden Als Privatkunde haben Sie die M\u00f6glichkeit bequem per Vorkasse zu bestellen. Gerne nehmen wir Ihre Bestellung telefonisch unter 07231 \/ 7810780 oder per E-Mail an info@nanodron.de [&hellip;]<\/p>\n","protected":false},"author":1,"featured_media":0,"parent":0,"menu_order":999,"comment_status":"closed","ping_status":"closed","template":"","meta":{"site-sidebar-layout":"no-sidebar","site-content-layout":"","ast-site-content-layout":"full-width-container","site-content-style":"default","site-sidebar-style":"default","ast-global-header-display":"","ast-banner-title-visibility":"","ast-main-header-display":"","ast-hfb-above-header-display":"","ast-hfb-below-header-display":"","ast-hfb-mobile-header-display":"","site-post-title":"disabled","ast-breadcrumbs-content":"","ast-featured-img":"disabled","footer-sml-layout":"","theme-transparent-header-meta":"","adv-header-id-meta":"","stick-header-meta":"","header-above-stick-meta":"","header-main-stick-meta":"","header-below-stick-meta":"","astra-migrate-meta-layouts":"default","ast-page-background-enabled":"default","ast-page-background-meta":{"desktop":{"background-color":"var(--ast-global-color-4)","background-image":"","background-repeat":"repeat","background-position":"center center","background-size":"auto","background-attachment":"scroll","background-type":"","background-media":"","overlay-type":"","overlay-color":"","overlay-opacity":"","overlay-gradient":""},"tablet":{"background-color":"","background-image":"","background-repeat":"repeat","background-position":"center center","background-size":"auto","background-attachment":"scroll","background-type":"","background-media":"","overlay-type":"","overlay-color":"","overlay-opacity":"","overlay-gradient":""},"mobile":{"background-color":"","background-image":"","background-repeat":"repeat","background-position":"center center","background-size":"auto","background-attachment":"scroll","background-type":"","background-media":"","overlay-type":"","overlay-color":"","overlay-opacity":"","overlay-gradient":""}},"ast-content-background-meta":{"desktop":{"background-color":"var(--ast-global-color-5)","background-image":"","background-repeat":"repeat","background-position":"center center","background-size":"auto","background-attachment":"scroll","background-type":"","background-media":"","overlay-type":"","overlay-color":"","overlay-opacity":"","overlay-gradient":""},"tablet":{"background-color":"var(--ast-global-color-5)","background-image":"","background-repeat":"repeat","background-position":"center center","background-size":"auto","background-attachment":"scroll","background-type":"","background-media":"","overlay-type":"","overlay-color":"","overlay-opacity":"","overlay-gradient":""},"mobile":{"background-color":"var(--ast-global-color-5)","background-image":"","background-repeat":"repeat","background-position":"center center","background-size":"auto","background-attachment":"scroll","background-type":"","background-media":"","overlay-type":"","overlay-color":"","overlay-opacity":"","overlay-gradient":""}},"footnotes":""},"class_list":["post-143","page","type-page","status-publish","hentry"],"_links":{"self":[{"href":"https:\/\/nanodron.de\/zh\/wp-json\/wp\/v2\/pages\/143","targetHints":{"allow":["GET"]}}],"collection":[{"href":"https:\/\/nanodron.de\/zh\/wp-json\/wp\/v2\/pages"}],"about":[{"href":"https:\/\/nanodron.de\/zh\/wp-json\/wp\/v2\/types\/page"}],"author":[{"embeddable":true,"href":"https:\/\/nanodron.de\/zh\/wp-json\/wp\/v2\/users\/1"}],"replies":[{"embeddable":true,"href":"https:\/\/nanodron.de\/zh\/wp-json\/wp\/v2\/comments?post=143"}],"version-history":[{"count":11,"href":"https:\/\/nanodron.de\/zh\/wp-json\/wp\/v2\/pages\/143\/revisions"}],"predecessor-version":[{"id":4737,"href":"https:\/\/nanodron.de\/zh\/wp-json\/wp\/v2\/pages\/143\/revisions\/4737"}],"wp:attachment":[{"href":"https:\/\/nanodron.de\/zh\/wp-json\/wp\/v2\/media?parent=143"}],"curies":[{"name":"\u53ef\u6e7f\u6027\u7c89\u5242","href":"https:\/\/api.w.org\/{rel}","templated":true}]}}