{"id":62,"date":"2023-11-25T13:26:47","date_gmt":"2023-11-25T12:26:47","guid":{"rendered":"https:\/\/nanodron.de\/?page_id=62"},"modified":"2025-09-12T20:06:44","modified_gmt":"2025-09-12T18:06:44","slug":"widerrufsbelehrung","status":"publish","type":"page","link":"https:\/\/nanodron.de\/ru\/widerrufsbelehrung\/","title":{"rendered":"\u041f\u0440\u0430\u0432\u043e \u043d\u0430 \u043e\u0442\u0437\u044b\u0432"},"content":{"rendered":"<div data-elementor-type=\"wp-page\" data-elementor-id=\"62\" class=\"elementor elementor-62\" data-elementor-post-type=\"page\">\n\t\t\t\t<div class=\"elementor-element elementor-element-ccddca1 e-flex e-con-boxed e-con e-parent\" data-id=\"ccddca1\" data-element_type=\"container\" data-e-type=\"container\">\n\t\t\t\t\t<div class=\"e-con-inner\">\n\t\t\t\t<div class=\"elementor-element elementor-element-9d4a2fe elementor-widget elementor-widget-text-editor\" data-id=\"9d4a2fe\" data-element_type=\"widget\" data-e-type=\"widget\" data-widget_type=\"text-editor.default\">\n\t\t\t\t<div class=\"elementor-widget-container\">\n\t\t\t\t\t\t\t\t\t<h4><strong>\u041f\u0440\u0430\u0432\u043e \u043d\u0430 \u043e\u0442\u0437\u044b\u0432\u00a0<\/strong><\/h4><p>\u00a0<\/p><p><strong>\u0410. \u041f\u0440\u0430\u0432\u043e \u043d\u0430 \u043e\u0442\u043a\u0430\u0437<br \/><\/strong>\u0415\u0441\u043b\u0438 \u043f\u043e\u043a\u0443\u043f\u0430\u0442\u0435\u043b\u044c \u044f\u0432\u043b\u044f\u0435\u0442\u0441\u044f \u043f\u043e\u0442\u0440\u0435\u0431\u0438\u0442\u0435\u043b\u0435\u043c, \u043e\u043d \u0438\u043b\u0438 \u043e\u043d\u0430 \u0438\u043c\u0435\u0435\u0442 \u043f\u0440\u0430\u0432\u043e \u043e\u0442\u043a\u0430\u0437\u0430 \u0432 \u0441\u043e\u043e\u0442\u0432\u0435\u0442\u0441\u0442\u0432\u0438\u0438 \u0441\u043e \u0441\u043b\u0435\u0434\u0443\u044e\u0449\u0438\u043c\u0438 \u043f\u043e\u043b\u043e\u0436\u0435\u043d\u0438\u044f\u043c\u0438:<\/p><p>\u0412\u044b \u0438\u043c\u0435\u0435\u0442\u0435 \u043f\u0440\u0430\u0432\u043e \u0440\u0430\u0441\u0442\u043e\u0440\u0433\u043d\u0443\u0442\u044c \u043d\u0430\u0441\u0442\u043e\u044f\u0449\u0438\u0439 \u0434\u043e\u0433\u043e\u0432\u043e\u0440 \u0432 \u0442\u0435\u0447\u0435\u043d\u0438\u0435 \u0447\u0435\u0442\u044b\u0440\u043d\u0430\u0434\u0446\u0430\u0442\u0438 \u0434\u043d\u0435\u0439 \u0431\u0435\u0437 \u043e\u0431\u044a\u044f\u0441\u043d\u0435\u043d\u0438\u044f \u043f\u0440\u0438\u0447\u0438\u043d. \u0421\u0440\u043e\u043a \u0440\u0430\u0441\u0442\u043e\u0440\u0436\u0435\u043d\u0438\u044f \u0441\u043e\u0441\u0442\u0430\u0432\u043b\u044f\u0435\u0442 \u0447\u0435\u0442\u044b\u0440\u043d\u0430\u0434\u0446\u0430\u0442\u044c \u0434\u043d\u0435\u0439 \u0441 \u043c\u043e\u043c\u0435\u043d\u0442\u0430 \u043f\u043e\u043b\u0443\u0447\u0435\u043d\u0438\u044f \u0432\u0430\u043c\u0438 \u0438\u043b\u0438 \u0442\u0440\u0435\u0442\u044c\u0438\u043c \u043b\u0438\u0446\u043e\u043c, \u0437\u0430 \u0438\u0441\u043a\u043b\u044e\u0447\u0435\u043d\u0438\u0435\u043c \u0443\u043a\u0430\u0437\u0430\u043d\u043d\u043e\u0433\u043e \u0432\u0430\u043c\u0438 \u043f\u0435\u0440\u0435\u0432\u043e\u0437\u0447\u0438\u043a\u0430, \u0442\u043e\u0432\u0430\u0440\u0430.\u00a0<\/p><p>\u0427\u0442\u043e\u0431\u044b \u0432\u043e\u0441\u043f\u043e\u043b\u044c\u0437\u043e\u0432\u0430\u0442\u044c\u0441\u044f \u043f\u0440\u0430\u0432\u043e\u043c \u043d\u0430 \u043e\u0442\u043a\u0430\u0437 \u043e\u0442 \u0434\u043e\u0433\u043e\u0432\u043e\u0440\u0430, \u0432\u0430\u043c \u043d\u0435\u043e\u0431\u0445\u043e\u0434\u0438\u043c\u043e \u0441\u043e\u043e\u0431\u0449\u0438\u0442\u044c \u043d\u0430\u043c (NANODRON GmbH, Eisenbahnstr. 25, 75179 Pforzheim, \u0413\u0435\u0440\u043c\u0430\u043d\u0438\u044f, \u0442\u0435\u043b\u0435\u0444\u043e\u043d: +49 7231 781 07 80, \u0430\u0434\u0440\u0435\u0441 \u044d\u043b\u0435\u043a\u0442\u0440\u043e\u043d\u043d\u043e\u0439 \u043f\u043e\u0447\u0442\u044b: info@nanodron.de) \u043e \u0432\u0430\u0448\u0435\u043c \u0440\u0435\u0448\u0435\u043d\u0438\u0438 \u043e\u0442\u043a\u0430\u0437\u0430\u0442\u044c\u0441\u044f \u043e\u0442 \u043d\u0430\u0441\u0442\u043e\u044f\u0449\u0435\u0433\u043e \u0434\u043e\u0433\u043e\u0432\u043e\u0440\u0430, \u043d\u0430\u043f\u0440\u0430\u0432\u0438\u0432 \u043d\u0430\u043c \u044f\u0441\u043d\u043e\u0435 \u0437\u0430\u044f\u0432\u043b\u0435\u043d\u0438\u0435 (\u043d\u0430\u043f\u0440\u0438\u043c\u0435\u0440, \u043f\u0438\u0441\u044c\u043c\u043e\u043c \u043f\u043e \u043f\u043e\u0447\u0442\u0435 \u0438\u043b\u0438 \u044d\u043b\u0435\u043a\u0442\u0440\u043e\u043d\u043d\u043e\u0439 \u043f\u043e\u0447\u0442\u0435). \u0412\u044b \u043c\u043e\u0436\u0435\u0442\u0435 \u0438\u0441\u043f\u043e\u043b\u044c\u0437\u043e\u0432\u0430\u0442\u044c \u0434\u043b\u044f \u044d\u0442\u043e\u0433\u043e \u043f\u0440\u0438\u043b\u0430\u0433\u0430\u0435\u043c\u0443\u044e \u0444\u043e\u0440\u043c\u0443 \u043e\u0442\u043a\u0430\u0437\u0430, \u043d\u043e \u044d\u0442\u043e \u043d\u0435 \u044f\u0432\u043b\u044f\u0435\u0442\u0441\u044f \u043e\u0431\u044f\u0437\u0430\u0442\u0435\u043b\u044c\u043d\u044b\u043c.<\/p><p>\u0427\u0442\u043e\u0431\u044b \u0441\u043e\u0431\u043b\u044e\u0441\u0442\u0438 \u043f\u0435\u0440\u0438\u043e\u0434 \u043e\u0442\u043c\u0435\u043d\u044b, \u0434\u043e\u0441\u0442\u0430\u0442\u043e\u0447\u043d\u043e, \u0447\u0442\u043e\u0431\u044b \u0432\u044b \u043e\u0442\u043f\u0440\u0430\u0432\u0438\u043b\u0438 \u0443\u0432\u0435\u0434\u043e\u043c\u043b\u0435\u043d\u0438\u0435 \u043e\u0431 \u043e\u0441\u0443\u0449\u0435\u0441\u0442\u0432\u043b\u0435\u043d\u0438\u0438 \u0432\u0430\u043c\u0438 \u043f\u0440\u0430\u0432\u0430 \u043d\u0430 \u043e\u0442\u043c\u0435\u043d\u0443 \u0434\u043e \u0438\u0441\u0442\u0435\u0447\u0435\u043d\u0438\u044f \u0441\u0440\u043e\u043a\u0430 \u043e\u0442\u043c\u0435\u043d\u044b.<\/p><p><strong>\u0411. \u041f\u043e\u0441\u043b\u0435\u0434\u0441\u0442\u0432\u0438\u044f \u043e\u0442\u0437\u044b\u0432\u0430<\/strong><br \/>\u0412 \u0441\u043b\u0443\u0447\u0430\u0435 \u0440\u0430\u0441\u0442\u043e\u0440\u0436\u0435\u043d\u0438\u044f \u0432\u0430\u043c\u0438 \u043d\u0430\u0441\u0442\u043e\u044f\u0449\u0435\u0433\u043e \u0434\u043e\u0433\u043e\u0432\u043e\u0440\u0430 \u043c\u044b \u0432\u0435\u0440\u043d\u0435\u043c \u0432\u0441\u0435 \u043f\u043e\u043b\u0443\u0447\u0435\u043d\u043d\u044b\u0435 \u043e\u0442 \u0432\u0430\u0441 \u043f\u043b\u0430\u0442\u0435\u0436\u0438, \u0432\u043a\u043b\u044e\u0447\u0430\u044f \u0441\u0442\u043e\u0438\u043c\u043e\u0441\u0442\u044c \u0434\u043e\u0441\u0442\u0430\u0432\u043a\u0438 (\u0437\u0430 \u0438\u0441\u043a\u043b\u044e\u0447\u0435\u043d\u0438\u0435\u043c \u0434\u043e\u043f\u043e\u043b\u043d\u0438\u0442\u0435\u043b\u044c\u043d\u044b\u0445 \u0440\u0430\u0441\u0445\u043e\u0434\u043e\u0432, \u0432\u043e\u0437\u043d\u0438\u043a\u0448\u0438\u0445 \u0432 \u0440\u0435\u0437\u0443\u043b\u044c\u0442\u0430\u0442\u0435 \u0432\u044b\u0431\u043e\u0440\u0430 \u0432\u0430\u043c\u0438 \u0441\u043f\u043e\u0441\u043e\u0431\u0430 \u0434\u043e\u0441\u0442\u0430\u0432\u043a\u0438, \u043e\u0442\u043b\u0438\u0447\u043d\u043e\u0433\u043e \u043e\u0442 \u0441\u0430\u043c\u043e\u0433\u043e \u0434\u0435\u0448\u0435\u0432\u043e\u0433\u043e \u0441\u0442\u0430\u043d\u0434\u0430\u0440\u0442\u043d\u043e\u0433\u043e \u0441\u043f\u043e\u0441\u043e\u0431\u0430 \u0434\u043e\u0441\u0442\u0430\u0432\u043a\u0438, \u043f\u0440\u0435\u0434\u043b\u0430\u0433\u0430\u0435\u043c\u043e\u0433\u043e \u043d\u0430\u043c\u0438), \u043d\u0435\u0437\u0430\u043c\u0435\u0434\u043b\u0438\u0442\u0435\u043b\u044c\u043d\u043e \u0438 \u043d\u0435 \u043f\u043e\u0437\u0434\u043d\u0435\u0435 \u0447\u0435\u0442\u044b\u0440\u043d\u0430\u0434\u0446\u0430\u0442\u0438 \u0434\u043d\u0435\u0439 \u0441 \u0434\u0430\u0442\u044b \u043f\u043e\u043b\u0443\u0447\u0435\u043d\u0438\u044f \u043d\u0430\u043c\u0438 \u0443\u0432\u0435\u0434\u043e\u043c\u043b\u0435\u043d\u0438\u044f \u043e \u0440\u0430\u0441\u0442\u043e\u0440\u0436\u0435\u043d\u0438\u0438 \u0432\u0430\u043c\u0438 \u043d\u0430\u0441\u0442\u043e\u044f\u0449\u0435\u0433\u043e \u0434\u043e\u0433\u043e\u0432\u043e\u0440\u0430. \u0414\u043b\u044f \u0432\u043e\u0437\u0432\u0440\u0430\u0442\u0430 \u0441\u0440\u0435\u0434\u0441\u0442\u0432 \u043c\u044b \u0438\u0441\u043f\u043e\u043b\u044c\u0437\u0443\u0435\u043c \u0442\u043e \u0436\u0435 \u043f\u043b\u0430\u0442\u0435\u0436\u043d\u043e\u0435 \u0441\u0440\u0435\u0434\u0441\u0442\u0432\u043e, \u043a\u043e\u0442\u043e\u0440\u043e\u0435 \u0432\u044b \u0438\u0441\u043f\u043e\u043b\u044c\u0437\u043e\u0432\u0430\u043b\u0438 \u0434\u043b\u044f \u043f\u0435\u0440\u0432\u043e\u043d\u0430\u0447\u0430\u043b\u044c\u043d\u043e\u0439 \u0442\u0440\u0430\u043d\u0437\u0430\u043a\u0446\u0438\u0438, \u0435\u0441\u043b\u0438 \u0441 \u0432\u0430\u043c\u0438 \u043d\u0435 \u0431\u044b\u043b\u043e \u043f\u0440\u044f\u043c\u043e \u0441\u043e\u0433\u043b\u0430\u0441\u043e\u0432\u0430\u043d\u043e \u0438\u043d\u043e\u0435; \u043d\u0438 \u043f\u0440\u0438 \u043a\u0430\u043a\u0438\u0445 \u043e\u0431\u0441\u0442\u043e\u044f\u0442\u0435\u043b\u044c\u0441\u0442\u0432\u0430\u0445 \u0441 \u0432\u0430\u0441 \u043d\u0435 \u0431\u0443\u0434\u0435\u0442 \u0432\u0437\u0438\u043c\u0430\u0442\u044c\u0441\u044f \u043a\u043e\u043c\u0438\u0441\u0441\u0438\u044f \u0437\u0430 \u0432\u043e\u0437\u0432\u0440\u0430\u0442. \u041c\u044b \u043c\u043e\u0436\u0435\u043c \u043e\u0442\u043a\u0430\u0437\u0430\u0442\u044c \u0432 \u0432\u043e\u0437\u0432\u0440\u0430\u0442\u0435 \u0441\u0440\u0435\u0434\u0441\u0442\u0432 \u0434\u043e \u0442\u0435\u0445 \u043f\u043e\u0440, \u043f\u043e\u043a\u0430 \u043d\u0435 \u043f\u043e\u043b\u0443\u0447\u0438\u043c \u0442\u043e\u0432\u0430\u0440 \u043e\u0431\u0440\u0430\u0442\u043d\u043e \u0438\u043b\u0438 \u0432\u044b \u043d\u0435 \u043f\u0440\u0435\u0434\u043e\u0441\u0442\u0430\u0432\u0438\u0442\u0435 \u0434\u043e\u043a\u0430\u0437\u0430\u0442\u0435\u043b\u044c\u0441\u0442\u0432\u043e \u0435\u0433\u043e \u0432\u043e\u0437\u0432\u0440\u0430\u0442\u0430, \u0432 \u0437\u0430\u0432\u0438\u0441\u0438\u043c\u043e\u0441\u0442\u0438 \u043e\u0442 \u0442\u043e\u0433\u043e, \u0447\u0442\u043e \u043d\u0430\u0441\u0442\u0443\u043f\u0438\u0442 \u0440\u0430\u043d\u044c\u0448\u0435.<\/p><p>\u0412\u044b \u0434\u043e\u043b\u0436\u043d\u044b \u0432\u0435\u0440\u043d\u0443\u0442\u044c \u0438\u043b\u0438 \u043f\u0435\u0440\u0435\u0434\u0430\u0442\u044c \u0442\u043e\u0432\u0430\u0440 \u043d\u0435\u043c\u0435\u0434\u043b\u0435\u043d\u043d\u043e \u0438 \u0432 \u043b\u044e\u0431\u043e\u043c \u0441\u043b\u0443\u0447\u0430\u0435 \u043d\u0435 \u043f\u043e\u0437\u0434\u043d\u0435\u0435 \u0447\u0435\u0442\u044b\u0440\u043d\u0430\u0434\u0446\u0430\u0442\u0438 \u0434\u043d\u0435\u0439 \u0441 \u0434\u0430\u0442\u044b, \u043a\u043e\u0433\u0434\u0430 \u0432\u044b \u0443\u0432\u0435\u0434\u043e\u043c\u0438\u043b\u0438 \u043d\u0430\u0441 \u043e\u0431 \u0430\u043d\u043d\u0443\u043b\u0438\u0440\u043e\u0432\u0430\u043d\u0438\u0438 \u043d\u0430\u0441\u0442\u043e\u044f\u0449\u0435\u0433\u043e \u0434\u043e\u0433\u043e\u0432\u043e\u0440\u0430<\/p><p>NANODRON GmbH, \u0410\u0439\u0437\u0435\u043d\u0431\u0430\u043d\u0448\u0442\u0440\u0430\u0441\u0441\u0435. 25, 75179 \u041f\u0444\u043e\u0440\u0446\u0445\u0430\u0439\u043c, \u0413\u0435\u0440\u043c\u0430\u043d\u0438\u044f<\/p><p>\u0432\u0435\u0440\u043d\u0443\u0442\u044c \u0438\u043b\u0438 \u043f\u0435\u0440\u0435\u0434\u0430\u0442\u044c \u0442\u043e\u0432\u0430\u0440. \u042d\u0442\u043e\u0442 \u0441\u0440\u043e\u043a \u0441\u0447\u0438\u0442\u0430\u0435\u0442\u0441\u044f \u0441\u043e\u0431\u043b\u044e\u0434\u0435\u043d\u043d\u044b\u043c, \u0435\u0441\u043b\u0438 \u0432\u044b \u043e\u0442\u043f\u0440\u0430\u0432\u0438\u043b\u0438 \u0442\u043e\u0432\u0430\u0440 \u0434\u043e \u0438\u0441\u0442\u0435\u0447\u0435\u043d\u0438\u044f \u0447\u0435\u0442\u044b\u0440\u043d\u0430\u0434\u0446\u0430\u0442\u0438\u0434\u043d\u0435\u0432\u043d\u043e\u0433\u043e \u0441\u0440\u043e\u043a\u0430.<\/p><p>\u0412\u044b \u043d\u0435\u0441\u0451\u0442\u0435 \u043f\u0440\u044f\u043c\u044b\u0435 \u0440\u0430\u0441\u0445\u043e\u0434\u044b \u043d\u0430 \u0432\u043e\u0437\u0432\u0440\u0430\u0442 \u0442\u043e\u0432\u0430\u0440\u0430. \u0412\u044b \u043d\u0435\u0441\u0451\u0442\u0435 \u043e\u0442\u0432\u0435\u0442\u0441\u0442\u0432\u0435\u043d\u043d\u043e\u0441\u0442\u044c \u0437\u0430 \u043f\u043e\u0442\u0435\u0440\u044e \u0441\u0442\u043e\u0438\u043c\u043e\u0441\u0442\u0438 \u0442\u043e\u0432\u0430\u0440\u0430 \u0442\u043e\u043b\u044c\u043a\u043e \u0432 \u0442\u043e\u043c \u0441\u043b\u0443\u0447\u0430\u0435, \u0435\u0441\u043b\u0438 \u044d\u0442\u0430 \u043f\u043e\u0442\u0435\u0440\u044f \u0441\u0442\u043e\u0438\u043c\u043e\u0441\u0442\u0438 \u0432\u044b\u0437\u0432\u0430\u043d\u0430 \u043e\u0431\u0440\u0430\u0449\u0435\u043d\u0438\u0435\u043c \u0441 \u0442\u043e\u0432\u0430\u0440\u043e\u043c, \u043d\u0435 \u044f\u0432\u043b\u044f\u044e\u0449\u0438\u043c\u0441\u044f \u043d\u0435\u043e\u0431\u0445\u043e\u0434\u0438\u043c\u044b\u043c \u0434\u043b\u044f \u043f\u0440\u043e\u0432\u0435\u0440\u043a\u0438 \u0435\u0433\u043e \u043a\u0430\u0447\u0435\u0441\u0442\u0432\u0430, \u0441\u0432\u043e\u0439\u0441\u0442\u0432 \u0438 \u0440\u0430\u0431\u043e\u0442\u043e\u0441\u043f\u043e\u0441\u043e\u0431\u043d\u043e\u0441\u0442\u0438. \u00ab\u041f\u0440\u043e\u0432\u0435\u0440\u043a\u0430 \u043a\u0430\u0447\u0435\u0441\u0442\u0432\u0430, \u0441\u0432\u043e\u0439\u0441\u0442\u0432 \u0438 \u0440\u0430\u0431\u043e\u0442\u043e\u0441\u043f\u043e\u0441\u043e\u0431\u043d\u043e\u0441\u0442\u0438\u00bb \u043e\u0437\u043d\u0430\u0447\u0430\u0435\u0442 \u0442\u0435\u0441\u0442\u0438\u0440\u043e\u0432\u0430\u043d\u0438\u0435 \u0438 \u043e\u043f\u0440\u043e\u0431\u043e\u0432\u0430\u043d\u0438\u0435 \u0441\u043e\u043e\u0442\u0432\u0435\u0442\u0441\u0442\u0432\u0443\u044e\u0449\u0435\u0433\u043e \u0442\u043e\u0432\u0430\u0440\u0430, \u043a\u0430\u043a \u044d\u0442\u043e \u0432\u043e\u0437\u043c\u043e\u0436\u043d\u043e \u0438 \u043f\u0440\u0438\u043d\u044f\u0442\u043e, \u043d\u0430\u043f\u0440\u0438\u043c\u0435\u0440, \u0432 \u0440\u043e\u0437\u043d\u0438\u0447\u043d\u043e\u043c \u043c\u0430\u0433\u0430\u0437\u0438\u043d\u0435.\u00a0<\/p><p><strong>C. \u0418\u0441\u043a\u043b\u044e\u0447\u0435\u043d\u0438\u0435 \u043f\u0440\u0430\u0432\u0430 \u043e\u0442\u043a\u0430\u0437\u0430<br \/><\/strong>\u041f\u0440\u0430\u0432\u043e \u043e\u0442\u043a\u0430\u0437\u0430 \u043d\u0435 \u0440\u0430\u0441\u043f\u0440\u043e\u0441\u0442\u0440\u0430\u043d\u044f\u0435\u0442\u0441\u044f \u043d\u0430 \u0434\u043e\u0433\u043e\u0432\u043e\u0440\u044b \u043d\u0430 \u043f\u043e\u0441\u0442\u0430\u0432\u043a\u0443 \u0442\u043e\u0432\u0430\u0440\u043e\u0432, \u0438\u0437\u0433\u043e\u0442\u043e\u0432\u043b\u0435\u043d\u043d\u044b\u0445 \u0432 \u0441\u043e\u043e\u0442\u0432\u0435\u0442\u0441\u0442\u0432\u0438\u0438 \u0441\u043e \u0441\u043f\u0435\u0446\u0438\u0444\u0438\u043a\u0430\u0446\u0438\u044f\u043c\u0438 \u0437\u0430\u043a\u0430\u0437\u0447\u0438\u043a\u0430 \u0438\u043b\u0438 \u044f\u0432\u043d\u043e \u043f\u0440\u0435\u0434\u043d\u0430\u0437\u043d\u0430\u0447\u0435\u043d\u043d\u044b\u0445 \u0434\u043b\u044f \u0443\u0434\u043e\u0432\u043b\u0435\u0442\u0432\u043e\u0440\u0435\u043d\u0438\u044f \u043b\u0438\u0447\u043d\u044b\u0445 \u043f\u043e\u0442\u0440\u0435\u0431\u043d\u043e\u0441\u0442\u0435\u0439.<\/p><p><b>D. \u041e\u0431\u0440\u0430\u0437\u0435\u0446 \u0444\u043e\u0440\u043c\u044b \u043e\u0442\u043c\u0435\u043d\u044b<br \/><\/b>(\u0415\u0441\u043b\u0438 \u0432\u044b \u0445\u043e\u0442\u0438\u0442\u0435 \u0440\u0430\u0441\u0442\u043e\u0440\u0433\u043d\u0443\u0442\u044c \u0434\u043e\u0433\u043e\u0432\u043e\u0440, \u043f\u043e\u0436\u0430\u043b\u0443\u0439\u0441\u0442\u0430, \u0437\u0430\u043f\u043e\u043b\u043d\u0438\u0442\u0435 \u044d\u0442\u0443 \u0444\u043e\u0440\u043c\u0443 \u0438 \u0432\u0435\u0440\u043d\u0438\u0442\u0435 \u0435\u0435)<b><br \/><\/b><\/p><p>\u2013 \u041a\u043e\u043c\u0443: NANODRON GmbH, Eisenbahnstr. 25, 75179 \u041f\u0444\u043e\u0440\u0446\u0445\u0430\u0439\u043c, \u0442\u0435\u043b. +49 7231 781 07 80<\/p><p>\u2013 \u042f\/\u043c\u044b (*) \u043d\u0430\u0441\u0442\u043e\u044f\u0449\u0438\u043c \u043e\u0442\u0437\u044b\u0432\u0430\u0435\u043c \u0437\u0430\u043a\u043b\u044e\u0447\u0435\u043d\u043d\u044b\u0439 \u043c\u043d\u043e\u0439\/\u043d\u0430\u043c\u0438 (*) \u0434\u043e\u0433\u043e\u0432\u043e\u0440 \u043d\u0430 \u043f\u043e\u043a\u0443\u043f\u043a\u0443 \u0441\u043b\u0435\u0434\u0443\u044e\u0449\u0438\u0445 \u0442\u043e\u0432\u0430\u0440\u043e\u0432 (*)\/\u043e\u043a\u0430\u0437\u0430\u043d\u0438\u0435 \u0441\u043b\u0435\u0434\u0443\u044e\u0449\u0435\u0439 \u0443\u0441\u043b\u0443\u0433\u0438 (*)<\/p><p>\u2013 \u0417\u0430\u043a\u0430\u0437\u0430\u043d\u043e (*)\/\u043f\u043e\u043b\u0443\u0447\u0435\u043d\u043e (*)<\/p><p>\u2013 \u0418\u043c\u044f \u043f\u043e\u0442\u0440\u0435\u0431\u0438\u0442\u0435\u043b\u044f(\u0435\u0439)<\/p><p>\u2013 \u0410\u0434\u0440\u0435\u0441 \u043f\u043e\u0442\u0440\u0435\u0431\u0438\u0442\u0435\u043b\u044f(\u0435\u0439)<\/p><p>\u2013 \u041f\u043e\u0434\u043f\u0438\u0441\u044c \u043f\u043e\u0442\u0440\u0435\u0431\u0438\u0442\u0435\u043b\u044f(\u0435\u0439) (\u0442\u043e\u043b\u044c\u043a\u043e \u0435\u0441\u043b\u0438 \u0443\u0432\u0435\u0434\u043e\u043c\u043b\u0435\u043d\u0438\u0435 \u043f\u043e\u0434\u0430\u0435\u0442\u0441\u044f \u043d\u0430 \u0431\u0443\u043c\u0430\u0436\u043d\u043e\u043c \u043d\u043e\u0441\u0438\u0442\u0435\u043b\u0435)<\/p><p>- \u0414\u0430\u0442\u0430<\/p><p>(*) \u0423\u0434\u0430\u043b\u0438\u0442\u044c \u043f\u0440\u0438 \u043d\u0435\u043e\u0431\u0445\u043e\u0434\u0438\u043c\u043e\u0441\u0442\u0438<\/p>\t\t\t\t\t\t\t\t<\/div>\n\t\t\t\t<\/div>\n\t\t\t\t\t<\/div>\n\t\t\t\t<\/div>\n\t\t\t\t<\/div>","protected":false},"excerpt":{"rendered":"<p>Widerrufsbelehrung\u00a0 \u00a0 A. WiderrufsrechtIst der K\u00e4ufer Verbraucher, steht ihm ein Widerrufsrecht nach folgender Ma\u00dfgabe zu: Sie haben das Recht, binnen vierzehn Tagen ohne Angabe von Gr\u00fcnden diesen Vertrag zu widerrufen. Die Widerrufsfrist betr\u00e4gt vierzehn Tage ab dem Tag, an dem Sie oder ein von Ihnen benannter Dritter, der nicht Bef\u00f6rderer ist, die Waren in Besitz [&hellip;]<\/p>\n","protected":false},"author":1,"featured_media":0,"parent":0,"menu_order":999,"comment_status":"closed","ping_status":"closed","template":"","meta":{"site-sidebar-layout":"no-sidebar","site-content-layout":"","ast-site-content-layout":"full-width-container","site-content-style":"default","site-sidebar-style":"default","ast-global-header-display":"","ast-banner-title-visibility":"","ast-main-header-display":"","ast-hfb-above-header-display":"","ast-hfb-below-header-display":"","ast-hfb-mobile-header-display":"","site-post-title":"disabled","ast-breadcrumbs-content":"","ast-featured-img":"disabled","footer-sml-layout":"","theme-transparent-header-meta":"","adv-header-id-meta":"","stick-header-meta":"","header-above-stick-meta":"","header-main-stick-meta":"","header-below-stick-meta":"","astra-migrate-meta-layouts":"default","ast-page-background-enabled":"default","ast-page-background-meta":{"desktop":{"background-color":"var(--ast-global-color-4)","background-image":"","background-repeat":"repeat","background-position":"center center","background-size":"auto","background-attachment":"scroll","background-type":"","background-media":"","overlay-type":"","overlay-color":"","overlay-opacity":"","overlay-gradient":""},"tablet":{"background-color":"","background-image":"","background-repeat":"repeat","background-position":"center center","background-size":"auto","background-attachment":"scroll","background-type":"","background-media":"","overlay-type":"","overlay-color":"","overlay-opacity":"","overlay-gradient":""},"mobile":{"background-color":"","background-image":"","background-repeat":"repeat","background-position":"center center","background-size":"auto","background-attachment":"scroll","background-type":"","background-media":"","overlay-type":"","overlay-color":"","overlay-opacity":"","overlay-gradient":""}},"ast-content-background-meta":{"desktop":{"background-color":"var(--ast-global-color-5)","background-image":"","background-repeat":"repeat","background-position":"center center","background-size":"auto","background-attachment":"scroll","background-type":"","background-media":"","overlay-type":"","overlay-color":"","overlay-opacity":"","overlay-gradient":""},"tablet":{"background-color":"var(--ast-global-color-5)","background-image":"","background-repeat":"repeat","background-position":"center center","background-size":"auto","background-attachment":"scroll","background-type":"","background-media":"","overlay-type":"","overlay-color":"","overlay-opacity":"","overlay-gradient":""},"mobile":{"background-color":"var(--ast-global-color-5)","background-image":"","background-repeat":"repeat","background-position":"center center","background-size":"auto","background-attachment":"scroll","background-type":"","background-media":"","overlay-type":"","overlay-color":"","overlay-opacity":"","overlay-gradient":""}},"footnotes":""},"class_list":["post-62","page","type-page","status-publish","hentry"],"_links":{"self":[{"href":"https:\/\/nanodron.de\/ru\/wp-json\/wp\/v2\/pages\/62","targetHints":{"allow":["GET"]}}],"collection":[{"href":"https:\/\/nanodron.de\/ru\/wp-json\/wp\/v2\/pages"}],"about":[{"href":"https:\/\/nanodron.de\/ru\/wp-json\/wp\/v2\/types\/page"}],"author":[{"embeddable":true,"href":"https:\/\/nanodron.de\/ru\/wp-json\/wp\/v2\/users\/1"}],"replies":[{"embeddable":true,"href":"https:\/\/nanodron.de\/ru\/wp-json\/wp\/v2\/comments?post=62"}],"version-history":[{"count":10,"href":"https:\/\/nanodron.de\/ru\/wp-json\/wp\/v2\/pages\/62\/revisions"}],"predecessor-version":[{"id":4613,"href":"https:\/\/nanodron.de\/ru\/wp-json\/wp\/v2\/pages\/62\/revisions\/4613"}],"wp:attachment":[{"href":"https:\/\/nanodron.de\/ru\/wp-json\/wp\/v2\/media?parent=62"}],"curies":[{"name":"WP","href":"https:\/\/api.w.org\/{rel}","templated":true}]}}