{"id":143,"date":"2023-12-01T15:14:20","date_gmt":"2023-12-01T14:14:20","guid":{"rendered":"https:\/\/nanodron.de\/?page_id=143"},"modified":"2025-09-12T20:03:41","modified_gmt":"2025-09-12T18:03:41","slug":"zahlungarten-und-versandarten","status":"publish","type":"page","link":"https:\/\/nanodron.de\/ru\/zahlungarten-und-versandarten\/","title":{"rendered":"\u0421\u043f\u043e\u0441\u043e\u0431\u044b \u043e\u043f\u043b\u0430\u0442\u044b \u0438 \u0441\u043f\u043e\u0441\u043e\u0431\u044b \u0434\u043e\u0441\u0442\u0430\u0432\u043a\u0438"},"content":{"rendered":"<div data-elementor-type=\"wp-page\" data-elementor-id=\"143\" class=\"elementor elementor-143\" data-elementor-post-type=\"page\">\n\t\t\t\t<div class=\"elementor-element elementor-element-51a323e e-flex e-con-boxed e-con e-parent\" data-id=\"51a323e\" data-element_type=\"container\" data-e-type=\"container\">\n\t\t\t\t\t<div class=\"e-con-inner\">\n\t\t\t\t<div class=\"elementor-element elementor-element-48bf275 elementor-widget elementor-widget-heading\" data-id=\"48bf275\" data-element_type=\"widget\" data-e-type=\"widget\" data-widget_type=\"heading.default\">\n\t\t\t\t<div class=\"elementor-widget-container\">\n\t\t\t\t\t<p class=\"elementor-heading-title elementor-size-default\">\u0418\u043d\u0434\u0438\u0432\u0438\u0434\u0443\u0430\u043b\u044c\u043d\u044b\u0435 \u0444\u0438\u043d\u0430\u043d\u0441\u043e\u0432\u044b\u0435 \u0440\u0435\u0448\u0435\u043d\u0438\u044f \u0434\u043b\u044f \u0431\u0438\u0437\u043d\u0435\u0441-\u043a\u043b\u0438\u0435\u043d\u0442\u043e\u0432<\/p>\t\t\t\t<\/div>\n\t\t\t\t<\/div>\n\t\t\t\t<div class=\"elementor-element elementor-element-059456d elementor-widget elementor-widget-text-editor\" data-id=\"059456d\" data-element_type=\"widget\" data-e-type=\"widget\" data-widget_type=\"text-editor.default\">\n\t\t\t\t<div class=\"elementor-widget-container\">\n\t\t\t\t\t\t\t\t\t<p>\u041c\u044b \u043f\u0440\u0435\u0434\u043b\u0430\u0433\u0430\u0435\u043c \u0438\u043d\u0434\u0438\u0432\u0438\u0434\u0443\u0430\u043b\u044c\u043d\u044b\u0435 \u0432\u0430\u0440\u0438\u0430\u043d\u0442\u044b \u0444\u0438\u043d\u0430\u043d\u0441\u0438\u0440\u043e\u0432\u0430\u043d\u0438\u044f \u0434\u043b\u044f \u043d\u0430\u0448\u0438\u0445 \u043a\u043e\u043c\u043c\u0435\u0440\u0447\u0435\u0441\u043a\u0438\u0445 \u043a\u043b\u0438\u0435\u043d\u0442\u043e\u0432 \u2014 \u043b\u0438\u0437\u0438\u043d\u0433 \u0438\u043b\u0438 \u0440\u0430\u0441\u0441\u0440\u043e\u0447\u043a\u0430. \u0421\u0432\u044f\u0436\u0438\u0442\u0435\u0441\u044c \u0441 \u043d\u0430\u043c\u0438, \u0438 \u043c\u044b \u0431\u0443\u0434\u0435\u043c \u0440\u0430\u0434\u044b \u043f\u0440\u043e\u043a\u043e\u043d\u0441\u0443\u043b\u044c\u0442\u0438\u0440\u043e\u0432\u0430\u0442\u044c \u0432\u0430\u0441 \u043b\u0438\u0447\u043d\u043e.<\/p>\t\t\t\t\t\t\t\t<\/div>\n\t\t\t\t<\/div>\n\t\t\t\t<div class=\"elementor-element elementor-element-e20af43 elementor-widget elementor-widget-heading\" data-id=\"e20af43\" data-element_type=\"widget\" data-e-type=\"widget\" data-widget_type=\"heading.default\">\n\t\t\t\t<div class=\"elementor-widget-container\">\n\t\t\t\t\t<p class=\"elementor-heading-title elementor-size-default\">\u0427\u0430\u0441\u0442\u043d\u044b\u0435 \u043a\u043b\u0438\u0435\u043d\u0442\u044b<\/p>\t\t\t\t<\/div>\n\t\t\t\t<\/div>\n\t\t\t\t<div class=\"elementor-element elementor-element-85dc887 elementor-widget elementor-widget-text-editor\" data-id=\"85dc887\" data-element_type=\"widget\" data-e-type=\"widget\" data-widget_type=\"text-editor.default\">\n\t\t\t\t<div class=\"elementor-widget-container\">\n\t\t\t\t\t\t\t\t\t<p>\u041a\u0430\u043a \u0447\u0430\u0441\u0442\u043d\u044b\u0439 \u043a\u043b\u0438\u0435\u043d\u0442, \u0432\u044b \u0438\u043c\u0435\u0435\u0442\u0435 \u0443\u0434\u043e\u0431\u043d\u0443\u044e \u0432\u043e\u0437\u043c\u043e\u0436\u043d\u043e\u0441\u0442\u044c \u043e\u0444\u043e\u0440\u043c\u0438\u0442\u044c \u0437\u0430\u043a\u0430\u0437 \u043f\u043e \u043f\u0440\u0435\u0434\u043e\u043f\u043b\u0430\u0442\u0435. <br \/>\u041c\u044b \u0431\u0443\u0434\u0435\u043c \u0440\u0430\u0434\u044b \u043f\u0440\u0438\u043d\u044f\u0442\u044c \u0432\u0430\u0448 \u0437\u0430\u043a\u0430\u0437 \u043f\u043e \u0442\u0435\u043b\u0435\u0444\u043e\u043d\u0443 <strong data-start=\"571\" data-end=\"590\">07231 \/ 7810780<\/strong> \u0438\u043b\u0438 \u043f\u043e \u044d\u043b\u0435\u043a\u0442\u0440\u043e\u043d\u043d\u043e\u0439 \u043f\u043e\u0447\u0442\u0435 <strong data-start=\"610\" data-end=\"630\"><a class=\"cursor-pointer\" rel=\"noopener\" data-start=\"612\" data-end=\"628\">info@nanodron.de<\/a><\/strong> \u0432 \u043e\u0442\u043b\u0438\u0447\u0438\u0435 \u043e\u0442 . <br \/>\u0412\u044b \u0442\u0430\u043a\u0436\u0435 \u043c\u043e\u0436\u0435\u0442\u0435 \u0437\u0430\u043a\u0430\u0437\u0430\u0442\u044c NANODRON\u00ae \u043d\u0435\u043f\u043e\u0441\u0440\u0435\u0434\u0441\u0442\u0432\u0435\u043d\u043d\u043e \u0432 \u043d\u0430\u0448\u0435\u043c \u0438\u043d\u0442\u0435\u0440\u043d\u0435\u0442-\u043c\u0430\u0433\u0430\u0437\u0438\u043d\u0435.<\/p>\t\t\t\t\t\t\t\t<\/div>\n\t\t\t\t<\/div>\n\t\t\t\t<div class=\"elementor-element elementor-element-bb1d94e elementor-widget elementor-widget-heading\" data-id=\"bb1d94e\" data-element_type=\"widget\" data-e-type=\"widget\" data-widget_type=\"heading.default\">\n\t\t\t\t<div class=\"elementor-widget-container\">\n\t\t\t\t\t<p class=\"elementor-heading-title elementor-size-default\">\u0414\u043e\u043f\u043e\u043b\u043d\u0438\u0442\u0435\u043b\u044c\u043d\u0430\u044f \u0438\u043d\u0444\u043e\u0440\u043c\u0430\u0446\u0438\u044f \u043e \u0441\u043f\u043e\u0441\u043e\u0431\u0430\u0445 \u043e\u043f\u043b\u0430\u0442\u044b<\/p>\t\t\t\t<\/div>\n\t\t\t\t<\/div>\n\t\t\t\t<div class=\"elementor-element elementor-element-8ee32db elementor-widget elementor-widget-text-editor\" data-id=\"8ee32db\" data-element_type=\"widget\" data-e-type=\"widget\" data-widget_type=\"text-editor.default\">\n\t\t\t\t<div class=\"elementor-widget-container\">\n\t\t\t\t\t\t\t\t\t<p>\u041f\u043b\u0430\u0442\u0438\u0442\u0435 \u0431\u0435\u0437\u043e\u043f\u0430\u0441\u043d\u043e \u0438 \u043b\u0435\u0433\u043a\u043e. \u0412\u0441\u0435 \u0432\u043e\u0437\u043c\u043e\u0436\u043d\u044b\u0435 \u0441\u043f\u043e\u0441\u043e\u0431\u044b \u043e\u043f\u043b\u0430\u0442\u044b \u043e\u0442\u043e\u0431\u0440\u0430\u0436\u0430\u044e\u0442\u0441\u044f \u0432 \u043f\u0440\u043e\u0446\u0435\u0441\u0441\u0435 \u043e\u0444\u043e\u0440\u043c\u043b\u0435\u043d\u0438\u044f \u0437\u0430\u043a\u0430\u0437\u0430. \u0412\u044b \u0441\u0430\u043c\u0438 \u0440\u0435\u0448\u0430\u0435\u0442\u0435, \u043a\u0430\u043a \u0432\u044b \u043f\u0440\u0435\u0434\u043f\u043e\u0447\u0438\u0442\u0430\u0435\u0442\u0435 \u043f\u043b\u0430\u0442\u0438\u0442\u044c:<\/p><p><strong>\u041e\u043f\u043b\u0430\u0442\u0430 \u043a\u0440\u0435\u0434\u0438\u0442\u043d\u043e\u0439 \u043a\u0430\u0440\u0442\u043e\u0439 (\u0447\u0435\u0440\u0435\u0437 Stripe)<\/strong><\/p><p>\u041f\u0440\u0438\u043d\u0438\u043c\u0430\u044e\u0442\u0441\u044f \u0441\u043b\u0435\u0434\u0443\u044e\u0449\u0438\u0435 \u043a\u0440\u0435\u0434\u0438\u0442\u043d\u044b\u0435 \u043a\u0430\u0440\u0442\u044b: VISA, Mastercard, American Express.<\/p><p>\u0414\u043b\u044f \u043e\u043f\u043b\u0430\u0442\u044b \u043a\u0440\u0435\u0434\u0438\u0442\u043d\u043e\u0439 \u043a\u0430\u0440\u0442\u043e\u0439 \u0432\u0430\u043c \u043f\u043e\u043d\u0430\u0434\u043e\u0431\u0438\u0442\u0441\u044f 16-\u0437\u043d\u0430\u0447\u043d\u044b\u0439 \u043d\u043e\u043c\u0435\u0440 \u043a\u0430\u0440\u0442\u044b, \u0441\u0440\u043e\u043a \u0435\u0435 \u0434\u0435\u0439\u0441\u0442\u0432\u0438\u044f \u0438 \u043a\u043e\u043d\u0442\u0440\u043e\u043b\u044c\u043d\u0430\u044f \u0446\u0438\u0444\u0440\u0430, \u0442\u0430\u043a\u0436\u0435 \u0438\u0437\u0432\u0435\u0441\u0442\u043d\u0430\u044f \u043a\u0430\u043a CVV\/CVC. \u0414\u043b\u044f VISA \u0438 MasterCard \u043a\u043e\u043d\u0442\u0440\u043e\u043b\u044c\u043d\u0430\u044f \u0446\u0438\u0444\u0440\u0430 \u0441\u043e\u043e\u0442\u0432\u0435\u0442\u0441\u0442\u0432\u0443\u0435\u0442 \u0442\u0440\u0435\u043c \u0446\u0438\u0444\u0440\u0430\u043c \u0440\u044f\u0434\u043e\u043c \u0441 \u043f\u043e\u043b\u0435\u043c \u0434\u043b\u044f \u043f\u043e\u0434\u043f\u0438\u0441\u0438 \u043d\u0430 \u043e\u0431\u0440\u0430\u0442\u043d\u043e\u0439 \u0441\u0442\u043e\u0440\u043e\u043d\u0435 \u043a\u0430\u0440\u0442\u044b. \u041d\u0430 \u043a\u0430\u0440\u0442\u0435 American Express \u0447\u0435\u0442\u044b\u0440\u0435\u0445\u0437\u043d\u0430\u0447\u043d\u044b\u0439 \u043a\u043e\u043d\u0442\u0440\u043e\u043b\u044c\u043d\u044b\u0439 \u043d\u043e\u043c\u0435\u0440 \u0440\u0430\u0441\u043f\u043e\u043b\u043e\u0436\u0435\u043d \u0441\u043f\u0435\u0440\u0435\u0434\u0438, \u043f\u0440\u044f\u043c\u043e \u043d\u0430\u0434 \u0442\u0438\u0441\u043d\u0435\u043d\u043d\u044b\u043c \u043d\u043e\u043c\u0435\u0440\u043e\u043c \u043a\u0430\u0440\u0442\u044b. \u0412\u0430\u0448\u0438 \u0434\u0430\u043d\u043d\u044b\u0435 \u0431\u0443\u0434\u0443\u0442 \u0437\u0430\u0449\u0438\u0449\u0435\u043d\u044b \u0441 \u043f\u043e\u043c\u043e\u0449\u044c\u044e \u0431\u0435\u0437\u043e\u043f\u0430\u0441\u043d\u043e\u0433\u043e \u043f\u0440\u043e\u0446\u0435\u0441\u0441\u0430 \u0448\u0438\u0444\u0440\u043e\u0432\u0430\u043d\u0438\u044f SSL \u0438 \u043e\u0431\u0440\u0430\u0431\u043e\u0442\u0430\u043d\u044b \u043d\u0435\u043c\u0435\u0434\u043b\u0435\u043d\u043d\u043e.<br \/>\u0415\u0441\u043b\u0438 \u0432\u044b \u0443\u0441\u043f\u0435\u0448\u043d\u043e \u043e\u043f\u043b\u0430\u0442\u0438\u043b\u0438 \u043a\u0440\u0435\u0434\u0438\u0442\u043d\u043e\u0439 \u043a\u0430\u0440\u0442\u043e\u0439, \u0441\u0443\u043c\u043c\u0430 \u0441\u0447\u0435\u0442\u0430 \u0431\u0443\u0434\u0435\u0442 \u0441\u043f\u0438\u0441\u0430\u043d\u0430 \u0441\u043e \u0441\u0447\u0435\u0442\u0430 \u0432\u0430\u0448\u0435\u0439 \u043a\u0440\u0435\u0434\u0438\u0442\u043d\u043e\u0439 \u043a\u0430\u0440\u0442\u044b \u043f\u0440\u0438 \u043e\u0442\u043f\u0440\u0430\u0432\u043a\u0435 \u0442\u043e\u0432\u0430\u0440\u0430.<\/p><p><strong>\u041e\u043f\u043b\u0430\u0442\u0430 \u0431\u0430\u043d\u043a\u043e\u0432\u0441\u043a\u0438\u043c \u043f\u0435\u0440\u0435\u0432\u043e\u0434\u043e\u043c<\/strong> <strong>(\u043f\u0440\u0435\u0434\u043e\u043f\u043b\u0430\u0442\u0430)<\/strong><\/p><p>\u0414\u043b\u044f \u043e\u0441\u0443\u0449\u0435\u0441\u0442\u0432\u043b\u0435\u043d\u0438\u044f \u043f\u0435\u0440\u0435\u0432\u043e\u0434\u0430 \u043f\u0440\u043e\u0441\u0442\u043e \u0438\u0441\u043f\u043e\u043b\u044c\u0437\u0443\u0439\u0442\u0435 \u043d\u0430\u0448\u0438 \u0431\u0430\u043d\u043a\u043e\u0432\u0441\u043a\u0438\u0435 \u0440\u0435\u043a\u0432\u0438\u0437\u0438\u0442\u044b \u0438 \u043d\u043e\u043c\u0435\u0440 \u0432\u0430\u0448\u0435\u0433\u043e \u0437\u0430\u043a\u0430\u0437\u0430. \u041d\u0430\u0448\u0438 \u0431\u0430\u043d\u043a\u043e\u0432\u0441\u043a\u0438\u0435 \u0440\u0435\u043a\u0432\u0438\u0437\u0438\u0442\u044b \u0434\u043b\u044f \u043f\u0435\u0440\u0435\u0432\u043e\u0434\u0430 \u0431\u0443\u0434\u0443\u0442 \u043e\u0442\u043f\u0440\u0430\u0432\u043b\u0435\u043d\u044b \u043f\u043e \u044d\u043b\u0435\u043a\u0442\u0440\u043e\u043d\u043d\u043e\u0439 \u043f\u043e\u0447\u0442\u0435 \u043f\u043e\u0441\u043b\u0435 \u0437\u0430\u043a\u0430\u0437\u0430.<\/p>\t\t\t\t\t\t\t\t<\/div>\n\t\t\t\t<\/div>\n\t\t\t\t<div class=\"elementor-element elementor-element-0bb0fa9 elementor-widget elementor-widget-heading\" data-id=\"0bb0fa9\" data-element_type=\"widget\" data-e-type=\"widget\" data-widget_type=\"heading.default\">\n\t\t\t\t<div class=\"elementor-widget-container\">\n\t\t\t\t\t<p class=\"elementor-heading-title elementor-size-default\">\u041c\u0435\u0442\u043e\u0434\u044b \u0434\u043e\u0441\u0442\u0430\u0432\u043a\u0438<\/p>\t\t\t\t<\/div>\n\t\t\t\t<\/div>\n\t\t\t\t<div class=\"elementor-element elementor-element-741dd95 elementor-widget elementor-widget-text-editor\" data-id=\"741dd95\" data-element_type=\"widget\" data-e-type=\"widget\" data-widget_type=\"text-editor.default\">\n\t\t\t\t<div class=\"elementor-widget-container\">\n\t\t\t\t\t\t\t\t\t<div class=\"wp-block-group\"><div class=\"wp-block-group__inner-container is-layout-constrained wp-block-group-is-layout-constrained\"><p>\u041c\u044b \u0432\u0441\u0435\u0433\u0434\u0430 \u0431\u0443\u0434\u0435\u043c \u0434\u0435\u0440\u0436\u0430\u0442\u044c \u0432\u0430\u0441 \u0432 \u043a\u0443\u0440\u0441\u0435 \u0441\u043e\u0431\u044b\u0442\u0438\u0439, \u043d\u0430\u0441\u043a\u043e\u043b\u044c\u043a\u043e \u044d\u0442\u043e \u0432\u043e\u0437\u043c\u043e\u0436\u043d\u043e <strong>\u0440\u0430\u0441\u0447\u0435\u0442\u043d\u043e\u0435 \u0432\u0440\u0435\u043c\u044f \u0434\u043e\u0441\u0442\u0430\u0432\u043a\u0438<\/strong> \u0438 \u0442\u0435\u043a\u0443\u0449\u0438\u0439 \u0441\u0442\u0430\u0442\u0443\u0441 \u0432\u0430\u0448\u0435\u0433\u043e \u0437\u0430\u043a\u0430\u0437\u0430. \u0423 \u0432\u0430\u0441 \u0442\u0430\u043a\u0436\u0435 \u0435\u0441\u0442\u044c \u0432\u043e\u0437\u043c\u043e\u0436\u043d\u043e\u0441\u0442\u044c \u043e\u0442\u0441\u043b\u0435\u0436\u0438\u0432\u0430\u0442\u044c \u0434\u043e\u0441\u0442\u0430\u0432\u043a\u0443 \u0447\u0435\u0440\u0435\u0437 \u043d\u0430\u0448\u0443 \u0441\u043b\u0443\u0436\u0431\u0443 \u0434\u043e\u0441\u0442\u0430\u0432\u043a\u0438 DHL, \u0438\u0441\u043f\u043e\u043b\u044c\u0437\u0443\u044f \u043d\u043e\u043c\u0435\u0440 \u043e\u0442\u0441\u043b\u0435\u0436\u0438\u0432\u0430\u043d\u0438\u044f. \u0412\u044b \u043f\u043e\u043b\u0443\u0447\u0438\u0442\u0435 \u043d\u043e\u043c\u0435\u0440 \u043e\u0442\u0441\u043b\u0435\u0436\u0438\u0432\u0430\u043d\u0438\u044f \u0438 \u0441\u0441\u044b\u043b\u043a\u0443 \u0434\u043b\u044f \u043e\u0442\u0441\u043b\u0435\u0436\u0438\u0432\u0430\u043d\u0438\u044f \u043f\u043e \u044d\u043b\u0435\u043a\u0442\u0440\u043e\u043d\u043d\u043e\u0439 \u043f\u043e\u0447\u0442\u0435 \u0432\u043c\u0435\u0441\u0442\u0435 \u0441 \u043f\u043e\u0434\u0442\u0432\u0435\u0440\u0436\u0434\u0435\u043d\u0438\u0435\u043c \u0434\u043e\u0441\u0442\u0430\u0432\u043a\u0438.<\/p><p>Die <strong>\u0421\u0442\u043e\u0438\u043c\u043e\u0441\u0442\u044c \u0434\u043e\u0441\u0442\u0430\u0432\u043a\u0438<\/strong> \u043a\u0430\u0436\u0434\u044b\u0439 \u043e\u0442\u043b\u0438\u0447\u0430\u0435\u0442\u0441\u044f <strong>\u0421\u0442\u0440\u0430\u043d\u0430 \u0434\u043e\u0441\u0442\u0430\u0432\u043a\u0438<\/strong>. \u0414\u043e\u0441\u0442\u0430\u0432\u043a\u0430 \u043f\u043e \u0413\u0435\u0440\u043c\u0430\u043d\u0438\u0438 \u043d\u0430 \u0434\u043e\u043c \u043e\u0441\u0443\u0449\u0435\u0441\u0442\u0432\u043b\u044f\u0435\u0442\u0441\u044f \u0431\u0435\u0441\u043f\u043b\u0430\u0442\u043d\u043e. \u0418\u043d\u0434\u0438\u0432\u0438\u0434\u0443\u0430\u043b\u044c\u043d\u0430\u044f \u0441\u0442\u043e\u0438\u043c\u043e\u0441\u0442\u044c \u0434\u043e\u0441\u0442\u0430\u0432\u043a\u0438 \u0443\u043a\u0430\u0437\u044b\u0432\u0430\u0435\u0442\u0441\u044f \u0432 \u0437\u043e\u043d\u0435 \u043e\u0444\u043e\u0440\u043c\u043b\u0435\u043d\u0438\u044f \u0437\u0430\u043a\u0430\u0437\u0430 \u0432\u043e \u0432\u0440\u0435\u043c\u044f \u043e\u0444\u043e\u0440\u043c\u043b\u0435\u043d\u0438\u044f \u0437\u0430\u043a\u0430\u0437\u0430.<\/p><p>\u041f\u0440\u0438\u043c\u0435\u0447\u0430\u043d\u0438\u0435. \u041f\u0440\u0438 \u0434\u043e\u0441\u0442\u0430\u0432\u043a\u0435 \u0432 \u0441\u0442\u0440\u0430\u043d\u044b, \u043d\u0435 \u0432\u0445\u043e\u0434\u044f\u0449\u0438\u0435 \u0432 \u0415\u0421, \u043a \u0432\u0430\u0448\u0435\u043c\u0443 \u0437\u0430\u043a\u0430\u0437\u0443 \u043c\u043e\u0433\u0443\u0442 \u043f\u0440\u0438\u043c\u0435\u043d\u044f\u0442\u044c\u0441\u044f \u0434\u043e\u043f\u043e\u043b\u043d\u0438\u0442\u0435\u043b\u044c\u043d\u044b\u0435 \u043d\u0430\u043b\u043e\u0433\u0438 \u0438\u043b\u0438 \u0440\u0430\u0441\u0445\u043e\u0434\u044b (\u043d\u0430\u043f\u0440\u0438\u043c\u0435\u0440, \u0442\u0430\u043c\u043e\u0436\u0435\u043d\u043d\u044b\u0435 \u043f\u043e\u0448\u043b\u0438\u043d\u044b).<\/p><\/div><\/div>\t\t\t\t\t\t\t\t<\/div>\n\t\t\t\t<\/div>\n\t\t\t\t\t<\/div>\n\t\t\t\t<\/div>\n\t\t\t\t<\/div>","protected":false},"excerpt":{"rendered":"<p>Individuelle Finanzierungsl\u00f6sungen f\u00fcr Gesch\u00e4ftskunden F\u00fcr unsere gewerblichen Kunden bieten wir ma\u00dfgeschneiderte Finanzierungsm\u00f6glichkeiten \u2013 wahlweise per Leasing oder Mietkauf. Sprechen Sie uns gerne dazu an, wir beraten Sie pers\u00f6nlich. Privatkunden Als Privatkunde haben Sie die M\u00f6glichkeit bequem per Vorkasse zu bestellen. Gerne nehmen wir Ihre Bestellung telefonisch unter 07231 \/ 7810780 oder per E-Mail an info@nanodron.de [&hellip;]<\/p>\n","protected":false},"author":1,"featured_media":0,"parent":0,"menu_order":999,"comment_status":"closed","ping_status":"closed","template":"","meta":{"site-sidebar-layout":"no-sidebar","site-content-layout":"","ast-site-content-layout":"full-width-container","site-content-style":"default","site-sidebar-style":"default","ast-global-header-display":"","ast-banner-title-visibility":"","ast-main-header-display":"","ast-hfb-above-header-display":"","ast-hfb-below-header-display":"","ast-hfb-mobile-header-display":"","site-post-title":"disabled","ast-breadcrumbs-content":"","ast-featured-img":"disabled","footer-sml-layout":"","theme-transparent-header-meta":"","adv-header-id-meta":"","stick-header-meta":"","header-above-stick-meta":"","header-main-stick-meta":"","header-below-stick-meta":"","astra-migrate-meta-layouts":"default","ast-page-background-enabled":"default","ast-page-background-meta":{"desktop":{"background-color":"var(--ast-global-color-4)","background-image":"","background-repeat":"repeat","background-position":"center center","background-size":"auto","background-attachment":"scroll","background-type":"","background-media":"","overlay-type":"","overlay-color":"","overlay-opacity":"","overlay-gradient":""},"tablet":{"background-color":"","background-image":"","background-repeat":"repeat","background-position":"center center","background-size":"auto","background-attachment":"scroll","background-type":"","background-media":"","overlay-type":"","overlay-color":"","overlay-opacity":"","overlay-gradient":""},"mobile":{"background-color":"","background-image":"","background-repeat":"repeat","background-position":"center center","background-size":"auto","background-attachment":"scroll","background-type":"","background-media":"","overlay-type":"","overlay-color":"","overlay-opacity":"","overlay-gradient":""}},"ast-content-background-meta":{"desktop":{"background-color":"var(--ast-global-color-5)","background-image":"","background-repeat":"repeat","background-position":"center center","background-size":"auto","background-attachment":"scroll","background-type":"","background-media":"","overlay-type":"","overlay-color":"","overlay-opacity":"","overlay-gradient":""},"tablet":{"background-color":"var(--ast-global-color-5)","background-image":"","background-repeat":"repeat","background-position":"center center","background-size":"auto","background-attachment":"scroll","background-type":"","background-media":"","overlay-type":"","overlay-color":"","overlay-opacity":"","overlay-gradient":""},"mobile":{"background-color":"var(--ast-global-color-5)","background-image":"","background-repeat":"repeat","background-position":"center center","background-size":"auto","background-attachment":"scroll","background-type":"","background-media":"","overlay-type":"","overlay-color":"","overlay-opacity":"","overlay-gradient":""}},"footnotes":""},"class_list":["post-143","page","type-page","status-publish","hentry"],"_links":{"self":[{"href":"https:\/\/nanodron.de\/ru\/wp-json\/wp\/v2\/pages\/143","targetHints":{"allow":["GET"]}}],"collection":[{"href":"https:\/\/nanodron.de\/ru\/wp-json\/wp\/v2\/pages"}],"about":[{"href":"https:\/\/nanodron.de\/ru\/wp-json\/wp\/v2\/types\/page"}],"author":[{"embeddable":true,"href":"https:\/\/nanodron.de\/ru\/wp-json\/wp\/v2\/users\/1"}],"replies":[{"embeddable":true,"href":"https:\/\/nanodron.de\/ru\/wp-json\/wp\/v2\/comments?post=143"}],"version-history":[{"count":11,"href":"https:\/\/nanodron.de\/ru\/wp-json\/wp\/v2\/pages\/143\/revisions"}],"predecessor-version":[{"id":4737,"href":"https:\/\/nanodron.de\/ru\/wp-json\/wp\/v2\/pages\/143\/revisions\/4737"}],"wp:attachment":[{"href":"https:\/\/nanodron.de\/ru\/wp-json\/wp\/v2\/media?parent=143"}],"curies":[{"name":"WP","href":"https:\/\/api.w.org\/{rel}","templated":true}]}}