{"id":62,"date":"2023-11-25T13:26:47","date_gmt":"2023-11-25T12:26:47","guid":{"rendered":"https:\/\/nanodron.de\/?page_id=62"},"modified":"2025-09-12T20:06:44","modified_gmt":"2025-09-12T18:06:44","slug":"widerrufsbelehrung","status":"publish","type":"page","link":"https:\/\/nanodron.de\/ko\/widerrufsbelehrung\/","title":{"rendered":"\ucde8\uc18c \uc815\ucc45"},"content":{"rendered":"<div data-elementor-type=\"wp-page\" data-elementor-id=\"62\" class=\"elementor elementor-62\" data-elementor-post-type=\"page\">\n\t\t\t\t<div class=\"elementor-element elementor-element-ccddca1 e-flex e-con-boxed e-con e-parent\" data-id=\"ccddca1\" data-element_type=\"container\" data-e-type=\"container\">\n\t\t\t\t\t<div class=\"e-con-inner\">\n\t\t\t\t<div class=\"elementor-element elementor-element-9d4a2fe elementor-widget elementor-widget-text-editor\" data-id=\"9d4a2fe\" data-element_type=\"widget\" data-e-type=\"widget\" data-widget_type=\"text-editor.default\">\n\t\t\t\t<div class=\"elementor-widget-container\">\n\t\t\t\t\t\t\t\t\t<h4><strong>\ucde8\uc18c \uc815\ucc45\u00a0<\/strong><\/h4><p>\u00a0<\/p><p><strong>A. \ucca0\ud68c\uad8c<br \/><\/strong>\uad6c\ub9e4\uc790\uac00 \uc18c\ube44\uc790\uc778 \uacbd\uc6b0, \ub2e4\uc74c \uc870\ud56d\uc5d0 \ub530\ub77c \ucca0\ud68c\uad8c\uc774 \uc788\uc2b5\ub2c8\ub2e4.<\/p><p>\uadc0\ud558\ub294 \uc5b4\ub5a0\ud55c \uc774\uc720\ub3c4 \uc81c\uc2dc\ud558\uc9c0 \uc54a\uace0 14\uc77c \uc774\ub0b4\uc5d0 \ubcf8 \uacc4\uc57d\uc744 \ucca0\ud68c\ud560 \uad8c\ub9ac\uac00 \uc788\uc2b5\ub2c8\ub2e4. \ucca0\ud68c \uae30\uac04\uc740 \uadc0\ud558 \ub610\ub294 \uadc0\ud558\uac00 \uc9c0\uc815\ud55c \uc6b4\uc1a1\uc5c5\uccb4 \uc774\uc678\uc758 \uc81c3\uc790\uac00 \ubb3c\ud488\uc744 \uc810\uc720\ud55c \ub0a0\ub85c\ubd80\ud130 14\uc77c\uc785\ub2c8\ub2e4.\u00a0<\/p><p>\ucca0\ud68c\uad8c\uc744 \ud589\uc0ac\ud558\ub824\uba74 \ub2f9\uc0ac(NANODRON GmbH, Eisenbahnstr. 25, 75179 Pforzheim, Germany, \uc804\ud654: +49 7231 781 07 80, \uc774\uba54\uc77c: info@nanodron.de)\uc5d0 \uba85\ud655\ud55c \uc758\uc0ac \ud45c\uc2dc(\uc608: \uc6b0\ud3b8 \ub610\ub294 \uc774\uba54\uc77c \ubc1c\uc1a1)\ub97c \ud1b5\ud574 \ubcf8 \uacc4\uc57d \ucca0\ud68c \uc758\uc0ac\ub97c \uc54c\ub824\uc8fc\uc154\uc57c \ud569\ub2c8\ub2e4. \ucca8\ubd80\ub41c \ucca0\ud68c \uc591\uc2dd \uacac\ubcf8\uc744 \uc0ac\uc6a9\ud558\uc2e4 \uc218 \uc788\uc73c\ub098, \ud544\uc218 \uc0ac\ud56d\uc740 \uc544\ub2d9\ub2c8\ub2e4.<\/p><p>\ucde8\uc18c \uae30\uac04\uc744 \ucda9\uc871\ud558\ub824\uba74 \ucde8\uc18c \uae30\uac04\uc774 \ub9cc\ub8cc\ub418\uae30 \uc804\uc5d0 \ucde8\uc18c \uad8c\ub9ac \ud589\uc0ac \ud1b5\uc9c0\ub97c \ubcf4\ub0b4\ub294 \uac83\uc73c\ub85c \ucda9\ubd84\ud569\ub2c8\ub2e4.<\/p><p><strong>B. \ucde8\uc18c\uc758 \uacb0\uacfc<\/strong><br \/>\uadc0\ud558\uac00 \ubcf8 \uacc4\uc57d\uc744 \ucde8\uc18c\ud558\ub294 \uacbd\uc6b0, \ub2f9\uc0ac\ub294 \ubc30\uc1a1 \ube44\uc6a9(\ub2f9\uc0ac\uac00 \uc81c\uacf5\ud558\ub294 \uac00\uc7a5 \uc800\ub834\ud55c \ud45c\uc900 \ubc30\uc1a1\uc774 \uc544\ub2cc \ub2e4\ub978 \ubc30\uc1a1 \ubc29\ubc95\uc744 \uc120\ud0dd\ud558\uc5ec \ubc1c\uc0dd\ud55c \ucd94\uac00 \ube44\uc6a9\uc740 \uc81c\uc678)\uc744 \ud3ec\ud568\ud558\uc5ec \uadc0\ud558\ub85c\ubd80\ud130 \ubc1b\uc740 \ubaa8\ub4e0 \uacb0\uc81c \uae08\uc561\uc744 \uc989\uc2dc, \ub2a6\uc5b4\ub3c4 \ubcf8 \uacc4\uc57d \ucde8\uc18c \ud1b5\uc9c0\ub97c \ubc1b\uc740 \ub0a0\ub85c\ubd80\ud130 14\uc77c \uc774\ub0b4\uc5d0 \ud658\ubd88\ud569\ub2c8\ub2e4. \ud658\ubd88\uc744 \uc704\ud574 \ub2f9\uc0ac\ub294 \uadc0\ud558\uc640 \ub2e4\ub978 \uc0ac\ud56d\uc5d0 \ub300\ud574 \uba85\uc2dc\uc801\uc73c\ub85c \ud569\uc758\ud558\uc9c0 \uc54a\ub294 \ud55c \uc6d0\ub798 \uac70\ub798\uc5d0 \uc0ac\uc6a9\ud55c \uac83\uacfc \ub3d9\uc77c\ud55c \uacb0\uc81c \uc218\ub2e8\uc744 \uc0ac\uc6a9\ud569\ub2c8\ub2e4. \uc5b4\ub5a0\ud55c \uacbd\uc6b0\uc5d0\ub3c4 \uc774 \ud658\ubd88\uc5d0 \ub300\ud55c \uc218\uc218\ub8cc\uac00 \ubd80\uacfc\ub418\uc9c0 \uc54a\uc2b5\ub2c8\ub2e4. \ub2f9\uc0ac\ub294 \uc0c1\ud488\uc744 \ub2e4\uc2dc \uc218\ub839\ud558\uac70\ub098 \uadc0\ud558\uac00 \uc0c1\ud488\uc744 \ubc18\ud488\ud588\ub2e4\ub294 \uc99d\uac70\ub97c \uc81c\uacf5\ud560 \ub54c\uae4c\uc9c0 \ud658\ubd88\uc744 \uac70\ubd80\ud560 \uc218 \uc788\uc2b5\ub2c8\ub2e4. \uc774 \uc911 \ube60\ub978 \ub0a0\uc9dc\uac00 \uc801\uc6a9\ub429\ub2c8\ub2e4.<\/p><p>\uadc0\ud558\ub294 \ubcf8 \uacc4\uc57d\uc758 \ud574\uc9c0\ub97c \ud1b5\uc9c0\ud55c \ub0a0\ub85c\ubd80\ud130 14\uc77c \uc774\ub0b4\uc5d0 \uc989\uc2dc \uc0c1\ud488\uc744 \ubc18\ud658\ud558\uac70\ub098 \uc778\ub3c4\ud574\uc57c \ud569\ub2c8\ub2e4.<\/p><p>NANODRON GmbH, Eisenbahnstr. 25, 75179 \ud3ec\ub974\uce20\ud558\uc784, \ub3c5\uc77c<\/p><p>\uc0c1\ud488\uc744 \ubc18\ud488\ud558\uac70\ub098 \uc778\ub3c4\ud574\uc57c \ud569\ub2c8\ub2e4. 14\uc77c \uae30\uac04\uc774 \ub9cc\ub8cc\ub418\uae30 \uc804\uc5d0 \uc0c1\ud488\uc744 \ubcf4\ub0b4\uba74 \uc774 \uae30\ud55c\uc774 \ucda9\uc871\ub429\ub2c8\ub2e4.<\/p><p>\uc0c1\ud488 \ubc18\ud488\uc5d0 \ub4dc\ub294 \uc9c1\uc811 \ube44\uc6a9\uc740 \uace0\uac1d\ub2d8\uaed8\uc11c \ubd80\ub2f4\ud558\uc154\uc57c \ud569\ub2c8\ub2e4. \uc0c1\ud488\uc758 \ud488\uc9c8, \ud2b9\uc131 \ubc0f \uae30\ub2a5 \uc810\uac80\uc744 \uc704\ud574 \ud544\uc694\ud558\uc9c0 \uc54a\uc740 \uc0c1\ud488 \ucde8\uae09\uc73c\ub85c \uc778\ud574 \uc0c1\ud488 \uac00\uce58\uac00 \uc190\uc2e4\ub41c \uacbd\uc6b0\uc5d0\ub9cc \uc0c1\ud488 \uac00\uce58 \uc190\uc2e4\uc5d0 \ub300\ud55c \ucc45\uc784\uc744 \uc838\uc57c \ud569\ub2c8\ub2e4. &quot;\ud488\uc9c8, \ud2b9\uc131 \ubc0f \uae30\ub2a5 \uc810\uac80&quot;\uc774\ub780 \uc608\ub97c \ub4e4\uc5b4 \uc18c\ub9e4\uc810\uc5d0\uc11c \uac00\ub2a5\ud558\uace0 \uad00\ub840\uc801\uc778 \ubc29\uc2dd\uc73c\ub85c \ud574\ub2f9 \uc0c1\ud488\uc744 \uc9c1\uc811 \ud14c\uc2a4\ud2b8\ud558\uace0 \uc0ac\uc6a9\ud574 \ubcf4\ub294 \uac83\uc744 \uc758\ubbf8\ud569\ub2c8\ub2e4.\u00a0<\/p><p><strong>C. \ucca0\ud68c\uad8c\uc758 \ubc30\uc81c<br \/><\/strong>\ucca0\ud68c\uad8c\uc740 \uace0\uac1d \uc0ac\uc591\uc5d0 \ub530\ub77c \uc81c\uc870\ub418\uac70\ub098 \uba85\ud655\ud788 \uac1c\uc778\uc758 \ud544\uc694\uc5d0 \ub9de\ucdb0 \uc81c\uc791\ub41c \uc0c1\ud488 \ubc30\uc1a1 \uacc4\uc57d\uc5d0\ub294 \uc801\uc6a9\ub418\uc9c0 \uc54a\uc2b5\ub2c8\ub2e4.<\/p><p><b>D. \ucde8\uc18c \uc591\uc2dd \uc0d8\ud50c<br \/><\/b>(\uacc4\uc57d \ud574\uc9c0\ub97c \uc6d0\ud558\uc2dc\ub294 \uacbd\uc6b0, \ubcf8 \uc591\uc2dd\uc744 \uc791\uc131\ud558\uc5ec \ubc18\uc1a1\ud574 \uc8fc\uc2dc\uae30 \ubc14\ub78d\ub2c8\ub2e4)<b><br \/><\/b><\/p><p>\u2013 \uc218\uc2e0\uc790: NANODRON GmbH, Eisenbahnstr. 25, 75179 \ud3ec\ub974\uce20\ud558\uc784, \uc804\ud654. +49 7231 781 07 80<\/p><p>\u2013 \ubcf8\uc778\/\uc800\ud76c(*)\ub294 \ub2e4\uc74c \uc0c1\ud488(*) \uad6c\ub9e4\/\ub2e4\uc74c \uc11c\ube44\uc2a4 \uc81c\uacf5(*)\uc744 \uc704\ud574 \ubcf8\uc778\/\uc800\ud76c(*)\uac00 \uccb4\uacb0\ud55c \uacc4\uc57d\uc744 \uc774\ub85c\uc368 \ud574\uc9c0\ud569\ub2c8\ub2e4.<\/p><p>\u2013 (*)\uc5d0 \uc8fc\ubb38\/(*)\uc5d0 \uc218\ub839<\/p><p>\u2013 \uc18c\ube44\uc790 \uc774\ub984<\/p><p>\u2013 \uc18c\ube44\uc790 \uc8fc\uc18c<\/p><p>\u2013 \uc18c\ube44\uc790 \uc11c\uba85(\uc11c\uba74\uc73c\ub85c \ud1b5\uc9c0\ud558\ub294 \uacbd\uc6b0\uc5d0\ub9cc \ud574\ub2f9)<\/p><p>- \ub0a0\uc9dc<\/p><p>(*) \ud574\ub2f9\ub418\ub294 \ubd80\ubd84\uc744 \uc0ad\uc81c\ud558\uc138\uc694<\/p>\t\t\t\t\t\t\t\t<\/div>\n\t\t\t\t<\/div>\n\t\t\t\t\t<\/div>\n\t\t\t\t<\/div>\n\t\t\t\t<\/div>","protected":false},"excerpt":{"rendered":"<p>Widerrufsbelehrung\u00a0 \u00a0 A. WiderrufsrechtIst der K\u00e4ufer Verbraucher, steht ihm ein Widerrufsrecht nach folgender Ma\u00dfgabe zu: Sie haben das Recht, binnen vierzehn Tagen ohne Angabe von Gr\u00fcnden diesen Vertrag zu widerrufen. Die Widerrufsfrist betr\u00e4gt vierzehn Tage ab dem Tag, an dem Sie oder ein von Ihnen benannter Dritter, der nicht Bef\u00f6rderer ist, die Waren in Besitz [&hellip;]<\/p>\n","protected":false},"author":1,"featured_media":0,"parent":0,"menu_order":999,"comment_status":"closed","ping_status":"closed","template":"","meta":{"site-sidebar-layout":"no-sidebar","site-content-layout":"","ast-site-content-layout":"full-width-container","site-content-style":"default","site-sidebar-style":"default","ast-global-header-display":"","ast-banner-title-visibility":"","ast-main-header-display":"","ast-hfb-above-header-display":"","ast-hfb-below-header-display":"","ast-hfb-mobile-header-display":"","site-post-title":"disabled","ast-breadcrumbs-content":"","ast-featured-img":"disabled","footer-sml-layout":"","theme-transparent-header-meta":"","adv-header-id-meta":"","stick-header-meta":"","header-above-stick-meta":"","header-main-stick-meta":"","header-below-stick-meta":"","astra-migrate-meta-layouts":"default","ast-page-background-enabled":"default","ast-page-background-meta":{"desktop":{"background-color":"var(--ast-global-color-4)","background-image":"","background-repeat":"repeat","background-position":"center center","background-size":"auto","background-attachment":"scroll","background-type":"","background-media":"","overlay-type":"","overlay-color":"","overlay-opacity":"","overlay-gradient":""},"tablet":{"background-color":"","background-image":"","background-repeat":"repeat","background-position":"center center","background-size":"auto","background-attachment":"scroll","background-type":"","background-media":"","overlay-type":"","overlay-color":"","overlay-opacity":"","overlay-gradient":""},"mobile":{"background-color":"","background-image":"","background-repeat":"repeat","background-position":"center center","background-size":"auto","background-attachment":"scroll","background-type":"","background-media":"","overlay-type":"","overlay-color":"","overlay-opacity":"","overlay-gradient":""}},"ast-content-background-meta":{"desktop":{"background-color":"var(--ast-global-color-5)","background-image":"","background-repeat":"repeat","background-position":"center center","background-size":"auto","background-attachment":"scroll","background-type":"","background-media":"","overlay-type":"","overlay-color":"","overlay-opacity":"","overlay-gradient":""},"tablet":{"background-color":"var(--ast-global-color-5)","background-image":"","background-repeat":"repeat","background-position":"center center","background-size":"auto","background-attachment":"scroll","background-type":"","background-media":"","overlay-type":"","overlay-color":"","overlay-opacity":"","overlay-gradient":""},"mobile":{"background-color":"var(--ast-global-color-5)","background-image":"","background-repeat":"repeat","background-position":"center center","background-size":"auto","background-attachment":"scroll","background-type":"","background-media":"","overlay-type":"","overlay-color":"","overlay-opacity":"","overlay-gradient":""}},"footnotes":""},"class_list":["post-62","page","type-page","status-publish","hentry"],"_links":{"self":[{"href":"https:\/\/nanodron.de\/ko\/wp-json\/wp\/v2\/pages\/62","targetHints":{"allow":["GET"]}}],"collection":[{"href":"https:\/\/nanodron.de\/ko\/wp-json\/wp\/v2\/pages"}],"about":[{"href":"https:\/\/nanodron.de\/ko\/wp-json\/wp\/v2\/types\/page"}],"author":[{"embeddable":true,"href":"https:\/\/nanodron.de\/ko\/wp-json\/wp\/v2\/users\/1"}],"replies":[{"embeddable":true,"href":"https:\/\/nanodron.de\/ko\/wp-json\/wp\/v2\/comments?post=62"}],"version-history":[{"count":10,"href":"https:\/\/nanodron.de\/ko\/wp-json\/wp\/v2\/pages\/62\/revisions"}],"predecessor-version":[{"id":4613,"href":"https:\/\/nanodron.de\/ko\/wp-json\/wp\/v2\/pages\/62\/revisions\/4613"}],"wp:attachment":[{"href":"https:\/\/nanodron.de\/ko\/wp-json\/wp\/v2\/media?parent=62"}],"curies":[{"name":"\uc6cc\ub4dc\ud504\ub808\uc2a4","href":"https:\/\/api.w.org\/{rel}","templated":true}]}}