{"id":60,"date":"2023-11-25T13:23:16","date_gmt":"2023-11-25T12:23:16","guid":{"rendered":"https:\/\/nanodron.de\/?page_id=60"},"modified":"2025-10-31T19:01:37","modified_gmt":"2025-10-31T18:01:37","slug":"agb","status":"publish","type":"page","link":"https:\/\/nanodron.de\/ko\/agb\/","title":{"rendered":"\uc774\uc6a9\uc57d\uad00"},"content":{"rendered":"<div data-elementor-type=\"wp-page\" data-elementor-id=\"60\" class=\"elementor elementor-60\" data-elementor-post-type=\"page\">\n\t\t\t\t<div class=\"elementor-element elementor-element-67c2ab20 e-flex e-con-boxed e-con e-parent\" data-id=\"67c2ab20\" data-element_type=\"container\" data-e-type=\"container\">\n\t\t\t\t\t<div class=\"e-con-inner\">\n\t\t\t\t<div class=\"elementor-element elementor-element-70c6052 elementor-widget elementor-widget-text-editor\" data-id=\"70c6052\" data-element_type=\"widget\" data-e-type=\"widget\" data-widget_type=\"text-editor.default\">\n\t\t\t\t<div class=\"elementor-widget-container\">\n\t\t\t\t\t\t\t\t\t<h3><b>\uc77c\ubc18 \uc0ac\uc5c5 \uc774\uc6a9 \uc57d\uad00<\/b>&nbsp;<\/h3>\n<h3>\u00a7 1 \uc720\ud6a8\uc131, \uc6a9\uc5b4 \uc815\uc758<\/h3>\n<p>(1) Nanodron GmbH, Eisenbahnstr. 25, 75179 Pforzheim, Germany(\uc774\ud558 &quot;\ub2f9\uc0ac&quot; \ub610\ub294 &quot;Nanodron&quot;)\ub294 \uc6f9\uc0ac\uc774\ud2b8 https:\/\/nanodron.de\uc5d0\uc11c \uc628\ub77c\uc778 \uc0c1\ud488 \ub9e4\uc7a5\uc744 \uc6b4\uc601\ud558\uace0 \uc788\uc2b5\ub2c8\ub2e4. \ub2ec\ub9ac \uba85\uc2dc\uc801\uc73c\ub85c \ud569\uc758\ud558\uc9c0 \uc54a\ub294 \ud55c, \ub2e4\uc74c \uc77c\ubc18 \uc774\uc6a9 \uc57d\uad00\uc740 \uc8fc\ubb38 \ub2f9\uc2dc \uc720\ud6a8\ud55c \ubc84\uc804\uc73c\ub85c \ub2f9\uc0ac\uc640 \uace0\uac1d(\uc774\ud558 &quot;\uace0\uac1d&quot; \ub610\ub294 &quot;\uadc0\ud558&quot;) \uc0ac\uc774\uc758 \ubaa8\ub4e0 \uc11c\ube44\uc2a4\uc5d0 \uc801\uc6a9\ub429\ub2c8\ub2e4.<\/p>\n<p>(2) \ubcf8 \uc774\uc6a9 \uc57d\uad00\uc758 \uc758\ubbf8 \ub0b4\uc5d0\uc11c &quot;\uc18c\ube44\uc790&quot;\ub294 \uc0c1\uc5c5\uc801 \ub610\ub294 \ub3c5\ub9bd\uc801 \uc804\ubb38 \ud65c\ub3d9\uc5d0 \uc8fc\ub85c \uae30\uc778\ud560 \uc218 \uc5c6\ub294 \ubaa9\uc801\uc73c\ub85c \ubc95\uc801 \uac70\ub798\ub97c \uccb4\uacb0\ud558\ub294 \ubaa8\ub4e0 \uc790\uc5f0\uc778\uc744 \uc758\ubbf8\ud569\ub2c8\ub2e4. \u201c\uae30\uc5c5\uac00\u201d\ub294 \ubc95\uc801 \uac70\ub798\ub97c \uccb4\uacb0\ud560 \ub54c \uc0c1\uc5c5\uc801 \ub610\ub294 \ub3c5\ub9bd\uc801 \uc804\ubb38 \ud65c\ub3d9\uc744 \uc218\ud589\ud558\ub294 \uc790\uc5f0\uc778 \ub610\ub294 \ubc95\uc778 \ub610\ub294 \ubc95\uc801 \ub2a5\ub825\uc744 \uac16\ucd98 \ud30c\ud2b8\ub108\uc2ed\uc785\ub2c8\ub2e4. \ub530\ub77c\uc11c \ubc95\uc801 \ub2a5\ub825\uc774 \uc788\ub294 \ud30c\ud2b8\ub108\uc2ed\uc740 \ub2e4\uc74c\uacfc \uac19\uc740 \ub2a5\ub825\uc744 \ubd80\uc5ec\ubc1b\uc740 \ud30c\ud2b8\ub108\uc2ed\uc785\ub2c8\ub2e4. \uad8c\ub9ac\ub97c \ucde8\ub4dd\ud558\uace0 \ucc45\uc784\uc744 \ubd80\ub2f4\ud569\ub2c8\ub2e4.<\/p>\n<h3>\u00a7 2 \uacc4\uc57d \uccb4\uacb0, \uacc4\uc57d \ud14d\uc2a4\ud2b8 \uc800\uc7a5<\/h3>\n<p>(1) \uacc4\uc57d \uccb4\uacb0\uc5d0 \uad00\ud55c \ub2e4\uc74c \uaddc\uc815\uc740 \ub2f9\uc0ac \uc628\ub77c\uc778 \uc0c1\uc810(https:\/\/nanodron.de)\uc744 \ud1b5\ud55c \uc8fc\ubb38\uc5d0 \uc801\uc6a9\ub429\ub2c8\ub2e4.<\/p>\n<p>(2) \uc778\ud130\ub137\uc0c1\uc758 \ub2f9\uc0ac \uc81c\ud488 \uc18c\uac1c\ub294 \uad6c\uc18d\ub825\uc774 \uc5c6\uc73c\uba70 \uacc4\uc57d \uccb4\uacb0\uc744 \uc704\ud55c \uad6c\uc18d\ub825 \uc788\ub294 \uc81c\uc548\uc744 \uad6c\uc131\ud558\uc9c0 \uc54a\uc2b5\ub2c8\ub2e4.<\/p>\n<p>(3) \uc628\ub77c\uc778 \uc0c1\uc810\uc5d0\uc11c \uc8fc\ubb38\uc774 \uc811\uc218\ub418\uba74 \ub2e4\uc74c \uaddc\uc815\uc774 \uc801\uc6a9\ub429\ub2c8\ub2e4. \uace0\uac1d\uc740 \uc628\ub77c\uc778 \uc0c1\uc810\uc5d0\uc11c \uc81c\uacf5\ub418\ub294 \uc8fc\ubb38 \uc808\ucc28\ub97c \uc131\uacf5\uc801\uc73c\ub85c \uc644\ub8cc\ud558\uc5ec \uad6c\uc18d\ub825 \uc788\ub294 \uacc4\uc57d \uc81c\uc548\uc744 \uc81c\ucd9c\ud569\ub2c8\ub2e4. \uc8fc\ubb38\uc740 \ub2e4\uc74c \ub2e8\uacc4\ub85c \uc774\ub8e8\uc5b4\uc9d1\ub2c8\ub2e4.<\/p>\n<ol>\n<li>\uc6d0\ud558\ub294 \uc0c1\ud488\uc744 \uc120\ud0dd\ud558\uace0,<\/li>\n<li>\ud574\ub2f9 \ubc84\ud2bc(\uc608: &quot;\uc7a5\ubc14\uad6c\ub2c8\uc5d0 \ucd94\uac00&quot;, &quot;\uc1fc\ud551\ubc31\uc5d0 \ucd94\uac00&quot; \ub4f1)\uc744 \ud074\ub9ad\ud558\uc5ec \uc81c\ud488\uc744 \ucd94\uac00\ud569\ub2c8\ub2e4.<\/li>\n<li>\uc7a5\ubc14\uad6c\ub2c8\uc5d0 \ub2f4\uae34 \uc815\ubcf4\ub97c \ud655\uc778\ud558\uace0,<\/li>\n<li>\ud574\ub2f9 \ubc84\ud2bc(\uc608: &quot;\uacb0\uc81c \uc9c4\ud589&quot;, &quot;\uacb0\uc81c \uacc4\uc18d&quot;, &quot;\uc8fc\ubb38 \uac1c\uc694\ub85c \uc774\ub3d9&quot; \ub4f1)\uc744 \ud074\ub9ad\ud558\uc5ec \uc8fc\ubb38 \uac1c\uc694\ub97c \ubd88\ub7ec\uc635\ub2c8\ub2e4.<\/li>\n<li>\uc8fc\uc18c \ubc0f \uc5f0\ub77d\ucc98 \uc785\ub825\/\ud655\uc778, \uacb0\uc81c\uc218\ub2e8 \uc120\ud0dd, \uc77c\ubc18\uc57d\uad00 \ubc0f \ucde8\uc18c\uc815\ucc45 \ud655\uc778,<\/li>\n<li>\ud569\uc758\ub41c \uc0c1\ud488\uc758 \ud488\uc9c8\uc774 \uc77c\ubc18\uc801\uc778 \ud488\uc9c8 \ubc0f \uc0ac\uc6a9 \uc870\uac74\uc744 \ubc97\uc5b4\ub098\ub294 \uacbd\uc6b0 \ubd80\uc815\uc801\uc778 \ud488\uc9c8 \uacc4\uc57d \ud655\uc778,<\/li>\n<li>&quot;\uc9c0\uae08 \uad6c\ub9e4&quot; \ubc84\ud2bc\uc744 \ud074\ub9ad\ud558\uc5ec \uc8fc\ubb38\uc744 \uc644\ub8cc\ud558\uc138\uc694. \uc774\ub294 \uadc0\ud558\uc758 \uad6c\uc18d\ub825 \uc788\ub294 \uba85\ub839\uc744 \uad6c\uc131\ud569\ub2c8\ub2e4.<\/li>\n<li>\uc601\uc5c5\uc77c \uae30\uc900 3\uc77c \uc774\ub0b4\uc5d0 \ub2f9\uc0ac\ub85c\ubd80\ud130 \uc81c\uacf5\ub41c \uc774\uba54\uc77c \uc8fc\uc18c\ub85c \uc8fc\ubb38 \ud655\uc778\uc11c\ub97c \ubc1b\uc73c\uba74 \uacc4\uc57d\uc774 \uccb4\uacb0\ub429\ub2c8\ub2e4.<\/li>\n<\/ol>\n<p>(4) \uacc4\uc57d\uc774 \uccb4\uacb0\ub418\uba74 \uacc4\uc57d\uc740 Nanodron GmbH, Eisenbahnstr. 25, 75179 \ud3ec\ub974\uce20\ud558\uc784, \ub3c5\uc77c.<\/p>\n<p>(5) \uc8fc\ubb38 \uc804, \ube0c\ub77c\uc6b0\uc800\uc758 \uc778\uc1c4 \uae30\ub2a5\uc744 \uc774\uc6a9\ud558\uc5ec \uacc4\uc57d \ub370\uc774\ud130\ub97c \uc778\uc1c4\ud558\uac70\ub098 \uc804\uc790\uc801\uc73c\ub85c \uc800\uc7a5\ud560 \uc218 \uc788\uc2b5\ub2c8\ub2e4. \uc8fc\ubb38 \ucc98\ub9ac \ubc0f \uacc4\uc57d \uccb4\uacb0\uacfc \uad00\ub828\ud558\uc5ec \ud544\uc694\ud55c \ubaa8\ub4e0 \uc815\ubcf4(\ud2b9\ud788 \uc8fc\ubb38 \ub370\uc774\ud130, \uc77c\ubc18 \uc774\uc6a9 \uc57d\uad00 \ubc0f \ucde8\uc18c \uc815\ucc45)\uc758 \uc804\uc1a1\uc740 \uc8fc\ubb38 \ud6c4 \uc774\uba54\uc77c\uc744 \ud1b5\ud574 \ubd80\ubd84\uc801\uc73c\ub85c \uc790\ub3d9\uc73c\ub85c \uc774\ub8e8\uc5b4\uc9d1\ub2c8\ub2e4. . \ub2f9\uc0ac\ub294 \uacc4\uc57d\uc774 \uccb4\uacb0\ub41c \ud6c4\uc5d0\ub294 \uacc4\uc57d \ub0b4\uc6a9\uc744 \uc800\uc7a5\ud558\uc9c0 \uc54a\uc2b5\ub2c8\ub2e4.<\/p>\n<p>(6) \uc785\ub825 \uc624\ub958\ub294 \uc77c\ubc18\uc801\uc778 \ud0a4\ubcf4\ub4dc, \ub9c8\uc6b0\uc2a4 \ubc0f \ube0c\ub77c\uc6b0\uc800 \uae30\ub2a5(\uc608: \ube0c\ub77c\uc6b0\uc800\uc758 &quot;\ub4a4\ub85c \ubc84\ud2bc&quot;)\uc744 \uc0ac\uc6a9\ud558\uc5ec \uc218\uc815\ud560 \uc218 \uc788\uc2b5\ub2c8\ub2e4. \ub610\ud55c \uc8fc\ubb38 \uacfc\uc815\uc744 \uc870\uae30\uc5d0 \ucde8\uc18c\ud558\uace0 \ube0c\ub77c\uc6b0\uc800 \ucc3d\uc744 \ub2eb\uc740 \ud6c4 \uacfc\uc815\uc744 \ubc18\ubcf5\ud568\uc73c\ub85c\uc368 \uc218\uc815\ud560 \uc218\ub3c4 \uc788\uc2b5\ub2c8\ub2e4.<\/p>\n<p>(7) \uc8fc\ubb38 \ucc98\ub9ac \ubc0f \uacc4\uc57d \uccb4\uacb0\uacfc \uad00\ub828\ud558\uc5ec \ud544\uc694\ud55c \ubaa8\ub4e0 \uc815\ubcf4\uc758 \uc804\uc1a1\uc740 \uc774\uba54\uc77c\uc744 \ud1b5\ud574 \ubd80\ubd84\uc801\uc73c\ub85c \uc790\ub3d9\ud654\ub429\ub2c8\ub2e4. \ub530\ub77c\uc11c \uadc0\ud558\ub294 \ub2f9\uc0ac\uc5d0 \uc81c\uacf5\ud55c \uc774\uba54\uc77c \uc8fc\uc18c\uac00 \uc815\ud655\ud55c\uc9c0, \uc774\uba54\uc77c \uc218\uc2e0\uc774 \uae30\uc220\uc801\uc73c\ub85c \ubcf4\uc7a5\ub418\ub294\uc9c0, \ud2b9\ud788 \uc2a4\ud338 \ud544\ud130\uc5d0 \uc758\ud574 \ucc28\ub2e8\ub418\uc9c0 \uc54a\ub294\uc9c0 \ud655\uc778\ud574\uc57c \ud569\ub2c8\ub2e4.<\/p>\n<h3>\u00a7 3 \uacc4\uc57d\uc758 \ub300\uc0c1 \ubc0f \uc81c\ud488\uc758 \ud544\uc218 \uae30\ub2a5<\/h3>\n<p>(1) \ub2f9\uc0ac \uc628\ub77c\uc778\uc0f5\uc5d0\uc11c\uc758 \uacc4\uc57d \ub0b4\uc6a9\uc740 \ub2e4\uc74c\uacfc \uac19\uc2b5\ub2c8\ub2e4.<\/p>\n<ol style=\"list-style-type: lower-alpha;\">\n<li>\uc0c1\ud488 \ud310\ub9e4. \uae30\uc0ac \ud398\uc774\uc9c0\uc5d0\uc11c \uc81c\uacf5\ub418\ub294 \ud2b9\uc815 \uc0c1\ud488\uc744 \ucc3e\uc744 \uc218 \uc788\uc2b5\ub2c8\ub2e4.<\/li>\n<\/ol>\n<p>(2) \uc0c1\ud488\uc758 \ubcf8\uc9c8\uc801\uc778 \ud2b9\uc9d5\uc740 \uc0c1\ud488 \uc124\uba85\uc5d0\uc11c \ud655\uc778\ud560 \uc218 \uc788\uc2b5\ub2c8\ub2e4. \ud569\uc758\ub41c \uc0c1\ud488 \ud488\uc9c8\uc774 \uc77c\ubc18\uc801\uc778 \ud488\uc9c8 \ubc0f \uc0ac\uc6a9 \uc870\uac74\uc5d0\uc11c \ubc97\uc5b4\ub098\ub294 \uacbd\uc6b0 \uc774\ub294 \ud488\ubaa9 \uc124\uba85\uc5d0 \uba85\uc2dc\uc801\uc73c\ub85c \uba85\uc2dc\ub429\ub2c8\ub2e4(\ubd80\uc815\uc801\uc778 \ud488\uc9c8 \uacc4\uc57d). \uace0\uac1d\uc774 \ubd80\uc815\uc801\uc778 \ud488\uc9c8 \ud3b8\ucc28\uc5d0 \ub300\ud574 \uba85\uc2dc\uc801\uc73c\ub85c \ub3d9\uc758\ud55c \uacbd\uc6b0 \uc774\ub294 \uacc4\uc57d\uc758 \ub300\uc0c1\uc744 \uc815\uc758\ud569\ub2c8\ub2e4.<\/p>\n<h3>\u00a7 4 \uac00\uaca9, \ubc30\uc1a1\ube44 \ubc0f \ubc30\uc1a1<\/h3>\n<p>(1) \uac01 \uc81c\uc548\uc5d0 \ub098\uc5f4\ub41c \uac00\uaca9\uacfc \ubc30\uc1a1\ube44\ub294 \ucd1d \uac00\uaca9\uc774\uba70 \ubaa8\ub4e0 \uad00\ub828 \uc138\uae08\uc744 \ud3ec\ud568\ud55c \ubaa8\ub4e0 \uac00\uaca9 \uad6c\uc131 \uc694\uc18c\ub97c \ud3ec\ud568\ud569\ub2c8\ub2e4.<\/p>\n<p>(2) \ub2f9\uc0ac\uac00 \uba85\uc2dc\uc801\uc73c\ub85c \uacc4\uc88c \uad6c\ub9e4\ub97c \uc81c\uc548\ud558\uc9c0 \uc54a\ub294 \ud55c, \ud574\ub2f9 \uad6c\ub9e4 \uac00\uaca9\uc740 \uc81c\ud488 \ubc30\uc1a1(\uc120\ubd88) \uc804\uc5d0 \uc9c0\ubd88\ub418\uc5b4\uc57c \ud569\ub2c8\ub2e4. \uadc0\ud558\uac00 \uc774\uc6a9\ud560 \uc218 \uc788\ub294 \uacb0\uc81c \ubc29\ubc95\uc740 \uc628\ub77c\uc778 \uc0c1\uc810\uc774\ub098 \ud574\ub2f9 \uc81c\uc548\uc5d0\uc11c \ud574\ub2f9 \ub77c\ubca8\uc774 \ubd99\uc740 \ubc84\ud2bc \uc544\ub798\uc5d0 \ud45c\uc2dc\ub429\ub2c8\ub2e4. \uac1c\ubcc4 \uacb0\uc81c \ubc29\ubc95\uc5d0 \ub300\ud574 \ubcc4\ub3c4\ub85c \uba85\uc2dc\ud558\uc9c0 \uc54a\ub294 \ud55c, \uacb0\uc81c \uccad\uad6c\ub294 \uc989\uc2dc \uacb0\uc81c\ub418\uc5b4\uc57c \ud569\ub2c8\ub2e4.<\/p>\n<p>(3) \uba85\uc2dc\ub41c \uac00\uaca9 \uc678\uc5d0\ub3c4 \ud574\ub2f9 \ud488\ubaa9\uc774 \ubc30\uc1a1\ube44 \ubb34\ub8cc\ub85c \ud45c\uc2dc\ub418\uc9c0 \uc54a\ub294 \ud55c \uc81c\ud488 \ubc30\uc1a1\uc5d0 \ubc30\uc1a1\ube44\uac00 \uc801\uc6a9\ub420 \uc218 \uc788\uc2b5\ub2c8\ub2e4. \ubc30\uc1a1\ube44\ub294 \uc7a5\ubc14\uad6c\ub2c8 \uc2dc\uc2a4\ud15c\uacfc \uc8fc\ubb38 \uac1c\uc694\uc5d0 \ud574\ub2f9\ud558\ub294 \uacbd\uc6b0 \uc81c\uc548\uc744 \ud1b5\ud574 \uadc0\ud558\uc5d0\uac8c \uba85\ud655\ud558\uac8c \uc804\ub2ec\ub429\ub2c8\ub2e4.<\/p>\n<p>(4) \uc81c\ud488 \uc124\uba85\uc5d0 \ub2ec\ub9ac \uba85\uc2dc\ub418\uc9c0 \uc54a\ub294 \ud55c, \uc81c\uacf5\ub418\ub294 \ubaa8\ub4e0 \uc81c\ud488\uc740 \uc989\uc2dc \ubc30\uc1a1\ub420 \uc900\ube44\uac00 \ub418\uc5b4 \uc788\uc2b5\ub2c8\ub2e4(\ubc30\uc1a1 \uc2dc\uac04: \uacb0\uc81c \uc218\ub839 \ud6c4 \uc601\uc5c5\uc77c \uae30\uc900 2~5\uc77c).<\/p>\n<p>(5) \ub2e4\uc74c \ubc30\uc1a1 \uc9c0\uc5ed \uc81c\ud55c\uc774 \uc801\uc6a9\ub429\ub2c8\ub2e4. \ubc30\uc1a1\uc740 \ub2e4\uc74c \uad6d\uac00\uc5d0\uc11c \uc774\ub8e8\uc5b4\uc9d1\ub2c8\ub2e4: \ub3c5\uc77c.<\/p>\n<h3>\u00a7 5 \ubcf4\uc720\uad8c, \uc18c\uc720\uad8c \ubcf4\uc720<\/h3>\n<p>(1) \ub3d9\uc77c\ud55c \uacc4\uc57d \uad00\uacc4\uc5d0\uc11c \ubc1c\uc0dd\ud558\ub294 \uccad\uad6c\uc5d0 \uad00\ud55c \uacbd\uc6b0\uc5d0\ub9cc \ubcf4\uc720 \uad8c\ub9ac\ub97c \ud589\uc0ac\ud560 \uc218 \uc788\uc2b5\ub2c8\ub2e4.<\/p>\n<p>(2) \uc0c1\ud488\uc740 \uad6c\ub9e4 \uac00\uaca9\uc774 \uc804\uc561 \uc9c0\ubd88\ub420 \ub54c\uae4c\uc9c0 \ub2f9\uc0ac\uc758 \uc790\uc0b0\uc73c\ub85c \uc720\uc9c0\ub429\ub2c8\ub2e4.<\/p>\n<h3>\u00a7 6 \ucca0\ud68c \uad8c\ub9ac<\/h3>\n<p>\uc18c\ube44\uc790\ub85c\uc11c \uadc0\ud558\ub294 \ucca0\ud68c\ud560 \uad8c\ub9ac\uac00 \uc788\uc2b5\ub2c8\ub2e4. \uc774\uac83\uc740 \uc6b0\ub9ac\uc5d0\uac8c \ub2ec\ub824 \uc788\uc2b5\ub2c8\ub2e4. <a href=\"https:\/\/nanodron.de\/ko\/widerrufsbelehrung\/\">\ucde8\uc18c \uc815\ucc45<\/a>.<\/p>\n<h3>\u00a7 7 \uacc4\uc57d \uc5b8\uc5b4<\/h3>\n<p>\uc0ac\uc6a9 \uac00\ub2a5\ud55c \uc720\uc77c\ud55c \uacc4\uc57d \uc5b8\uc5b4\ub294 \ub3c5\uc77c\uc5b4\uc785\ub2c8\ub2e4.<\/p>\n<h3>\u00a7 8 \ucc45\uc784<\/h3>\n<p>(1) \ub2e4\uc74c \uc608\uc678\ub97c \uc81c\uc678\ud558\uace0 \uacc4\uc57d \uc758\ubb34 \uc704\ubc18 \ubc0f \ubd88\ubc95 \ud589\uc704\uc5d0 \ub300\ud55c \ub2f9\uc0ac\uc758 \ucc45\uc784\uc740 \uace0\uc758 \ub610\ub294 \uc911\uacfc\uc2e4\ub85c \uc81c\ud55c\ub429\ub2c8\ub2e4.<\/p>\n<p>(2) \ub2f9\uc0ac\ub294 \uacbd\ubbf8\ud55c \uacfc\uc2e4\ub85c \uc778\ud574 \uc0dd\uba85, \uc2e0\uccb4 \ub610\ub294 \uac74\uac15\uc5d0 \ud53c\ud574\uac00 \ubc1c\uc0dd\ud558\uac70\ub098 \ud544\uc218\uc801\uc778 \uacc4\uc57d \uc758\ubb34\ub97c \uc704\ubc18\ud55c \uacbd\uc6b0 \uc81c\ud55c \uc5c6\uc774 \ucc45\uc784\uc744 \uc9d1\ub2c8\ub2e4. \ub2f9\uc0ac\uc758 \uacbd\ubbf8\ud55c \uacfc\uc2e4\ub85c \uc778\ud574 \uc11c\ube44\uc2a4 \uc81c\uacf5\uc774 \uc9c0\uc5f0\ub418\uac70\ub098, \uc11c\ube44\uc2a4 \uc81c\uacf5\uc774 \ubd88\uac00\ub2a5\ud558\uac8c \ub418\uac70\ub098, \ud544\uc218\uc801\uc778 \uacc4\uc57d\uc0c1 \uc758\ubb34\ub97c \uc704\ubc18\ud55c \uacbd\uc6b0, \uadf8\ub85c \uc778\ud55c \uc7ac\uc0b0\uc801, \uae08\uc804\uc801 \uc190\uc2e4\uc5d0 \ub300\ud55c \ubaa8\ub4e0 \ucc45\uc784\uc740 \ub2f9\uc0ac\uac00 \ubd80\ub2f4\ud569\ub2c8\ub2e4. <strong>\uc77c\ubc18\uc801\uc73c\ub85c \uacc4\uc57d\uc5d0\uc11c \uc608\uce21\ud560 \uc218 \uc788\ub294 \uc190\ud574<\/strong> \uc81c\ud55c\ub41c. \ud544\uc218\uc801\uc778 \uacc4\uc57d\uc0c1 \uc758\ubb34\ub294 \uc774\ud589\uc744 \ud1b5\ud574 \uc6b0\uc120 \uacc4\uc57d\uc758 \uc801\uc808\ud55c \uc2e4\ud589\uc774 \uac00\ub2a5\ud574\uc9c0\uace0, \uc704\ubc18\uc774 \uacc4\uc57d \ubaa9\uc801 \ub2ec\uc131\uc744 \uc704\ud611\ud558\uba70, \uadc0\ud558\uac00 \uc815\uae30\uc801\uc73c\ub85c \uadf8 \uc900\uc218\ub97c \uc2e0\ub8b0\ud560 \uc218 \uc788\ub294 \uc758\ubb34\uc785\ub2c8\ub2e4. \uc5ec\uae30\uc5d0\ub294 \ud2b9\ud788 \uc139\uc158 3\uc5d0 \uc124\uba85\ub41c \uc870\uce58\ub97c \ucde8\ud558\uace0 \uacc4\uc57d\uc0c1 \uc758\ubb34\uac00 \uc788\ub294 \uc11c\ube44\uc2a4\ub97c \uc774\ud589\ud574\uc57c \ud558\ub294 \ub2f9\uc0ac\uc758 \uc758\ubb34\uac00 \ud3ec\ud568\ub429\ub2c8\ub2e4.<\/p>\n<h3>\u00a7 9 \ubcf4\uc99d<\/h3>\n<p>(1) \ubcf4\uc99d\uc740 \ubc95\uc801 \uc870\ud56d\uc5d0 \uadfc\uac70\ud569\ub2c8\ub2e4.<\/p>\n<p>(2) \uc0ac\uc5c5\uc790\uc758 \uacbd\uc6b0 \ubc30\uc1a1\ub41c \ud488\ubaa9\uc758 \ubcf4\uc99d \uae30\uac04\uc740 12\uac1c\uc6d4\uc785\ub2c8\ub2e4.<\/p>\n<p>(3) \uc18c\ube44\uc790\ub85c\uc11c \uadc0\ud558\ub294 \uacc4\uc57d \uc774\ud589 \uc2dc \uc81c\uacf5\ub418\ub294 \uc544\uc774\ud15c\/\ub514\uc9c0\ud138 \uc0c1\ud488 \ub610\ub294 \uc11c\ube44\uc2a4\uc758 \uc644\uc804\uc131, \uba85\ubc31\ud55c \uacb0\ud568 \ubc0f \uc6b4\uc1a1 \uc190\uc0c1 \uc5ec\ubd80\ub97c \uc989\uc2dc \ud655\uc778\ud558\uace0, \ubd88\ub9cc \uc0ac\ud56d\uc774 \uc788\ub294 \uacbd\uc6b0 \ucd5c\ub300\ud55c \ube68\ub9ac \ub2f9\uc0ac \ubc0f \ud654\ubb3c \uc6b4\uc1a1\uc5c5\uccb4\uc5d0 \ud1b5\ubcf4\ud558\uc2dc\uae30 \ubc14\ub78d\ub2c8\ub2e4. . \uc774\ub97c \uc900\uc218\ud558\uc9c0 \uc54a\uc744 \uacbd\uc6b0 \ubc95\uc801 \ubcf4\uc99d \uccad\uad6c\uc5d0\ub294 \uc544\ubb34\ub7f0 \uc601\ud5a5\uc744 \ubbf8\uce58\uc9c0 \uc54a\uc2b5\ub2c8\ub2e4.<\/p>\n<h3>\u00a7 10 \ucd5c\uc885 \uc870\ud56d\/\ubd84\uc7c1 \ud574\uacb0<\/h3>\n<p>(1) \ub3c5\uc77c\ubc95\uc774 \uc801\uc6a9\ub429\ub2c8\ub2e4. \uc18c\ube44\uc790\uc758 \uacbd\uc6b0, \uc774\ub7ec\ud55c \ubc95 \uc120\ud0dd\uc740 \uc18c\ube44\uc790\uc758 \uc0c1\uc8fc \uad6d\uac00 \ubc95\ub960\uc758 \uac15\uc81c \uc870\ud56d\uc5d0 \uc758\ud574 \ubd80\uc5ec\ub41c \ubcf4\ud638\uac00 \ucca0\ud68c\ub418\uc9c0 \uc54a\ub294 \ubc94\uc704\uae4c\uc9c0\ub9cc \uc801\uc6a9\ub429\ub2c8\ub2e4(\uc120\ud638 \uc6d0\uce59).<\/p>\n<p>(2) \uad6d\uc81c\ubb3c\ud488\ub9e4\ub9e4\uacc4\uc57d\uc5d0 \uad00\ud55c UN \ud611\uc57d\uc758 \uc870\ud56d\uc740 \uba85\uc2dc\uc801\uc73c\ub85c \uc801\uc6a9\ub418\uc9c0 \uc54a\uc2b5\ub2c8\ub2e4.<\/p>\n<p>(3) \uace0\uac1d\uc774 \uac00\ub9f9\uc810, \uacf5\ubc95\uc0c1 \ubc95\uc778 \ub610\ub294 \uacf5\ubc95\uc0c1 \ud2b9\ubcc4\uae30\uae08\uc778 \uacbd\uc6b0, \uace0\uac1d\uacfc \uc81c\uacf5\uc790 \uac04\uc758 \uacc4\uc57d \uad00\uacc4\ub85c \uc778\ud574 \ubc1c\uc0dd\ud558\ub294 \ubaa8\ub4e0 \ubd84\uc7c1\uc5d0 \ub300\ud55c \uad00\ud560\uad8c\uc740 \uc81c\uacf5\uc790\uc758 \ub4f1\ub85d \uc0ac\ubb34\uc18c\uc785\ub2c8\ub2e4.<\/p>\n<p>(4) \uc6b0\ub9ac\ub294 \uc18c\ube44\uc790 \uc911\uc7ac \uc704\uc6d0\ud68c\uc758 \ubd84\uc7c1 \ud574\uacb0 \uc808\ucc28\uc5d0 \ucc38\uc5ec\ud560 \uc758\ubb34\ub3c4 \uc5c6\uace0 \ucc38\uc5ec\ud560 \uc758\ud5a5\ub3c4 \uc5c6\uc2b5\ub2c8\ub2e4.<\/p>\t\t\t\t\t\t\t\t<\/div>\n\t\t\t\t<\/div>\n\t\t\t\t\t<\/div>\n\t\t\t\t<\/div>\n\t\t\t\t<\/div>","protected":false},"excerpt":{"rendered":"<p>Allgemeine Gesch\u00e4ftsbedingungen&nbsp; \u00a7 1 Geltung, Begriffsdefinitionen (1) Nanodron GmbH, Eisenbahnstr. 25, 75179 Pforzheim, Deutschland (im Folgenden: \u201ewir\u201c oder \u201eNanodron\u201c) betreibt unter der Webseite https:\/\/nanodron.de einen Online-Shop f\u00fcr Waren. Die nachfolgenden allgemeinen Gesch\u00e4ftsbedingungen gelten f\u00fcr alle Leistungen zwischen uns und unseren Kunden (im Folgenden: \u201eKunde\u201c oder \u201eSie\u201c) in ihrer zum Zeitpunkt der Bestellung g\u00fcltigen Fassung, soweit [&hellip;]<\/p>\n","protected":false},"author":1,"featured_media":0,"parent":0,"menu_order":999,"comment_status":"closed","ping_status":"closed","template":"","meta":{"site-sidebar-layout":"default","site-content-layout":"","ast-site-content-layout":"default","site-content-style":"default","site-sidebar-style":"default","ast-global-header-display":"","ast-banner-title-visibility":"","ast-main-header-display":"","ast-hfb-above-header-display":"","ast-hfb-below-header-display":"","ast-hfb-mobile-header-display":"","site-post-title":"disabled","ast-breadcrumbs-content":"","ast-featured-img":"","footer-sml-layout":"","theme-transparent-header-meta":"","adv-header-id-meta":"","stick-header-meta":"","header-above-stick-meta":"","header-main-stick-meta":"","header-below-stick-meta":"","astra-migrate-meta-layouts":"","ast-page-background-enabled":"default","ast-page-background-meta":{"desktop":{"background-color":"var(--ast-global-color-4)","background-image":"","background-repeat":"repeat","background-position":"center center","background-size":"auto","background-attachment":"scroll","background-type":"","background-media":"","overlay-type":"","overlay-color":"","overlay-opacity":"","overlay-gradient":""},"tablet":{"background-color":"","background-image":"","background-repeat":"repeat","background-position":"center center","background-size":"auto","background-attachment":"scroll","background-type":"","background-media":"","overlay-type":"","overlay-color":"","overlay-opacity":"","overlay-gradient":""},"mobile":{"background-color":"","background-image":"","background-repeat":"repeat","background-position":"center center","background-size":"auto","background-attachment":"scroll","background-type":"","background-media":"","overlay-type":"","overlay-color":"","overlay-opacity":"","overlay-gradient":""}},"ast-content-background-meta":{"desktop":{"background-color":"var(--ast-global-color-5)","background-image":"","background-repeat":"repeat","background-position":"center center","background-size":"auto","background-attachment":"scroll","background-type":"","background-media":"","overlay-type":"","overlay-color":"","overlay-opacity":"","overlay-gradient":""},"tablet":{"background-color":"var(--ast-global-color-5)","background-image":"","background-repeat":"repeat","background-position":"center center","background-size":"auto","background-attachment":"scroll","background-type":"","background-media":"","overlay-type":"","overlay-color":"","overlay-opacity":"","overlay-gradient":""},"mobile":{"background-color":"var(--ast-global-color-5)","background-image":"","background-repeat":"repeat","background-position":"center center","background-size":"auto","background-attachment":"scroll","background-type":"","background-media":"","overlay-type":"","overlay-color":"","overlay-opacity":"","overlay-gradient":""}},"footnotes":""},"class_list":["post-60","page","type-page","status-publish","hentry"],"_links":{"self":[{"href":"https:\/\/nanodron.de\/ko\/wp-json\/wp\/v2\/pages\/60","targetHints":{"allow":["GET"]}}],"collection":[{"href":"https:\/\/nanodron.de\/ko\/wp-json\/wp\/v2\/pages"}],"about":[{"href":"https:\/\/nanodron.de\/ko\/wp-json\/wp\/v2\/types\/page"}],"author":[{"embeddable":true,"href":"https:\/\/nanodron.de\/ko\/wp-json\/wp\/v2\/users\/1"}],"replies":[{"embeddable":true,"href":"https:\/\/nanodron.de\/ko\/wp-json\/wp\/v2\/comments?post=60"}],"version-history":[{"count":10,"href":"https:\/\/nanodron.de\/ko\/wp-json\/wp\/v2\/pages\/60\/revisions"}],"predecessor-version":[{"id":3232,"href":"https:\/\/nanodron.de\/ko\/wp-json\/wp\/v2\/pages\/60\/revisions\/3232"}],"wp:attachment":[{"href":"https:\/\/nanodron.de\/ko\/wp-json\/wp\/v2\/media?parent=60"}],"curies":[{"name":"\uc6cc\ub4dc\ud504\ub808\uc2a4","href":"https:\/\/api.w.org\/{rel}","templated":true}]}}