{"id":4894,"date":"2025-11-01T23:36:22","date_gmt":"2025-11-01T22:36:22","guid":{"rendered":"https:\/\/nanodron.de\/?page_id=4894"},"modified":"2025-11-02T19:54:02","modified_gmt":"2025-11-02T18:54:02","slug":"blog","status":"publish","type":"page","link":"https:\/\/nanodron.de\/ko\/blog\/","title":{"rendered":"\ube14\ub85c\uadf8"},"content":{"rendered":"<div data-elementor-type=\"wp-page\" data-elementor-id=\"4894\" class=\"elementor elementor-4894\" data-elementor-post-type=\"page\">\n\t\t\t\t<div class=\"elementor-element elementor-element-5022acd e-flex e-con-boxed e-con e-parent\" data-id=\"5022acd\" data-element_type=\"container\" data-e-type=\"container\">\n\t\t\t\t\t<div class=\"e-con-inner\">\n\t\t\t\t<div class=\"elementor-element elementor-element-8b8a715 elementor-widget elementor-widget-spacer\" data-id=\"8b8a715\" data-element_type=\"widget\" data-e-type=\"widget\" data-widget_type=\"spacer.default\">\n\t\t\t\t<div class=\"elementor-widget-container\">\n\t\t\t\t\t\t\t<div class=\"elementor-spacer\">\n\t\t\t<div class=\"elementor-spacer-inner\"><\/div>\n\t\t<\/div>\n\t\t\t\t\t\t<\/div>\n\t\t\t\t<\/div>\n\t\t\t\t\t<\/div>\n\t\t\t\t<\/div>\n\t\t<div class=\"elementor-element elementor-element-7327a18 e-grid e-con-boxed e-con e-parent\" data-id=\"7327a18\" data-element_type=\"container\" data-e-type=\"container\">\n\t\t\t\t\t<div class=\"e-con-inner\">\n\t\t\t\t<div class=\"elementor-element elementor-element-833f031 elementor-widget elementor-widget-heading\" data-id=\"833f031\" data-element_type=\"widget\" data-e-type=\"widget\" data-widget_type=\"heading.default\">\n\t\t\t\t<div class=\"elementor-widget-container\">\n\t\t\t\t\t<h4 class=\"elementor-heading-title elementor-size-default\">NANODRON\u00ae, \uacf5\uae30\ub294 \uc6b0\ub9ac\uc758 \uc5f4\uc815\uc774\uae30 \ub54c\ubb38\uc785\ub2c8\ub2e4<\/h4>\t\t\t\t<\/div>\n\t\t\t\t<\/div>\n\t\t\t\t<div class=\"elementor-element elementor-element-ed90122 elementor-widget elementor-widget-text-editor\" data-id=\"ed90122\" data-element_type=\"widget\" data-e-type=\"widget\" data-widget_type=\"text-editor.default\">\n\t\t\t\t<div class=\"elementor-widget-container\">\n\t\t\t\t\t\t\t\t\t<p style=\"text-align: center;\">\u00a0\uc774 \ube14\ub85c\uadf8\ub294 \uc2e4\ub0b4 \uacf5\uae30\uc640 \uacf5\uae30 \uc9c8\uc5d0 \ub300\ud574 \uc54c\uace0 \uc2f6\uc5b4\ud558\ub294 \ubaa8\ub4e0 \uc0ac\ub78c\uc744 \uc704\ud55c \uac00\uc774\ub4dc, \ucc38\uace0 \uc790\ub8cc, \uc815\ubcf4 \uc18c\uc2a4 \uc5ed\ud560\uc744 \ud569\ub2c8\ub2e4.<\/p>\t\t\t\t\t\t\t\t<\/div>\n\t\t\t\t<\/div>\n\t\t\t\t\t<\/div>\n\t\t\t\t<\/div>\n\t\t<div class=\"elementor-element elementor-element-3bcc8bc e-flex e-con-boxed e-con e-parent\" data-id=\"3bcc8bc\" data-element_type=\"container\" data-e-type=\"container\">\n\t\t\t\t\t<div class=\"e-con-inner\">\n\t\t<div class=\"elementor-element elementor-element-2d4b440 e-grid e-con-full e-con e-child\" data-id=\"2d4b440\" data-element_type=\"container\" data-e-type=\"container\">\n\t\t\t\t<div class=\"elementor-element elementor-element-5912464 elementor-cta--skin-classic elementor-animated-content elementor-bg-transform elementor-bg-transform-zoom-in elementor-widget elementor-widget-call-to-action\" data-id=\"5912464\" data-element_type=\"widget\" data-e-type=\"widget\" data-widget_type=\"call-to-action.default\">\n\t\t\t\t<div class=\"elementor-widget-container\">\n\t\t\t\t\t\t\t<div class=\"elementor-cta\">\n\t\t\t\t\t<div class=\"elementor-cta__bg-wrapper\">\n\t\t\t\t<div class=\"elementor-cta__bg elementor-bg\" style=\"background-image: url(https:\/\/nanodron.de\/wp-content\/uploads\/2023\/12\/Nanodron-fuer-Allergiker-1024x646.png);\" role=\"img\" aria-label=\"\uc54c\ub808\ub974\uae30 \ud658\uc790\ub97c \uc704\ud55c \ub098\ub178\ub4dc\ub860 \uacf5\uae30\uccad\uc815\uae30\"><\/div>\n\t\t\t\t<div class=\"elementor-cta__bg-overlay\"><\/div>\n\t\t\t<\/div>\n\t\t\t\t\t\t\t<div class=\"elementor-cta__content\">\n\t\t\t\t\n\t\t\t\t\t\t\t\t\t<h2 class=\"elementor-cta__title elementor-cta__content-item elementor-content-item\">\n\t\t\t\t\t\t4\uac00\uc9c0 \ud754\ud55c \uc2e4\ub0b4 \uc54c\ub808\ub974\uac90\uc5d0 \ub300\ud55c \uc54c\ub808\ub974\uae30 \ud658\uc790\ub97c \uc704\ud55c \uacf5\uae30 \uccad\uc815\uae30\t\t\t\t\t<\/h2>\n\t\t\t\t\n\t\t\t\t\n\t\t\t\t\t\t\t\t\t<div class=\"elementor-cta__button-wrapper elementor-cta__content-item elementor-content-item\">\n\t\t\t\t\t<a class=\"elementor-cta__button elementor-button elementor-size-\" href=\"https:\/\/nanodron.de\/ko\/luftreiniger-fuer-allergiker\/\">\n\t\t\t\t\t\t\u00bb&quot; \uc790\uc138\ud788 \uc54c\uc544\ubcf4\uae30\t\t\t\t\t<\/a>\n\t\t\t\t\t<\/div>\n\t\t\t\t\t\t\t<\/div>\n\t\t\t\t\t\t<\/div>\n\t\t\t\t\t\t<\/div>\n\t\t\t\t<\/div>\n\t\t\t\t<\/div>\n\t\t\t\t\t<\/div>\n\t\t\t\t<\/div>\n\t\t\t\t<\/div>","protected":false},"excerpt":{"rendered":"<p>NANODRON\u00ae, weil Luft unsere Leidenschaft ist \u00a0Der Blog ist Ratgeber, Nachschlagewerk und Informationsquelle f\u00fcr alle, die Wissens\u00adwertes \u00fcber Raumluft und Luft\u00adqualit\u00e4t erfahren m\u00f6chten. Luftreiniger f\u00fcr Allergiker gegen 4 h\u00e4ufige Allergene in Innenr\u00e4umen \u00bb Mehr erfahren<\/p>","protected":false},"author":1,"featured_media":0,"parent":0,"menu_order":0,"comment_status":"closed","ping_status":"closed","template":"","meta":{"site-sidebar-layout":"no-sidebar","site-content-layout":"","ast-site-content-layout":"full-width-container","site-content-style":"default","site-sidebar-style":"default","ast-global-header-display":"","ast-banner-title-visibility":"","ast-main-header-display":"","ast-hfb-above-header-display":"","ast-hfb-below-header-display":"","ast-hfb-mobile-header-display":"","site-post-title":"disabled","ast-breadcrumbs-content":"","ast-featured-img":"disabled","footer-sml-layout":"","theme-transparent-header-meta":"","adv-header-id-meta":"","stick-header-meta":"","header-above-stick-meta":"","header-main-stick-meta":"","header-below-stick-meta":"","astra-migrate-meta-layouts":"default","ast-page-background-enabled":"default","ast-page-background-meta":{"desktop":{"background-color":"var(--ast-global-color-4)","background-image":"","background-repeat":"repeat","background-position":"center center","background-size":"auto","background-attachment":"scroll","background-type":"","background-media":"","overlay-type":"","overlay-color":"","overlay-opacity":"","overlay-gradient":""},"tablet":{"background-color":"","background-image":"","background-repeat":"repeat","background-position":"center center","background-size":"auto","background-attachment":"scroll","background-type":"","background-media":"","overlay-type":"","overlay-color":"","overlay-opacity":"","overlay-gradient":""},"mobile":{"background-color":"","background-image":"","background-repeat":"repeat","background-position":"center center","background-size":"auto","background-attachment":"scroll","background-type":"","background-media":"","overlay-type":"","overlay-color":"","overlay-opacity":"","overlay-gradient":""}},"ast-content-background-meta":{"desktop":{"background-color":"var(--ast-global-color-5)","background-image":"","background-repeat":"repeat","background-position":"center center","background-size":"auto","background-attachment":"scroll","background-type":"","background-media":"","overlay-type":"","overlay-color":"","overlay-opacity":"","overlay-gradient":""},"tablet":{"background-color":"var(--ast-global-color-5)","background-image":"","background-repeat":"repeat","background-position":"center center","background-size":"auto","background-attachment":"scroll","background-type":"","background-media":"","overlay-type":"","overlay-color":"","overlay-opacity":"","overlay-gradient":""},"mobile":{"background-color":"var(--ast-global-color-5)","background-image":"","background-repeat":"repeat","background-position":"center center","background-size":"auto","background-attachment":"scroll","background-type":"","background-media":"","overlay-type":"","overlay-color":"","overlay-opacity":"","overlay-gradient":""}},"footnotes":""},"class_list":["post-4894","page","type-page","status-publish","hentry"],"_links":{"self":[{"href":"https:\/\/nanodron.de\/ko\/wp-json\/wp\/v2\/pages\/4894","targetHints":{"allow":["GET"]}}],"collection":[{"href":"https:\/\/nanodron.de\/ko\/wp-json\/wp\/v2\/pages"}],"about":[{"href":"https:\/\/nanodron.de\/ko\/wp-json\/wp\/v2\/types\/page"}],"author":[{"embeddable":true,"href":"https:\/\/nanodron.de\/ko\/wp-json\/wp\/v2\/users\/1"}],"replies":[{"embeddable":true,"href":"https:\/\/nanodron.de\/ko\/wp-json\/wp\/v2\/comments?post=4894"}],"version-history":[{"count":10,"href":"https:\/\/nanodron.de\/ko\/wp-json\/wp\/v2\/pages\/4894\/revisions"}],"predecessor-version":[{"id":4979,"href":"https:\/\/nanodron.de\/ko\/wp-json\/wp\/v2\/pages\/4894\/revisions\/4979"}],"wp:attachment":[{"href":"https:\/\/nanodron.de\/ko\/wp-json\/wp\/v2\/media?parent=4894"}],"curies":[{"name":"\uc6cc\ub4dc\ud504\ub808\uc2a4","href":"https:\/\/api.w.org\/{rel}","templated":true}]}}