{"id":86,"date":"2023-11-25T15:16:40","date_gmt":"2023-11-25T14:16:40","guid":{"rendered":"https:\/\/nanodron.de\/?page_id=86"},"modified":"2025-10-31T19:08:17","modified_gmt":"2025-10-31T18:08:17","slug":"affiliate-nutzungsbedingungen","status":"publish","type":"page","link":"https:\/\/nanodron.de\/ja\/affiliate-nutzungsbedingungen\/","title":{"rendered":"\u30a2\u30d5\u30a3\u30ea\u30a8\u30a4\u30c8\u5229\u7528\u898f\u7d04"},"content":{"rendered":"<div data-elementor-type=\"wp-page\" data-elementor-id=\"86\" class=\"elementor elementor-86\" data-elementor-post-type=\"page\">\n\t\t\t\t<div class=\"elementor-element elementor-element-652f01dc e-flex e-con-boxed e-con e-parent\" data-id=\"652f01dc\" data-element_type=\"container\" data-e-type=\"container\">\n\t\t\t\t\t<div class=\"e-con-inner\">\n\t\t\t\t<div class=\"elementor-element elementor-element-32dc57a4 elementor-widget elementor-widget-text-editor\" data-id=\"32dc57a4\" data-element_type=\"widget\" data-e-type=\"widget\" data-widget_type=\"text-editor.default\">\n\t\t\t\t<div class=\"elementor-widget-container\">\n\t\t\t\t\t\t\t\t\t<header class=\"entry-header ast-no-thumbnail ast-header-without-markup\">\n<h3 class=\"entry-title\">\u30a2\u30d5\u30a3\u30ea\u30a8\u30a4\u30c8\u5229\u7528\u898f\u7d04<\/h3>\n<\/header>\n<div class=\"entry-content clear\">\n<div class=\"elementor elementor-86 elementor-edit-area elementor-edit-mode elementor-edit-area-active\" data-elementor-type=\"wp-page\" data-elementor-id=\"86\" data-elementor-title=\"Seite\" data-elementor-post-type=\"page\">\n<div class=\"elementor-section-wrap ui-sortable\">\n<div class=\"elementor-element elementor-element-edit-mode elementor-element-652f01dc e-con e-parent e-flex e-con-boxed e-con--column ui-resizable\" data-id=\"652f01dc\" data-element_type=\"container\" data-model-cid=\"c34\" data-nesting-level=\"0\" data-core-v316-plus=\"true\">\u00a0<\/div>\n<\/div>\n<\/div>\n<\/div>\n<p>Nanodron GmbH \u306e\u8a8d\u5b9a\u95a2\u9023\u4f1a\u793e\u3068\u3057\u3066\u3001\u304a\u5ba2\u69d8\u306f\u3001\u672c\u5951\u7d04 (\u5951\u7d04) \u306b\u542b\u307e\u308c\u308b\u5229\u7528\u898f\u7d04\u306b\u5f93\u3046\u3053\u3068\u306b\u540c\u610f\u3057\u307e\u3059\u3002 Nanodron GmbH \u3092\u30a2\u30d5\u30a3\u30ea\u30a8\u30a4\u30c8\u3068\u3057\u3066\u767b\u9332\u304a\u3088\u3073\u7533\u8acb\u3059\u308b\u524d\u306b\u3001\u5951\u7d04\u5168\u4f53\u3092\u3088\u304f\u304a\u8aad\u307f\u304f\u3060\u3055\u3044\u3002<\/p>\n\n<p>\u304a\u5ba2\u69d8\u306e\u30d7\u30ed\u30b0\u30e9\u30e0\u3078\u306e\u53c2\u52a0\u306f\u3001\u304a\u5ba2\u69d8\u81ea\u8eab\u306e Web \u30b5\u30a4\u30c8\u307e\u305f\u306f\u500b\u4eba\u7684\u306a\u63a8\u5968\u3092\u901a\u3058\u3066 Nanodron GmbH \u306b\u7d39\u4ecb\u3055\u308c\u305f\u4eba\u3005\u304c\u8cfc\u5165\u3057\u305f\u30e1\u30f3\u30d0\u30fc\u30b7\u30c3\u30d7\u304a\u3088\u3073\u88fd\u54c1\u306b\u95a2\u3059\u308b\u624b\u6570\u6599\u3092\u53d7\u3051\u53d6\u308b\u305f\u3081\u306b\u3001\u5f53\u793e\u306e Web \u30b5\u30a4\u30c8\u3092\u5408\u6cd5\u7684\u306b\u5ba3\u4f1d\u3059\u308b\u3053\u3068\u306e\u307f\u3092\u76ee\u7684\u3068\u3057\u3066\u3044\u307e\u3059\u3002<\/p>\n\n<p>Nanodron GmbH \u30a2\u30d5\u30a3\u30ea\u30a8\u30a4\u30c8 \u30d7\u30ed\u30b0\u30e9\u30e0 (\u30d7\u30ed\u30b0\u30e9\u30e0) \u306b\u30b5\u30a4\u30f3\u30a2\u30c3\u30d7\u3059\u308b\u3068\u3001\u672c\u5951\u7d04\u304a\u3088\u3073\u305d\u306e\u5229\u7528\u898f\u7d04\u306b\u540c\u610f\u3057\u305f\u3082\u306e\u3068\u307f\u306a\u3055\u308c\u307e\u3059\u3002<\/p>\n\n<h4 id=\"approval-or-rejection\" class=\"wp-block-heading\">\u7533\u8acb\u306e\u627f\u8a8d\u307e\u305f\u306f\u62d2\u5426<\/h4>\n\n<p>\u5f53\u793e\u306f\u3001\u72ec\u81ea\u304b\u3064\u7d76\u5bfe\u7684\u306a\u88c1\u91cf\u306b\u3088\u308a\u3001\u30a2\u30d5\u30a3\u30ea\u30a8\u30a4\u30c8 \u30d7\u30ed\u30b0\u30e9\u30e0\u306e\u7533\u8acb\u3092\u627f\u8a8d\u307e\u305f\u306f\u62d2\u5426\u3059\u308b\u6a29\u5229\u3092\u7559\u4fdd\u3057\u307e\u3059\u3002\u30a2\u30d5\u30a3\u30ea\u30a8\u30a4\u30c8 \u30d7\u30ed\u30b0\u30e9\u30e0\u306e\u7533\u8acb\u3092\u62d2\u5426\u3057\u305f\u5834\u5408\u3067\u3082\u3001\u5f53\u793e\u306b\u5bfe\u3057\u3066\u8acb\u6c42\u6a29\u306f\u3042\u308a\u307e\u305b\u3093\u3002<\/p>\n\n<h4 id=\"commissions\" class=\"wp-block-heading\">\u624b\u6570\u6599<\/h4>\n\n<p>\u30b3\u30df\u30c3\u30b7\u30e7\u30f3\u306f\u6708\u306b\u4e00\u5ea6\u652f\u6255\u308f\u308c\u307e\u3059\u3002\u30a2\u30d5\u30a3\u30ea\u30a8\u30a4\u30c8\u304c\u30b3\u30df\u30c3\u30b7\u30e7\u30f3\u3092\u53d7\u3051\u53d6\u308b\u306b\u306f\u3001\u7d39\u4ecb\u3055\u308c\u305f\u30a2\u30ab\u30a6\u30f3\u30c8\u304c\u5c11\u306a\u304f\u3068\u3082 31 \u65e5\u9593\u30a2\u30af\u30c6\u30a3\u30d6\u306a\u307e\u307e\u3067\u306a\u3051\u308c\u3070\u306a\u308a\u307e\u305b\u3093\u3002<\/p>\n\n<p>\u81ea\u5206\u81ea\u8eab\u3092\u7d39\u4ecb\u3059\u308b\u3053\u3068\u306f\u3067\u304d\u305a\u3001\u81ea\u5206\u306e\u30a2\u30ab\u30a6\u30f3\u30c8\u3067\u624b\u6570\u6599\u3092\u53d7\u3051\u53d6\u308b\u3053\u3068\u3082\u3067\u304d\u307e\u305b\u3093\u3002<\/p>\n\n<p>\u652f\u6255\u3044\u306f\u6b63\u5e38\u306b\u5b8c\u4e86\u3057\u305f\u53d6\u5f15\u306b\u5bfe\u3057\u3066\u306e\u307f\u9001\u4fe1\u3055\u308c\u307e\u3059\u3002\u30c1\u30e3\u30fc\u30b8\u30d0\u30c3\u30af\u3084\u8fd4\u91d1\u304c\u767a\u751f\u3059\u308b\u53d6\u5f15\u306b\u3064\u3044\u3066\u306f\u3001\u652f\u6255\u3044\u306f\u884c\u308f\u308c\u307e\u305b\u3093\u3002<\/p>\n\n<h4 id=\"termination\" class=\"wp-block-heading\">\u7d42\u4e86<\/h4>\n\n<p>\u30d1\u30fc\u30c8\u30ca\u30fc\u306e\u30a2\u30d7\u30ea\u30b1\u30fc\u30b7\u30e7\u30f3\u304a\u3088\u3073\u30d7\u30ed\u30b0\u30e9\u30e0\u5185\u306e\u30b9\u30c6\u30fc\u30bf\u30b9\u306f\u3001\u6b21\u306e\u3044\u305a\u308c\u304b\u306e\u7406\u7531\u306b\u3088\u308a\u4e00\u6642\u505c\u6b62\u307e\u305f\u306f\u7d42\u4e86\u3055\u308c\u308b\u5834\u5408\u304c\u3042\u308a\u307e\u3059\u3002<\/p>\n\n<ul class=\"wp-block-list\">\n<li>\u4e0d\u9069\u5207\u306a\u5e83\u544a (\u865a\u507d\u306e\u4e3b\u5f35\u3001\u8aa4\u89e3\u3092\u62db\u304f\u30cf\u30a4\u30d1\u30fc\u30ea\u30f3\u30af\u306a\u3069)\u3002<\/li>\n\n<li>\u30b9\u30d1\u30e0\u884c\u70ba (\u4e00\u62ec\u30e1\u30fc\u30eb\u3001\u30cb\u30e5\u30fc\u30b9\u30b0\u30eb\u30fc\u30d7\u3078\u306e\u5927\u91cf\u6295\u7a3f\u306a\u3069)\u3002<\/li>\n\n<li>\u9055\u6cd5\u884c\u70ba\u3092\u542b\u3080\u3001\u307e\u305f\u306f\u9055\u6cd5\u884c\u70ba\u3092\u4fc3\u9032\u3059\u308b Web \u30b5\u30a4\u30c8\u3067\u306e\u5e83\u544a\u3002<\/li>\n\n<li>\u65e2\u5b58\u306e\u9023\u90a6\u53d6\u5f15\u59d4\u54e1\u4f1a\u306e\u65b9\u91dd\u304a\u3088\u3073\u898f\u5236\u3001\u307e\u305f\u306f\u9069\u7528\u3055\u308c\u308b\u5dde\u6cd5\u306b\u5f93\u3063\u3066\u627f\u8a8d\u3055\u308c\u305f\u3082\u306e\u3068\u307f\u306a\u3055\u308c\u308b\u30d7\u30ed\u30e2\u30fc\u30b7\u30e7\u30f3\u306b\u95a2\u3059\u308b\u30a2\u30d5\u30a3\u30ea\u30a8\u30a4\u30c8\u95a2\u4fc2\u3092\u958b\u793a\u3057\u306a\u3044\u5834\u5408\u3002<\/li>\n\n<li>\u77e5\u7684\u8ca1\u7523\u6a29\u306e\u4fb5\u5bb3\u3002 Nanodron GmbH \u306f\u3001\u77e5\u7684\u8ca1\u7523\u6a29\u3092\u4fdd\u8b77\u3059\u308b\u305f\u3081\u306b\u3001Nanodron GmbH \u306e\u5546\u6a19\u3092\u4f7f\u7528\u3059\u308b\u30e6\u30fc\u30b6\u30fc\u306b\u30e9\u30a4\u30bb\u30f3\u30b9\u5951\u7d04\u3092\u8981\u6c42\u3059\u308b\u6a29\u5229\u3092\u7559\u4fdd\u3057\u307e\u3059\u3002<\/li>\n\n<li>\u5272\u5f15\u3001\u30af\u30fc\u30dd\u30f3\u3001\u307e\u305f\u306f\u30a2\u30d5\u30a3\u30ea\u30a8\u30a4\u30c8\u624b\u6570\u6599\u304b\u3089\u306e\u305d\u306e\u4ed6\u306e\u7d04\u675f\u3055\u308c\u305f\u30ea\u30d9\u30fc\u30c8\u3092\u30a4\u30f3\u30bb\u30f3\u30c6\u30a3\u30d6\u3068\u3057\u3066\u63d0\u4f9b\u3059\u308b\u3002\u305f\u3060\u3057\u3001\u30dc\u30fc\u30ca\u30b9\u3092\u8ffd\u52a0\u3057\u305f\u308a\u3001Nanodron GmbH \u306e\u4ed6\u306e\u88fd\u54c1\u3092\u30d0\u30f3\u30c9\u30eb\u3057\u305f\u308a\u3059\u308b\u3053\u3068\u306f\u8a31\u5bb9\u3055\u308c\u307e\u3059\u3002<\/li>\n\n<li>\u81ea\u5df1\u7d39\u4ecb\u3001\u4e0d\u6b63\u53d6\u5f15\u3001\u30a2\u30d5\u30a3\u30ea\u30a8\u30a4\u30c8\u8a50\u6b3a\u306e\u7591\u3044\u3002<\/li>\n<\/ul>\n\n<p>\u3055\u3089\u306b\u3001Nanodron GmbH \u306f\u3001\u672c\u5951\u7d04\u3078\u306e\u9055\u53cd\u307e\u305f\u306f\u7406\u7531\u306e\u5982\u4f55\u3092\u554f\u308f\u305a\u3001\u30a2\u30d5\u30a3\u30ea\u30a8\u30a4\u30c8 \u30a2\u30ab\u30a6\u30f3\u30c8\u3092\u3044\u3064\u3067\u3082\u7d42\u4e86\u3059\u308b\u6a29\u5229\u3092\u7559\u4fdd\u3057\u307e\u3059\u3002<\/p>\n\n<h4 id=\"affiliate-links\" class=\"wp-block-heading\">\u30a2\u30d5\u30a3\u30ea\u30a8\u30a4\u30c8\u30ea\u30f3\u30af<\/h4>\n\n<p>Web \u30b5\u30a4\u30c8\u3068\u96fb\u5b50\u30e1\u30fc\u30eb \u30e1\u30c3\u30bb\u30fc\u30b8\u306e\u4e21\u65b9\u3067\u30b0\u30e9\u30d5\u30a3\u30c3\u30af \u30ea\u30f3\u30af\u3068\u30c6\u30ad\u30b9\u30c8 \u30ea\u30f3\u30af\u3092\u4f7f\u7528\u3067\u304d\u307e\u3059\u3002 Nanodron GmbH \u306e Web \u30b5\u30a4\u30c8\u3092\u30aa\u30f3\u30e9\u30a4\u30f3\u304a\u3088\u3073\u30aa\u30d5\u30e9\u30a4\u30f3\u306e\u5e83\u544a\u3001\u96d1\u8a8c\u3001\u65b0\u805e\u3067\u5ba3\u4f1d\u3059\u308b\u3053\u3068\u3082\u3067\u304d\u307e\u3059\u3002<\/p>\n\n<p>\u304a\u5ba2\u69d8\u306f\u3001\u898f\u7d04\u306b\u5f93\u3063\u3066\u9069\u5207\u3067\u3042\u308b\u3068\u5224\u65ad\u3055\u308c\u3001\u300c\u7d42\u4e86\u300d\u30bb\u30af\u30b7\u30e7\u30f3\u306b\u8a18\u8f09\u3055\u308c\u3066\u3044\u308b\u898f\u5b9a\u306b\u9055\u53cd\u3057\u306a\u3044\u9650\u308a\u3001\u5f53\u793e\u304c\u63d0\u4f9b\u3059\u308b\u30b0\u30e9\u30d5\u30a3\u30c3\u30af\u30b9\u3084\u30c6\u30ad\u30b9\u30c8\u3092\u4f7f\u7528\u3057\u305f\u308a\u3001\u72ec\u81ea\u306b\u4f5c\u6210\u3057\u305f\u308a\u3059\u308b\u3053\u3068\u304c\u3067\u304d\u307e\u3059\u3002<\/p>\n\n<h4 id=\"coupon-and-deal-sites\" class=\"wp-block-heading\">\u30af\u30fc\u30dd\u30f3\u3084\u304a\u5f97\u60c5\u5831\u30b5\u30a4\u30c8<\/h4>\n\n<p>Nanodron GmbH \u306f\u3001\u9078\u629e\u3055\u308c\u305f\u30a2\u30d5\u30a3\u30ea\u30a8\u30a4\u30c8\u304a\u3088\u3073\u30cb\u30e5\u30fc\u30b9\u30ec\u30bf\u30fc\u8cfc\u8aad\u8005\u306b\u30d0\u30a6\u30c1\u30e3\u30fc\u3092\u63d0\u4f9b\u3059\u308b\u3053\u3068\u304c\u3042\u308a\u307e\u3059\u3002\u30d6\u30e9\u30f3\u30c9\u30af\u30fc\u30dd\u30f3\u3092\u4e8b\u524d\u627f\u8a8d\/\u5272\u308a\u5f53\u3066\u3057\u3066\u3044\u306a\u3044\u5834\u5408\u3001\u30af\u30fc\u30dd\u30f3\u3092\u5ba3\u4f1d\u3059\u308b\u3053\u3068\u306f\u3067\u304d\u307e\u305b\u3093\u3002\u4ee5\u4e0b\u306f\u3001\u53d6\u5f15\u307e\u305f\u306f\u30af\u30fc\u30dd\u30f3\u306b\u95a2\u9023\u3057\u3066\u5f53\u793e\u88fd\u54c1\u306e\u5ba3\u4f1d\u3092\u691c\u8a0e\u3057\u3066\u3044\u308b\u30a2\u30d5\u30a3\u30ea\u30a8\u30a4\u30c8\u306b\u9069\u7528\u3055\u308c\u308b\u5229\u7528\u898f\u7d04\u3067\u3059\u3002<\/p>\n\n<ul class=\"wp-block-list\">\n<li>\u30a2\u30d5\u30a3\u30ea\u30a8\u30a4\u30c8\u306f\u3001\u30a2\u30d5\u30a3\u30ea\u30a8\u30a4\u30c8 \u30ea\u30f3\u30af\u3001\u30dc\u30bf\u30f3\u3001\u307e\u305f\u306f\u753b\u50cf\u4e0a\u3067\u3001\u73fe\u5728\u8a31\u53ef\u3055\u308c\u3066\u3044\u308b\u30d3\u30b8\u30cd\u30b9\u4ee5\u5916\u306e\u3082\u306e\u304c\u5f53\u8a72\u30a2\u30d5\u30a3\u30ea\u30a8\u30a4\u30c8\u3068\u30d3\u30b8\u30cd\u30b9\u3092\u884c\u3063\u3066\u3044\u308b\u3053\u3068\u3092\u793a\u5506\u3059\u308b\u8aa4\u89e3\u3092\u62db\u304f\u30c6\u30ad\u30b9\u30c8\u3092\u4f7f\u7528\u3057\u3066\u306f\u306a\u308a\u307e\u305b\u3093\u3002<\/li>\n\n<li>\u30a2\u30d5\u30a3\u30ea\u30a8\u30a4\u30c8\u306f\u3001Nanodron GmbH \u30af\u30fc\u30dd\u30f3\u3001Nanodron GmbH \u5272\u5f15\u3001\u307e\u305f\u306f\u30af\u30fc\u30dd\u30f3\u304c\u5229\u7528\u53ef\u80fd\u3067\u3042\u308b\u3053\u3068\u3092\u793a\u3059\u305d\u306e\u4ed6\u306e\u30d5\u30ec\u30fc\u30ba\u306b\u5165\u672d\u3059\u308b\u3053\u3068\u306f\u3067\u304d\u307e\u305b\u3093\u3002<\/li>\n\n<li>\u30a2\u30d5\u30a3\u30ea\u30a8\u30a4\u30c8\u306f\u3001\u30e6\u30fc\u30b6\u30fc\u304c\u660e\u78ba\u306b\u30de\u30fc\u30af\u3055\u308c\u305f\u30ea\u30f3\u30af\u3001\u30dc\u30bf\u30f3\u3001\u307e\u305f\u306f\u30ea\u30f3\u30af\u3092\u30af\u30ea\u30c3\u30af\u3057\u3066\u7279\u5b9a\u306e\u7bc0\u7d04\u3092\u6709\u52b9\u306b\u3059\u308b\u3053\u3068\u306b\u660e\u78ba\u304b\u3064\u660e\u793a\u7684\u306a\u95a2\u5fc3\u3092\u8868\u660e\u3057\u3066\u3044\u306a\u3044\u9650\u308a\u3001\u30a2\u30d5\u30a3\u30ea\u30a8\u30a4\u30c8 Cookie \u3092\u8a2d\u5b9a\u3059\u308b\u30dd\u30c3\u30d7\u30a2\u30c3\u30d7\u3001\u30dd\u30c3\u30d7\u30a2\u30f3\u30c0\u30fc\u3001iframe\u3001\u30d5\u30ec\u30fc\u30e0\u3001\u307e\u305f\u306f\u305d\u306e\u4ed6\u306e\u76ee\u306b\u898b\u3048\u308b\u30a2\u30af\u30b7\u30e7\u30f3\u307e\u305f\u306f\u76ee\u306b\u898b\u3048\u306a\u3044\u30a2\u30af\u30b7\u30e7\u30f3\u3092\u751f\u6210\u3057\u3066\u306f\u306a\u308a\u307e\u305b\u3093\u3002\u7279\u5b9a\u306e\u30af\u30fc\u30dd\u30f3\u307e\u305f\u306f\u53d6\u5f15\u306e\u753b\u50cf\u3002\u30ea\u30f3\u30af\u306f\u8a2a\u554f\u8005\u3092\u8ca9\u58f2\u8005\u30b5\u30a4\u30c8\u306b\u8a98\u5c0e\u3059\u308b\u5fc5\u8981\u304c\u3042\u308a\u307e\u3059\u3002<\/li>\n\n<li>\u30e6\u30fc\u30b6\u30fc\u306f\u3001\u30a2\u30d5\u30a3\u30ea\u30a8\u30a4\u30c8 Cookie \u304c\u8a2d\u5b9a\u3055\u308c\u308b\u524d\u306b\u3001\u30af\u30fc\u30dd\u30f3\/\u53d6\u5f15\/\u5272\u5f15\u60c5\u5831\u3068\u8a73\u7d30\u3092\u8868\u793a\u3067\u304d\u308b\u5fc5\u8981\u304c\u3042\u308a\u307e\u3059 (\u3064\u307e\u308a\u3001\u300c\u3053\u3053\u3092\u30af\u30ea\u30c3\u30af\u3057\u3066\u30af\u30fc\u30dd\u30f3\u3092\u8868\u793a\u3057\u3001\u8ca9\u58f2\u8005\u306e Web \u30b5\u30a4\u30c8\u3078\u306e\u30a6\u30a3\u30f3\u30c9\u30a6\u3092\u958b\u304f\u300d\u306f\u8a31\u53ef\u3055\u308c\u307e\u305b\u3093)\u3002<\/li>\n\n<li>\u30a2\u30d5\u30a3\u30ea\u30a8\u30a4\u30c8 Web \u30b5\u30a4\u30c8\u306b\u306f\u3001\u5229\u7528\u53ef\u80fd\u306a\u30af\u30fc\u30dd\u30f3\u3084\u53d6\u5f15\u304c\u306a\u304f\u3001\u30af\u30ea\u30c3\u30af\u3059\u308b\u3068\u8ca9\u58f2\u8005\u306e Web \u30b5\u30a4\u30c8\u304c\u958b\u304f\u304b Cookie \u304c\u8a2d\u5b9a\u3055\u308c\u308b\u5834\u5408\u3001\u300c\u30af\u30ea\u30c3\u30af\u3057\u3066\u53d6\u5f15\/\u30af\u30fc\u30dd\u30f3\u3092\u8868\u793a\u3059\u308b (\u307e\u305f\u306f\u8868\u793a\u3059\u308b)\u300d\u307e\u305f\u306f\u305d\u306e\u30d0\u30ea\u30a8\u30fc\u30b7\u30e7\u30f3\u304c\u5b58\u5728\u3057\u306a\u3044\u5834\u5408\u304c\u3042\u308a\u307e\u3059\u3002\u8ca9\u58f2\u8005\u306e\u30e9\u30f3\u30c7\u30a3\u30f3\u30b0 \u30da\u30fc\u30b8\u306b\u305d\u306e\u3088\u3046\u306a\u30c6\u30ad\u30b9\u30c8\u304c\u542b\u307e\u308c\u308b\u30a2\u30d5\u30a3\u30ea\u30a8\u30a4\u30c8\u306f\u3001\u30d7\u30ed\u30b0\u30e9\u30e0\u304b\u3089\u76f4\u3061\u306b\u524a\u9664\u3055\u308c\u307e\u3059\u3002<\/li>\n<\/ul>\n\n<h4 id=\"ppc-policy\" class=\"wp-block-heading\">\u30af\u30ea\u30c3\u30af\u3054\u3068\u306e\u652f\u6255\u3044 (PPC) \u30dd\u30ea\u30b7\u30fc<\/h4>\n\n<p>\u4e8b\u524d\u306e\u66f8\u9762\u306b\u3088\u308b\u627f\u8a8d\u304c\u306a\u3044\u9650\u308a\u3001PPC \u5165\u672d\u306f\u8a31\u53ef\u3055\u308c\u307e\u305b\u3093\u3002<\/p>\n\n<h4 id=\"liability\" class=\"wp-block-heading\">\u8cac\u4efb<\/h4>\n\n<p>Nanodron GmbH \u306f\u3001\u30a2\u30d5\u30a3\u30ea\u30a8\u30a4\u30c8\u8ffd\u8de1\u30a8\u30e9\u30fc\u3001\u30c7\u30fc\u30bf\u30d9\u30fc\u30b9 \u30d5\u30a1\u30a4\u30eb\u306e\u640d\u5931\u3001\u307e\u305f\u306f\u30d7\u30ed\u30b0\u30e9\u30e0\u3084\u5f53\u793e Web \u30b5\u30a4\u30c8\u3078\u306e\u640d\u5bb3\u306e\u7d50\u679c\u306b\u3088\u308b\u9593\u63a5\u7684\u307e\u305f\u306f\u4ed8\u968f\u7684\u640d\u5bb3 (\u58f2\u4e0a\u3001\u624b\u6570\u6599\u306e\u640d\u5931) \u306b\u5bfe\u3057\u3066\u8cac\u4efb\u3092\u8ca0\u3044\u307e\u305b\u3093\u3002<\/p>\n\n<p>\u5f53\u793e\u306f\u3001Nanodron GmbH \u304c\u8ca9\u58f2\u3059\u308b\u30d7\u30ed\u30b0\u30e9\u30e0\u304a\u3088\u3073\/\u307e\u305f\u306f\u30e1\u30f3\u30d0\u30fc\u30b7\u30c3\u30d7\u307e\u305f\u306f\u88fd\u54c1\u306b\u95a2\u3057\u3066\u3001\u660e\u793a\u7684\u307e\u305f\u306f\u9ed9\u793a\u7684\u4fdd\u8a3c\u3092\u884c\u3044\u307e\u305b\u3093\u3002\u5f53\u793e\u306f\u3001\u30d7\u30ed\u30b0\u30e9\u30e0\u304a\u3088\u3073\/\u307e\u305f\u306f\u5f53\u793e\u306e Web \u30b5\u30a4\u30c8\u306e\u904b\u7528\u306b\u30a8\u30e9\u30fc\u304c\u306a\u3044\u3068\u306f\u4e3b\u5f35\u305b\u305a\u3001\u4e2d\u65ad\u307e\u305f\u306f\u30a8\u30e9\u30fc\u306b\u3064\u3044\u3066\u306f\u8cac\u4efb\u3092\u8ca0\u3044\u307e\u305b\u3093\u3002<\/p>\n\n<h4 id=\"term-of-agreement\" class=\"wp-block-heading\">\u5951\u7d04\u671f\u9593<\/h4>\n\n<p>\u672c\u5951\u7d04\u306e\u671f\u9593\u306f\u3001\u304a\u5ba2\u69d8\u304c\u30d7\u30ed\u30b0\u30e9\u30e0\u306b\u540c\u610f\u3057\u305f\u6642\u70b9\u3067\u958b\u59cb\u3055\u308c\u3001\u30a2\u30d5\u30a3\u30ea\u30a8\u30a4\u30c8 \u30a2\u30ab\u30a6\u30f3\u30c8\u304c\u7d42\u4e86\u3057\u305f\u6642\u70b9\u3067\u7d42\u4e86\u3057\u307e\u3059\u3002<\/p>\n\n<p>\u672c\u5951\u7d04\u306e\u6761\u4ef6\u306f\u3001\u5f53\u793e\u306b\u3088\u308a\u3044\u3064\u3067\u3082\u5909\u66f4\u3055\u308c\u308b\u5834\u5408\u304c\u3042\u308a\u307e\u3059\u3002\u672c\u5951\u7d04\u306e\u6761\u4ef6\u306e\u5909\u66f4\u304c\u304a\u5ba2\u69d8\u306b\u3068\u3063\u3066\u53d7\u3051\u5165\u308c\u3089\u308c\u306a\u3044\u5834\u5408\u3001\u304a\u5ba2\u69d8\u306e\u552f\u4e00\u306e\u9078\u629e\u306f\u30a2\u30d5\u30a3\u30ea\u30a8\u30a4\u30c8 \u30a2\u30ab\u30a6\u30f3\u30c8\u3092\u7d42\u4e86\u3059\u308b\u3053\u3068\u3067\u3059\u3002\u30d7\u30ed\u30b0\u30e9\u30e0\u3078\u306e\u7d99\u7d9a\u7684\u306a\u53c2\u52a0\u306f\u3001\u3042\u3089\u3086\u308b\u5909\u66f4\u3092\u53d7\u3051\u5165\u308c\u305f\u3082\u306e\u3068\u307f\u306a\u3055\u308c\u307e\u3059\u3002<\/p>\n\n<h4 id=\"indemnification\" class=\"wp-block-heading\">\u691c\u8a3c\u30b3\u30fc\u30c9<\/h4>\n\n<p>\u30a2\u30d5\u30a3\u30ea\u30a8\u30a4\u30c8\u306f\u3001Nanodron GmbH \u304a\u3088\u3073\u305d\u306e\u95a2\u9023\u4f1a\u793e\u3001\u5f79\u54e1\u3001\u53d6\u7de0\u5f79\u3001\u5f93\u696d\u54e1\u3001\u30e9\u30a4\u30bb\u30f3\u30b7\u30fc\u3001\u5f8c\u7d99\u8005\u304a\u3088\u3073\u8b72\u53d7\u4eba (Nanodron GmbH \u306b\u3088\u3063\u3066\u30e9\u30a4\u30bb\u30f3\u30b9\u307e\u305f\u306f\u7d20\u6750\u306e\u9001\u4fe1\u304a\u3088\u3073\u914d\u5e03\u3092\u8a31\u53ef\u3055\u308c\u305f\u8005\u3092\u542b\u3080) \u306b\u5bfe\u3057\u3066\u3001\u3059\u3079\u3066\u306e\u8cac\u4efb\u3001\u640d\u5bb3\u3001\u7f70\u5247\u3001\u5224\u6c7a\u3001\u8acb\u6c42\u3001\u8cbb\u7528\u3001\u640d\u5931\u304a\u3088\u3073\u8cac\u4efb\u3092\u514d\u9664\u3057\u307e\u3059\u3002\u672c\u5951\u7d04\u306b\u95a2\u9023\u3059\u308b\u904e\u5931\u304b\u3089\u751f\u3058\u308b\u8acb\u6c42\u306b\u8d77\u56e0\u307e\u305f\u306f\u95a2\u9023\u3057\u3066\u751f\u3058\u308b\u8cbb\u7528 (\u5408\u7406\u7684\u306a\u5f01\u8b77\u58eb\u8cbb\u7528\u304a\u3088\u3073\u30b3\u30b9\u30c8\u3092\u542b\u3080)\u3002\u30a2\u30d5\u30a3\u30ea\u30a8\u30a4\u30c8\u306b\u3088\u308b\u865a\u507d\u8868\u793a\u3001\u958b\u793a\u4e0d\u5c65\u884c\u3001\u307e\u305f\u306f\u610f\u56f3\u7684\u306a\u4e0d\u6b63\u884c\u70ba\u3002<\/p>\n\n<h4 id=\"electronic-signatures-effective\" class=\"wp-block-heading\">\u96fb\u5b50\u7f72\u540d\u304c\u6709\u52b9<\/h4>\n\n<p>\u672c\u5951\u7d04\u306f\u3001Nanodron GmbH \u30d1\u30fc\u30c8\u30ca\u30fc \u30d7\u30ed\u30b0\u30e9\u30e0\u3078\u306e\u53c2\u52a0\u306b\u95a2\u3059\u308b\u6cd5\u7684\u62d8\u675f\u529b\u306e\u3042\u308b\u5951\u7d04\u6761\u4ef6\u3092\u5b9a\u3081\u308b\u96fb\u5b50\u5951\u7d04\u3067\u3059\u3002 Nanodron GmbH \u306e\u7533\u8acb\u30d7\u30ed\u30bb\u30b9\u3092\u5b8c\u4e86\u3059\u308b\u3053\u3068\u306b\u3088\u308a\u3001\u304a\u5ba2\u69d8\u306f\u672c\u5951\u7d04\u304a\u3088\u3073\u672c\u5951\u7d04\u306b\u542b\u307e\u308c\u308b\u307e\u305f\u306f\u53c2\u7167\u3055\u308c\u308b\u3059\u3079\u3066\u306e\u5951\u7d04\u6761\u4ef6\u306b\u540c\u610f\u3059\u308b\u3082\u306e\u3068\u3057\u307e\u3059\u3002\u3053\u306e\u63aa\u7f6e\u306b\u3088\u308a\u3001\u624b\u66f8\u304d\u306e\u7f72\u540d\u3068\u540c\u3058\u6cd5\u7684\u52b9\u529b\u3068\u52b9\u679c\u3092\u6301\u3064\u96fb\u5b50\u7f72\u540d\u304c\u4f5c\u6210\u3055\u308c\u307e\u3059\u3002<\/p>\n\t\t\t\t\t\t\t\t<\/div>\n\t\t\t\t<\/div>\n\t\t\t\t\t<\/div>\n\t\t\t\t<\/div>\n\t\t\t\t<\/div>","protected":false},"excerpt":{"rendered":"<p>Affiliate-Nutzungsbedingungen \u00a0 Als autorisierter Affiliate (Affiliate) von Nanodron GmbH erkl\u00e4ren Sie sich damit einverstanden, die in dieser Vereinbarung (Vereinbarung) enthaltenen Bedingungen einzuhalten. Bitte lesen Sie die gesamte Vereinbarung sorgf\u00e4ltig durch, bevor Sie sich registrieren und Nanodron GmbH als Affiliate bewerben. Ihre Teilnahme am Programm dient ausschlie\u00dflich dazu, unsere Website legal zu bewerben, um eine Provision f\u00fcr Mitgliedschaften und Produkte zu erhalten, die von Personen gekauft wurden, auf die Nanodron GmbH durch Ihre eigene Website oder pers\u00f6nliche Empfehlungen verwiesen wird. Indem Sie sich f\u00fcr das Nanodron GmbH Affiliate-Programm (Programm) anmelden, erkl\u00e4ren Sie sich mit dieser Vereinbarung und ihren Bedingungen einverstanden. Genehmigung oder Ablehnung des Antrags Wir behalten uns das Recht vor, [&hellip;]<\/p>\n","protected":false},"author":1,"featured_media":0,"parent":0,"menu_order":999,"comment_status":"closed","ping_status":"closed","template":"","meta":{"site-sidebar-layout":"default","site-content-layout":"","ast-site-content-layout":"default","site-content-style":"default","site-sidebar-style":"default","ast-global-header-display":"","ast-banner-title-visibility":"","ast-main-header-display":"","ast-hfb-above-header-display":"","ast-hfb-below-header-display":"","ast-hfb-mobile-header-display":"","site-post-title":"disabled","ast-breadcrumbs-content":"","ast-featured-img":"","footer-sml-layout":"","theme-transparent-header-meta":"","adv-header-id-meta":"","stick-header-meta":"","header-above-stick-meta":"","header-main-stick-meta":"","header-below-stick-meta":"","astra-migrate-meta-layouts":"","ast-page-background-enabled":"default","ast-page-background-meta":{"desktop":{"background-color":"var(--ast-global-color-4)","background-image":"","background-repeat":"repeat","background-position":"center center","background-size":"auto","background-attachment":"scroll","background-type":"","background-media":"","overlay-type":"","overlay-color":"","overlay-opacity":"","overlay-gradient":""},"tablet":{"background-color":"","background-image":"","background-repeat":"repeat","background-position":"center center","background-size":"auto","background-attachment":"scroll","background-type":"","background-media":"","overlay-type":"","overlay-color":"","overlay-opacity":"","overlay-gradient":""},"mobile":{"background-color":"","background-image":"","background-repeat":"repeat","background-position":"center center","background-size":"auto","background-attachment":"scroll","background-type":"","background-media":"","overlay-type":"","overlay-color":"","overlay-opacity":"","overlay-gradient":""}},"ast-content-background-meta":{"desktop":{"background-color":"var(--ast-global-color-5)","background-image":"","background-repeat":"repeat","background-position":"center center","background-size":"auto","background-attachment":"scroll","background-type":"","background-media":"","overlay-type":"","overlay-color":"","overlay-opacity":"","overlay-gradient":""},"tablet":{"background-color":"var(--ast-global-color-5)","background-image":"","background-repeat":"repeat","background-position":"center center","background-size":"auto","background-attachment":"scroll","background-type":"","background-media":"","overlay-type":"","overlay-color":"","overlay-opacity":"","overlay-gradient":""},"mobile":{"background-color":"var(--ast-global-color-5)","background-image":"","background-repeat":"repeat","background-position":"center center","background-size":"auto","background-attachment":"scroll","background-type":"","background-media":"","overlay-type":"","overlay-color":"","overlay-opacity":"","overlay-gradient":""}},"footnotes":""},"class_list":["post-86","page","type-page","status-publish","hentry"],"_links":{"self":[{"href":"https:\/\/nanodron.de\/ja\/wp-json\/wp\/v2\/pages\/86","targetHints":{"allow":["GET"]}}],"collection":[{"href":"https:\/\/nanodron.de\/ja\/wp-json\/wp\/v2\/pages"}],"about":[{"href":"https:\/\/nanodron.de\/ja\/wp-json\/wp\/v2\/types\/page"}],"author":[{"embeddable":true,"href":"https:\/\/nanodron.de\/ja\/wp-json\/wp\/v2\/users\/1"}],"replies":[{"embeddable":true,"href":"https:\/\/nanodron.de\/ja\/wp-json\/wp\/v2\/comments?post=86"}],"version-history":[{"count":10,"href":"https:\/\/nanodron.de\/ja\/wp-json\/wp\/v2\/pages\/86\/revisions"}],"predecessor-version":[{"id":511,"href":"https:\/\/nanodron.de\/ja\/wp-json\/wp\/v2\/pages\/86\/revisions\/511"}],"wp:attachment":[{"href":"https:\/\/nanodron.de\/ja\/wp-json\/wp\/v2\/media?parent=86"}],"curies":[{"name":"wp","href":"https:\/\/api.w.org\/{rel}","templated":true}]}}