{"id":64,"date":"2023-12-13T15:08:30","date_gmt":"2023-12-13T14:08:30","guid":{"rendered":"https:\/\/nanodron.de\/?page_id=64"},"modified":"2025-10-22T20:21:25","modified_gmt":"2025-10-22T18:21:25","slug":"impressum","status":"publish","type":"page","link":"https:\/\/nanodron.de\/ja\/impressum\/","title":{"rendered":"\u523b\u5370"},"content":{"rendered":"<h3>\u523b\u5370<\/h3>\n<p><strong>\u30c7\u30b8\u30bf\u30eb\u30b5\u30fc\u30d3\u30b9\u6cd5\uff08DDG\uff09\u7b2c5\u6761\u306b\u57fa\u3065\u304f\u60c5\u5831<\/strong><br \/>\n\u30ca\u30ce\u30c9\u30ed\u30f3\u793e<br \/>\n\u30a2\u30a4\u30bc\u30f3\u30d0\u30fc\u30f3\u901a\u308a25<br \/>\n75179 \u30d7\u30d5\u30a9\u30eb\u30c4\u30cf\u30a4\u30e0<\/p>\n<p>\u5546\u696d\u767b\u8a18: HRB 740501<br \/>\n\u767b\u9332\u88c1\u5224\u6240: \u30de\u30f3\u30cf\u30a4\u30e0\u5730\u65b9\u88c1\u5224\u6240<\/p>\n<p><strong>\u4ee3\u8868\u8005:<\/strong><br \/>\n\u30f4\u30a1\u30eb\u30c7\u30de\u30fc\u30eb\u30fb\u30d9\u30c3\u30af\uff08\u30de\u30cd\u30fc\u30b8\u30f3\u30b0\u30c7\u30a3\u30ec\u30af\u30bf\u30fc\uff09<\/p>\n<p><strong>\u63a5\u89e6\uff1a<\/strong><br \/>\n\u96fb\u8a71: +49 (0) 72 31 \u2013 781 07 80<br \/>\n\u30d5\u30a1\u30c3\u30af\u30b9: +49 (0) 72 31 \u2013 781 07 89<br \/>\n\u96fb\u5b50\u30e1\u30fc\u30eb: info@nanodron.de<\/p>\n<p><strong>VAT ID<\/strong><br \/>\n\u58f2\u4e0a\u7a0e\u6cd5\u7b2c 27a \u6761\u306b\u57fa\u3065\u304f\u58f2\u4e0a\u7a0e\u8b58\u5225\u756a\u53f7:<br \/>\nDE343850333<\/p>\n<p><strong>\u00a718\u7b2c2\u9805\u306b\u5f93\u3063\u3066\u30b3\u30f3\u30c6\u30f3\u30c4\u306b\u8cac\u4efb\u3092\u6301\u3064<\/strong> <strong>\u30e1\u30c7\u30a3\u30a2\u306b\u95a2\u3059\u308b\u56fd\u5bb6\u6761\u7d04\uff08MStV\uff09\uff1a<\/strong><br data-start=\"1081\" data-end=\"1084\" \/>\u30f4\u30a1\u30eb\u30c7\u30de\u30fc\u30eb\u30fb\u30d9\u30c3\u30af\uff08\u30de\u30cd\u30fc\u30b8\u30f3\u30b0\u30c7\u30a3\u30ec\u30af\u30bf\u30fc\uff09<br data-start=\"1104\" data-end=\"1107\" \/>\u30a2\u30a4\u30bc\u30f3\u30d0\u30fc\u30f3\u901a\u308a25<br \/>\n75179 \u30d7\u30d5\u30a9\u30eb\u30c4\u30cf\u30a4\u30e0<\/p>\n<p>\u5f53\u793e\u306f\u3001\u6d88\u8cbb\u8005\u4ef2\u88c1\u59d4\u54e1\u4f1a\u306b\u304a\u3051\u308b\u7d1b\u4e89\u89e3\u6c7a\u624b\u7d9a\u304d\u306b\u53c2\u52a0\u3059\u308b\u7fa9\u52d9\u306f\u306a\u304f\u3001\u307e\u305f\u53c2\u52a0\u3059\u308b\u610f\u601d\u3082\u3042\u308a\u307e\u305b\u3093\u3002<\/p>\n<h3>\u514d\u8cac\u4e8b\u9805<\/h3>\n<p data-start=\"489\" data-end=\"516\"><strong data-start=\"493\" data-end=\"516\">\u30b3\u30f3\u30c6\u30f3\u30c4\u306b\u5bfe\u3059\u308b\u8cac\u4efb<br \/>\n<\/strong>\u5f53\u30a6\u30a7\u30d6\u30b5\u30a4\u30c8\u306e\u30b3\u30f3\u30c6\u30f3\u30c4\u306f\u7d30\u5fc3\u306e\u6ce8\u610f\u3092\u6255\u3063\u3066\u4f5c\u6210\u3055\u308c\u3066\u3044\u307e\u3059\u3002\u305f\u3060\u3057\u3001\u305d\u306e\u6b63\u78ba\u6027\u3001\u5b8c\u5168\u6027\u3001\u9069\u6642\u6027\u306b\u3064\u3044\u3066\u306f\u4e00\u5207\u8cac\u4efb\u3092\u8ca0\u3044\u307e\u305b\u3093\u3002\u30b3\u30f3\u30c6\u30f3\u30c4\u306e\u3054\u5229\u7528\u306f\u81ea\u5df1\u8cac\u4efb\u3067\u304a\u9858\u3044\u3044\u305f\u3057\u307e\u3059\u3002\u5f53\u793e\u306f\u3001\u63d0\u4f9b\u3055\u308c\u308b\u60c5\u5831\u3092\u3044\u3064\u3067\u3082\u5909\u66f4\u307e\u305f\u306f\u8ffd\u52a0\u3059\u308b\u6a29\u5229\u3092\u7559\u4fdd\u3057\u307e\u3059\u3002<\/p>\n<p data-start=\"518\" data-end=\"846\"><strong data-start=\"895\" data-end=\"911\">\u8457\u4f5c\u6a29<\/strong><br data-start=\"911\" data-end=\"914\" \/>\u672c\u30a6\u30a7\u30d6\u30b5\u30a4\u30c8\u306b\u63b2\u8f09\u3055\u308c\u3066\u3044\u308b\u30b3\u30f3\u30c6\u30f3\u30c4\u304a\u3088\u3073\u4f5c\u54c1\u306f\u3001\u30c9\u30a4\u30c4\u306e\u8457\u4f5c\u6a29\u6cd5\u306e\u5bfe\u8c61\u3068\u306a\u308a\u307e\u3059\u3002\u60c5\u5831\u306e\u8907\u88fd\u3001\u52a0\u5de5\u3001\u914d\u5e03\u3001\u305d\u306e\u4ed6\u306e\u5229\u7528\u3001\u7279\u306b\u30c6\u30ad\u30b9\u30c8\u3001\u30c6\u30ad\u30b9\u30c8\u306e\u629c\u7c8b\u3001\u753b\u50cf\u3001\u305d\u306e\u4ed6\u306e\u30b3\u30f3\u30c6\u30f3\u30c4\u306e\u5229\u7528\u306b\u306f\u3001\u305d\u308c\u305e\u308c\u306e\u8457\u8005\u307e\u305f\u306f\u6a29\u5229\u8005\u306e\u66f8\u9762\u306b\u3088\u308b\u4e8b\u524d\u306e\u540c\u610f\u304c\u5fc5\u8981\u3067\u3059\u3002\u7b2c\u4e09\u8005\u306b\u3088\u308b\u5bc4\u7a3f\u306b\u306f\u3001\u305d\u306e\u65e8\u304c\u660e\u8a18\u3055\u308c\u3066\u3044\u307e\u3059\u3002<\/p>\n<p data-start=\"848\" data-end=\"902\"><strong data-start=\"852\" data-end=\"902\">\u5916\u90e8\u30ea\u30f3\u30af\uff08\u30bd\u30fc\u30b7\u30e3\u30eb\u30e1\u30c7\u30a3\u30a2\u3092\u542b\u3080\uff09\u306b\u95a2\u3059\u308b\u8cac\u4efb<br \/>\n<\/strong>\u5f53\u793e\u306e\u30a6\u30a7\u30d6\u30b5\u30a4\u30c8\u306b\u306f\u3001\u7b2c\u4e09\u8005\u306e\u5916\u90e8\u30a6\u30a7\u30d6\u30b5\u30a4\u30c8\u304a\u3088\u3073\u30bd\u30fc\u30b7\u30e3\u30eb\u30e1\u30c7\u30a3\u30a2\u30d7\u30e9\u30c3\u30c8\u30d5\u30a9\u30fc\u30e0\uff08Instagram\u3001Facebook\u3001YouTube\u306a\u3069\uff09\u3078\u306e\u30ea\u30f3\u30af\u304c\u542b\u307e\u308c\u3066\u3044\u307e\u3059\u304c\u3001\u3053\u308c\u3089\u306e\u30b3\u30f3\u30c6\u30f3\u30c4\u306b\u3064\u3044\u3066\u306f\u5f53\u793e\u306f\u4e00\u5207\u95a2\u4e0e\u3057\u3066\u304a\u308a\u307e\u305b\u3093\u3002\u3057\u305f\u304c\u3063\u3066\u3001\u5f53\u793e\u306f\u3053\u308c\u3089\u306e\u5916\u90e8\u30b3\u30f3\u30c6\u30f3\u30c4\u306b\u3064\u3044\u3066\u4e00\u5207\u306e\u8cac\u4efb\u3092\u8ca0\u3044\u307e\u305b\u3093\u3002\u30ea\u30f3\u30af\u5148\u306e\u30b3\u30f3\u30c6\u30f3\u30c4\u306b\u3064\u3044\u3066\u306f\u3001\u5e38\u306b\u305d\u308c\u305e\u308c\u306e\u30d7\u30ed\u30d0\u30a4\u30c0\u30fc\u307e\u305f\u306f\u904b\u55b6\u8005\u304c\u8cac\u4efb\u3092\u8ca0\u3044\u307e\u3059\u3002\u30ea\u30f3\u30af\u8a2d\u7f6e\u6642\u70b9\u3067\u306f\u3001\u9055\u6cd5\u30b3\u30f3\u30c6\u30f3\u30c4\u306f\u78ba\u8a8d\u3055\u308c\u3066\u3044\u307e\u305b\u3093\u3067\u3057\u305f\u3002\u305f\u3060\u3057\u3001\u5177\u4f53\u7684\u306a\u6cd5\u7684\u9055\u53cd\u306e\u8a3c\u62e0\u304c\u306a\u3044\u9650\u308a\u3001\u30ea\u30f3\u30af\u5148\u306e\u30b3\u30f3\u30c6\u30f3\u30c4\u3092\u5e38\u6642\u76e3\u8996\u3059\u308b\u3053\u3068\u306f\u4e0d\u5408\u7406\u3067\u3059\u3002\u6cd5\u7684\u9055\u53cd\u304c\u5224\u660e\u3057\u305f\u5834\u5408\u3001\u5f53\u8a72\u30ea\u30f3\u30af\u306f\u76f4\u3061\u306b\u524a\u9664\u3055\u308c\u307e\u3059\u3002<\/p>","protected":false},"excerpt":{"rendered":"<p>Impressum Angaben gem\u00e4\u00df \u00a7 5 Digitale-Dienste-Gesetz (DDG) NANODRON GmbH Eisenbahnstr. 25 75179 Pforzheim Handelsregister: HRB 740501 Registergericht: Amtsgericht Mannheim Vertreten durch: Waldemar Beck (Gesch\u00e4ftsf\u00fchrer) Kontakt: Telefon: +49 (0) 72 31 \u2013 781 07 80 Telefax: +49 (0) 72 31 \u2013 781 07 89 E-Mail: info@nanodron.de Umsatzsteuer-ID Umsatzsteuer-Identifikationsnummer gem\u00e4\u00df \u00a7 27 a Umsatzsteuergesetz: DE343850333 Verantwortlich f\u00fcr den Inhalt gem\u00e4\u00df \u00a7 18 Abs. 2 Medienstaatsvertrag (MStV):Waldemar Beck (Gesch\u00e4ftsf\u00fchrer)Eisenbahnstr. 25 75179 Pforzheim Wir sind zur Teilnahme an einem Streitbeilegungsverfahren vor einer Verbraucherschlichtungsstelle weder verpflichtet noch bereit. Haftungsausschuss (Disclaimer) Haftung f\u00fcr Inhalte Die Inhalte dieser Website wurden mit gr\u00f6\u00dfter Sorgfalt erstellt. F\u00fcr die Richtigkeit, Vollst\u00e4ndigkeit und Aktualit\u00e4t der Inhalte \u00fcbernehmen wir jedoch keine Gew\u00e4hr. [&hellip;]<\/p>\n","protected":false},"author":1,"featured_media":0,"parent":0,"menu_order":99,"comment_status":"closed","ping_status":"closed","template":"","meta":{"site-sidebar-layout":"default","site-content-layout":"","ast-site-content-layout":"","site-content-style":"default","site-sidebar-style":"default","ast-global-header-display":"","ast-banner-title-visibility":"","ast-main-header-display":"","ast-hfb-above-header-display":"","ast-hfb-below-header-display":"","ast-hfb-mobile-header-display":"","site-post-title":"disabled","ast-breadcrumbs-content":"","ast-featured-img":"","footer-sml-layout":"","theme-transparent-header-meta":"","adv-header-id-meta":"","stick-header-meta":"","header-above-stick-meta":"","header-main-stick-meta":"","header-below-stick-meta":"","astra-migrate-meta-layouts":"","ast-page-background-enabled":"default","ast-page-background-meta":{"desktop":{"background-color":"var(--ast-global-color-4)","background-image":"","background-repeat":"repeat","background-position":"center center","background-size":"auto","background-attachment":"scroll","background-type":"","background-media":"","overlay-type":"","overlay-color":"","overlay-opacity":"","overlay-gradient":""},"tablet":{"background-color":"","background-image":"","background-repeat":"repeat","background-position":"center center","background-size":"auto","background-attachment":"scroll","background-type":"","background-media":"","overlay-type":"","overlay-color":"","overlay-opacity":"","overlay-gradient":""},"mobile":{"background-color":"","background-image":"","background-repeat":"repeat","background-position":"center center","background-size":"auto","background-attachment":"scroll","background-type":"","background-media":"","overlay-type":"","overlay-color":"","overlay-opacity":"","overlay-gradient":""}},"ast-content-background-meta":{"desktop":{"background-color":"var(--ast-global-color-5)","background-image":"","background-repeat":"repeat","background-position":"center center","background-size":"auto","background-attachment":"scroll","background-type":"","background-media":"","overlay-type":"","overlay-color":"","overlay-opacity":"","overlay-gradient":""},"tablet":{"background-color":"var(--ast-global-color-5)","background-image":"","background-repeat":"repeat","background-position":"center center","background-size":"auto","background-attachment":"scroll","background-type":"","background-media":"","overlay-type":"","overlay-color":"","overlay-opacity":"","overlay-gradient":""},"mobile":{"background-color":"var(--ast-global-color-5)","background-image":"","background-repeat":"repeat","background-position":"center center","background-size":"auto","background-attachment":"scroll","background-type":"","background-media":"","overlay-type":"","overlay-color":"","overlay-opacity":"","overlay-gradient":""}},"footnotes":""},"class_list":["post-64","page","type-page","status-publish","hentry"],"_links":{"self":[{"href":"https:\/\/nanodron.de\/ja\/wp-json\/wp\/v2\/pages\/64","targetHints":{"allow":["GET"]}}],"collection":[{"href":"https:\/\/nanodron.de\/ja\/wp-json\/wp\/v2\/pages"}],"about":[{"href":"https:\/\/nanodron.de\/ja\/wp-json\/wp\/v2\/types\/page"}],"author":[{"embeddable":true,"href":"https:\/\/nanodron.de\/ja\/wp-json\/wp\/v2\/users\/1"}],"replies":[{"embeddable":true,"href":"https:\/\/nanodron.de\/ja\/wp-json\/wp\/v2\/comments?post=64"}],"version-history":[{"count":10,"href":"https:\/\/nanodron.de\/ja\/wp-json\/wp\/v2\/pages\/64\/revisions"}],"predecessor-version":[{"id":4827,"href":"https:\/\/nanodron.de\/ja\/wp-json\/wp\/v2\/pages\/64\/revisions\/4827"}],"wp:attachment":[{"href":"https:\/\/nanodron.de\/ja\/wp-json\/wp\/v2\/media?parent=64"}],"curies":[{"name":"wp","href":"https:\/\/api.w.org\/{rel}","templated":true}]}}