{"id":62,"date":"2023-11-25T13:26:47","date_gmt":"2023-11-25T12:26:47","guid":{"rendered":"https:\/\/nanodron.de\/?page_id=62"},"modified":"2025-09-12T20:06:44","modified_gmt":"2025-09-12T18:06:44","slug":"widerrufsbelehrung","status":"publish","type":"page","link":"https:\/\/nanodron.de\/ja\/widerrufsbelehrung\/","title":{"rendered":"\u30ad\u30e3\u30f3\u30bb\u30eb\u30dd\u30ea\u30b7\u30fc"},"content":{"rendered":"<div data-elementor-type=\"wp-page\" data-elementor-id=\"62\" class=\"elementor elementor-62\" data-elementor-post-type=\"page\">\n\t\t\t\t<div class=\"elementor-element elementor-element-ccddca1 e-flex e-con-boxed e-con e-parent\" data-id=\"ccddca1\" data-element_type=\"container\" data-e-type=\"container\">\n\t\t\t\t\t<div class=\"e-con-inner\">\n\t\t\t\t<div class=\"elementor-element elementor-element-9d4a2fe elementor-widget elementor-widget-text-editor\" data-id=\"9d4a2fe\" data-element_type=\"widget\" data-e-type=\"widget\" data-widget_type=\"text-editor.default\">\n\t\t\t\t<div class=\"elementor-widget-container\">\n\t\t\t\t\t\t\t\t\t<h4><strong>\u30ad\u30e3\u30f3\u30bb\u30eb\u30dd\u30ea\u30b7\u30fc\u00a0<\/strong><\/h4><p>\u00a0<\/p><p><strong>A. \u64a4\u56de\u6a29<br \/><\/strong>\u8cfc\u5165\u8005\u304c\u6d88\u8cbb\u8005\u3067\u3042\u308b\u5834\u5408\u3001\u4ee5\u4e0b\u306e\u898f\u5b9a\u306b\u5f93\u3063\u3066\u64a4\u56de\u3059\u308b\u6a29\u5229\u3092\u6709\u3057\u307e\u3059\u3002<\/p><p>\u304a\u5ba2\u69d8\u306b\u306f\u3001\u7406\u7531\u3092\u554f\u308f\u305a14\u65e5\u4ee5\u5185\u306b\u672c\u5951\u7d04\u3092\u64a4\u56de\u3059\u308b\u6a29\u5229\u304c\u3042\u308a\u307e\u3059\u3002\u64a4\u56de\u671f\u9593\u306f\u3001\u304a\u5ba2\u69d8\u307e\u305f\u306f\u304a\u5ba2\u69d8\u304c\u6307\u5b9a\u3057\u305f\u904b\u9001\u696d\u8005\u4ee5\u5916\u306e\u7b2c\u4e09\u8005\u304c\u5546\u54c1\u3092\u53d7\u9818\u3057\u305f\u65e5\u304b\u308914\u65e5\u9593\u3068\u3057\u307e\u3059\u3002\u00a0<\/p><p>\u64a4\u56de\u6a29\u3092\u884c\u4f7f\u3059\u308b\u306b\u306f\u3001\u672c\u5951\u7d04\u304b\u3089\u306e\u64a4\u56de\u3092\u5e0c\u671b\u3059\u308b\u65e8\u3092\u3001\u660e\u78ba\u306a\u8868\u660e\uff08\u4f8b\uff1a\u90f5\u9001\u307e\u305f\u306f\u96fb\u5b50\u30e1\u30fc\u30eb\u306b\u3088\u308b\u66f8\u9762\uff09\u3092\u3082\u3063\u3066\u5f53\u793e\uff08NANODRON GmbH\u3001Eisenbahnstr. 25\u300175179 Pforzheim\u3001\u30c9\u30a4\u30c4\u3001\u96fb\u8a71\u756a\u53f7\uff1a+49 7231 781 07 80\u3001\u30e1\u30fc\u30eb\u30a2\u30c9\u30ec\u30b9\uff1ainfo@nanodron.de\uff09\u307e\u3067\u304a\u77e5\u3089\u305b\u3044\u305f\u3060\u304f\u5fc5\u8981\u304c\u3042\u308a\u307e\u3059\u3002\u3053\u306e\u305f\u3081\u306b\u6dfb\u4ed8\u306e\u64a4\u56de\u30d5\u30a9\u30fc\u30e0\u306e\u96db\u5f62\u3092\u3054\u5229\u7528\u3044\u305f\u3060\u304f\u3053\u3068\u3082\u53ef\u80fd\u3067\u3059\u304c\u3001\u5fc5\u9808\u3067\u306f\u3042\u308a\u307e\u305b\u3093\u3002<\/p><p>\u53d6\u6d88\u671f\u9593\u3092\u5b88\u308b\u306b\u306f\u3001\u53d6\u6d88\u671f\u9593\u304c\u7d42\u4e86\u3059\u308b\u524d\u306b\u53d6\u6d88\u6a29\u884c\u4f7f\u306e\u901a\u77e5\u3092\u9001\u4fe1\u3059\u308b\u3060\u3051\u3067\u5341\u5206\u3067\u3059\u3002<\/p><p><strong>B. \u53d6\u308a\u6d88\u3057\u306e\u7d50\u679c<\/strong><br \/>\u304a\u5ba2\u69d8\u304c\u672c\u5951\u7d04\u3092\u30ad\u30e3\u30f3\u30bb\u30eb\u3055\u308c\u305f\u5834\u5408\u3001\u5f53\u793e\u306f\u3001\u304a\u5ba2\u69d8\u304b\u3089\u53d7\u9818\u3057\u305f\u3059\u3079\u3066\u306e\u652f\u6255\u3044\uff08\u914d\u9001\u6599\u3092\u542b\u307f\u307e\u3059\u3002\u305f\u3060\u3057\u3001\u5f53\u793e\u304c\u63d0\u4f9b\u3059\u308b\u6700\u3082\u5b89\u4fa1\u306a\u6a19\u6e96\u914d\u9001\u65b9\u6cd5\u4ee5\u5916\u306e\u914d\u9001\u65b9\u6cd5\u3092\u304a\u5ba2\u69d8\u304c\u9078\u629e\u3057\u305f\u3053\u3068\u306b\u3088\u308b\u8ffd\u52a0\u8cbb\u7528\u306f\u9664\u304d\u307e\u3059\u3002\uff09\u3092\u3001\u304a\u5ba2\u69d8\u304b\u3089\u672c\u5951\u7d04\u306e\u30ad\u30e3\u30f3\u30bb\u30eb\u901a\u77e5\u3092\u5f53\u793e\u304c\u53d7\u9818\u3057\u305f\u65e5\u304b\u3089\u9045\u304f\u3068\u308214\u65e5\u4ee5\u5185\u306b\u901f\u3084\u304b\u306b\u8fd4\u91d1\u3044\u305f\u3057\u307e\u3059\u3002\u3053\u306e\u8fd4\u91d1\u306b\u306f\u3001\u304a\u5ba2\u69d8\u3068\u5225\u9014\u660e\u793a\u7684\u306b\u5408\u610f\u3057\u3066\u3044\u306a\u3044\u9650\u308a\u3001\u5f53\u521d\u306e\u53d6\u5f15\u3067\u304a\u5ba2\u69d8\u304c\u4f7f\u7528\u3057\u305f\u306e\u3068\u540c\u3058\u652f\u6255\u3044\u65b9\u6cd5\u3092\u4f7f\u7528\u3057\u307e\u3059\u3002\u3044\u304b\u306a\u308b\u72b6\u6cc1\u306b\u304a\u3044\u3066\u3082\u3001\u3053\u306e\u8fd4\u91d1\u306b\u624b\u6570\u6599\u306f\u304b\u304b\u308a\u307e\u305b\u3093\u3002\u5f53\u793e\u306f\u3001\u5546\u54c1\u306e\u8fd4\u54c1\u3092\u53d7\u3051\u308b\u307e\u3067\u3001\u307e\u305f\u306f\u304a\u5ba2\u69d8\u304c\u5546\u54c1\u3092\u8fd4\u54c1\u3057\u305f\u3053\u3068\u306e\u8a3c\u660e\u3092\u63d0\u4f9b\u3059\u308b\u307e\u3067\u3001\u3044\u305a\u308c\u304b\u65e9\u3044\u65b9\u307e\u3067\u8fd4\u91d1\u3092\u62d2\u5426\u3059\u308b\u5834\u5408\u304c\u3042\u308a\u307e\u3059\u3002<\/p><p>\u304a\u5ba2\u69d8\u306f\u3001\u672c\u5951\u7d04\u306e\u30ad\u30e3\u30f3\u30bb\u30eb\u3092\u5f53\u793e\u306b\u901a\u77e5\u3057\u305f\u65e5\u304b\u308914\u65e5\u4ee5\u5185\u306b\u3001\u76f4\u3061\u306b\u5546\u54c1\u3092\u8fd4\u54c1\u307e\u305f\u306f\u5f15\u304d\u6e21\u3059\u5fc5\u8981\u304c\u3042\u308a\u307e\u3059\u3002<\/p><p>NANODRON GmbH\u3001\u30a2\u30a4\u30bc\u30f3\u30d0\u30fc\u30f3\u901a\u308a25, 75179 \u30d7\u30d5\u30a9\u30eb\u30c4\u30cf\u30a4\u30e0, \u30c9\u30a4\u30c4<\/p><p>\u5546\u54c1\u3092\u8fd4\u54c1\u307e\u305f\u306f\u5f15\u304d\u6e21\u3059\u671f\u9650\u300214\u65e5\u9593\u306e\u671f\u9650\u5185\u306b\u5546\u54c1\u3092\u3054\u8fd4\u9001\u3044\u305f\u3060\u3051\u308c\u3070\u3001\u3053\u306e\u671f\u9650\u306f\u5b88\u3089\u308c\u307e\u3059\u3002<\/p><p>\u5546\u54c1\u306e\u8fd4\u9001\u306b\u304b\u304b\u308b\u76f4\u63a5\u8cbb\u7528\u306f\u304a\u5ba2\u69d8\u306e\u3054\u8ca0\u62c5\u3068\u306a\u308a\u307e\u3059\u3002\u5546\u54c1\u306e\u4fa1\u5024\u306e\u640d\u5931\u306f\u3001\u54c1\u8cea\u3001\u7279\u6027\u3001\u304a\u3088\u3073\u6a5f\u80fd\u306e\u78ba\u8a8d\u306b\u5fc5\u8981\u306e\u306a\u3044\u5546\u54c1\u306e\u53d6\u308a\u6271\u3044\u306b\u3088\u3063\u3066\u751f\u3058\u305f\u5834\u5408\u306b\u306e\u307f\u3001\u304a\u5ba2\u69d8\u306e\u3054\u8ca0\u62c5\u3068\u306a\u308a\u307e\u3059\u3002\u300c\u54c1\u8cea\u3001\u7279\u6027\u3001\u304a\u3088\u3073\u6a5f\u80fd\u306e\u78ba\u8a8d\u300d\u3068\u306f\u3001\u4f8b\u3048\u3070\u5c0f\u58f2\u5e97\u3067\u901a\u5e38\u884c\u308f\u308c\u3066\u3044\u308b\u3088\u3046\u306b\u3001\u305d\u308c\u305e\u308c\u306e\u5546\u54c1\u3092\u30c6\u30b9\u30c8\u304a\u3088\u3073\u8a66\u7528\u3059\u308b\u3053\u3068\u3092\u610f\u5473\u3057\u307e\u3059\u3002\u00a0<\/p><p><strong>C. \u64a4\u56de\u6a29\u306e\u6392\u9664<br \/><\/strong>\u64a4\u56de\u306e\u6a29\u5229\u306f\u3001\u9867\u5ba2\u306e\u4ed5\u69d8\u306b\u5f93\u3063\u3066\u88fd\u9020\u3055\u308c\u305f\u5546\u54c1\u3001\u307e\u305f\u306f\u660e\u3089\u304b\u306b\u500b\u4eba\u306e\u30cb\u30fc\u30ba\u306b\u5408\u308f\u305b\u3066\u30ab\u30b9\u30bf\u30de\u30a4\u30ba\u3055\u308c\u305f\u5546\u54c1\u306e\u914d\u9001\u5951\u7d04\u306b\u306f\u9069\u7528\u3055\u308c\u307e\u305b\u3093\u3002<\/p><p><b>D. \u30ad\u30e3\u30f3\u30bb\u30eb\u30d5\u30a9\u30fc\u30e0\u306e\u30b5\u30f3\u30d7\u30eb<br \/><\/b>\uff08\u89e3\u7d04\u3092\u3054\u5e0c\u671b\u306e\u5834\u5408\u306f\u3001\u3053\u306e\u7528\u7d19\u306b\u3054\u8a18\u5165\u306e\u4e0a\u3054\u8fd4\u9001\u304f\u3060\u3055\u3044\uff09<b><br \/><\/b><\/p><p>\u2013 \u5b9b\u5148: NANODRON GmbH\u3001Eisenbahnstr. 25\u300175179 \u30d7\u30d5\u30a9\u30eb\u30c4\u30cf\u30a4\u30e0\u3001\u96fb\u8a71\u3002 +49 7231 781 07 80<\/p><p>\u2013 \u79c1\/\u79c1\u305f\u3061(*)\u306f\u3001\u4ee5\u4e0b\u306e\u5546\u54c1(*)\u306e\u8cfc\u5165\/\u4ee5\u4e0b\u306e\u30b5\u30fc\u30d3\u30b9(*)\u306e\u63d0\u4f9b\u306b\u95a2\u3057\u3066\u7de0\u7d50\u3057\u305f\u5951\u7d04\u3092\u3053\u3053\u306b\u64a4\u56de\u3057\u307e\u3059\u3002<\/p><p>\u2013 \u6ce8\u6587\u65e5\uff08*\uff09\/\u53d7\u9818\u65e5\uff08*\uff09<\/p><p>\u2013 \u6d88\u8cbb\u8005\u306e\u540d\u524d<\/p><p>\u2013 \u6d88\u8cbb\u8005\u306e\u4f4f\u6240<\/p><p>\u2013 \u6d88\u8cbb\u8005\u306e\u7f72\u540d\uff08\u901a\u77e5\u304c\u7d19\u3067\u884c\u308f\u308c\u308b\u5834\u5408\u306e\u307f\uff09<\/p><p>- \u65e5\u4ed8<\/p><p>\uff08*\uff09\u5fc5\u8981\u306b\u5fdc\u3058\u3066\u524a\u9664<\/p>\t\t\t\t\t\t\t\t<\/div>\n\t\t\t\t<\/div>\n\t\t\t\t\t<\/div>\n\t\t\t\t<\/div>\n\t\t\t\t<\/div>","protected":false},"excerpt":{"rendered":"<p>Widerrufsbelehrung\u00a0 \u00a0 A. WiderrufsrechtIst der K\u00e4ufer Verbraucher, steht ihm ein Widerrufsrecht nach folgender Ma\u00dfgabe zu: Sie haben das Recht, binnen vierzehn Tagen ohne Angabe von Gr\u00fcnden diesen Vertrag zu widerrufen. Die Widerrufsfrist betr\u00e4gt vierzehn Tage ab dem Tag, an dem Sie oder ein von Ihnen benannter Dritter, der nicht Bef\u00f6rderer ist, die Waren in Besitz genommen haben bzw. hat.\u00a0 Um Ihr Widerrufsrecht auszu\u00fcben, m\u00fcssen Sie uns (NANODRON GmbH, Eisenbahnstr. 25, 75179 Pforzheim, Telefon: +49 7231 781 07 80, E-Mail: info@nanodron.de) mittels einer eindeutigen Erkl\u00e4rung (z. B. ein mit der Post versandter Brief oder eine E-Mail) \u00fcber Ihren Entschluss, diesen Vertrag zu widerrufen, informieren. Sie k\u00f6nnen daf\u00fcr das beigef\u00fcgte Muster-Widerrufsformular verwenden, [&hellip;]<\/p>\n","protected":false},"author":1,"featured_media":0,"parent":0,"menu_order":999,"comment_status":"closed","ping_status":"closed","template":"","meta":{"site-sidebar-layout":"no-sidebar","site-content-layout":"","ast-site-content-layout":"full-width-container","site-content-style":"default","site-sidebar-style":"default","ast-global-header-display":"","ast-banner-title-visibility":"","ast-main-header-display":"","ast-hfb-above-header-display":"","ast-hfb-below-header-display":"","ast-hfb-mobile-header-display":"","site-post-title":"disabled","ast-breadcrumbs-content":"","ast-featured-img":"disabled","footer-sml-layout":"","theme-transparent-header-meta":"","adv-header-id-meta":"","stick-header-meta":"","header-above-stick-meta":"","header-main-stick-meta":"","header-below-stick-meta":"","astra-migrate-meta-layouts":"default","ast-page-background-enabled":"default","ast-page-background-meta":{"desktop":{"background-color":"var(--ast-global-color-4)","background-image":"","background-repeat":"repeat","background-position":"center center","background-size":"auto","background-attachment":"scroll","background-type":"","background-media":"","overlay-type":"","overlay-color":"","overlay-opacity":"","overlay-gradient":""},"tablet":{"background-color":"","background-image":"","background-repeat":"repeat","background-position":"center center","background-size":"auto","background-attachment":"scroll","background-type":"","background-media":"","overlay-type":"","overlay-color":"","overlay-opacity":"","overlay-gradient":""},"mobile":{"background-color":"","background-image":"","background-repeat":"repeat","background-position":"center center","background-size":"auto","background-attachment":"scroll","background-type":"","background-media":"","overlay-type":"","overlay-color":"","overlay-opacity":"","overlay-gradient":""}},"ast-content-background-meta":{"desktop":{"background-color":"var(--ast-global-color-5)","background-image":"","background-repeat":"repeat","background-position":"center center","background-size":"auto","background-attachment":"scroll","background-type":"","background-media":"","overlay-type":"","overlay-color":"","overlay-opacity":"","overlay-gradient":""},"tablet":{"background-color":"var(--ast-global-color-5)","background-image":"","background-repeat":"repeat","background-position":"center center","background-size":"auto","background-attachment":"scroll","background-type":"","background-media":"","overlay-type":"","overlay-color":"","overlay-opacity":"","overlay-gradient":""},"mobile":{"background-color":"var(--ast-global-color-5)","background-image":"","background-repeat":"repeat","background-position":"center center","background-size":"auto","background-attachment":"scroll","background-type":"","background-media":"","overlay-type":"","overlay-color":"","overlay-opacity":"","overlay-gradient":""}},"footnotes":""},"class_list":["post-62","page","type-page","status-publish","hentry"],"_links":{"self":[{"href":"https:\/\/nanodron.de\/ja\/wp-json\/wp\/v2\/pages\/62","targetHints":{"allow":["GET"]}}],"collection":[{"href":"https:\/\/nanodron.de\/ja\/wp-json\/wp\/v2\/pages"}],"about":[{"href":"https:\/\/nanodron.de\/ja\/wp-json\/wp\/v2\/types\/page"}],"author":[{"embeddable":true,"href":"https:\/\/nanodron.de\/ja\/wp-json\/wp\/v2\/users\/1"}],"replies":[{"embeddable":true,"href":"https:\/\/nanodron.de\/ja\/wp-json\/wp\/v2\/comments?post=62"}],"version-history":[{"count":10,"href":"https:\/\/nanodron.de\/ja\/wp-json\/wp\/v2\/pages\/62\/revisions"}],"predecessor-version":[{"id":4613,"href":"https:\/\/nanodron.de\/ja\/wp-json\/wp\/v2\/pages\/62\/revisions\/4613"}],"wp:attachment":[{"href":"https:\/\/nanodron.de\/ja\/wp-json\/wp\/v2\/media?parent=62"}],"curies":[{"name":"wp","href":"https:\/\/api.w.org\/{rel}","templated":true}]}}