{"id":60,"date":"2023-11-25T13:23:16","date_gmt":"2023-11-25T12:23:16","guid":{"rendered":"https:\/\/nanodron.de\/?page_id=60"},"modified":"2025-10-31T19:01:37","modified_gmt":"2025-10-31T18:01:37","slug":"agb","status":"publish","type":"page","link":"https:\/\/nanodron.de\/ja\/agb\/","title":{"rendered":"\u5229\u7528\u898f\u7d04"},"content":{"rendered":"<div data-elementor-type=\"wp-page\" data-elementor-id=\"60\" class=\"elementor elementor-60\" data-elementor-post-type=\"page\">\n\t\t\t\t<div class=\"elementor-element elementor-element-67c2ab20 e-flex e-con-boxed e-con e-parent\" data-id=\"67c2ab20\" data-element_type=\"container\" data-e-type=\"container\">\n\t\t\t\t\t<div class=\"e-con-inner\">\n\t\t\t\t<div class=\"elementor-element elementor-element-70c6052 elementor-widget elementor-widget-text-editor\" data-id=\"70c6052\" data-element_type=\"widget\" data-e-type=\"widget\" data-widget_type=\"text-editor.default\">\n\t\t\t\t<div class=\"elementor-widget-container\">\n\t\t\t\t\t\t\t\t\t<h3><b>\u4e00\u822c\u53d6\u5f15\u6761\u4ef6<\/b>&nbsp;<\/h3>\n<h3>\u00a7 1 \u6709\u52b9\u6027\u3001\u7528\u8a9e\u306e\u5b9a\u7fa9<\/h3>\n<p>(1) Nanodron GmbH\u3001\u30a2\u30a4\u30bc\u30f3\u30d0\u30fc\u30f3\u901a\u308a25, 75179 Pforzheim, Germany (\u4ee5\u4e0b\u300c\u5f53\u793e\u300d\u307e\u305f\u306f\u300cNanodron\u300d) \u306f\u3001\u30a6\u30a7\u30d6\u30b5\u30a4\u30c8 https:\/\/nanodron.de \u3067\u5546\u54c1\u306e\u30aa\u30f3\u30e9\u30a4\u30f3 \u30b7\u30e7\u30c3\u30d7\u3092\u904b\u55b6\u3057\u3066\u3044\u307e\u3059\u3002\u4ee5\u4e0b\u306e\u4e00\u822c\u5229\u7528\u898f\u7d04\u306f\u3001\u5225\u6bb5\u306e\u660e\u793a\u7684\u306a\u5408\u610f\u304c\u306a\u3044\u9650\u308a\u3001\u6ce8\u6587\u6642\u306b\u6709\u52b9\u306a\u30d0\u30fc\u30b8\u30e7\u30f3\u3067\u5f53\u793e\u3068\u9867\u5ba2 (\u4ee5\u4e0b\u300c\u9867\u5ba2\u300d\u307e\u305f\u306f\u300c\u304a\u5ba2\u69d8\u300d) \u3068\u306e\u9593\u306e\u3059\u3079\u3066\u306e\u30b5\u30fc\u30d3\u30b9\u306b\u9069\u7528\u3055\u308c\u307e\u3059\u3002<\/p>\n<p>(2) \u3053\u308c\u3089\u306e\u5229\u7528\u898f\u7d04\u306e\u610f\u5473\u306b\u304a\u3051\u308b\u300c\u6d88\u8cbb\u8005\u300d\u3068\u306f\u3001\u4e3b\u306b\u5546\u696d\u6d3b\u52d5\u307e\u305f\u306f\u72ec\u7acb\u3057\u305f\u5c02\u9580\u7684\u6d3b\u52d5\u306b\u5e30\u3059\u308b\u3053\u3068\u304c\u3067\u304d\u306a\u3044\u76ee\u7684\u3067\u6cd5\u7684\u53d6\u5f15\u3092\u7de0\u7d50\u3059\u308b\u81ea\u7136\u4eba\u3092\u6307\u3057\u307e\u3059\u3002 \u300c\u8d77\u696d\u5bb6\u300d\u3068\u306f\u3001\u6cd5\u7684\u53d6\u5f15\u3092\u7de0\u7d50\u3059\u308b\u969b\u306b\u3001\u5546\u696d\u6d3b\u52d5\u307e\u305f\u306f\u72ec\u7acb\u3057\u305f\u5c02\u9580\u7684\u6d3b\u52d5\u3092\u9042\u884c\u3059\u308b\u81ea\u7136\u4eba\u3001\u6cd5\u4eba\u3001\u307e\u305f\u306f\u6cd5\u7684\u80fd\u529b\u3092\u5099\u3048\u305f\u30d1\u30fc\u30c8\u30ca\u30fc\u30b7\u30c3\u30d7\u3092\u6307\u3057\u307e\u3059\u3002\u6cd5\u7684\u80fd\u529b\u3092\u5099\u3048\u305f\u30d1\u30fc\u30c8\u30ca\u30fc\u30b7\u30c3\u30d7\u3068\u306f\u3001\u80fd\u529b\u3092\u5099\u3048\u305f\u30d1\u30fc\u30c8\u30ca\u30fc\u30b7\u30c3\u30d7\u3092\u6307\u3057\u307e\u3059\u3002\u6a29\u5229\u3092\u53d6\u5f97\u3057\u3001\u8cac\u4efb\u3092\u8ca0\u3046\u3053\u3068\u3002<\/p>\n<h3>\u00a7 2 \u5951\u7d04\u306e\u7de0\u7d50\u3001\u5951\u7d04\u6587\u306e\u4fdd\u7ba1<\/h3>\n<p>(1) \u5f0a\u793e\u30aa\u30f3\u30e9\u30a4\u30f3\u30b7\u30e7\u30c3\u30d7 https:\/\/nanodron.de \u3067\u306e\u3054\u6ce8\u6587\u306b\u306f\u3001\u4ee5\u4e0b\u306e\u5951\u7d04\u7de0\u7d50\u898f\u5b9a\u304c\u9069\u7528\u3055\u308c\u307e\u3059\u3002<\/p>\n<p>(2) \u30a4\u30f3\u30bf\u30fc\u30cd\u30c3\u30c8\u4e0a\u306e\u5f53\u793e\u306e\u88fd\u54c1\u30d7\u30ec\u30bc\u30f3\u30c6\u30fc\u30b7\u30e7\u30f3\u306b\u306f\u62d8\u675f\u529b\u306f\u306a\u304f\u3001\u5951\u7d04\u7de0\u7d50\u3092\u5f37\u5236\u3059\u308b\u3082\u306e\u3067\u306f\u3042\u308a\u307e\u305b\u3093\u3002<\/p>\n<p>(3) \u5f53\u793e\u306e\u30aa\u30f3\u30e9\u30a4\u30f3 \u30b7\u30e7\u30c3\u30d7\u3067\u6ce8\u6587\u3092\u53d7\u3051\u53d6\u3063\u305f\u5834\u5408\u3001\u6b21\u306e\u898f\u5b9a\u304c\u9069\u7528\u3055\u308c\u307e\u3059\u3002\u9867\u5ba2\u306f\u3001\u5f53\u793e\u306e\u30aa\u30f3\u30e9\u30a4\u30f3 \u30b7\u30e7\u30c3\u30d7\u3067\u63d0\u4f9b\u3055\u308c\u308b\u6ce8\u6587\u624b\u7d9a\u304d\u3092\u6b63\u5e38\u306b\u5b8c\u4e86\u3059\u308b\u3053\u3068\u306b\u3088\u308a\u3001\u62d8\u675f\u529b\u306e\u3042\u308b\u5951\u7d04\u306e\u7533\u3057\u8fbc\u307f\u3092\u63d0\u51fa\u3057\u305f\u3053\u3068\u306b\u306a\u308a\u307e\u3059\u3002\u6ce8\u6587\u306f\u6b21\u306e\u624b\u9806\u3067\u884c\u308f\u308c\u307e\u3059\u3002<\/p>\n<ol>\n<li>\u3054\u5e0c\u671b\u306e\u5546\u54c1\u306e\u9078\u629e\u3001<\/li>\n<li>\u5bfe\u5fdc\u3059\u308b\u30dc\u30bf\u30f3\u3092\u30af\u30ea\u30c3\u30af\u3057\u3066\u5546\u54c1\u3092\u8ffd\u52a0\u3057\u307e\u3059\uff08\u4f8b\uff1a\u300c\u30ab\u30fc\u30c8\u306b\u8ffd\u52a0\u300d\u3001\u300c\u30b7\u30e7\u30c3\u30d4\u30f3\u30b0\u30d0\u30c3\u30b0\u306b\u8ffd\u52a0\u300d\u306a\u3069\uff09\u3002<\/li>\n<li>\u30b7\u30e7\u30c3\u30d4\u30f3\u30b0\u30ab\u30fc\u30c8\u5185\u306e\u60c5\u5831\u3092\u78ba\u8a8d\u3059\u308b\u3068\u3001<\/li>\n<li>\u5bfe\u5fdc\u3059\u308b\u30dc\u30bf\u30f3\u3092\u30af\u30ea\u30c3\u30af\u3057\u3066\u6ce8\u6587\u6982\u8981\u3092\u547c\u3073\u51fa\u3057\u307e\u3059 (\u4f8b: \u300c\u30c1\u30a7\u30c3\u30af\u30a2\u30a6\u30c8\u306b\u9032\u3080\u300d\u3001\u300c\u652f\u6255\u3044\u3092\u7d9a\u3051\u308b\u300d\u3001\u300c\u6ce8\u6587\u6982\u8981\u306b\u79fb\u52d5\u300d\u306a\u3069)\u3002<\/li>\n<li>\u4f4f\u6240\u3084\u9023\u7d61\u5148\u306e\u5165\u529b\u30fb\u78ba\u8a8d\u3001\u652f\u6255\u3044\u65b9\u6cd5\u306e\u9078\u629e\u3001\u4e00\u822c\u5229\u7528\u898f\u7d04\u3084\u30ad\u30e3\u30f3\u30bb\u30eb\u30dd\u30ea\u30b7\u30fc\u306e\u78ba\u8a8d\u3001<\/li>\n<li>\u5408\u610f\u3055\u308c\u305f\u5546\u54c1\u306e\u54c1\u8cea\u304c\u901a\u5e38\u306e\u54c1\u8cea\u304a\u3088\u3073\u4f7f\u7528\u6761\u4ef6\u304b\u3089\u9038\u8131\u3057\u3066\u3044\u308b\u5834\u5408\u3001\u5426\u5b9a\u7684\u306a\u54c1\u8cea\u5354\u5b9a\u306e\u78ba\u8a8d\u3001<\/li>\n<li>\u300c\u4eca\u3059\u3050\u8cfc\u5165\u300d\u30dc\u30bf\u30f3\u3092\u30af\u30ea\u30c3\u30af\u3057\u3066\u6ce8\u6587\u3092\u5b8c\u4e86\u3057\u3066\u304f\u3060\u3055\u3044\u3002\u3053\u308c\u304c\u62d8\u675f\u529b\u306e\u3042\u308b\u547d\u4ee4\u3068\u306a\u308a\u307e\u3059\u3002<\/li>\n<li>\u5951\u7d04\u306f\u30013 \u55b6\u696d\u65e5\u4ee5\u5185\u306b\u5165\u529b\u3055\u308c\u305f\u96fb\u5b50\u30e1\u30fc\u30eb \u30a2\u30c9\u30ec\u30b9\u306b\u5f53\u793e\u304b\u3089\u6ce8\u6587\u78ba\u8a8d\u3092\u53d7\u4fe1\u3057\u305f\u6642\u70b9\u3067\u6210\u7acb\u3057\u307e\u3059\u3002<\/li>\n<\/ol>\n<p>(4) \u5951\u7d04\u304c\u7de0\u7d50\u3055\u308c\u305f\u5834\u5408\u3001\u5951\u7d04\u306f Nanodron GmbH (Eisenbahnstr.) \u3068\u306a\u308a\u307e\u3059\u3002 25\u300175179 \u30d7\u30d5\u30a9\u30eb\u30c4\u30cf\u30a4\u30e0\u3001\u30c9\u30a4\u30c4\u3002<\/p>\n<p>(5) \u3054\u6ce8\u6587\u524d\u306b\u3001\u30d6\u30e9\u30a6\u30b6\u306e\u5370\u5237\u6a5f\u80fd\u3092\u5229\u7528\u3057\u3066\u5951\u7d04\u30c7\u30fc\u30bf\u3092\u5370\u5237\u307e\u305f\u306f\u96fb\u5b50\u4fdd\u5b58\u3059\u308b\u3053\u3068\u304c\u3067\u304d\u307e\u3059\u3002\u6ce8\u6587\u306e\u51e6\u7406\u3068\u3001\u5951\u7d04\u306e\u7de0\u7d50\u306b\u95a2\u9023\u3057\u3066\u5fc5\u8981\u306a\u3059\u3079\u3066\u306e\u60c5\u5831\u3001\u7279\u306b\u6ce8\u6587\u30c7\u30fc\u30bf\u3001\u4e00\u822c\u5229\u7528\u898f\u7d04\u3001\u30ad\u30e3\u30f3\u30bb\u30eb\u30dd\u30ea\u30b7\u30fc\u306e\u9001\u4fe1\u306f\u3001\u6ce8\u6587\u5f8c\u306b\u96fb\u5b50\u30e1\u30fc\u30eb\u3067\u90e8\u5206\u7684\u306b\u81ea\u52d5\u7684\u306b\u884c\u308f\u308c\u307e\u3059\u3002 \u3002\u5951\u7d04\u7de0\u7d50\u5f8c\u306f\u5951\u7d04\u66f8\u3092\u4fdd\u5b58\u3057\u307e\u305b\u3093\u3002<\/p>\n<p>(6) \u5165\u529b\u30a8\u30e9\u30fc\u306f\u3001\u901a\u5e38\u306e\u30ad\u30fc\u30dc\u30fc\u30c9\u3001\u30de\u30a6\u30b9\u3001\u30d6\u30e9\u30a6\u30b6\u306e\u6a5f\u80fd\uff08\u30d6\u30e9\u30a6\u30b6\u306e\u300c\u623b\u308b\u300d\u30dc\u30bf\u30f3\u306a\u3069\uff09\u3092\u4f7f\u7528\u3057\u3066\u4fee\u6b63\u3067\u304d\u307e\u3059\u3002\u307e\u305f\u3001\u6ce8\u6587\u30d7\u30ed\u30bb\u30b9\u3092\u65e9\u671f\u306b\u30ad\u30e3\u30f3\u30bb\u30eb\u3057\u3001\u30d6\u30e9\u30a6\u30b6 \u30a6\u30a3\u30f3\u30c9\u30a6\u3092\u9589\u3058\u3066\u30d7\u30ed\u30bb\u30b9\u3092\u7e70\u308a\u8fd4\u3059\u3053\u3068\u306b\u3088\u3063\u3066\u3082\u4fee\u6b63\u3067\u304d\u307e\u3059\u3002<\/p>\n<p>(7) \u6ce8\u6587\u306e\u51e6\u7406\u3068\u5951\u7d04\u306e\u7de0\u7d50\u306b\u95a2\u9023\u3057\u3066\u5fc5\u8981\u306a\u3059\u3079\u3066\u306e\u60c5\u5831\u306e\u9001\u4fe1\u306f\u3001\u96fb\u5b50\u30e1\u30fc\u30eb\u306b\u3088\u3063\u3066\u90e8\u5206\u7684\u306b\u81ea\u52d5\u5316\u3055\u308c\u3066\u3044\u307e\u3059\u3002\u3057\u305f\u304c\u3063\u3066\u3001\u5f53\u793e\u306b\u63d0\u4f9b\u3059\u308b\u96fb\u5b50\u30e1\u30fc\u30eb \u30a2\u30c9\u30ec\u30b9\u304c\u6b63\u3057\u3044\u3053\u3068\u3001\u96fb\u5b50\u30e1\u30fc\u30eb\u306e\u53d7\u4fe1\u304c\u6280\u8853\u7684\u306b\u78ba\u5b9f\u3067\u3042\u308b\u3053\u3068\u3001\u7279\u306b\u30b9\u30d1\u30e0 \u30d5\u30a3\u30eb\u30bf\u30fc\u306b\u3088\u3063\u3066\u53d7\u4fe1\u304c\u59a8\u3052\u3089\u308c\u3066\u3044\u306a\u3044\u3053\u3068\u3092\u78ba\u8a8d\u3059\u308b\u5fc5\u8981\u304c\u3042\u308a\u307e\u3059\u3002<\/p>\n<h3>\u00a7 3 \u5951\u7d04\u306e\u5bfe\u8c61\u3068\u88fd\u54c1\u306e\u91cd\u8981\u306a\u6a5f\u80fd<\/h3>\n<p>(1) \u5f53\u793e\u30aa\u30f3\u30e9\u30a4\u30f3\u30b7\u30e7\u30c3\u30d7\u306b\u304a\u3051\u308b\u5951\u7d04\u306e\u5bfe\u8c61\u306f\u4ee5\u4e0b\u306e\u3068\u304a\u308a\u3067\u3059\u3002<\/p>\n<ol style=\"list-style-type: lower-alpha;\">\n<li>\u5546\u54c1\u306e\u8ca9\u58f2\u3002\u63d0\u4f9b\u3055\u308c\u3066\u3044\u308b\u7279\u5b9a\u306e\u5546\u54c1\u306f\u8a18\u4e8b\u30da\u30fc\u30b8\u3067\u3054\u89a7\u3044\u305f\u3060\u3051\u307e\u3059\u3002<\/li>\n<\/ol>\n<p>(2) \u5546\u54c1\u306e\u91cd\u8981\u306a\u7279\u5fb4\u306f\u5546\u54c1\u8aac\u660e\u306b\u8a18\u8f09\u3055\u308c\u3066\u3044\u307e\u3059\u3002\u5408\u610f\u3055\u308c\u305f\u5546\u54c1\u306e\u54c1\u8cea\u304c\u901a\u5e38\u306e\u54c1\u8cea\u304a\u3088\u3073\u4f7f\u7528\u6761\u4ef6\u304b\u3089\u9038\u8131\u3057\u3066\u3044\u308b\u5834\u5408\u3001\u305d\u306e\u3053\u3068\u304c\u5546\u54c1\u8aac\u660e\u306b\u660e\u793a\u7684\u306b\u6307\u6458\u3055\u308c\u307e\u3059 (\u5426\u5b9a\u7684\u306a\u54c1\u8cea\u5408\u610f)\u3002\u9867\u5ba2\u304c\u54c1\u8cea\u306e\u30de\u30a4\u30ca\u30b9\u306e\u9038\u8131\u306b\u660e\u793a\u7684\u306b\u540c\u610f\u3057\u305f\u5834\u5408\u3001\u3053\u308c\u304c\u5951\u7d04\u306e\u4e3b\u984c\u3092\u5b9a\u7fa9\u3057\u307e\u3059\u3002<\/p>\n<h3>\u00a7 4 \u4fa1\u683c\u3001\u9001\u6599\u3001\u7d0d\u671f<\/h3>\n<p>(1) \u305d\u308c\u305e\u308c\u306e\u30aa\u30d5\u30a1\u30fc\u306b\u8a18\u8f09\u3055\u308c\u3066\u3044\u308b\u4fa1\u683c\u304a\u3088\u3073\u9001\u6599\u306f\u5408\u8a08\u4fa1\u683c\u3067\u3042\u308a\u3001\u8a72\u5f53\u3059\u308b\u3059\u3079\u3066\u306e\u7a0e\u91d1\u3092\u542b\u3080\u3059\u3079\u3066\u306e\u4fa1\u683c\u8981\u7d20\u304c\u542b\u307e\u308c\u3066\u3044\u307e\u3059\u3002<\/p>\n<p>(2) \u5f53\u793e\u304c\u660e\u793a\u7684\u306b\u30a2\u30ab\u30a6\u30f3\u30c8\u3067\u306e\u8cfc\u5165\u3092\u7533\u3057\u51fa\u306a\u3044\u9650\u308a\u3001\u305d\u308c\u305e\u308c\u306e\u8cfc\u5165\u4fa1\u683c\u306f\u88fd\u54c1\u306e\u914d\u9054\u524d\u306b\u652f\u6255\u308f\u306a\u3051\u308c\u3070\u306a\u308a\u307e\u305b\u3093 (\u524d\u6255\u3044)\u3002\u5229\u7528\u53ef\u80fd\u306a\u652f\u6255\u3044\u65b9\u6cd5\u306f\u3001\u30aa\u30f3\u30e9\u30a4\u30f3 \u30b7\u30e7\u30c3\u30d7\u307e\u305f\u306f\u5404\u30aa\u30d5\u30a1\u30fc\u306e\u5bfe\u5fdc\u3059\u308b\u30e9\u30d9\u30eb\u306e\u4ed8\u3044\u305f\u30dc\u30bf\u30f3\u306e\u4e0b\u306b\u8868\u793a\u3055\u308c\u307e\u3059\u3002\u500b\u3005\u306e\u652f\u6255\u3044\u65b9\u6cd5\u306b\u3064\u3044\u3066\u5225\u9014\u8a18\u8f09\u304c\u306a\u3044\u9650\u308a\u3001\u652f\u6255\u3044\u8acb\u6c42\u306f\u76f4\u3061\u306b\u652f\u6255\u308f\u308c\u308b\u3082\u306e\u3068\u3057\u307e\u3059\u3002<\/p>\n<p>(3) \u5404\u5546\u54c1\u306b\u9001\u6599\u7121\u6599\u3068\u8868\u793a\u3055\u308c\u3066\u3044\u308b\u5834\u5408\u3092\u9664\u304d\u3001\u5546\u54c1\u306e\u304a\u5c4a\u3051\u306b\u306f\u8868\u793a\u4fa1\u683c\u306e\u307b\u304b\u306b\u9001\u6599\u304c\u304b\u304b\u308b\u5834\u5408\u304c\u3054\u3056\u3044\u307e\u3059\u3002\u9001\u6599\u306f\u3001\u30b7\u30e7\u30c3\u30d4\u30f3\u30b0 \u30ab\u30fc\u30c8 \u30b7\u30b9\u30c6\u30e0\u304a\u3088\u3073\u6ce8\u6587\u6982\u8981\u306b\u8a72\u5f53\u3059\u308b\u5834\u5408\u3001\u30aa\u30d5\u30a1\u30fc\u306b\u660e\u78ba\u306b\u8a18\u8f09\u3055\u308c\u307e\u3059\u3002<\/p>\n<p>(4) \u88fd\u54c1\u8aac\u660e\u306b\u5225\u6bb5\u306e\u8a18\u8f09\u304c\u306a\u3044\u9650\u308a\u3001\u63d0\u4f9b\u3055\u308c\u308b\u3059\u3079\u3066\u306e\u88fd\u54c1\u306f\u5373\u6642\u767a\u9001\u53ef\u80fd\u3067\u3059 (\u7d0d\u671f: \u652f\u6255\u3044\u53d7\u9818\u5f8c 2 \uff5e 5 \u55b6\u696d\u65e5)\u3002<\/p>\n<p>(5) \u4ee5\u4e0b\u306e\u914d\u9054\u5730\u57df\u5236\u9650\u304c\u9069\u7528\u3055\u308c\u307e\u3059: \u914d\u9054\u306f\u6b21\u306e\u56fd\u3067\u884c\u308f\u308c\u307e\u3059: \u30c9\u30a4\u30c4\u3002<\/p>\n<h3>\u00a7 5 \u4fdd\u6301\u306e\u6a29\u5229\u3001\u6240\u6709\u6a29\u306e\u4fdd\u6301<\/h3>\n<p>(1) \u7559\u7f6e\u6a29\u3092\u884c\u4f7f\u3067\u304d\u308b\u306e\u306f\u3001\u305d\u308c\u304c\u540c\u3058\u5951\u7d04\u95a2\u4fc2\u304b\u3089\u306e\u8acb\u6c42\u306b\u95a2\u3059\u308b\u5834\u5408\u306e\u307f\u3067\u3059\u3002<\/p>\n<p>(2) \u8cfc\u5165\u4fa1\u683c\u304c\u5168\u984d\u652f\u6255\u308f\u308c\u308b\u307e\u3067\u3001\u5546\u54c1\u306f\u5f53\u793e\u306e\u6240\u6709\u7269\u3068\u306a\u308a\u307e\u3059\u3002<\/p>\n<h3>\u00a7 6 \u64a4\u56de\u306e\u6a29\u5229<\/h3>\n<p>\u6d88\u8cbb\u8005\u3068\u3057\u3066\u3001\u3042\u306a\u305f\u306b\u306f\u64a4\u56de\u3059\u308b\u6a29\u5229\u304c\u3042\u308a\u307e\u3059\u3002\u3053\u308c\u306f\u79c1\u305f\u3061\u6b21\u7b2c\u3067\u3059 <a href=\"https:\/\/nanodron.de\/ja\/widerrufsbelehrung\/\">\u30ad\u30e3\u30f3\u30bb\u30eb\u30dd\u30ea\u30b7\u30fc<\/a>.<\/p>\n<h3>\u00a7 7 \u5951\u7d04\u8a00\u8a9e<\/h3>\n<p>\u5229\u7528\u53ef\u80fd\u306a\u5951\u7d04\u8a00\u8a9e\u306f\u30c9\u30a4\u30c4\u8a9e\u306e\u307f\u3067\u3059\u3002<\/p>\n<h3>\u00a7 8 \u8cac\u4efb<\/h3>\n<p>(1) \u4ee5\u4e0b\u306e\u4f8b\u5916\u3092\u9664\u304d\u3001\u5951\u7d04\u4e0a\u306e\u7fa9\u52d9\u9055\u53cd\u304a\u3088\u3073\u4e0d\u6cd5\u884c\u70ba\u306b\u5bfe\u3059\u308b\u5f53\u793e\u306e\u8cac\u4efb\u306f\u3001\u6545\u610f\u307e\u305f\u306f\u91cd\u904e\u5931\u306b\u9650\u5b9a\u3055\u308c\u307e\u3059\u3002<\/p>\n<p>(2) \u5f53\u793e\u306f\u3001\u8efd\u904e\u5931\u306b\u3088\u308a\u751f\u547d\u3001\u8eab\u4f53\u3001\u5065\u5eb7\u306b\u640d\u5bb3\u304c\u751f\u3058\u305f\u5834\u5408\u3001\u307e\u305f\u306f\u91cd\u8981\u306a\u5951\u7d04\u4e0a\u306e\u7fa9\u52d9\u306b\u9055\u53cd\u3057\u305f\u5834\u5408\u306b\u306f\u3001\u5236\u9650\u306a\u304f\u8cac\u4efb\u3092\u8ca0\u3044\u307e\u3059\u3002\u5f53\u793e\u304c\u8efd\u904e\u5931\u306b\u3088\u308a\u30b5\u30fc\u30d3\u30b9\u306e\u63d0\u4f9b\u3092\u9045\u5ef6\u3057\u305f\u5834\u5408\u3001\u30b5\u30fc\u30d3\u30b9\u304c\u4e0d\u53ef\u80fd\u306b\u306a\u3063\u305f\u5834\u5408\u3001\u307e\u305f\u306f\u5f53\u793e\u304c\u91cd\u8981\u306a\u5951\u7d04\u4e0a\u306e\u7fa9\u52d9\u306b\u9055\u53cd\u3057\u305f\u5834\u5408\u3001\u305d\u306e\u7d50\u679c\u751f\u3058\u308b\u8ca1\u7523\u304a\u3088\u3073\u7d4c\u6e08\u7684\u640d\u5931\u306b\u5bfe\u3059\u308b\u8cac\u4efb\u306f\u3001\u5f53\u793e\u304c\u8ca0\u62c5\u3059\u308b\u3082\u306e\u3068\u3057\u307e\u3059\u3002 <strong>\u5951\u7d04\u306b\u304a\u3044\u3066\u901a\u5e38\u4e88\u898b\u53ef\u80fd\u306a\u640d\u5bb3<\/strong> \u9650\u5b9a\u3002\u91cd\u8981\u306a\u5951\u7d04\u4e0a\u306e\u7fa9\u52d9\u3068\u306f\u3001\u305d\u306e\u5c65\u884c\u306b\u3088\u3063\u3066\u305d\u3082\u305d\u3082\u5951\u7d04\u306e\u9069\u5207\u306a\u5c65\u884c\u304c\u53ef\u80fd\u3068\u306a\u308a\u3001\u305d\u306e\u9055\u53cd\u304c\u5951\u7d04\u306e\u76ee\u7684\u306e\u9054\u6210\u3092\u5371\u967a\u306b\u3055\u3089\u3057\u3001\u305d\u306e\u9075\u5b88\u3092\u5b9a\u671f\u7684\u306b\u4fe1\u983c\u3067\u304d\u308b\u7fa9\u52d9\u306e\u3053\u3068\u3067\u3059\u3002\u3053\u308c\u306b\u306f\u7279\u306b\u3001\u7b2c 3 \u9805\u3067\u8aac\u660e\u3055\u308c\u3066\u3044\u308b\u3001\u63aa\u7f6e\u3092\u8b1b\u3058\u3066\u5951\u7d04\u4e0a\u7fa9\u52d9\u4ed8\u3051\u3089\u308c\u3066\u3044\u308b\u30b5\u30fc\u30d3\u30b9\u3092\u5c65\u884c\u3059\u308b\u5f53\u793e\u306e\u7fa9\u52d9\u304c\u542b\u307e\u308c\u307e\u3059\u3002<\/p>\n<h3>\u00a7 9 \u4fdd\u8a3c<\/h3>\n<p>(1) \u4fdd\u8a3c\u306f\u6cd5\u5f8b\u306e\u898f\u5b9a\u306b\u57fa\u3065\u304d\u307e\u3059\u3002<\/p>\n<p>(2) \u8d77\u696d\u5bb6\u306e\u5834\u5408\u3001\u7d0d\u54c1\u3055\u308c\u305f\u5546\u54c1\u306e\u4fdd\u8a3c\u671f\u9593\u306f 12 \u304b\u6708\u3067\u3059\u3002<\/p>\n<p>(3) \u6d88\u8cbb\u8005\u3068\u3057\u3066\u3001\u5951\u7d04\u5c65\u884c\u6642\u306b\u63d0\u4f9b\u3055\u308c\u308b\u5546\u54c1\/\u30c7\u30b8\u30bf\u30eb\u5546\u54c1\u307e\u305f\u306f\u30b5\u30fc\u30d3\u30b9\u306e\u5b8c\u5168\u6027\u3001\u660e\u3089\u304b\u306a\u6b20\u9665\u3001\u8f38\u9001\u4e0a\u306e\u640d\u50b7\u3092\u76f4\u3061\u306b\u78ba\u8a8d\u3057\u3001\u82e6\u60c5\u304c\u3042\u308b\u5834\u5408\u306f\u3067\u304d\u308b\u3060\u3051\u65e9\u304f\u5f53\u793e\u304a\u3088\u3073\u904b\u9001\u696d\u8005\u306b\u901a\u77e5\u3059\u308b\u5fc5\u8981\u304c\u3042\u308a\u307e\u3059\u3002 \u3002\u3053\u308c\u306b\u5f93\u308f\u306a\u3044\u5834\u5408\u3001\u5f53\u7136\u306e\u3053\u3068\u306a\u304c\u3089\u6cd5\u5b9a\u4fdd\u8a3c\u8acb\u6c42\u306b\u306f\u5f71\u97ff\u3057\u307e\u305b\u3093\u3002<\/p>\n<h3>\u00a7 10 \u6700\u7d42\u6761\u9805\/\u7d1b\u4e89\u89e3\u6c7a<\/h3>\n<p>(1) \u30c9\u30a4\u30c4\u306e\u6cd5\u5f8b\u304c\u9069\u7528\u3055\u308c\u307e\u3059\u3002\u6d88\u8cbb\u8005\u306b\u3068\u3063\u3066\u3001\u3053\u306e\u6cd5\u306e\u9078\u629e\u306f\u3001\u6d88\u8cbb\u8005\u306e\u5e38\u5c45\u6240\u56fd\u306e\u6cd5\u5f8b\u306e\u5f37\u884c\u898f\u5b9a\u306b\u3088\u3063\u3066\u4e0e\u3048\u3089\u308c\u305f\u4fdd\u8b77\u304c\u64a4\u56de\u3055\u308c\u306a\u3044\u7bc4\u56f2\u3067\u306e\u307f\u9069\u7528\u3055\u308c\u307e\u3059\uff08\u512a\u9047\u539f\u5247\uff09\u3002<\/p>\n<p>(2) \u56fd\u969b\u7269\u54c1\u58f2\u8cb7\u5951\u7d04\u306b\u95a2\u3059\u308b\u56fd\u9023\u6761\u7d04\u306e\u898f\u5b9a\u306f\u3001\u660e\u793a\u7684\u306b\u9069\u7528\u3055\u308c\u307e\u305b\u3093\u3002<\/p>\n<p>(3) \u9867\u5ba2\u304c\u8ca9\u58f2\u696d\u8005\u3001\u516c\u6cd5\u306b\u57fa\u3065\u304f\u6cd5\u4eba\u3001\u307e\u305f\u306f\u516c\u6cd5\u306b\u57fa\u3065\u304f\u7279\u5225\u57fa\u91d1\u3067\u3042\u308b\u5834\u5408\u3001\u9867\u5ba2\u3068\u30d7\u30ed\u30d0\u30a4\u30c0\u30fc\u306e\u9593\u306e\u5951\u7d04\u95a2\u4fc2\u304b\u3089\u751f\u3058\u308b\u3059\u3079\u3066\u306e\u7d1b\u4e89\u306e\u7ba1\u8f44\u5730\u306f\u30d7\u30ed\u30d0\u30a4\u30c0\u30fc\u306e\u767b\u9332\u4e8b\u52d9\u6240\u3068\u306a\u308a\u307e\u3059\u3002<\/p>\n<p>\uff084\uff09\u5f53\u793e\u306f\u3001\u6d88\u8cbb\u8005\u4ef2\u88c1\u59d4\u54e1\u4f1a\u306b\u304a\u3051\u308b\u7d1b\u4e89\u89e3\u6c7a\u624b\u7d9a\u304d\u306b\u53c2\u52a0\u3059\u308b\u7fa9\u52d9\u306f\u306a\u304f\u3001\u307e\u305f\u53c2\u52a0\u3059\u308b\u610f\u601d\u3082\u3042\u308a\u307e\u305b\u3093\u3002.<\/p>\t\t\t\t\t\t\t\t<\/div>\n\t\t\t\t<\/div>\n\t\t\t\t\t<\/div>\n\t\t\t\t<\/div>\n\t\t\t\t<\/div>","protected":false},"excerpt":{"rendered":"<p>Allgemeine Gesch\u00e4ftsbedingungen&nbsp; \u00a7 1 Geltung, Begriffsdefinitionen (1) Nanodron GmbH, Eisenbahnstr. 25, 75179 Pforzheim, Deutschland (im Folgenden: \u201ewir\u201c oder \u201eNanodron\u201c) betreibt unter der Webseite https:\/\/nanodron.de einen Online-Shop f\u00fcr Waren. Die nachfolgenden allgemeinen Gesch\u00e4ftsbedingungen gelten f\u00fcr alle Leistungen zwischen uns und unseren Kunden (im Folgenden: \u201eKunde\u201c oder \u201eSie\u201c) in ihrer zum Zeitpunkt der Bestellung g\u00fcltigen Fassung, soweit nicht etwas anderes ausdr\u00fccklich vereinbart wurde. (2) \u201eVerbraucher\u201c im Sinne dieser Gesch\u00e4ftsbedingungen ist jede nat\u00fcrliche Person, die ein Rechtsgesch\u00e4ft zu Zwecken abschlie\u00dft, die \u00fcberwiegend weder ihrer gewerblichen noch ihrer selbst\u00e4ndigen beruflichen T\u00e4tigkeit zugerechnet werden k\u00f6nnen. \u201eUnternehmer\u201c ist eine nat\u00fcrliche oder juristische Person oder eine rechtsf\u00e4hige Personengesellschaft, die bei Abschluss eines Rechtsgesch\u00e4fts in Aus\u00fcbung ihrer gewerblichen [&hellip;]<\/p>\n","protected":false},"author":1,"featured_media":0,"parent":0,"menu_order":999,"comment_status":"closed","ping_status":"closed","template":"","meta":{"site-sidebar-layout":"default","site-content-layout":"","ast-site-content-layout":"default","site-content-style":"default","site-sidebar-style":"default","ast-global-header-display":"","ast-banner-title-visibility":"","ast-main-header-display":"","ast-hfb-above-header-display":"","ast-hfb-below-header-display":"","ast-hfb-mobile-header-display":"","site-post-title":"disabled","ast-breadcrumbs-content":"","ast-featured-img":"","footer-sml-layout":"","theme-transparent-header-meta":"","adv-header-id-meta":"","stick-header-meta":"","header-above-stick-meta":"","header-main-stick-meta":"","header-below-stick-meta":"","astra-migrate-meta-layouts":"","ast-page-background-enabled":"default","ast-page-background-meta":{"desktop":{"background-color":"var(--ast-global-color-4)","background-image":"","background-repeat":"repeat","background-position":"center center","background-size":"auto","background-attachment":"scroll","background-type":"","background-media":"","overlay-type":"","overlay-color":"","overlay-opacity":"","overlay-gradient":""},"tablet":{"background-color":"","background-image":"","background-repeat":"repeat","background-position":"center center","background-size":"auto","background-attachment":"scroll","background-type":"","background-media":"","overlay-type":"","overlay-color":"","overlay-opacity":"","overlay-gradient":""},"mobile":{"background-color":"","background-image":"","background-repeat":"repeat","background-position":"center center","background-size":"auto","background-attachment":"scroll","background-type":"","background-media":"","overlay-type":"","overlay-color":"","overlay-opacity":"","overlay-gradient":""}},"ast-content-background-meta":{"desktop":{"background-color":"var(--ast-global-color-5)","background-image":"","background-repeat":"repeat","background-position":"center center","background-size":"auto","background-attachment":"scroll","background-type":"","background-media":"","overlay-type":"","overlay-color":"","overlay-opacity":"","overlay-gradient":""},"tablet":{"background-color":"var(--ast-global-color-5)","background-image":"","background-repeat":"repeat","background-position":"center center","background-size":"auto","background-attachment":"scroll","background-type":"","background-media":"","overlay-type":"","overlay-color":"","overlay-opacity":"","overlay-gradient":""},"mobile":{"background-color":"var(--ast-global-color-5)","background-image":"","background-repeat":"repeat","background-position":"center center","background-size":"auto","background-attachment":"scroll","background-type":"","background-media":"","overlay-type":"","overlay-color":"","overlay-opacity":"","overlay-gradient":""}},"footnotes":""},"class_list":["post-60","page","type-page","status-publish","hentry"],"_links":{"self":[{"href":"https:\/\/nanodron.de\/ja\/wp-json\/wp\/v2\/pages\/60","targetHints":{"allow":["GET"]}}],"collection":[{"href":"https:\/\/nanodron.de\/ja\/wp-json\/wp\/v2\/pages"}],"about":[{"href":"https:\/\/nanodron.de\/ja\/wp-json\/wp\/v2\/types\/page"}],"author":[{"embeddable":true,"href":"https:\/\/nanodron.de\/ja\/wp-json\/wp\/v2\/users\/1"}],"replies":[{"embeddable":true,"href":"https:\/\/nanodron.de\/ja\/wp-json\/wp\/v2\/comments?post=60"}],"version-history":[{"count":10,"href":"https:\/\/nanodron.de\/ja\/wp-json\/wp\/v2\/pages\/60\/revisions"}],"predecessor-version":[{"id":3232,"href":"https:\/\/nanodron.de\/ja\/wp-json\/wp\/v2\/pages\/60\/revisions\/3232"}],"wp:attachment":[{"href":"https:\/\/nanodron.de\/ja\/wp-json\/wp\/v2\/media?parent=60"}],"curies":[{"name":"wp","href":"https:\/\/api.w.org\/{rel}","templated":true}]}}