{"id":143,"date":"2023-12-01T15:14:20","date_gmt":"2023-12-01T14:14:20","guid":{"rendered":"https:\/\/nanodron.de\/?page_id=143"},"modified":"2025-09-12T20:03:41","modified_gmt":"2025-09-12T18:03:41","slug":"zahlungarten-und-versandarten","status":"publish","type":"page","link":"https:\/\/nanodron.de\/ja\/zahlungarten-und-versandarten\/","title":{"rendered":"\u652f\u6255\u3044\u3068\u914d\u9001\u65b9\u6cd5"},"content":{"rendered":"<div data-elementor-type=\"wp-page\" data-elementor-id=\"143\" class=\"elementor elementor-143\" data-elementor-post-type=\"page\">\n\t\t\t\t<div class=\"elementor-element elementor-element-51a323e e-flex e-con-boxed e-con e-parent\" data-id=\"51a323e\" data-element_type=\"container\" data-e-type=\"container\">\n\t\t\t\t\t<div class=\"e-con-inner\">\n\t\t\t\t<div class=\"elementor-element elementor-element-48bf275 elementor-widget elementor-widget-heading\" data-id=\"48bf275\" data-element_type=\"widget\" data-e-type=\"widget\" data-widget_type=\"heading.default\">\n\t\t\t\t<div class=\"elementor-widget-container\">\n\t\t\t\t\t<p class=\"elementor-heading-title elementor-size-default\">\u6cd5\u4eba\u9867\u5ba2\u5411\u3051\u306e\u500b\u5225\u878d\u8cc7\u30bd\u30ea\u30e5\u30fc\u30b7\u30e7\u30f3<\/p>\t\t\t\t<\/div>\n\t\t\t\t<\/div>\n\t\t\t\t<div class=\"elementor-element elementor-element-059456d elementor-widget elementor-widget-text-editor\" data-id=\"059456d\" data-element_type=\"widget\" data-e-type=\"widget\" data-widget_type=\"text-editor.default\">\n\t\t\t\t<div class=\"elementor-widget-container\">\n\t\t\t\t\t\t\t\t\t<p>\u6cd5\u4eba\u306e\u304a\u5ba2\u69d8\u306b\u306f\u3001\u30ea\u30fc\u30b9\u307e\u305f\u306f\u5272\u8ce6\u8cfc\u5165\u3092\u901a\u3058\u3066\u3001\u304a\u5ba2\u69d8\u306b\u5408\u308f\u305b\u305f\u30d5\u30a1\u30a4\u30ca\u30f3\u30b9\u30aa\u30d7\u30b7\u30e7\u30f3\u3092\u3054\u63d0\u4f9b\u3044\u305f\u3057\u307e\u3059\u3002\u304a\u6c17\u8efd\u306b\u304a\u554f\u3044\u5408\u308f\u305b\u304f\u3060\u3055\u3044\u3002\u559c\u3093\u3067\u500b\u5225\u306b\u30a2\u30c9\u30d0\u30a4\u30b9\u3055\u305b\u3066\u3044\u305f\u3060\u304d\u307e\u3059\u3002<\/p>\t\t\t\t\t\t\t\t<\/div>\n\t\t\t\t<\/div>\n\t\t\t\t<div class=\"elementor-element elementor-element-e20af43 elementor-widget elementor-widget-heading\" data-id=\"e20af43\" data-element_type=\"widget\" data-e-type=\"widget\" data-widget_type=\"heading.default\">\n\t\t\t\t<div class=\"elementor-widget-container\">\n\t\t\t\t\t<p class=\"elementor-heading-title elementor-size-default\">\u500b\u4eba\u306e\u304a\u5ba2\u69d8<\/p>\t\t\t\t<\/div>\n\t\t\t\t<\/div>\n\t\t\t\t<div class=\"elementor-element elementor-element-85dc887 elementor-widget elementor-widget-text-editor\" data-id=\"85dc887\" data-element_type=\"widget\" data-e-type=\"widget\" data-widget_type=\"text-editor.default\">\n\t\t\t\t<div class=\"elementor-widget-container\">\n\t\t\t\t\t\t\t\t\t<p>\u500b\u4eba\u306e\u304a\u5ba2\u69d8\u306e\u5834\u5408\u306f\u3001\u524d\u6255\u3044\u3067\u4fbf\u5229\u306b\u3054\u6ce8\u6587\u3044\u305f\u3060\u3051\u307e\u3059\u3002 <br \/>\u304a\u96fb\u8a71\u3067\u306e\u3054\u6ce8\u6587\u3082\u627f\u3063\u3066\u304a\u308a\u307e\u3059\u3002 <strong data-start=\"571\" data-end=\"590\">07231 \/ 7810780<\/strong> \u307e\u305f\u306f\u30e1\u30fc\u30eb\u3067 <strong data-start=\"610\" data-end=\"630\"><a class=\"cursor-pointer\" rel=\"noopener\" data-start=\"612\" data-end=\"628\">info@nanodron.de<\/a><\/strong> \u3068\u306f\u5bfe\u7167\u7684\u306b\u3002 <br \/>\u3042\u308b\u3044\u306f\u3001NANODRON\u00ae \u3092\u5f53\u793e\u306e\u30aa\u30f3\u30e9\u30a4\u30f3 \u30b7\u30e7\u30c3\u30d7\u304b\u3089\u76f4\u63a5\u6ce8\u6587\u3059\u308b\u3053\u3068\u3082\u3067\u304d\u307e\u3059\u3002<\/p>\t\t\t\t\t\t\t\t<\/div>\n\t\t\t\t<\/div>\n\t\t\t\t<div class=\"elementor-element elementor-element-bb1d94e elementor-widget elementor-widget-heading\" data-id=\"bb1d94e\" data-element_type=\"widget\" data-e-type=\"widget\" data-widget_type=\"heading.default\">\n\t\t\t\t<div class=\"elementor-widget-container\">\n\t\t\t\t\t<p class=\"elementor-heading-title elementor-size-default\">\u652f\u6255\u3044\u65b9\u6cd5\u306b\u95a2\u3059\u308b\u8a73\u7d30\u60c5\u5831<\/p>\t\t\t\t<\/div>\n\t\t\t\t<\/div>\n\t\t\t\t<div class=\"elementor-element elementor-element-8ee32db elementor-widget elementor-widget-text-editor\" data-id=\"8ee32db\" data-element_type=\"widget\" data-e-type=\"widget\" data-widget_type=\"text-editor.default\">\n\t\t\t\t<div class=\"elementor-widget-container\">\n\t\t\t\t\t\t\t\t\t<p>\u5b89\u5168\u304b\u3064\u7c21\u5358\u306b\u304a\u652f\u6255\u3044\u3044\u305f\u3060\u3051\u307e\u3059\u3002\u6ce8\u6587\u30d7\u30ed\u30bb\u30b9\u4e2d\u306b\u3001\u53ef\u80fd\u306a\u3059\u3079\u3066\u306e\u652f\u6255\u3044\u65b9\u6cd5\u304c\u8868\u793a\u3055\u308c\u307e\u3059\u3002\u5e0c\u671b\u3059\u308b\u652f\u6255\u3044\u65b9\u6cd5\u3092\u6c7a\u5b9a\u3057\u307e\u3059\u3002<\/p><p><strong>\u30af\u30ec\u30b8\u30c3\u30c8\u30ab\u30fc\u30c9\u306b\u3088\u308b\u652f\u6255\u3044\uff08Stripe\u7d4c\u7531\uff09<\/strong><\/p><p>\u6b21\u306e\u30af\u30ec\u30b8\u30c3\u30c8 \u30ab\u30fc\u30c9\u304c\u3054\u5229\u7528\u3044\u305f\u3060\u3051\u307e\u3059: VISA\u3001Mastercard\u3001American Express<\/p><p>\u30af\u30ec\u30b8\u30c3\u30c8 \u30ab\u30fc\u30c9\u3067\u652f\u6255\u3046\u306b\u306f\u300116 \u6841\u306e\u30ab\u30fc\u30c9\u756a\u53f7\u3001\u6709\u52b9\u671f\u9593\u3001CVV\/CVC \u3068\u3082\u547c\u3070\u308c\u308b\u30c1\u30a7\u30c3\u30af \u30c7\u30b8\u30c3\u30c8\u304c\u5fc5\u8981\u3067\u3059\u3002 VISA \u304a\u3088\u3073 MasterCard \u306e\u5834\u5408\u3001\u30c1\u30a7\u30c3\u30af \u30c7\u30a3\u30b8\u30c3\u30c8\u306f\u30ab\u30fc\u30c9\u88cf\u9762\u306e\u7f72\u540d\u30d5\u30a3\u30fc\u30eb\u30c9\u306e\u6a2a\u306b\u3042\u308b 3 \u6841\u306b\u5bfe\u5fdc\u3057\u307e\u3059\u3002 American Express \u30ab\u30fc\u30c9\u3067\u306f\u30014 \u6841\u306e\u30c1\u30a7\u30c3\u30af\u756a\u53f7\u304c\u8868\u9762\u306e\u30a8\u30f3\u30dc\u30b9\u30ab\u30fc\u30c9\u756a\u53f7\u306e\u3059\u3050\u4e0a\u306b\u3042\u308a\u307e\u3059\u3002\u30c7\u30fc\u30bf\u306f\u5b89\u5168\u306a SSL \u6697\u53f7\u5316\u30d7\u30ed\u30bb\u30b9\u3092\u4f7f\u7528\u3057\u3066\u4fdd\u8b77\u3055\u308c\u3001\u3059\u3050\u306b\u51e6\u7406\u3055\u308c\u307e\u3059\u3002<br \/>\u30af\u30ec\u30b8\u30c3\u30c8 \u30ab\u30fc\u30c9\u3067\u304a\u652f\u6255\u3044\u304c\u5b8c\u4e86\u3057\u305f\u5834\u5408\u306f\u3001\u5546\u54c1\u306e\u767a\u9001\u6642\u306b\u8acb\u6c42\u984d\u304c\u30af\u30ec\u30b8\u30c3\u30c8 \u30ab\u30fc\u30c9\u53e3\u5ea7\u304b\u3089\u5f15\u304d\u843d\u3068\u3055\u308c\u307e\u3059\u3002<\/p><p><strong>\u9280\u884c\u632f\u8fbc\u306b\u3088\u308b\u304a\u652f\u6255\u3044<\/strong> <strong>\uff08\u524d\u6255\u3044\uff09<\/strong><\/p><p>\u9280\u884c\u53e3\u5ea7\u306e\u8a73\u7d30\u3068\u6ce8\u6587\u756a\u53f7\u3092\u4f7f\u7528\u3057\u3066\u9001\u91d1\u3092\u884c\u3063\u3066\u304f\u3060\u3055\u3044\u3002\u3054\u6ce8\u6587\u5f8c\u3001\u9280\u884c\u632f\u8fbc\u306e\u8a73\u7d30\u3092\u30e1\u30fc\u30eb\u3067\u304a\u77e5\u3089\u305b\u3044\u305f\u3057\u307e\u3059\u3002<\/p>\t\t\t\t\t\t\t\t<\/div>\n\t\t\t\t<\/div>\n\t\t\t\t<div class=\"elementor-element elementor-element-0bb0fa9 elementor-widget elementor-widget-heading\" data-id=\"0bb0fa9\" data-element_type=\"widget\" data-e-type=\"widget\" data-widget_type=\"heading.default\">\n\t\t\t\t<div class=\"elementor-widget-container\">\n\t\t\t\t\t<p class=\"elementor-heading-title elementor-size-default\">\u914d\u9001\u65b9\u6cd5<\/p>\t\t\t\t<\/div>\n\t\t\t\t<\/div>\n\t\t\t\t<div class=\"elementor-element elementor-element-741dd95 elementor-widget elementor-widget-text-editor\" data-id=\"741dd95\" data-element_type=\"widget\" data-e-type=\"widget\" data-widget_type=\"text-editor.default\">\n\t\t\t\t<div class=\"elementor-widget-container\">\n\t\t\t\t\t\t\t\t\t<div class=\"wp-block-group\"><div class=\"wp-block-group__inner-container is-layout-constrained wp-block-group-is-layout-constrained\"><p>\u5e38\u306b\u53ef\u80fd\u306a\u9650\u308a\u6700\u65b0\u306e\u60c5\u5831\u3092\u63d0\u4f9b\u3057\u307e\u3059 <strong>\u914d\u9054\u4e88\u5b9a\u6642\u9593<\/strong> \u305d\u3057\u3066\u3042\u306a\u305f\u306e\u6ce8\u6587\u306e\u73fe\u5728\u306e\u30b9\u30c6\u30fc\u30bf\u30b9\u3002\u8ffd\u8de1\u756a\u53f7\u3092\u4f7f\u7528\u3057\u3066\u3001\u5f53\u793e\u306e\u5c0f\u5305\u30b5\u30fc\u30d3\u30b9 DHL \u306b\u3088\u308b\u914d\u9001\u3092\u8ffd\u8de1\u3059\u308b\u30aa\u30d7\u30b7\u30e7\u30f3\u3082\u3042\u308a\u307e\u3059\u3002\u8ffd\u8de1\u756a\u53f7\u3068\u8ffd\u8de1\u7528\u306e\u30ea\u30f3\u30af\u306f\u3001\u767a\u9001\u78ba\u8a8d\u30e1\u30fc\u30eb\u3068\u3068\u3082\u306b\u9001\u4fe1\u3055\u308c\u307e\u3059\u3002<\/p><p>\u306e <strong>\u9001\u6599<\/strong> \u305d\u308c\u305e\u308c\u304c\u7570\u306a\u308a\u307e\u3059 <strong>\u914d\u9001\u56fd<\/strong>\u3002\u30c9\u30a4\u30c4\u56fd\u5185\u3067\u3042\u308c\u3070\u3054\u81ea\u5b85\u3078\u306e\u914d\u9001\u306f\u7121\u6599\u3067\u3059\u3002\u500b\u5225\u306e\u9001\u6599\u306f\u3001\u30c1\u30a7\u30c3\u30af\u30a2\u30a6\u30c8\u6642\u306b\u30c1\u30a7\u30c3\u30af\u30a2\u30a6\u30c8\u9818\u57df\u306b\u8868\u793a\u3055\u308c\u307e\u3059\u3002<\/p><p>\u6ce8: EU \u4ee5\u5916\u306e\u56fd\u306b\u767a\u9001\u3059\u308b\u5834\u5408\u3001\u8ffd\u52a0\u306e\u7a0e\u91d1\u3084\u8cbb\u7528 (\u95a2\u7a0e\u306a\u3069) \u304c\u3054\u6ce8\u6587\u306b\u9069\u7528\u3055\u308c\u308b\u5834\u5408\u304c\u3042\u308a\u307e\u3059\u3002<\/p><\/div><\/div>\t\t\t\t\t\t\t\t<\/div>\n\t\t\t\t<\/div>\n\t\t\t\t\t<\/div>\n\t\t\t\t<\/div>\n\t\t\t\t<\/div>","protected":false},"excerpt":{"rendered":"<p>Individuelle Finanzierungsl\u00f6sungen f\u00fcr Gesch\u00e4ftskunden F\u00fcr unsere gewerblichen Kunden bieten wir ma\u00dfgeschneiderte Finanzierungsm\u00f6glichkeiten \u2013 wahlweise per Leasing oder Mietkauf. Sprechen Sie uns gerne dazu an, wir beraten Sie pers\u00f6nlich. Privatkunden Als Privatkunde haben Sie die M\u00f6glichkeit bequem per Vorkasse zu bestellen. Gerne nehmen wir Ihre Bestellung telefonisch unter 07231 \/ 7810780 oder per E-Mail an info@nanodron.de entgegen. Alternativ k\u00f6nnen Sie Ihren NANODRON\u00ae auch direkt \u00fcber unseren Onlineshop bestellen. Weitere Informationen zu Zahlungsarten Sicher &amp; einfach bezahlen. Alle m\u00f6glichen Zahlungsarten werden w\u00e4hrend des Bestellvorgangs angezeigt. Sie entscheiden, wie Sie am liebsten bezahlen m\u00f6chten: Zahlungen per Kreditkarte (\u00fcber Anbieter Stripe) Es werden folgende Kreditkarten akzeptiert: VISA, Mastercard, American Express F\u00fcr die Zahlung mit [&hellip;]<\/p>\n","protected":false},"author":1,"featured_media":0,"parent":0,"menu_order":999,"comment_status":"closed","ping_status":"closed","template":"","meta":{"site-sidebar-layout":"no-sidebar","site-content-layout":"","ast-site-content-layout":"full-width-container","site-content-style":"default","site-sidebar-style":"default","ast-global-header-display":"","ast-banner-title-visibility":"","ast-main-header-display":"","ast-hfb-above-header-display":"","ast-hfb-below-header-display":"","ast-hfb-mobile-header-display":"","site-post-title":"disabled","ast-breadcrumbs-content":"","ast-featured-img":"disabled","footer-sml-layout":"","theme-transparent-header-meta":"","adv-header-id-meta":"","stick-header-meta":"","header-above-stick-meta":"","header-main-stick-meta":"","header-below-stick-meta":"","astra-migrate-meta-layouts":"default","ast-page-background-enabled":"default","ast-page-background-meta":{"desktop":{"background-color":"var(--ast-global-color-4)","background-image":"","background-repeat":"repeat","background-position":"center center","background-size":"auto","background-attachment":"scroll","background-type":"","background-media":"","overlay-type":"","overlay-color":"","overlay-opacity":"","overlay-gradient":""},"tablet":{"background-color":"","background-image":"","background-repeat":"repeat","background-position":"center center","background-size":"auto","background-attachment":"scroll","background-type":"","background-media":"","overlay-type":"","overlay-color":"","overlay-opacity":"","overlay-gradient":""},"mobile":{"background-color":"","background-image":"","background-repeat":"repeat","background-position":"center center","background-size":"auto","background-attachment":"scroll","background-type":"","background-media":"","overlay-type":"","overlay-color":"","overlay-opacity":"","overlay-gradient":""}},"ast-content-background-meta":{"desktop":{"background-color":"var(--ast-global-color-5)","background-image":"","background-repeat":"repeat","background-position":"center center","background-size":"auto","background-attachment":"scroll","background-type":"","background-media":"","overlay-type":"","overlay-color":"","overlay-opacity":"","overlay-gradient":""},"tablet":{"background-color":"var(--ast-global-color-5)","background-image":"","background-repeat":"repeat","background-position":"center center","background-size":"auto","background-attachment":"scroll","background-type":"","background-media":"","overlay-type":"","overlay-color":"","overlay-opacity":"","overlay-gradient":""},"mobile":{"background-color":"var(--ast-global-color-5)","background-image":"","background-repeat":"repeat","background-position":"center center","background-size":"auto","background-attachment":"scroll","background-type":"","background-media":"","overlay-type":"","overlay-color":"","overlay-opacity":"","overlay-gradient":""}},"footnotes":""},"class_list":["post-143","page","type-page","status-publish","hentry"],"_links":{"self":[{"href":"https:\/\/nanodron.de\/ja\/wp-json\/wp\/v2\/pages\/143","targetHints":{"allow":["GET"]}}],"collection":[{"href":"https:\/\/nanodron.de\/ja\/wp-json\/wp\/v2\/pages"}],"about":[{"href":"https:\/\/nanodron.de\/ja\/wp-json\/wp\/v2\/types\/page"}],"author":[{"embeddable":true,"href":"https:\/\/nanodron.de\/ja\/wp-json\/wp\/v2\/users\/1"}],"replies":[{"embeddable":true,"href":"https:\/\/nanodron.de\/ja\/wp-json\/wp\/v2\/comments?post=143"}],"version-history":[{"count":11,"href":"https:\/\/nanodron.de\/ja\/wp-json\/wp\/v2\/pages\/143\/revisions"}],"predecessor-version":[{"id":4737,"href":"https:\/\/nanodron.de\/ja\/wp-json\/wp\/v2\/pages\/143\/revisions\/4737"}],"wp:attachment":[{"href":"https:\/\/nanodron.de\/ja\/wp-json\/wp\/v2\/media?parent=143"}],"curies":[{"name":"wp","href":"https:\/\/api.w.org\/{rel}","templated":true}]}}