{"id":64,"date":"2023-12-13T15:08:30","date_gmt":"2023-12-13T14:08:30","guid":{"rendered":"https:\/\/nanodron.de\/?page_id=64"},"modified":"2025-10-22T20:21:25","modified_gmt":"2025-10-22T18:21:25","slug":"impressum","status":"publish","type":"page","link":"https:\/\/nanodron.de\/fr\/impressum\/","title":{"rendered":"imprimer"},"content":{"rendered":"<h3>imprimer<\/h3>\n<p><strong>Informations conform\u00e9ment \u00e0 l&#039;article 5 de la loi sur les services num\u00e9riques (DDG)<\/strong><br \/>\nNANODRON GmbH<br \/>\nEisenbahnstr. 25<br \/>\n75179 Pforzheim<\/p>\n<p>Registre du commerce : HRB 740501<br \/>\nTribunal d&#039;enregistrement : tribunal de grande instance de Mannheim<\/p>\n<p><strong>Repr\u00e9sent\u00e9 par:<\/strong><br \/>\nWaldemar Beck (directeur g\u00e9n\u00e9ral)<\/p>\n<p><strong>Contact:<\/strong><br \/>\nT\u00e9l\u00e9phone : +49 (0) 72 31 \u2013 781 07 80<br \/>\nFax : +49 (0) 72 31 \u2013 781 07 89<br \/>\nE-mail : info@nanodron.de<\/p>\n<p><strong>Num\u00e9ro d&#039;identification fiscale<\/strong><br \/>\nNum\u00e9ro d&#039;identification de taxe sur les ventes conform\u00e9ment \u00e0 l&#039;article 27 a de la loi sur la taxe sur les ventes\u00a0:<br \/>\nDE343850333<\/p>\n<p><strong>Responsable du contenu selon \u00a7 18 al. 2<\/strong> <strong>Trait\u00e9 d&#039;\u00c9tat sur les m\u00e9dias (MStV) :<\/strong><br data-start=\"1081\" data-end=\"1084\" \/>Waldemar Beck (directeur g\u00e9n\u00e9ral)<br data-start=\"1104\" data-end=\"1107\" \/>Eisenbahnstr. 25<br \/>\n75179 Pforzheim<\/p>\n<p>Nous ne sommes ni oblig\u00e9s ni dispos\u00e9s \u00e0 participer \u00e0 une proc\u00e9dure de r\u00e8glement des litiges devant un conseil d&#039;arbitrage des consommateurs.<\/p>\n<h3>Clause de non-responsabilit\u00e9<\/h3>\n<p data-start=\"489\" data-end=\"516\"><strong data-start=\"493\" data-end=\"516\">Responsabilit\u00e9 du contenu<br \/>\n<\/strong>Le contenu de ce site web a \u00e9t\u00e9 cr\u00e9\u00e9 avec le plus grand soin. Cependant, nous d\u00e9clinons toute responsabilit\u00e9 quant \u00e0 son exactitude, son exhaustivit\u00e9 ou son actualit\u00e9. Vous utilisez le contenu disponible \u00e0 vos propres risques. Nous nous r\u00e9servons le droit d&#039;apporter des modifications ou des ajouts aux informations fournies \u00e0 tout moment.<\/p>\n<p data-start=\"518\" data-end=\"846\"><strong data-start=\"895\" data-end=\"911\">droits d&#039;auteur<\/strong><br data-start=\"911\" data-end=\"914\" \/>Le contenu et les \u0153uvres publi\u00e9s sur ce site web sont soumis \u00e0 la l\u00e9gislation allemande sur le droit d&#039;auteur. Toute reproduction, traitement, diffusion ou autre utilisation des informations, notamment de textes, d&#039;extraits de textes, d&#039;images ou d&#039;autres contenus, n\u00e9cessite l&#039;autorisation \u00e9crite pr\u00e9alable de l&#039;auteur ou du titulaire des droits. Les contributions de tiers sont signal\u00e9es comme telles.<\/p>\n<p data-start=\"848\" data-end=\"902\"><strong data-start=\"852\" data-end=\"902\">Responsabilit\u00e9 des liens externes (y compris les r\u00e9seaux sociaux)<br \/>\n<\/strong>Notre site web contient des liens vers des sites web externes et des plateformes de r\u00e9seaux sociaux de tiers (par exemple, Instagram, Facebook, YouTube), sur le contenu desquels nous n&#039;avons aucune influence. Par cons\u00e9quent, nous d\u00e9clinons toute responsabilit\u00e9 quant \u00e0 ces contenus externes. Le fournisseur ou l&#039;exploitant concern\u00e9 est toujours responsable du contenu des pages li\u00e9es. Au moment de la cr\u00e9ation du lien, aucun contenu ill\u00e9gal n&#039;\u00e9tait visible. Cependant, une surveillance permanente du contenu des pages li\u00e9es est d\u00e9raisonnable sans preuve concr\u00e8te d&#039;une violation de la loi. D\u00e8s notification d&#039;une violation de la loi, ces liens seront imm\u00e9diatement supprim\u00e9s.<\/p>","protected":false},"excerpt":{"rendered":"<p>Impressum Angaben gem\u00e4\u00df \u00a7 5 Digitale-Dienste-Gesetz (DDG) NANODRON GmbH Eisenbahnstr. 25 75179 Pforzheim Handelsregister: HRB 740501 Registergericht: Amtsgericht Mannheim Vertreten durch: Waldemar Beck (Gesch\u00e4ftsf\u00fchrer) Kontakt: Telefon: +49 (0) 72 31 \u2013 781 07 80 Telefax: +49 (0) 72 31 \u2013 781 07 89 E-Mail: info@nanodron.de Umsatzsteuer-ID Umsatzsteuer-Identifikationsnummer gem\u00e4\u00df \u00a7 27 a Umsatzsteuergesetz: DE343850333 Verantwortlich f\u00fcr [&hellip;]<\/p>\n","protected":false},"author":1,"featured_media":0,"parent":0,"menu_order":99,"comment_status":"closed","ping_status":"closed","template":"","meta":{"site-sidebar-layout":"default","site-content-layout":"","ast-site-content-layout":"","site-content-style":"default","site-sidebar-style":"default","ast-global-header-display":"","ast-banner-title-visibility":"","ast-main-header-display":"","ast-hfb-above-header-display":"","ast-hfb-below-header-display":"","ast-hfb-mobile-header-display":"","site-post-title":"disabled","ast-breadcrumbs-content":"","ast-featured-img":"","footer-sml-layout":"","theme-transparent-header-meta":"","adv-header-id-meta":"","stick-header-meta":"","header-above-stick-meta":"","header-main-stick-meta":"","header-below-stick-meta":"","astra-migrate-meta-layouts":"","ast-page-background-enabled":"default","ast-page-background-meta":{"desktop":{"background-color":"var(--ast-global-color-4)","background-image":"","background-repeat":"repeat","background-position":"center center","background-size":"auto","background-attachment":"scroll","background-type":"","background-media":"","overlay-type":"","overlay-color":"","overlay-opacity":"","overlay-gradient":""},"tablet":{"background-color":"","background-image":"","background-repeat":"repeat","background-position":"center center","background-size":"auto","background-attachment":"scroll","background-type":"","background-media":"","overlay-type":"","overlay-color":"","overlay-opacity":"","overlay-gradient":""},"mobile":{"background-color":"","background-image":"","background-repeat":"repeat","background-position":"center center","background-size":"auto","background-attachment":"scroll","background-type":"","background-media":"","overlay-type":"","overlay-color":"","overlay-opacity":"","overlay-gradient":""}},"ast-content-background-meta":{"desktop":{"background-color":"var(--ast-global-color-5)","background-image":"","background-repeat":"repeat","background-position":"center center","background-size":"auto","background-attachment":"scroll","background-type":"","background-media":"","overlay-type":"","overlay-color":"","overlay-opacity":"","overlay-gradient":""},"tablet":{"background-color":"var(--ast-global-color-5)","background-image":"","background-repeat":"repeat","background-position":"center center","background-size":"auto","background-attachment":"scroll","background-type":"","background-media":"","overlay-type":"","overlay-color":"","overlay-opacity":"","overlay-gradient":""},"mobile":{"background-color":"var(--ast-global-color-5)","background-image":"","background-repeat":"repeat","background-position":"center center","background-size":"auto","background-attachment":"scroll","background-type":"","background-media":"","overlay-type":"","overlay-color":"","overlay-opacity":"","overlay-gradient":""}},"footnotes":""},"class_list":["post-64","page","type-page","status-publish","hentry"],"_links":{"self":[{"href":"https:\/\/nanodron.de\/fr\/wp-json\/wp\/v2\/pages\/64","targetHints":{"allow":["GET"]}}],"collection":[{"href":"https:\/\/nanodron.de\/fr\/wp-json\/wp\/v2\/pages"}],"about":[{"href":"https:\/\/nanodron.de\/fr\/wp-json\/wp\/v2\/types\/page"}],"author":[{"embeddable":true,"href":"https:\/\/nanodron.de\/fr\/wp-json\/wp\/v2\/users\/1"}],"replies":[{"embeddable":true,"href":"https:\/\/nanodron.de\/fr\/wp-json\/wp\/v2\/comments?post=64"}],"version-history":[{"count":10,"href":"https:\/\/nanodron.de\/fr\/wp-json\/wp\/v2\/pages\/64\/revisions"}],"predecessor-version":[{"id":4827,"href":"https:\/\/nanodron.de\/fr\/wp-json\/wp\/v2\/pages\/64\/revisions\/4827"}],"wp:attachment":[{"href":"https:\/\/nanodron.de\/fr\/wp-json\/wp\/v2\/media?parent=64"}],"curies":[{"name":"wp","href":"https:\/\/api.w.org\/{rel}","templated":true}]}}