{"id":62,"date":"2023-11-25T13:26:47","date_gmt":"2023-11-25T12:26:47","guid":{"rendered":"https:\/\/nanodron.de\/?page_id=62"},"modified":"2025-09-12T20:06:44","modified_gmt":"2025-09-12T18:06:44","slug":"widerrufsbelehrung","status":"publish","type":"page","link":"https:\/\/nanodron.de\/fr\/widerrufsbelehrung\/","title":{"rendered":"Droit de r\u00e9tractation"},"content":{"rendered":"<div data-elementor-type=\"wp-page\" data-elementor-id=\"62\" class=\"elementor elementor-62\" data-elementor-post-type=\"page\">\n\t\t\t\t<div class=\"elementor-element elementor-element-ccddca1 e-flex e-con-boxed e-con e-parent\" data-id=\"ccddca1\" data-element_type=\"container\" data-e-type=\"container\">\n\t\t\t\t\t<div class=\"e-con-inner\">\n\t\t\t\t<div class=\"elementor-element elementor-element-9d4a2fe elementor-widget elementor-widget-text-editor\" data-id=\"9d4a2fe\" data-element_type=\"widget\" data-e-type=\"widget\" data-widget_type=\"text-editor.default\">\n\t\t\t\t<div class=\"elementor-widget-container\">\n\t\t\t\t\t\t\t\t\t<h4><strong>Droit de r\u00e9tractation\u00a0<\/strong><\/h4><p>\u00a0<\/p><p><strong>A. Droit de r\u00e9tractation<br \/><\/strong>Si l&#039;acheteur est un consommateur, il dispose d&#039;un droit de r\u00e9tractation conform\u00e9ment aux dispositions suivantes :<\/p><p>Vous avez le droit de vous r\u00e9tracter du pr\u00e9sent contrat dans un d\u00e9lai de quatorze jours sans donner de motif. Le d\u00e9lai de r\u00e9tractation est de quatorze jours \u00e0 compter du jour o\u00f9 vous-m\u00eame, ou un tiers autre que le transporteur d\u00e9sign\u00e9 par vous, prenez possession des biens.\u00a0<\/p><p>Pour exercer votre droit de r\u00e9tractation, vous devez nous informer (NANODRON GmbH, Eisenbahnstr. 25, 75179 Pforzheim, Allemagne, t\u00e9l\u00e9phone\u00a0: +49 7231 781 07 80, e-mail\u00a0: info@nanodron.de) de votre d\u00e9cision de r\u00e9tractation du pr\u00e9sent contrat au moyen d&#039;une d\u00e9claration d\u00e9nu\u00e9e d&#039;ambigu\u00eft\u00e9 (par exemple, lettre envoy\u00e9e par la poste ou e-mail). Vous pouvez utiliser le mod\u00e8le de formulaire de r\u00e9tractation ci-joint, mais ce n&#039;est pas obligatoire.<\/p><p>Afin de respecter le d\u00e9lai de r\u00e9tractation, il suffit que vous envoyiez la notification de votre exercice du droit de r\u00e9tractation avant l&#039;expiration du d\u00e9lai de r\u00e9tractation.<\/p><p><strong>B. Cons\u00e9quences de la r\u00e9vocation<\/strong><br \/>En cas de r\u00e9tractation de votre part, nous vous rembourserons tous les paiements re\u00e7us de vous, y compris les frais de livraison (\u00e0 l&#039;exception des frais suppl\u00e9mentaires r\u00e9sultant de votre choix d&#039;un mode de livraison autre que la livraison standard la moins ch\u00e8re que nous proposons), dans les meilleurs d\u00e9lais et au plus tard dans les quatorze jours suivant la date \u00e0 laquelle nous avons re\u00e7u notification de votre r\u00e9tractation. Pour ce remboursement, nous utiliserons le m\u00eame moyen de paiement que celui utilis\u00e9 pour la transaction initiale, sauf accord contraire expr\u00e8s avec vous\u00a0; aucun frais ne vous sera factur\u00e9 pour ce remboursement. Nous pouvons refuser le remboursement jusqu&#039;\u00e0 ce que nous ayons re\u00e7u les marchandises ou jusqu&#039;\u00e0 ce que vous ayez fourni la preuve de leur retour, la date retenue \u00e9tant celle du premier de ces faits.<\/p><p>Vous devez renvoyer ou remettre les marchandises rapidement et en tout \u00e9tat de cause au plus tard quatorze jours \u00e0 compter de la date \u00e0 laquelle vous nous avez notifi\u00e9 la r\u00e9tractation du pr\u00e9sent contrat \u00e0<\/p><p>NANODRON GmbH, Eisenbahnstr. 25, 75179 Pforzheim, Allemagne<\/p><p>de retourner ou de remettre les marchandises. Ce d\u00e9lai est respect\u00e9 si vous renvoyez les marchandises avant l&#039;expiration du d\u00e9lai de quatorze jours.<\/p><p>Vous prendrez en charge les frais directs de retour des marchandises. Votre responsabilit\u00e9 ne sera engag\u00e9e en cas de perte de valeur des marchandises que si celle-ci est due \u00e0 une manipulation autre que celle n\u00e9cessaire \u00e0 la v\u00e9rification de leur qualit\u00e9, de leurs propri\u00e9t\u00e9s et de leur fonctionnement. \u00ab\u00a0V\u00e9rifier la qualit\u00e9, les propri\u00e9t\u00e9s et le fonctionnement\u00a0\u00bb signifie tester et essayer les marchandises concern\u00e9es, comme cela est possible et habituel dans un magasin, par exemple.\u00a0<\/p><p><strong>C. Exclusion du droit de r\u00e9tractation<br \/><\/strong>Le droit de r\u00e9tractation ne s&#039;applique pas aux contrats de livraison de biens fabriqu\u00e9s selon les sp\u00e9cifications du client ou clairement adapt\u00e9s aux besoins personnels.<\/p><p><b>D. Exemple de formulaire d&#039;annulation<br \/><\/b>(Si vous souhaitez annuler le contrat, veuillez remplir ce formulaire et le retourner)<b><br \/><\/b><\/p><p>\u2013 \u00c0 : NANODRON GmbH, Eisenbahnstr. 25, 75179 Pforzheim, T\u00e9l. +49 7231 781 07 80<\/p><p>\u2013 Je\/nous (*) r\u00e9voque\/r\u00e9voquons par la pr\u00e9sente le contrat conclu par moi\/nous (*) pour l\u2019achat des biens suivants (*)\/la fourniture du service suivant (*)<\/p><p>\u2013 Command\u00e9 le (*)\/re\u00e7u le (*)<\/p><p>\u2013 Nom du ou des consommateurs<\/p><p>\u2013 Adresse du ou des consommateurs<\/p><p>\u2013 Signature du\/des consommateur(s) (uniquement si la notification est faite sur papier)<\/p><p>- Date<\/p><p>(*) Supprimer la mention inutile<\/p>\t\t\t\t\t\t\t\t<\/div>\n\t\t\t\t<\/div>\n\t\t\t\t\t<\/div>\n\t\t\t\t<\/div>\n\t\t\t\t<\/div>","protected":false},"excerpt":{"rendered":"<p>Widerrufsbelehrung\u00a0 \u00a0 A. WiderrufsrechtIst der K\u00e4ufer Verbraucher, steht ihm ein Widerrufsrecht nach folgender Ma\u00dfgabe zu: Sie haben das Recht, binnen vierzehn Tagen ohne Angabe von Gr\u00fcnden diesen Vertrag zu widerrufen. Die Widerrufsfrist betr\u00e4gt vierzehn Tage ab dem Tag, an dem Sie oder ein von Ihnen benannter Dritter, der nicht Bef\u00f6rderer ist, die Waren in Besitz [&hellip;]<\/p>\n","protected":false},"author":1,"featured_media":0,"parent":0,"menu_order":999,"comment_status":"closed","ping_status":"closed","template":"","meta":{"site-sidebar-layout":"no-sidebar","site-content-layout":"","ast-site-content-layout":"full-width-container","site-content-style":"default","site-sidebar-style":"default","ast-global-header-display":"","ast-banner-title-visibility":"","ast-main-header-display":"","ast-hfb-above-header-display":"","ast-hfb-below-header-display":"","ast-hfb-mobile-header-display":"","site-post-title":"disabled","ast-breadcrumbs-content":"","ast-featured-img":"disabled","footer-sml-layout":"","theme-transparent-header-meta":"","adv-header-id-meta":"","stick-header-meta":"","header-above-stick-meta":"","header-main-stick-meta":"","header-below-stick-meta":"","astra-migrate-meta-layouts":"default","ast-page-background-enabled":"default","ast-page-background-meta":{"desktop":{"background-color":"var(--ast-global-color-4)","background-image":"","background-repeat":"repeat","background-position":"center center","background-size":"auto","background-attachment":"scroll","background-type":"","background-media":"","overlay-type":"","overlay-color":"","overlay-opacity":"","overlay-gradient":""},"tablet":{"background-color":"","background-image":"","background-repeat":"repeat","background-position":"center center","background-size":"auto","background-attachment":"scroll","background-type":"","background-media":"","overlay-type":"","overlay-color":"","overlay-opacity":"","overlay-gradient":""},"mobile":{"background-color":"","background-image":"","background-repeat":"repeat","background-position":"center center","background-size":"auto","background-attachment":"scroll","background-type":"","background-media":"","overlay-type":"","overlay-color":"","overlay-opacity":"","overlay-gradient":""}},"ast-content-background-meta":{"desktop":{"background-color":"var(--ast-global-color-5)","background-image":"","background-repeat":"repeat","background-position":"center center","background-size":"auto","background-attachment":"scroll","background-type":"","background-media":"","overlay-type":"","overlay-color":"","overlay-opacity":"","overlay-gradient":""},"tablet":{"background-color":"var(--ast-global-color-5)","background-image":"","background-repeat":"repeat","background-position":"center center","background-size":"auto","background-attachment":"scroll","background-type":"","background-media":"","overlay-type":"","overlay-color":"","overlay-opacity":"","overlay-gradient":""},"mobile":{"background-color":"var(--ast-global-color-5)","background-image":"","background-repeat":"repeat","background-position":"center center","background-size":"auto","background-attachment":"scroll","background-type":"","background-media":"","overlay-type":"","overlay-color":"","overlay-opacity":"","overlay-gradient":""}},"footnotes":""},"class_list":["post-62","page","type-page","status-publish","hentry"],"_links":{"self":[{"href":"https:\/\/nanodron.de\/fr\/wp-json\/wp\/v2\/pages\/62","targetHints":{"allow":["GET"]}}],"collection":[{"href":"https:\/\/nanodron.de\/fr\/wp-json\/wp\/v2\/pages"}],"about":[{"href":"https:\/\/nanodron.de\/fr\/wp-json\/wp\/v2\/types\/page"}],"author":[{"embeddable":true,"href":"https:\/\/nanodron.de\/fr\/wp-json\/wp\/v2\/users\/1"}],"replies":[{"embeddable":true,"href":"https:\/\/nanodron.de\/fr\/wp-json\/wp\/v2\/comments?post=62"}],"version-history":[{"count":10,"href":"https:\/\/nanodron.de\/fr\/wp-json\/wp\/v2\/pages\/62\/revisions"}],"predecessor-version":[{"id":4613,"href":"https:\/\/nanodron.de\/fr\/wp-json\/wp\/v2\/pages\/62\/revisions\/4613"}],"wp:attachment":[{"href":"https:\/\/nanodron.de\/fr\/wp-json\/wp\/v2\/media?parent=62"}],"curies":[{"name":"wp","href":"https:\/\/api.w.org\/{rel}","templated":true}]}}