{"id":60,"date":"2023-11-25T13:23:16","date_gmt":"2023-11-25T12:23:16","guid":{"rendered":"https:\/\/nanodron.de\/?page_id=60"},"modified":"2025-10-31T19:01:37","modified_gmt":"2025-10-31T18:01:37","slug":"agb","status":"publish","type":"page","link":"https:\/\/nanodron.de\/fr\/agb\/","title":{"rendered":"Conditions"},"content":{"rendered":"<div data-elementor-type=\"wp-page\" data-elementor-id=\"60\" class=\"elementor elementor-60\" data-elementor-post-type=\"page\">\n\t\t\t\t<div class=\"elementor-element elementor-element-67c2ab20 e-flex e-con-boxed e-con e-parent\" data-id=\"67c2ab20\" data-element_type=\"container\" data-e-type=\"container\">\n\t\t\t\t\t<div class=\"e-con-inner\">\n\t\t\t\t<div class=\"elementor-element elementor-element-70c6052 elementor-widget elementor-widget-text-editor\" data-id=\"70c6052\" data-element_type=\"widget\" data-e-type=\"widget\" data-widget_type=\"text-editor.default\">\n\t\t\t\t<div class=\"elementor-widget-container\">\n\t\t\t\t\t\t\t\t\t<h3><b>Conditions g\u00e9n\u00e9rales de vente<\/b>&nbsp;<\/h3>\n<h3>\u00a7 1 Validit\u00e9, d\u00e9finitions des termes<\/h3>\n<p>(1) Nanodron GmbH, Eisenbahnstr. 25, 75179 Pforzheim, Allemagne (ci-apr\u00e8s : \u00ab nous \u00bb ou \u00ab Nanodron \u00bb) exploite une boutique en ligne de produits sur le site Internet https:\/\/nanodron.de. Les conditions g\u00e9n\u00e9rales suivantes s&#039;appliquent \u00e0 tous les services entre nous et nos clients (ci-apr\u00e8s : \u00ab client \u00bb ou \u00ab vous \u00bb) dans la version en vigueur au moment de la commande, sauf convention contraire expresse.<\/p>\n<p>(2) \u00ab Consommateur \u00bb au sens des pr\u00e9sentes conditions g\u00e9n\u00e9rales est toute personne physique qui conclut une transaction juridique \u00e0 des fins qui ne peuvent \u00eatre attribu\u00e9es de mani\u00e8re pr\u00e9dominante ni \u00e0 son activit\u00e9 commerciale ni \u00e0 son activit\u00e9 professionnelle ind\u00e9pendante. \u00ab Entrepreneur \u00bb est une personne physique ou morale ou une soci\u00e9t\u00e9 ayant la capacit\u00e9 juridique qui, lors de la conclusion d&#039;un acte juridique, agit dans l&#039;exercice de son activit\u00e9 commerciale ou professionnelle ind\u00e9pendante, la soci\u00e9t\u00e9 ayant la capacit\u00e9 juridique \u00e9tant une soci\u00e9t\u00e9 dot\u00e9e de la capacit\u00e9 d&#039;acqu\u00e9rir des droits et d&#039;engager des dettes.<\/p>\n<h3>\u00a7 2 Conclusion des contrats, conservation du texte du contrat<\/h3>\n<p>(1) Les r\u00e8gles suivantes concernant la conclusion du contrat s&#039;appliquent aux commandes via notre boutique en ligne sur https:\/\/nanodron.de.<\/p>\n<p>(2) Nos pr\u00e9sentations de produits sur Internet sont sans engagement et ne constituent pas une offre ferme de conclusion d&#039;un contrat.<\/p>\n<p>(3) Lorsqu&#039;une commande est re\u00e7ue dans notre boutique en ligne, les r\u00e8gles suivantes s&#039;appliquent : Le client soumet une offre contractuelle ferme en compl\u00e9tant avec succ\u00e8s la proc\u00e9dure de commande pr\u00e9vue dans notre boutique en ligne. La commande s&#039;effectue selon les \u00e9tapes suivantes :<\/p>\n<ol>\n<li>S\u00e9lection des biens souhait\u00e9s,<\/li>\n<li>Ajouter les produits en cliquant sur le bouton correspondant (ex : \u00ab Ajouter au panier \u00bb, \u00ab Ajouter au panier \u00bb ou similaire),<\/li>\n<li>V\u00e9rifier les informations dans le panier,<\/li>\n<li>Appeler l&#039;aper\u00e7u des commandes en cliquant sur le bouton correspondant (par exemple \u00ab Passer \u00e0 la caisse \u00bb, \u00ab Poursuivre le paiement \u00bb, \u00ab Aller \u00e0 l&#039;aper\u00e7u des commandes \u00bb ou similaire),<\/li>\n<li>Saisir\/v\u00e9rifier l&#039;adresse et les coordonn\u00e9es, s\u00e9lectionner le mode de paiement, confirmer les conditions g\u00e9n\u00e9rales et la politique d&#039;annulation,<\/li>\n<li>Si la qualit\u00e9 convenue des marchandises s&#039;\u00e9carte de leur qualit\u00e9 et de leurs conditions d&#039;utilisation habituelles, confirmation d&#039;un accord de qualit\u00e9 n\u00e9gatif,<\/li>\n<li>Terminez la commande en cliquant sur le bouton \u00ab Acheter maintenant \u00bb. Cela constitue votre commande ferme.<\/li>\n<li>Le contrat est conclu lorsque vous recevez une confirmation de commande de notre part \u00e0 l&#039;adresse e-mail indiqu\u00e9e dans un d\u00e9lai de trois jours ouvrables.<\/li>\n<\/ol>\n<p>(4) Si le contrat est conclu, le contrat est conclu avec Nanodron GmbH, Eisenbahnstr. 25, 75179 Pforzheim, Allemagne.<\/p>\n<p>(5) Avant la commande, les donn\u00e9es contractuelles peuvent \u00eatre imprim\u00e9es ou enregistr\u00e9es \u00e9lectroniquement \u00e0 l&#039;aide de la fonction d&#039;impression du navigateur. Le traitement de la commande et la transmission de toutes les informations n\u00e9cessaires \u00e0 la conclusion du contrat, en particulier les donn\u00e9es de commande, les conditions g\u00e9n\u00e9rales et les conditions d&#039;annulation, ont lieu par e-mail apr\u00e8s que vous avez pass\u00e9 la commande, en partie automatiquement. . Nous ne sauvegardons pas le texte du contrat apr\u00e8s la conclusion du contrat.<\/p>\n<p>(6) Les erreurs de saisie peuvent \u00eatre corrig\u00e9es \u00e0 l&#039;aide des fonctions habituelles du clavier, de la souris et du navigateur (par exemple le \u00ab bouton retour \u00bb du navigateur). Ils peuvent \u00e9galement \u00eatre corrig\u00e9s en annulant pr\u00e9matur\u00e9ment le processus de commande, en fermant la fen\u00eatre du navigateur et en r\u00e9p\u00e9tant le processus.<\/p>\n<p>(7) Le traitement de la commande et la transmission de toutes les informations n\u00e9cessaires \u00e0 la conclusion du contrat sont en partie automatis\u00e9s par courrier \u00e9lectronique. Vous devez donc vous assurer que l&#039;adresse e-mail que vous nous fournissez est correcte, que la r\u00e9ception des e-mails est techniquement assur\u00e9e et notamment qu&#039;elle n&#039;est pas emp\u00each\u00e9e par des filtres SPAM.<\/p>\n<h3>\u00a7 3 Objet du contrat et caract\u00e9ristiques essentielles des produits<\/h3>\n<p>(1) L&#039;objet du contrat dans notre boutique en ligne est :<\/p>\n<ol style=\"list-style-type: lower-alpha;\">\n<li>La vente de marchandises. Vous pouvez retrouver les produits sp\u00e9cifiques propos\u00e9s sur nos pages d\u2019articles.<\/li>\n<\/ol>\n<p>(2) Les caract\u00e9ristiques essentielles de la marchandise figurent dans la description de l&#039;article. Si la qualit\u00e9 convenue de la marchandise s&#039;\u00e9carte de sa qualit\u00e9 et de ses conditions d&#039;utilisation habituelles, cela sera express\u00e9ment signal\u00e9 dans la description de l&#039;article (accord de qualit\u00e9 n\u00e9gatif). Dans la mesure o\u00f9 le client a donn\u00e9 son consentement expr\u00e8s \u00e0 l&#039;\u00e9cart n\u00e9gatif de qualit\u00e9, cela d\u00e9finit l&#039;objet du contrat.<\/p>\n<h3>\u00a7 4 Prix, frais d&#039;envoi et livraison<\/h3>\n<p>(1) Les prix indiqu\u00e9s dans les offres respectives ainsi que les frais d&#039;exp\u00e9dition sont des prix totaux et incluent tous les \u00e9l\u00e9ments de prix, y compris toutes les taxes applicables.<\/p>\n<p>(2) Le prix d&#039;achat correspondant doit \u00eatre pay\u00e9 avant la livraison du produit (paiement anticip\u00e9), sauf si nous proposons express\u00e9ment un achat sur facture. Les modes de paiement disponibles sont indiqu\u00e9s sous un bouton correspondant dans la boutique en ligne ou dans l&#039;offre correspondante. Sauf indication contraire pour les diff\u00e9rents modes de paiement, les demandes de paiement doivent \u00eatre pay\u00e9es imm\u00e9diatement.<\/p>\n<p>(3) En plus des prix indiqu\u00e9s, des frais d&#039;exp\u00e9dition peuvent s&#039;appliquer pour la livraison des produits, \u00e0 moins que l&#039;article concern\u00e9 ne soit indiqu\u00e9 comme \u00e9tant exempt de frais d&#039;exp\u00e9dition. Les frais de port vous seront clairement communiqu\u00e9s sur les offres, le cas \u00e9ch\u00e9ant dans le syst\u00e8me de panier et sur le r\u00e9capitulatif de commande.<\/p>\n<p>(4) Sauf indication contraire dans la description du produit, tous les produits propos\u00e9s sont pr\u00eats \u00e0 \u00eatre exp\u00e9di\u00e9s imm\u00e9diatement (d\u00e9lai de livraison : 2 \u00e0 5 jours ouvrables apr\u00e8s r\u00e9ception du paiement).<\/p>\n<p>(5) Les restrictions de zone de livraison suivantes s&#039;appliquent : La livraison a lieu dans les pays suivants : Allemagne.<\/p>\n<h3>\u00a7 5 Droit de r\u00e9tention, r\u00e9serve de propri\u00e9t\u00e9<\/h3>\n<p>(1) Vous ne pouvez exercer un droit de r\u00e9tention que s&#039;il s&#039;agit de cr\u00e9ances issues de la m\u00eame relation contractuelle.<\/p>\n<p>(2) Les marchandises restent notre propri\u00e9t\u00e9 jusqu&#039;au paiement int\u00e9gral du prix d&#039;achat.<\/p>\n<h3>\u00a7 6 Droit de r\u00e9tractation<\/h3>\n<p>En tant que consommateur, vous disposez d&#039;un droit de r\u00e9tractation. Cela d\u00e9pend du n\u00f4tre <a href=\"https:\/\/nanodron.de\/fr\/widerrufsbelehrung\/\">Droit de r\u00e9tractation<\/a>.<\/p>\n<h3>\u00a7 7 Langue du contrat<\/h3>\n<p>Comme langue contractuelle, l&#039;allemand sera exclusivement disponible.<\/p>\n<h3>\u00a7 8 Responsabilit\u00e9<\/h3>\n<p>(1) Sous r\u00e9serve des exceptions suivantes, notre responsabilit\u00e9 en cas de manquement aux obligations contractuelles et d&#039;actes d\u00e9lictueux est limit\u00e9e \u00e0 la faute intentionnelle ou \u00e0 la n\u00e9gligence grave.<\/p>\n<p>(2) Nous sommes responsables sans limitation en cas de n\u00e9gligence l\u00e9g\u00e8re en cas d&#039;atteinte \u00e0 la vie, au corps ou \u00e0 la sant\u00e9 ou en cas de violation d&#039;une obligation contractuelle essentielle. Si nous sommes en retard dans la prestation en raison d&#039;une l\u00e9g\u00e8re n\u00e9gligence, si la prestation est devenue impossible ou si nous avons manqu\u00e9 \u00e0 une obligation contractuelle essentielle, la responsabilit\u00e9 des pertes mat\u00e9rielles et financi\u00e8res qui en r\u00e9sultent est support\u00e9e par le <strong>dommages g\u00e9n\u00e9ralement pr\u00e9visibles dans le contrat<\/strong> limit\u00e9. Une obligation contractuelle essentielle est celle dont le respect permet en premier lieu la bonne ex\u00e9cution du contrat, dont la violation met en danger la r\u00e9alisation de l&#039;objectif du contrat et dont vous pouvez r\u00e9guli\u00e8rement compter sur le respect. Cela inclut en particulier notre obligation d&#039;agir et d&#039;ex\u00e9cuter la prestation contractuellement due, qui est d\u00e9crite au point 3.<\/p>\n<h3>\u00a7 9 Garantie<\/h3>\n<p>(1) La garantie est bas\u00e9e sur les dispositions l\u00e9gales.<\/p>\n<p>(2) Pour les entrepreneurs, la dur\u00e9e de garantie des articles livr\u00e9s est de 12 mois.<\/p>\n<p>(3) En tant que consommateur, vous \u00eates invit\u00e9 \u00e0 v\u00e9rifier imm\u00e9diatement apr\u00e8s l&#039;ex\u00e9cution du contrat que l&#039;article\/le bien num\u00e9rique ou la prestation fournie est complet, \u00e0 d\u00e9tecter les d\u00e9fauts \u00e9vidents et les dommages dus au transport et \u00e0 nous informer, ainsi qu&#039;au transitaire, de toute r\u00e9clamation dans les plus brefs d\u00e9lais. . Si vous ne le respectez pas, cela n&#039;aura bien entendu aucun effet sur vos droits \u00e0 la garantie l\u00e9gale.<\/p>\n<h3>\u00a7 10 Dispositions finales\/r\u00e8glement des litiges<\/h3>\n<p>(1) Le droit allemand s&#039;applique. Pour les consommateurs, ce choix de loi ne s&#039;applique que dans la mesure o\u00f9 la protection accord\u00e9e par les dispositions imp\u00e9ratives de la loi du pays de r\u00e9sidence habituelle du consommateur n&#039;est pas retir\u00e9e (principe de faveur).<\/p>\n<p>(2) Les dispositions de la Convention des Nations Unies sur les contrats de vente internationale de marchandises ne s&#039;appliquent express\u00e9ment pas.<\/p>\n<p>(3) Si le client est un commer\u00e7ant, une personne morale de droit public ou un fonds sp\u00e9cial de droit public, le lieu de juridiction pour tous les litiges d\u00e9coulant des relations contractuelles entre le client et le prestataire est le si\u00e8ge social du prestataire.<\/p>\n<p>(4) Nous ne sommes ni oblig\u00e9s ni dispos\u00e9s \u00e0 participer \u00e0 une proc\u00e9dure de r\u00e8glement des litiges devant un conseil d&#039;arbitrage des consommateurs.<\/p>\t\t\t\t\t\t\t\t<\/div>\n\t\t\t\t<\/div>\n\t\t\t\t\t<\/div>\n\t\t\t\t<\/div>\n\t\t\t\t<\/div>","protected":false},"excerpt":{"rendered":"<p>Allgemeine Gesch\u00e4ftsbedingungen&nbsp; \u00a7 1 Geltung, Begriffsdefinitionen (1) Nanodron GmbH, Eisenbahnstr. 25, 75179 Pforzheim, Deutschland (im Folgenden: \u201ewir\u201c oder \u201eNanodron\u201c) betreibt unter der Webseite https:\/\/nanodron.de einen Online-Shop f\u00fcr Waren. Die nachfolgenden allgemeinen Gesch\u00e4ftsbedingungen gelten f\u00fcr alle Leistungen zwischen uns und unseren Kunden (im Folgenden: \u201eKunde\u201c oder \u201eSie\u201c) in ihrer zum Zeitpunkt der Bestellung g\u00fcltigen Fassung, soweit [&hellip;]<\/p>\n","protected":false},"author":1,"featured_media":0,"parent":0,"menu_order":999,"comment_status":"closed","ping_status":"closed","template":"","meta":{"site-sidebar-layout":"default","site-content-layout":"","ast-site-content-layout":"default","site-content-style":"default","site-sidebar-style":"default","ast-global-header-display":"","ast-banner-title-visibility":"","ast-main-header-display":"","ast-hfb-above-header-display":"","ast-hfb-below-header-display":"","ast-hfb-mobile-header-display":"","site-post-title":"disabled","ast-breadcrumbs-content":"","ast-featured-img":"","footer-sml-layout":"","theme-transparent-header-meta":"","adv-header-id-meta":"","stick-header-meta":"","header-above-stick-meta":"","header-main-stick-meta":"","header-below-stick-meta":"","astra-migrate-meta-layouts":"","ast-page-background-enabled":"default","ast-page-background-meta":{"desktop":{"background-color":"var(--ast-global-color-4)","background-image":"","background-repeat":"repeat","background-position":"center center","background-size":"auto","background-attachment":"scroll","background-type":"","background-media":"","overlay-type":"","overlay-color":"","overlay-opacity":"","overlay-gradient":""},"tablet":{"background-color":"","background-image":"","background-repeat":"repeat","background-position":"center center","background-size":"auto","background-attachment":"scroll","background-type":"","background-media":"","overlay-type":"","overlay-color":"","overlay-opacity":"","overlay-gradient":""},"mobile":{"background-color":"","background-image":"","background-repeat":"repeat","background-position":"center center","background-size":"auto","background-attachment":"scroll","background-type":"","background-media":"","overlay-type":"","overlay-color":"","overlay-opacity":"","overlay-gradient":""}},"ast-content-background-meta":{"desktop":{"background-color":"var(--ast-global-color-5)","background-image":"","background-repeat":"repeat","background-position":"center center","background-size":"auto","background-attachment":"scroll","background-type":"","background-media":"","overlay-type":"","overlay-color":"","overlay-opacity":"","overlay-gradient":""},"tablet":{"background-color":"var(--ast-global-color-5)","background-image":"","background-repeat":"repeat","background-position":"center center","background-size":"auto","background-attachment":"scroll","background-type":"","background-media":"","overlay-type":"","overlay-color":"","overlay-opacity":"","overlay-gradient":""},"mobile":{"background-color":"var(--ast-global-color-5)","background-image":"","background-repeat":"repeat","background-position":"center center","background-size":"auto","background-attachment":"scroll","background-type":"","background-media":"","overlay-type":"","overlay-color":"","overlay-opacity":"","overlay-gradient":""}},"footnotes":""},"class_list":["post-60","page","type-page","status-publish","hentry"],"_links":{"self":[{"href":"https:\/\/nanodron.de\/fr\/wp-json\/wp\/v2\/pages\/60","targetHints":{"allow":["GET"]}}],"collection":[{"href":"https:\/\/nanodron.de\/fr\/wp-json\/wp\/v2\/pages"}],"about":[{"href":"https:\/\/nanodron.de\/fr\/wp-json\/wp\/v2\/types\/page"}],"author":[{"embeddable":true,"href":"https:\/\/nanodron.de\/fr\/wp-json\/wp\/v2\/users\/1"}],"replies":[{"embeddable":true,"href":"https:\/\/nanodron.de\/fr\/wp-json\/wp\/v2\/comments?post=60"}],"version-history":[{"count":10,"href":"https:\/\/nanodron.de\/fr\/wp-json\/wp\/v2\/pages\/60\/revisions"}],"predecessor-version":[{"id":3232,"href":"https:\/\/nanodron.de\/fr\/wp-json\/wp\/v2\/pages\/60\/revisions\/3232"}],"wp:attachment":[{"href":"https:\/\/nanodron.de\/fr\/wp-json\/wp\/v2\/media?parent=60"}],"curies":[{"name":"wp","href":"https:\/\/api.w.org\/{rel}","templated":true}]}}