{"id":86,"date":"2023-11-25T15:16:40","date_gmt":"2023-11-25T14:16:40","guid":{"rendered":"https:\/\/nanodron.de\/?page_id=86"},"modified":"2025-10-31T19:08:17","modified_gmt":"2025-10-31T18:08:17","slug":"affiliate-nutzungsbedingungen","status":"publish","type":"page","link":"https:\/\/nanodron.de\/es\/affiliate-nutzungsbedingungen\/","title":{"rendered":"T\u00e9rminos de servicio para afiliados"},"content":{"rendered":"<div data-elementor-type=\"wp-page\" data-elementor-id=\"86\" class=\"elementor elementor-86\" data-elementor-post-type=\"page\">\n\t\t\t\t<div class=\"elementor-element elementor-element-652f01dc e-flex e-con-boxed e-con e-parent\" data-id=\"652f01dc\" data-element_type=\"container\" data-e-type=\"container\">\n\t\t\t\t\t<div class=\"e-con-inner\">\n\t\t\t\t<div class=\"elementor-element elementor-element-32dc57a4 elementor-widget elementor-widget-text-editor\" data-id=\"32dc57a4\" data-element_type=\"widget\" data-e-type=\"widget\" data-widget_type=\"text-editor.default\">\n\t\t\t\t<div class=\"elementor-widget-container\">\n\t\t\t\t\t\t\t\t\t<header class=\"entry-header ast-no-thumbnail ast-header-without-markup\">\n<h3 class=\"entry-title\">T\u00e9rminos de servicio para afiliados<\/h3>\n<\/header>\n<div class=\"entry-content clear\">\n<div class=\"elementor elementor-86 elementor-edit-area elementor-edit-mode elementor-edit-area-active\" data-elementor-type=\"wp-page\" data-elementor-id=\"86\" data-elementor-title=\"Seite\" data-elementor-post-type=\"page\">\n<div class=\"elementor-section-wrap ui-sortable\">\n<div class=\"elementor-element elementor-element-edit-mode elementor-element-652f01dc e-con e-parent e-flex e-con-boxed e-con--column ui-resizable\" data-id=\"652f01dc\" data-element_type=\"container\" data-model-cid=\"c34\" data-nesting-level=\"0\" data-core-v316-plus=\"true\">\u00a0<\/div>\n<\/div>\n<\/div>\n<\/div>\n<p>Como afiliado autorizado de Nanodron GmbH, usted acepta cumplir con los t\u00e9rminos y condiciones contenidos en este acuerdo (Acuerdo). Lea atentamente todo el acuerdo antes de registrarse y postular a Nanodron GmbH como afiliado.<\/p>\n\n<p>Su participaci\u00f3n en el programa tiene como \u00fanico fin promocionar legalmente nuestro sitio web para recibir una comisi\u00f3n por las membres\u00edas y los productos adquiridos por personas referidas a Nanodron GmbH a trav\u00e9s de su propio sitio web o recomendaciones personales.<\/p>\n\n<p>Al registrarse en el Programa de afiliados de Nanodron GmbH (Programa), acepta este Acuerdo y sus t\u00e9rminos y condiciones.<\/p>\n\n<h4 id=\"approval-or-rejection\" class=\"wp-block-heading\">Aprobaci\u00f3n o rechazo de la solicitud.<\/h4>\n\n<p>Nos reservamos el derecho de aprobar o rechazar CUALQUIER solicitud del Programa de Afiliados a nuestro exclusivo y absoluto criterio. No tendr\u00e1 ning\u00fan recurso contra nosotros por rechazar su solicitud del programa de afiliados.<\/p>\n\n<h4 id=\"commissions\" class=\"wp-block-heading\">Comisiones<\/h4>\n\n<p>Las comisiones se pagan una vez al mes. Para que un afiliado reciba una comisi\u00f3n, la cuenta referida debe permanecer activa durante al menos 31 d\u00edas.<\/p>\n\n<p>No puede recomendarse usted mismo y no recibir\u00e1 comisiones por sus propias cuentas.<\/p>\n\n<p>Los pagos s\u00f3lo se env\u00edan por transacciones que se han completado con \u00e9xito. Las transacciones que resulten en devoluciones de cargo o reembolsos no se pagar\u00e1n.<\/p>\n\n<h4 id=\"termination\" class=\"wp-block-heading\">Terminaci\u00f3n<\/h4>\n\n<p>Su solicitud de socio y su estatus en el programa pueden suspenderse o cancelarse por cualquiera de los siguientes motivos:<\/p>\n\n<ul class=\"wp-block-list\">\n<li>Publicidad inapropiada (afirmaciones falsas, hiperv\u00ednculos enga\u00f1osos, etc.).<\/li>\n\n<li>Spam (correos electr\u00f3nicos masivos, publicaciones masivas en grupos de noticias, etc.).<\/li>\n\n<li>Publicidad en sitios web que contengan o promuevan actividades ilegales.<\/li>\n\n<li>No revelar la relaci\u00f3n de afiliado para una promoci\u00f3n que se considerar\u00e1 un respaldo de acuerdo con las pol\u00edticas y regulaciones existentes de la Comisi\u00f3n Federal de Comercio o la ley estatal aplicable.<\/li>\n\n<li>Infracci\u00f3n de Derechos de Propiedad Intelectual. Nanodron GmbH se reserva el derecho de exigir acuerdos de licencia a quienes utilicen las marcas comerciales de Nanodron GmbH para proteger nuestros derechos de propiedad intelectual.<\/li>\n\n<li>Ofrecer descuentos, cupones u otros sobornos prometidos de su comisi\u00f3n de afiliado como incentivo. Sin embargo, es aceptable agregar bonificaciones o agrupar otros productos con Nanodron GmbH.<\/li>\n\n<li>Autorreferencias, transacciones fraudulentas, sospecha de fraude de afiliados.<\/li>\n<\/ul>\n\n<p>Adem\u00e1s, Nanodron GmbH se reserva el derecho de cancelar cualquier cuenta de afiliado en cualquier momento por violaciones de este Acuerdo o por cualquier motivo.<\/p>\n\n<h4 id=\"affiliate-links\" class=\"wp-block-heading\">Enlaces de afiliados<\/h4>\n\n<p>Puede utilizar enlaces gr\u00e1ficos y de texto tanto en su sitio web como en sus mensajes de correo electr\u00f3nico. Tambi\u00e9n puede anunciar el sitio web de Nanodron GmbH en anuncios clasificados, revistas y peri\u00f3dicos online y offline.<\/p>\n\n<p>Puede utilizar los gr\u00e1ficos y el texto que le proporcionamos o crear los suyos propios, siempre que se consideren apropiados de acuerdo con los T\u00e9rminos y no violen las disposiciones descritas en la secci\u00f3n Terminaci\u00f3n.<\/p>\n\n<h4 id=\"coupon-and-deal-sites\" class=\"wp-block-heading\">Sitios de cupones y ofertas<\/h4>\n\n<p>Nanodron GmbH ofrece ocasionalmente vales para afiliados seleccionados y suscriptores de nuestro bolet\u00edn. Si no ha aprobado\/asignado previamente un cup\u00f3n de marca, no podr\u00e1 promocionar el cup\u00f3n. A continuaci\u00f3n se detallan los t\u00e9rminos y condiciones que se aplican a cualquier afiliado que est\u00e9 considerando promocionar nuestros productos en relaci\u00f3n con una oferta o cup\u00f3n:<\/p>\n\n<ul class=\"wp-block-list\">\n<li>Los afiliados no pueden utilizar texto enga\u00f1oso en enlaces, botones o im\u00e1genes de afiliados para dar a entender que se est\u00e1 haciendo negocios con el afiliado correspondiente con cualquier otra cosa que no sea un negocio actualmente autorizado.<\/li>\n\n<li>Los afiliados no pueden ofertar por cupones de Nanodron GmbH, descuentos de Nanodron GmbH u otras frases que indiquen que hay cupones disponibles.<\/li>\n\n<li>Los afiliados no pueden generar ventanas emergentes, ventanas emergentes, iframes, marcos u otras acciones visibles o no que establezcan cookies de afiliados a menos que el usuario haya expresado un inter\u00e9s claro y expl\u00edcito en activar un ahorro espec\u00edfico haciendo clic en un enlace, bot\u00f3n o enlace claramente marcado. imagen para ese cup\u00f3n o oferta espec\u00edfica. Su enlace debe dirigir al visitante al sitio del comerciante.<\/li>\n\n<li>El usuario debe poder ver la informaci\u00f3n y los detalles de cupones\/ofertas\/ahorros antes de que se establezca una cookie de afiliado (es decir, &quot;Haga clic aqu\u00ed para ver cupones y abrir una ventana al sitio web del comerciante&quot; NO est\u00e1 permitido).<\/li>\n\n<li>Es posible que los sitios web afiliados no tengan un \u201cHaga clic para (o ver) oferta\/cup\u00f3n\u201d o alguna variaci\u00f3n si no hay cupones ni ofertas disponibles y el clic abre el sitio web del comerciante o establece una cookie. Los afiliados que tengan dicho texto en la p\u00e1gina de inicio del comerciante ser\u00e1n eliminados inmediatamente del programa.<\/li>\n<\/ul>\n\n<h4 id=\"ppc-policy\" class=\"wp-block-heading\">Pol\u00edtica de pago por clic (PPC)<\/h4>\n\n<p>NO se permiten ofertas de PPC sin aprobaci\u00f3n previa por escrito.<\/p>\n\n<h4 id=\"liability\" class=\"wp-block-heading\">Responsabilidad<\/h4>\n\n<p>Nanodron GmbH no es responsable de da\u00f1os indirectos o incidentales (p\u00e9rdida de ventas, comisiones) debido a errores de seguimiento de afiliados, p\u00e9rdida de archivos de bases de datos o consecuencias de da\u00f1os al programa y\/o a nuestros sitios web.<\/p>\n\n<p>No ofrecemos garant\u00edas expresas o impl\u00edcitas con respecto al programa y\/o las membres\u00edas o productos vendidos por Nanodron GmbH. No afirmamos que el funcionamiento del Programa y\/o de nuestro(s) sitio(s) web est\u00e9 libre de errores y no seremos responsables de ninguna interrupci\u00f3n o error.<\/p>\n\n<h4 id=\"term-of-agreement\" class=\"wp-block-heading\">Plazo del acuerdo<\/h4>\n\n<p>La vigencia de este Acuerdo comienza con su aceptaci\u00f3n en el Programa y finaliza cuando se cancela su Cuenta de Afiliado.<\/p>\n\n<p>Podemos cambiar los t\u00e9rminos de este Acuerdo en cualquier momento. Si alg\u00fan cambio en los t\u00e9rminos de este Acuerdo es inaceptable para usted, su \u00fanica opci\u00f3n es cancelar su Cuenta de Afiliado. Su participaci\u00f3n continua en el Programa constituye su aceptaci\u00f3n de cualquier cambio.<\/p>\n\n<h4 id=\"indemnification\" class=\"wp-block-heading\">C\u00f3digo de verificaci\u00f3n<\/h4>\n\n<p>La filial libera a Nanodron GmbH y sus filiales, funcionarios, directores, empleados, licenciatarios, sucesores y cesionarios, incluidos aquellos autorizados o autorizados por Nanodron GmbH para transmitir y distribuir materiales, de toda responsabilidad, da\u00f1o, penalizaci\u00f3n, sentencia, reclamaci\u00f3n, coste, p\u00e9rdida y Gastos (incluidos honorarios y costos razonables de abogados) que surjan de o en conexi\u00f3n con cualquier reclamo que surja de negligencia en relaci\u00f3n con este Acuerdo. Tergiversaci\u00f3n, falta de divulgaci\u00f3n o mala conducta intencional por parte del Afiliado.<\/p>\n\n<h4 id=\"electronic-signatures-effective\" class=\"wp-block-heading\">Firmas electr\u00f3nicas efectivas<\/h4>\n\n<p>El Acuerdo es un contrato electr\u00f3nico que establece los t\u00e9rminos y condiciones legalmente vinculantes de su participaci\u00f3n en el programa de socios de Nanodron GmbH. Usted acepta este Acuerdo y todos los t\u00e9rminos y condiciones contenidos o a los que se hace referencia en este Acuerdo al completar el proceso de solicitud de Nanodron GmbH. Esta medida crea una firma electr\u00f3nica que tiene la misma fuerza y efecto legal que una firma manuscrita.<\/p>\n\t\t\t\t\t\t\t\t<\/div>\n\t\t\t\t<\/div>\n\t\t\t\t\t<\/div>\n\t\t\t\t<\/div>\n\t\t\t\t<\/div>","protected":false},"excerpt":{"rendered":"<p>Affiliate-Nutzungsbedingungen \u00a0 Als autorisierter Affiliate (Affiliate) von Nanodron GmbH erkl\u00e4ren Sie sich damit einverstanden, die in dieser Vereinbarung (Vereinbarung) enthaltenen Bedingungen einzuhalten. Bitte lesen Sie die gesamte Vereinbarung sorgf\u00e4ltig durch, bevor Sie sich registrieren und Nanodron GmbH als Affiliate bewerben. Ihre Teilnahme am Programm dient ausschlie\u00dflich dazu, unsere Website legal zu bewerben, um eine Provision [&hellip;]<\/p>\n","protected":false},"author":1,"featured_media":0,"parent":0,"menu_order":999,"comment_status":"closed","ping_status":"closed","template":"","meta":{"site-sidebar-layout":"default","site-content-layout":"","ast-site-content-layout":"default","site-content-style":"default","site-sidebar-style":"default","ast-global-header-display":"","ast-banner-title-visibility":"","ast-main-header-display":"","ast-hfb-above-header-display":"","ast-hfb-below-header-display":"","ast-hfb-mobile-header-display":"","site-post-title":"disabled","ast-breadcrumbs-content":"","ast-featured-img":"","footer-sml-layout":"","theme-transparent-header-meta":"","adv-header-id-meta":"","stick-header-meta":"","header-above-stick-meta":"","header-main-stick-meta":"","header-below-stick-meta":"","astra-migrate-meta-layouts":"","ast-page-background-enabled":"default","ast-page-background-meta":{"desktop":{"background-color":"var(--ast-global-color-4)","background-image":"","background-repeat":"repeat","background-position":"center center","background-size":"auto","background-attachment":"scroll","background-type":"","background-media":"","overlay-type":"","overlay-color":"","overlay-opacity":"","overlay-gradient":""},"tablet":{"background-color":"","background-image":"","background-repeat":"repeat","background-position":"center center","background-size":"auto","background-attachment":"scroll","background-type":"","background-media":"","overlay-type":"","overlay-color":"","overlay-opacity":"","overlay-gradient":""},"mobile":{"background-color":"","background-image":"","background-repeat":"repeat","background-position":"center center","background-size":"auto","background-attachment":"scroll","background-type":"","background-media":"","overlay-type":"","overlay-color":"","overlay-opacity":"","overlay-gradient":""}},"ast-content-background-meta":{"desktop":{"background-color":"var(--ast-global-color-5)","background-image":"","background-repeat":"repeat","background-position":"center center","background-size":"auto","background-attachment":"scroll","background-type":"","background-media":"","overlay-type":"","overlay-color":"","overlay-opacity":"","overlay-gradient":""},"tablet":{"background-color":"var(--ast-global-color-5)","background-image":"","background-repeat":"repeat","background-position":"center center","background-size":"auto","background-attachment":"scroll","background-type":"","background-media":"","overlay-type":"","overlay-color":"","overlay-opacity":"","overlay-gradient":""},"mobile":{"background-color":"var(--ast-global-color-5)","background-image":"","background-repeat":"repeat","background-position":"center center","background-size":"auto","background-attachment":"scroll","background-type":"","background-media":"","overlay-type":"","overlay-color":"","overlay-opacity":"","overlay-gradient":""}},"footnotes":""},"class_list":["post-86","page","type-page","status-publish","hentry"],"_links":{"self":[{"href":"https:\/\/nanodron.de\/es\/wp-json\/wp\/v2\/pages\/86","targetHints":{"allow":["GET"]}}],"collection":[{"href":"https:\/\/nanodron.de\/es\/wp-json\/wp\/v2\/pages"}],"about":[{"href":"https:\/\/nanodron.de\/es\/wp-json\/wp\/v2\/types\/page"}],"author":[{"embeddable":true,"href":"https:\/\/nanodron.de\/es\/wp-json\/wp\/v2\/users\/1"}],"replies":[{"embeddable":true,"href":"https:\/\/nanodron.de\/es\/wp-json\/wp\/v2\/comments?post=86"}],"version-history":[{"count":10,"href":"https:\/\/nanodron.de\/es\/wp-json\/wp\/v2\/pages\/86\/revisions"}],"predecessor-version":[{"id":511,"href":"https:\/\/nanodron.de\/es\/wp-json\/wp\/v2\/pages\/86\/revisions\/511"}],"wp:attachment":[{"href":"https:\/\/nanodron.de\/es\/wp-json\/wp\/v2\/media?parent=86"}],"curies":[{"name":"gracias","href":"https:\/\/api.w.org\/{rel}","templated":true}]}}