{"id":64,"date":"2023-12-13T15:08:30","date_gmt":"2023-12-13T14:08:30","guid":{"rendered":"https:\/\/nanodron.de\/?page_id=64"},"modified":"2025-10-22T20:21:25","modified_gmt":"2025-10-22T18:21:25","slug":"impressum","status":"publish","type":"page","link":"https:\/\/nanodron.de\/es\/impressum\/","title":{"rendered":"imprimir"},"content":{"rendered":"<h3>imprimir<\/h3>\n<p><strong>Informaci\u00f3n de conformidad con la Secci\u00f3n 5 de la Ley de Servicios Digitales (DDG)<\/strong><br \/>\nNANODRON GmbH<br \/>\nEisenbahnstr. 25<br \/>\n75179 Pforzheim<\/p>\n<p>Registro mercantil: HRB 740501<br \/>\nTribunal de registro: Tribunal de Distrito de Mannheim<\/p>\n<p><strong>Representado por:<\/strong><br \/>\nWaldemar Beck (Director General)<\/p>\n<p><strong>Contacto:<\/strong><br \/>\nTel\u00e9fono: +49 (0) 72 31 \u2013 781 07 80<br \/>\nFax: +49 (0) 72 31 \u2013 781 07 89<br \/>\nCorreo electr\u00f3nico: info@nanodron.de<\/p>\n<p><strong>N\u00famero de IVA<\/strong><br \/>\nN\u00famero de identificaci\u00f3n del impuesto sobre las ventas de conformidad con el art\u00edculo 27 a de la Ley del Impuesto sobre las Ventas:<br \/>\nDE343850333<\/p>\n<p><strong>Responsable del contenido seg\u00fan \u00a7 18 p\u00e1rrafo 2<\/strong> <strong>Tratado Estatal sobre los Medios de Comunicaci\u00f3n (MStV):<\/strong><br data-start=\"1081\" data-end=\"1084\" \/>Waldemar Beck (Director General)<br data-start=\"1104\" data-end=\"1107\" \/>Eisenbahnstr. 25<br \/>\n75179 Pforzheim<\/p>\n<p>No estamos obligados ni dispuestos a participar en procedimientos de resoluci\u00f3n de disputas ante una junta de arbitraje de consumo.<\/p>\n<h3>Descargo de responsabilidad<\/h3>\n<p data-start=\"489\" data-end=\"516\"><strong data-start=\"493\" data-end=\"516\">Responsabilidad por el contenido<br \/>\n<\/strong>El contenido de este sitio web se ha creado con sumo cuidado. Sin embargo, no asumimos ninguna responsabilidad por la exactitud, integridad o actualidad del contenido. El uso del contenido disponible es bajo su propia responsabilidad. Nos reservamos el derecho a modificar o a\u00f1adir informaci\u00f3n a la informaci\u00f3n proporcionada en cualquier momento.<\/p>\n<p data-start=\"518\" data-end=\"846\"><strong data-start=\"895\" data-end=\"911\">derechos de autor<\/strong><br data-start=\"911\" data-end=\"914\" \/>El contenido y las obras publicadas en este sitio web est\u00e1n sujetos a la legislaci\u00f3n alemana sobre derechos de autor. Cualquier reproducci\u00f3n, procesamiento, distribuci\u00f3n u otro uso de la informaci\u00f3n, en particular el uso de textos, extractos de textos, im\u00e1genes u otros contenidos, requiere el consentimiento previo por escrito del autor o titular de los derechos correspondiente. Las contribuciones de terceros se identifican como tales.<\/p>\n<p data-start=\"848\" data-end=\"902\"><strong data-start=\"852\" data-end=\"902\">Responsabilidad por enlaces externos (incluidas las redes sociales)<br \/>\n<\/strong>Nuestro sitio web contiene enlaces a sitios web externos y plataformas de redes sociales de terceros (p. ej., Instagram, Facebook, YouTube), sobre cuyo contenido no tenemos ninguna influencia. Por lo tanto, no asumimos ninguna responsabilidad por este contenido externo. El proveedor u operador correspondiente siempre es responsable del contenido de las p\u00e1ginas enlazadas. En el momento de la creaci\u00f3n del enlace, no se observ\u00f3 ning\u00fan contenido ilegal. Sin embargo, no es razonable supervisar permanentemente el contenido de las p\u00e1ginas enlazadas sin pruebas concretas de una infracci\u00f3n legal. En caso de cualquier infracci\u00f3n legal, dichos enlaces se eliminar\u00e1n inmediatamente.<\/p>","protected":false},"excerpt":{"rendered":"<p>Impressum Angaben gem\u00e4\u00df \u00a7 5 Digitale-Dienste-Gesetz (DDG) NANODRON GmbH Eisenbahnstr. 25 75179 Pforzheim Handelsregister: HRB 740501 Registergericht: Amtsgericht Mannheim Vertreten durch: Waldemar Beck (Gesch\u00e4ftsf\u00fchrer) Kontakt: Telefon: +49 (0) 72 31 \u2013 781 07 80 Telefax: +49 (0) 72 31 \u2013 781 07 89 E-Mail: info@nanodron.de Umsatzsteuer-ID Umsatzsteuer-Identifikationsnummer gem\u00e4\u00df \u00a7 27 a Umsatzsteuergesetz: DE343850333 Verantwortlich f\u00fcr [&hellip;]<\/p>\n","protected":false},"author":1,"featured_media":0,"parent":0,"menu_order":99,"comment_status":"closed","ping_status":"closed","template":"","meta":{"site-sidebar-layout":"default","site-content-layout":"","ast-site-content-layout":"","site-content-style":"default","site-sidebar-style":"default","ast-global-header-display":"","ast-banner-title-visibility":"","ast-main-header-display":"","ast-hfb-above-header-display":"","ast-hfb-below-header-display":"","ast-hfb-mobile-header-display":"","site-post-title":"disabled","ast-breadcrumbs-content":"","ast-featured-img":"","footer-sml-layout":"","theme-transparent-header-meta":"","adv-header-id-meta":"","stick-header-meta":"","header-above-stick-meta":"","header-main-stick-meta":"","header-below-stick-meta":"","astra-migrate-meta-layouts":"","ast-page-background-enabled":"default","ast-page-background-meta":{"desktop":{"background-color":"var(--ast-global-color-4)","background-image":"","background-repeat":"repeat","background-position":"center center","background-size":"auto","background-attachment":"scroll","background-type":"","background-media":"","overlay-type":"","overlay-color":"","overlay-opacity":"","overlay-gradient":""},"tablet":{"background-color":"","background-image":"","background-repeat":"repeat","background-position":"center center","background-size":"auto","background-attachment":"scroll","background-type":"","background-media":"","overlay-type":"","overlay-color":"","overlay-opacity":"","overlay-gradient":""},"mobile":{"background-color":"","background-image":"","background-repeat":"repeat","background-position":"center center","background-size":"auto","background-attachment":"scroll","background-type":"","background-media":"","overlay-type":"","overlay-color":"","overlay-opacity":"","overlay-gradient":""}},"ast-content-background-meta":{"desktop":{"background-color":"var(--ast-global-color-5)","background-image":"","background-repeat":"repeat","background-position":"center center","background-size":"auto","background-attachment":"scroll","background-type":"","background-media":"","overlay-type":"","overlay-color":"","overlay-opacity":"","overlay-gradient":""},"tablet":{"background-color":"var(--ast-global-color-5)","background-image":"","background-repeat":"repeat","background-position":"center center","background-size":"auto","background-attachment":"scroll","background-type":"","background-media":"","overlay-type":"","overlay-color":"","overlay-opacity":"","overlay-gradient":""},"mobile":{"background-color":"var(--ast-global-color-5)","background-image":"","background-repeat":"repeat","background-position":"center center","background-size":"auto","background-attachment":"scroll","background-type":"","background-media":"","overlay-type":"","overlay-color":"","overlay-opacity":"","overlay-gradient":""}},"footnotes":""},"class_list":["post-64","page","type-page","status-publish","hentry"],"_links":{"self":[{"href":"https:\/\/nanodron.de\/es\/wp-json\/wp\/v2\/pages\/64","targetHints":{"allow":["GET"]}}],"collection":[{"href":"https:\/\/nanodron.de\/es\/wp-json\/wp\/v2\/pages"}],"about":[{"href":"https:\/\/nanodron.de\/es\/wp-json\/wp\/v2\/types\/page"}],"author":[{"embeddable":true,"href":"https:\/\/nanodron.de\/es\/wp-json\/wp\/v2\/users\/1"}],"replies":[{"embeddable":true,"href":"https:\/\/nanodron.de\/es\/wp-json\/wp\/v2\/comments?post=64"}],"version-history":[{"count":10,"href":"https:\/\/nanodron.de\/es\/wp-json\/wp\/v2\/pages\/64\/revisions"}],"predecessor-version":[{"id":4827,"href":"https:\/\/nanodron.de\/es\/wp-json\/wp\/v2\/pages\/64\/revisions\/4827"}],"wp:attachment":[{"href":"https:\/\/nanodron.de\/es\/wp-json\/wp\/v2\/media?parent=64"}],"curies":[{"name":"gracias","href":"https:\/\/api.w.org\/{rel}","templated":true}]}}