{"id":62,"date":"2023-11-25T13:26:47","date_gmt":"2023-11-25T12:26:47","guid":{"rendered":"https:\/\/nanodron.de\/?page_id=62"},"modified":"2025-09-12T20:06:44","modified_gmt":"2025-09-12T18:06:44","slug":"widerrufsbelehrung","status":"publish","type":"page","link":"https:\/\/nanodron.de\/es\/widerrufsbelehrung\/","title":{"rendered":"Pol\u00edtica de cancelaci\u00f3n"},"content":{"rendered":"<div data-elementor-type=\"wp-page\" data-elementor-id=\"62\" class=\"elementor elementor-62\" data-elementor-post-type=\"page\">\n\t\t\t\t<div class=\"elementor-element elementor-element-ccddca1 e-flex e-con-boxed e-con e-parent\" data-id=\"ccddca1\" data-element_type=\"container\" data-e-type=\"container\">\n\t\t\t\t\t<div class=\"e-con-inner\">\n\t\t\t\t<div class=\"elementor-element elementor-element-9d4a2fe elementor-widget elementor-widget-text-editor\" data-id=\"9d4a2fe\" data-element_type=\"widget\" data-e-type=\"widget\" data-widget_type=\"text-editor.default\">\n\t\t\t\t<div class=\"elementor-widget-container\">\n\t\t\t\t\t\t\t\t\t<h4><strong>Pol\u00edtica de cancelaci\u00f3n\u00a0<\/strong><\/h4><p>\u00a0<\/p><p><strong>A. Derecho de desistimiento<br \/><\/strong>Si el comprador es un consumidor, tiene derecho de desistimiento de acuerdo con las siguientes disposiciones:<\/p><p>Tiene derecho a desistir del presente contrato en un plazo de catorce d\u00edas sin necesidad de justificaci\u00f3n. El plazo de desistimiento comenzar\u00e1 a contar desde el d\u00eda en que usted o un tercero, distinto del transportista designado por usted, adquiera la posesi\u00f3n de los bienes.\u00a0<\/p><p>Para ejercer su derecho de desistimiento, deber\u00e1 informarnos (NANODRON GmbH, Eisenbahnstr. 25, 75179 Pforzheim, Alemania, tel\u00e9fono: +49 7231 781 07 80, correo electr\u00f3nico: info@nanodron.de) de su decisi\u00f3n de desistir del presente contrato mediante una declaraci\u00f3n inequ\u00edvoca (por ejemplo, una carta enviada por correo postal o electr\u00f3nico). Puede utilizar el modelo de formulario de desistimiento adjunto para este fin, aunque no es obligatorio.<\/p><p>Para cumplir con el plazo de cancelaci\u00f3n, basta con que env\u00ede la notificaci\u00f3n de su ejercicio del derecho de cancelaci\u00f3n antes de que expire el plazo de cancelaci\u00f3n.<\/p><p><strong>B. Consecuencias de la revocaci\u00f3n<\/strong><br \/>Si cancela este contrato, le reembolsaremos todos los pagos que hayamos recibido de usted, incluidos los gastos de env\u00edo (excepto los gastos adicionales derivados de su elecci\u00f3n de un m\u00e9todo de env\u00edo distinto al env\u00edo est\u00e1ndar m\u00e1s econ\u00f3mico que ofrecemos), lo antes posible y, a m\u00e1s tardar, en un plazo de catorce d\u00edas a partir de la fecha en que recibamos la notificaci\u00f3n de su cancelaci\u00f3n. Para este reembolso, utilizaremos el mismo medio de pago que utiliz\u00f3 para la transacci\u00f3n original, salvo que se haya acordado expresamente lo contrario con usted; en ning\u00fan caso se le cobrar\u00e1 ninguna comisi\u00f3n por este reembolso. Podremos denegar el reembolso hasta que hayamos recibido los productos de vuelta o hasta que usted haya presentado una prueba de su devoluci\u00f3n, lo que ocurra primero.<\/p><p>Debes devolver o entregar los bienes inmediatamente y, en cualquier caso, a m\u00e1s tardar catorce d\u00edas a partir de la fecha en que nos comuniques la cancelaci\u00f3n del presente contrato.<\/p><p>NANODRON GmbH, Eisenbahnstr. 25, 75179 Pforzheim, Alemania<\/p><p>Para devolver o entregar la mercanc\u00eda. Este plazo se cumple si env\u00eda la mercanc\u00eda antes de que transcurra el plazo de catorce d\u00edas.<\/p><p>Usted asumir\u00e1 el coste directo de la devoluci\u00f3n de la mercanc\u00eda. Solo ser\u00e1 responsable de la p\u00e9rdida de valor de la mercanc\u00eda si esta se debe a una manipulaci\u00f3n no necesaria para comprobar su calidad, propiedades y funcionamiento. \u00abComprobar la calidad, propiedades y funcionamiento\u00bb significa probar la mercanc\u00eda, como es habitual en una tienda f\u00edsica, por ejemplo.\u00a0<\/p><p><strong>C. Exclusi\u00f3n del derecho de desistimiento<br \/><\/strong>El derecho de desistimiento no se aplica a los contratos de suministro de bienes fabricados conforme a las especificaciones del cliente o claramente adaptados a las necesidades personales.<\/p><p><b>D. Formulario de cancelaci\u00f3n de muestra<br \/><\/b>(Si desea cancelar el contrato, complete este formulario y devu\u00e9lvalo)<b><br \/><\/b><\/p><p>\u2013 A: NANODRON GmbH, Eisenbahnstr. 25, 75179 Pforzheim, tel. +49 7231 781 07 80<\/p><p>\u2013 Por la presente, yo\/nosotros (*) desisto del contrato celebrado por m\u00ed\/nosotros (*) para la compra de los siguientes bienes (*)\/la prestaci\u00f3n del siguiente servicio (*)<\/p><p>\u2013 Pedido el (*)\/recibido el (*)<\/p><p>\u2013 Nombre del consumidor(es)<\/p><p>\u2013 Direcci\u00f3n del consumidor(es)<\/p><p>\u2013 Firma del consumidor(es) (solo si la notificaci\u00f3n se realiza en papel)<\/p><p>- Fecha<\/p><p>(*) T\u00e1chese lo que no proceda<\/p>\t\t\t\t\t\t\t\t<\/div>\n\t\t\t\t<\/div>\n\t\t\t\t\t<\/div>\n\t\t\t\t<\/div>\n\t\t\t\t<\/div>","protected":false},"excerpt":{"rendered":"<p>Widerrufsbelehrung\u00a0 \u00a0 A. WiderrufsrechtIst der K\u00e4ufer Verbraucher, steht ihm ein Widerrufsrecht nach folgender Ma\u00dfgabe zu: Sie haben das Recht, binnen vierzehn Tagen ohne Angabe von Gr\u00fcnden diesen Vertrag zu widerrufen. Die Widerrufsfrist betr\u00e4gt vierzehn Tage ab dem Tag, an dem Sie oder ein von Ihnen benannter Dritter, der nicht Bef\u00f6rderer ist, die Waren in Besitz [&hellip;]<\/p>\n","protected":false},"author":1,"featured_media":0,"parent":0,"menu_order":999,"comment_status":"closed","ping_status":"closed","template":"","meta":{"site-sidebar-layout":"no-sidebar","site-content-layout":"","ast-site-content-layout":"full-width-container","site-content-style":"default","site-sidebar-style":"default","ast-global-header-display":"","ast-banner-title-visibility":"","ast-main-header-display":"","ast-hfb-above-header-display":"","ast-hfb-below-header-display":"","ast-hfb-mobile-header-display":"","site-post-title":"disabled","ast-breadcrumbs-content":"","ast-featured-img":"disabled","footer-sml-layout":"","theme-transparent-header-meta":"","adv-header-id-meta":"","stick-header-meta":"","header-above-stick-meta":"","header-main-stick-meta":"","header-below-stick-meta":"","astra-migrate-meta-layouts":"default","ast-page-background-enabled":"default","ast-page-background-meta":{"desktop":{"background-color":"var(--ast-global-color-4)","background-image":"","background-repeat":"repeat","background-position":"center center","background-size":"auto","background-attachment":"scroll","background-type":"","background-media":"","overlay-type":"","overlay-color":"","overlay-opacity":"","overlay-gradient":""},"tablet":{"background-color":"","background-image":"","background-repeat":"repeat","background-position":"center center","background-size":"auto","background-attachment":"scroll","background-type":"","background-media":"","overlay-type":"","overlay-color":"","overlay-opacity":"","overlay-gradient":""},"mobile":{"background-color":"","background-image":"","background-repeat":"repeat","background-position":"center center","background-size":"auto","background-attachment":"scroll","background-type":"","background-media":"","overlay-type":"","overlay-color":"","overlay-opacity":"","overlay-gradient":""}},"ast-content-background-meta":{"desktop":{"background-color":"var(--ast-global-color-5)","background-image":"","background-repeat":"repeat","background-position":"center center","background-size":"auto","background-attachment":"scroll","background-type":"","background-media":"","overlay-type":"","overlay-color":"","overlay-opacity":"","overlay-gradient":""},"tablet":{"background-color":"var(--ast-global-color-5)","background-image":"","background-repeat":"repeat","background-position":"center center","background-size":"auto","background-attachment":"scroll","background-type":"","background-media":"","overlay-type":"","overlay-color":"","overlay-opacity":"","overlay-gradient":""},"mobile":{"background-color":"var(--ast-global-color-5)","background-image":"","background-repeat":"repeat","background-position":"center center","background-size":"auto","background-attachment":"scroll","background-type":"","background-media":"","overlay-type":"","overlay-color":"","overlay-opacity":"","overlay-gradient":""}},"footnotes":""},"class_list":["post-62","page","type-page","status-publish","hentry"],"_links":{"self":[{"href":"https:\/\/nanodron.de\/es\/wp-json\/wp\/v2\/pages\/62","targetHints":{"allow":["GET"]}}],"collection":[{"href":"https:\/\/nanodron.de\/es\/wp-json\/wp\/v2\/pages"}],"about":[{"href":"https:\/\/nanodron.de\/es\/wp-json\/wp\/v2\/types\/page"}],"author":[{"embeddable":true,"href":"https:\/\/nanodron.de\/es\/wp-json\/wp\/v2\/users\/1"}],"replies":[{"embeddable":true,"href":"https:\/\/nanodron.de\/es\/wp-json\/wp\/v2\/comments?post=62"}],"version-history":[{"count":10,"href":"https:\/\/nanodron.de\/es\/wp-json\/wp\/v2\/pages\/62\/revisions"}],"predecessor-version":[{"id":4613,"href":"https:\/\/nanodron.de\/es\/wp-json\/wp\/v2\/pages\/62\/revisions\/4613"}],"wp:attachment":[{"href":"https:\/\/nanodron.de\/es\/wp-json\/wp\/v2\/media?parent=62"}],"curies":[{"name":"gracias","href":"https:\/\/api.w.org\/{rel}","templated":true}]}}