{"id":60,"date":"2023-11-25T13:23:16","date_gmt":"2023-11-25T12:23:16","guid":{"rendered":"https:\/\/nanodron.de\/?page_id=60"},"modified":"2025-10-31T19:01:37","modified_gmt":"2025-10-31T18:01:37","slug":"agb","status":"publish","type":"page","link":"https:\/\/nanodron.de\/es\/agb\/","title":{"rendered":"T\u00e9rminos y condiciones"},"content":{"rendered":"<div data-elementor-type=\"wp-page\" data-elementor-id=\"60\" class=\"elementor elementor-60\" data-elementor-post-type=\"page\">\n\t\t\t\t<div class=\"elementor-element elementor-element-67c2ab20 e-flex e-con-boxed e-con e-parent\" data-id=\"67c2ab20\" data-element_type=\"container\" data-e-type=\"container\">\n\t\t\t\t\t<div class=\"e-con-inner\">\n\t\t\t\t<div class=\"elementor-element elementor-element-70c6052 elementor-widget elementor-widget-text-editor\" data-id=\"70c6052\" data-element_type=\"widget\" data-e-type=\"widget\" data-widget_type=\"text-editor.default\">\n\t\t\t\t<div class=\"elementor-widget-container\">\n\t\t\t\t\t\t\t\t\t<h3><b>T\u00e9rminos y condiciones generales de negocio.<\/b>&nbsp;<\/h3>\n<h3>\u00a7 1 Validez, definiciones de t\u00e9rminos<\/h3>\n<p>(1) Nanodron GmbH, Eisenbahnstr. 25, 75179 Pforzheim, Alemania (en adelante: \u201cnosotros\u201d o \u201cNanodron\u201d) opera una tienda en l\u00ednea de productos en el sitio web https:\/\/nanodron.de. Los siguientes t\u00e9rminos y condiciones generales se aplican a todos los servicios entre nosotros y nuestros clientes (en adelante: \u201ccliente\u201d o \u201custed\u201d) en la versi\u00f3n v\u00e1lida en el momento del pedido, a menos que se acuerde expresamente lo contrario.<\/p>\n<p>(2) &quot;Consumidor&quot; en el sentido de estos t\u00e9rminos y condiciones es cualquier persona f\u00edsica que celebra un negocio jur\u00eddico con fines que no pueden atribuirse predominantemente ni a su actividad comercial ni a su actividad profesional independiente. \u201cEmpresario\u201d es una persona natural o jur\u00eddica o una sociedad con capacidad jur\u00eddica que, al celebrar un negocio jur\u00eddico, act\u00faa en el ejercicio de su actividad comercial o profesional independiente, siendo una sociedad con capacidad jur\u00eddica una sociedad que est\u00e1 dotada de la capacidad adquirir derechos y contraer obligaciones.<\/p>\n<h3>\u00a7 2 Celebraci\u00f3n de los contratos, conservaci\u00f3n del texto del contrato<\/h3>\n<p>(1) Para los pedidos realizados a trav\u00e9s de nuestra tienda online en https:\/\/nanodron.de se aplican las siguientes normas relativas a la celebraci\u00f3n del contrato.<\/p>\n<p>(2) Nuestras presentaciones de productos en Internet no son vinculantes y no constituyen una oferta vinculante para celebrar un contrato.<\/p>\n<p>(3) Cuando se recibe un pedido en nuestra tienda online, se aplican las siguientes normas: El cliente presenta una oferta contractual vinculante al completar con \u00e9xito el procedimiento de pedido previsto en nuestra tienda online. El pedido se realiza en los siguientes pasos:<\/p>\n<ol>\n<li>Selecci\u00f3n de los productos deseados,<\/li>\n<li>A\u00f1adir los productos haciendo clic en el bot\u00f3n correspondiente (p. ej. \u201cA\u00f1adir al carrito\u201d, \u201cA\u00f1adir a la cesta\u201d o similar),<\/li>\n<li>Comprobando la informaci\u00f3n en el carrito de compras,<\/li>\n<li>Acceder al resumen del pedido haciendo clic en el bot\u00f3n correspondiente (por ejemplo, &quot;Continuar con el pago&quot;, &quot;Continuar con el pago&quot;, &quot;Ir al resumen del pedido&quot; o similar),<\/li>\n<li>Introducir\/comprobar la direcci\u00f3n y datos de contacto, seleccionar el m\u00e9todo de pago, confirmar las condiciones generales y la pol\u00edtica de cancelaci\u00f3n,<\/li>\n<li>Si la calidad acordada de los productos difiere de su calidad y condiciones de uso habituales, confirmaci\u00f3n de un acuerdo de calidad negativo,<\/li>\n<li>Complete el pedido haciendo clic en el bot\u00f3n \u201cComprar ahora\u201d. Esto constituye su orden vinculante.<\/li>\n<li>El contrato se concluye cuando recibe una confirmaci\u00f3n de su pedido en la direcci\u00f3n de correo electr\u00f3nico proporcionada dentro de los tres d\u00edas h\u00e1biles.<\/li>\n<\/ol>\n<p>(4) Si el contrato se concluye, el contrato es con Nanodron GmbH, Eisenbahnstr. 25, 75179 Pforzheim, Alemania.<\/p>\n<p>(5) Antes de realizar el pedido, los datos del contrato se pueden imprimir o guardar electr\u00f3nicamente utilizando la funci\u00f3n de impresi\u00f3n del navegador. El procesamiento del pedido y la transmisi\u00f3n de toda la informaci\u00f3n necesaria en relaci\u00f3n con la celebraci\u00f3n del contrato, en particular los datos del pedido, los t\u00e9rminos y condiciones generales y la pol\u00edtica de cancelaci\u00f3n, se realiza por correo electr\u00f3nico despu\u00e9s de haber realizado el pedido, en parte de forma autom\u00e1tica. . No guardamos el texto del contrato una vez celebrado el contrato.<\/p>\n<p>(6) Los errores de entrada se pueden corregir utilizando las funciones habituales del teclado, el rat\u00f3n y el navegador (por ejemplo, el &quot;bot\u00f3n Atr\u00e1s&quot; del navegador). Tambi\u00e9n se pueden corregir cancelando el proceso de pedido antes de tiempo, cerrando la ventana del navegador y repitiendo el proceso.<\/p>\n<p>(7) El procesamiento del pedido y la transmisi\u00f3n de toda la informaci\u00f3n necesaria en relaci\u00f3n con la celebraci\u00f3n del contrato se realiza parcialmente de forma automatizada por correo electr\u00f3nico. Por lo tanto, debe asegurarse de que la direcci\u00f3n de correo electr\u00f3nico que nos proporciona sea correcta, de que la recepci\u00f3n de los correos electr\u00f3nicos est\u00e9 t\u00e9cnicamente asegurada y, en particular, de que no la impidan los filtros de SPAM.<\/p>\n<h3>\u00a7 3 Objeto del contrato y caracter\u00edsticas esenciales de los productos<\/h3>\n<p>(1) El objeto del contrato en nuestra tienda online es:<\/p>\n<ol style=\"list-style-type: lower-alpha;\">\n<li>La venta de bienes. Puede encontrar los productos espec\u00edficos que se ofrecen en nuestras p\u00e1ginas de art\u00edculos.<\/li>\n<\/ol>\n<p>(2) Las caracter\u00edsticas esenciales de la mercanc\u00eda se pueden encontrar en la descripci\u00f3n del art\u00edculo. Si la calidad acordada de los productos difiere de su calidad y condiciones de uso habituales, esto se indicar\u00e1 expresamente en la descripci\u00f3n del art\u00edculo (acuerdo de calidad negativo). Si el cliente ha dado su consentimiento expreso a la desviaci\u00f3n negativa de calidad, esto define el objeto del contrato.<\/p>\n<h3>\u00a7 4 Precios, gastos de env\u00edo y entrega<\/h3>\n<p>(1) Los precios indicados en las respectivas ofertas, as\u00ed como los costos de env\u00edo, son precios totales e incluyen todos los componentes del precio, incluidos todos los impuestos aplicables.<\/p>\n<p>(2) El precio de compra respectivo deber\u00e1 pagarse antes de la entrega del producto (pago por adelantado), a menos que ofrezcamos expresamente compra a cuenta. Los m\u00e9todos de pago disponibles para usted se muestran en el bot\u00f3n correspondiente en la tienda online o en la oferta correspondiente. A menos que se indique lo contrario para los m\u00e9todos de pago individuales, las reclamaciones de pago deben pagarse inmediatamente.<\/p>\n<p>(3) Adem\u00e1s de los precios indicados, pueden aplicarse costos de env\u00edo para la entrega de productos, a menos que el art\u00edculo respectivo se muestre libre de costos de env\u00edo. Los gastos de env\u00edo se le comunicar\u00e1n claramente en las ofertas, si corresponde, en el sistema del carrito de compras y en el resumen del pedido.<\/p>\n<p>(4) A menos que se indique claramente lo contrario en la descripci\u00f3n del producto, todos los productos ofrecidos est\u00e1n listos para su env\u00edo inmediato (plazo de entrega: 2-5 d\u00edas h\u00e1biles despu\u00e9s de recibir el pago).<\/p>\n<p>(5) Se aplican las siguientes restricciones en el \u00e1rea de entrega: La entrega se realiza en los siguientes pa\u00edses: Alemania.<\/p>\n<h3>\u00a7 5 Derecho de retenci\u00f3n, reserva de dominio<\/h3>\n<p>(1) S\u00f3lo podr\u00e1 ejercer un derecho de retenci\u00f3n si se trata de reclamaciones de la misma relaci\u00f3n contractual.<\/p>\n<p>(2) La mercanc\u00eda seguir\u00e1 siendo de nuestra propiedad hasta el pago total del precio de compra.<\/p>\n<h3>\u00a7 6 Derecho de desistimiento<\/h3>\n<p>Como consumidor, tienes derecho de desistimiento. esto depende de lo nuestro <a href=\"https:\/\/nanodron.de\/es\/widerrufsbelehrung\/\">Pol\u00edtica de cancelaci\u00f3n<\/a>.<\/p>\n<h3>\u00a7 7 Idioma del contrato<\/h3>\n<p>El \u00fanico idioma contractual disponible es el alem\u00e1n.<\/p>\n<h3>\u00a7 8 Responsabilidad<\/h3>\n<p>(1) Sujeto a las siguientes excepciones, nuestra responsabilidad por incumplimiento de obligaciones contractuales y actos il\u00edcitos se limita a dolo o negligencia grave.<\/p>\n<p>(2) Somos responsables sin limitaci\u00f3n en caso de negligencia leve en caso de da\u00f1os a la vida, el cuerpo o la salud o en caso de incumplimiento de una obligaci\u00f3n contractual esencial. Si estamos atrasados en el servicio debido a negligencia leve, si el servicio se ha vuelto imposible o si hemos incumplido una obligaci\u00f3n contractual esencial, la responsabilidad por cualquier p\u00e9rdida patrimonial y financiera resultante correr\u00e1 a cargo del <strong>Da\u00f1os que normalmente son previsibles en el contrato.<\/strong> limitado. Una obligaci\u00f3n contractual esencial es aquella cuyo cumplimiento hace posible en primer lugar la correcta ejecuci\u00f3n del contrato, cuyo incumplimiento pone en peligro la consecuci\u00f3n del objetivo del contrato y en cuyo cumplimiento se puede confiar regularmente. Esto incluye en particular nuestra obligaci\u00f3n de actuar y cumplir con el servicio contractualmente adeudado, que se describe en la Secci\u00f3n 3.<\/p>\n<h3>\u00a7 9 Garant\u00eda<\/h3>\n<p>(1) La garant\u00eda se basa en las disposiciones legales.<\/p>\n<p>(2) Para los empresarios, el per\u00edodo de garant\u00eda de los art\u00edculos entregados es de 12 meses.<\/p>\n<p>(3) Como consumidor, se le solicita que compruebe inmediatamente si el art\u00edculo\/bienes digitales o el servicio prestado est\u00e1 completo, tiene defectos evidentes y da\u00f1os durante el transporte y nos notifique a nosotros y al transportista de cualquier queja lo m\u00e1s r\u00e1pido posible. . Si no cumple con esto, por supuesto, esto no tendr\u00e1 ning\u00fan efecto en sus derechos de garant\u00eda legales.<\/p>\n<h3>\u00a7 10 Disposiciones finales\/resoluci\u00f3n de litigios<\/h3>\n<p>(1) Se aplica la ley alemana. Para los consumidores, esta elecci\u00f3n de ley s\u00f3lo se aplica en la medida en que no se retire la protecci\u00f3n otorgada por las disposiciones imperativas de la ley del pa\u00eds de residencia habitual del consumidor (principio de favorabilidad).<\/p>\n<p>(2) Las disposiciones de la Convenci\u00f3n de las Naciones Unidas sobre los Contratos de Compraventa Internacional de Mercader\u00edas no se aplican expresamente.<\/p>\n<p>(3) Si el cliente es un comerciante, una persona jur\u00eddica de derecho p\u00fablico o un fondo especial de derecho p\u00fablico, el lugar de jurisdicci\u00f3n para todos los litigios que surjan de las relaciones contractuales entre el cliente y el proveedor es el domicilio social del proveedor.<\/p>\n<p>(4) No estamos obligados ni dispuestos a participar en procedimientos de resoluci\u00f3n de disputas ante una junta de arbitraje de consumo.<\/p>\t\t\t\t\t\t\t\t<\/div>\n\t\t\t\t<\/div>\n\t\t\t\t\t<\/div>\n\t\t\t\t<\/div>\n\t\t\t\t<\/div>","protected":false},"excerpt":{"rendered":"<p>Allgemeine Gesch\u00e4ftsbedingungen&nbsp; \u00a7 1 Geltung, Begriffsdefinitionen (1) Nanodron GmbH, Eisenbahnstr. 25, 75179 Pforzheim, Deutschland (im Folgenden: \u201ewir\u201c oder \u201eNanodron\u201c) betreibt unter der Webseite https:\/\/nanodron.de einen Online-Shop f\u00fcr Waren. Die nachfolgenden allgemeinen Gesch\u00e4ftsbedingungen gelten f\u00fcr alle Leistungen zwischen uns und unseren Kunden (im Folgenden: \u201eKunde\u201c oder \u201eSie\u201c) in ihrer zum Zeitpunkt der Bestellung g\u00fcltigen Fassung, soweit [&hellip;]<\/p>\n","protected":false},"author":1,"featured_media":0,"parent":0,"menu_order":999,"comment_status":"closed","ping_status":"closed","template":"","meta":{"site-sidebar-layout":"default","site-content-layout":"","ast-site-content-layout":"default","site-content-style":"default","site-sidebar-style":"default","ast-global-header-display":"","ast-banner-title-visibility":"","ast-main-header-display":"","ast-hfb-above-header-display":"","ast-hfb-below-header-display":"","ast-hfb-mobile-header-display":"","site-post-title":"disabled","ast-breadcrumbs-content":"","ast-featured-img":"","footer-sml-layout":"","theme-transparent-header-meta":"","adv-header-id-meta":"","stick-header-meta":"","header-above-stick-meta":"","header-main-stick-meta":"","header-below-stick-meta":"","astra-migrate-meta-layouts":"","ast-page-background-enabled":"default","ast-page-background-meta":{"desktop":{"background-color":"var(--ast-global-color-4)","background-image":"","background-repeat":"repeat","background-position":"center center","background-size":"auto","background-attachment":"scroll","background-type":"","background-media":"","overlay-type":"","overlay-color":"","overlay-opacity":"","overlay-gradient":""},"tablet":{"background-color":"","background-image":"","background-repeat":"repeat","background-position":"center center","background-size":"auto","background-attachment":"scroll","background-type":"","background-media":"","overlay-type":"","overlay-color":"","overlay-opacity":"","overlay-gradient":""},"mobile":{"background-color":"","background-image":"","background-repeat":"repeat","background-position":"center center","background-size":"auto","background-attachment":"scroll","background-type":"","background-media":"","overlay-type":"","overlay-color":"","overlay-opacity":"","overlay-gradient":""}},"ast-content-background-meta":{"desktop":{"background-color":"var(--ast-global-color-5)","background-image":"","background-repeat":"repeat","background-position":"center center","background-size":"auto","background-attachment":"scroll","background-type":"","background-media":"","overlay-type":"","overlay-color":"","overlay-opacity":"","overlay-gradient":""},"tablet":{"background-color":"var(--ast-global-color-5)","background-image":"","background-repeat":"repeat","background-position":"center center","background-size":"auto","background-attachment":"scroll","background-type":"","background-media":"","overlay-type":"","overlay-color":"","overlay-opacity":"","overlay-gradient":""},"mobile":{"background-color":"var(--ast-global-color-5)","background-image":"","background-repeat":"repeat","background-position":"center center","background-size":"auto","background-attachment":"scroll","background-type":"","background-media":"","overlay-type":"","overlay-color":"","overlay-opacity":"","overlay-gradient":""}},"footnotes":""},"class_list":["post-60","page","type-page","status-publish","hentry"],"_links":{"self":[{"href":"https:\/\/nanodron.de\/es\/wp-json\/wp\/v2\/pages\/60","targetHints":{"allow":["GET"]}}],"collection":[{"href":"https:\/\/nanodron.de\/es\/wp-json\/wp\/v2\/pages"}],"about":[{"href":"https:\/\/nanodron.de\/es\/wp-json\/wp\/v2\/types\/page"}],"author":[{"embeddable":true,"href":"https:\/\/nanodron.de\/es\/wp-json\/wp\/v2\/users\/1"}],"replies":[{"embeddable":true,"href":"https:\/\/nanodron.de\/es\/wp-json\/wp\/v2\/comments?post=60"}],"version-history":[{"count":10,"href":"https:\/\/nanodron.de\/es\/wp-json\/wp\/v2\/pages\/60\/revisions"}],"predecessor-version":[{"id":3232,"href":"https:\/\/nanodron.de\/es\/wp-json\/wp\/v2\/pages\/60\/revisions\/3232"}],"wp:attachment":[{"href":"https:\/\/nanodron.de\/es\/wp-json\/wp\/v2\/media?parent=60"}],"curies":[{"name":"gracias","href":"https:\/\/api.w.org\/{rel}","templated":true}]}}