{"id":143,"date":"2023-12-01T15:14:20","date_gmt":"2023-12-01T14:14:20","guid":{"rendered":"https:\/\/nanodron.de\/?page_id=143"},"modified":"2025-09-12T20:03:41","modified_gmt":"2025-09-12T18:03:41","slug":"zahlungarten-und-versandarten","status":"publish","type":"page","link":"https:\/\/nanodron.de\/es\/zahlungarten-und-versandarten\/","title":{"rendered":"M\u00e9todos de pago y env\u00edo"},"content":{"rendered":"<div data-elementor-type=\"wp-page\" data-elementor-id=\"143\" class=\"elementor elementor-143\" data-elementor-post-type=\"page\">\n\t\t\t\t<div class=\"elementor-element elementor-element-51a323e e-flex e-con-boxed e-con e-parent\" data-id=\"51a323e\" data-element_type=\"container\" data-e-type=\"container\">\n\t\t\t\t\t<div class=\"e-con-inner\">\n\t\t\t\t<div class=\"elementor-element elementor-element-48bf275 elementor-widget elementor-widget-heading\" data-id=\"48bf275\" data-element_type=\"widget\" data-e-type=\"widget\" data-widget_type=\"heading.default\">\n\t\t\t\t<div class=\"elementor-widget-container\">\n\t\t\t\t\t<p class=\"elementor-heading-title elementor-size-default\">Soluciones de financiaci\u00f3n individuales para clientes empresariales<\/p>\t\t\t\t<\/div>\n\t\t\t\t<\/div>\n\t\t\t\t<div class=\"elementor-element elementor-element-059456d elementor-widget elementor-widget-text-editor\" data-id=\"059456d\" data-element_type=\"widget\" data-e-type=\"widget\" data-widget_type=\"text-editor.default\">\n\t\t\t\t<div class=\"elementor-widget-container\">\n\t\t\t\t\t\t\t\t\t<p>Ofrecemos opciones de financiaci\u00f3n personalizadas para nuestros clientes comerciales, ya sea mediante leasing o compra a plazos. No dude en contactarnos; estaremos encantados de asesorarle personalmente.<\/p>\t\t\t\t\t\t\t\t<\/div>\n\t\t\t\t<\/div>\n\t\t\t\t<div class=\"elementor-element elementor-element-e20af43 elementor-widget elementor-widget-heading\" data-id=\"e20af43\" data-element_type=\"widget\" data-e-type=\"widget\" data-widget_type=\"heading.default\">\n\t\t\t\t<div class=\"elementor-widget-container\">\n\t\t\t\t\t<p class=\"elementor-heading-title elementor-size-default\">Clientes privados<\/p>\t\t\t\t<\/div>\n\t\t\t\t<\/div>\n\t\t\t\t<div class=\"elementor-element elementor-element-85dc887 elementor-widget elementor-widget-text-editor\" data-id=\"85dc887\" data-element_type=\"widget\" data-e-type=\"widget\" data-widget_type=\"text-editor.default\">\n\t\t\t\t<div class=\"elementor-widget-container\">\n\t\t\t\t\t\t\t\t\t<p>Como cliente particular, tiene la posibilidad de realizar su pedido c\u00f3modamente mediante pago por adelantado. <br \/>Estaremos encantados de atender su pedido por tel\u00e9fono al <strong data-start=\"571\" data-end=\"590\">07231 \/ 7810780<\/strong> o por correo electr\u00f3nico a <strong data-start=\"610\" data-end=\"630\"><a class=\"cursor-pointer\" rel=\"noopener\" data-start=\"612\" data-end=\"628\">info@nanodron.de<\/a><\/strong> en contraste con. <br \/>Alternativamente, puede pedir su NANODRON\u00ae directamente en nuestra tienda online.<\/p>\t\t\t\t\t\t\t\t<\/div>\n\t\t\t\t<\/div>\n\t\t\t\t<div class=\"elementor-element elementor-element-bb1d94e elementor-widget elementor-widget-heading\" data-id=\"bb1d94e\" data-element_type=\"widget\" data-e-type=\"widget\" data-widget_type=\"heading.default\">\n\t\t\t\t<div class=\"elementor-widget-container\">\n\t\t\t\t\t<p class=\"elementor-heading-title elementor-size-default\">M\u00e1s informaci\u00f3n sobre los m\u00e9todos de pago<\/p>\t\t\t\t<\/div>\n\t\t\t\t<\/div>\n\t\t\t\t<div class=\"elementor-element elementor-element-8ee32db elementor-widget elementor-widget-text-editor\" data-id=\"8ee32db\" data-element_type=\"widget\" data-e-type=\"widget\" data-widget_type=\"text-editor.default\">\n\t\t\t\t<div class=\"elementor-widget-container\">\n\t\t\t\t\t\t\t\t\t<p>Paga de forma segura y sencilla. Todos los m\u00e9todos de pago posibles se muestran durante el proceso de pedido. T\u00fa decides c\u00f3mo prefieres pagar:<\/p><p><strong>Pagos con tarjeta de cr\u00e9dito (a trav\u00e9s de Stripe)<\/strong><\/p><p>Se aceptan las siguientes tarjetas de cr\u00e9dito: VISA, Mastercard, American Express<\/p><p>Para pagar con tarjeta de cr\u00e9dito, necesitas el n\u00famero de tarjeta de 16 d\u00edgitos, el per\u00edodo de validez y el d\u00edgito de control, tambi\u00e9n conocido como CVV\/CVC. Para VISA y MasterCard, el d\u00edgito de control corresponde a los tres d\u00edgitos al lado del campo de firma en el reverso de la tarjeta. En la tarjeta American Express, el n\u00famero de cheque de 4 d\u00edgitos se encuentra en el frente, justo encima del n\u00famero de la tarjeta en relieve. Sus datos estar\u00e1n protegidos mediante el proceso de cifrado SSL seguro y procesados de inmediato.<br \/>Si paga correctamente con tarjeta de cr\u00e9dito, el importe de la factura se debitar\u00e1 de su cuenta de tarjeta de cr\u00e9dito cuando se env\u00eden los productos.<\/p><p><strong>Pago mediante transferencia bancaria<\/strong> <strong>(anticipo)<\/strong><\/p><p>Simplemente utiliza nuestros datos bancarios y tu n\u00famero de pedido para realizar la transferencia. Nuestros datos bancarios para la transferencia se enviar\u00e1n por correo electr\u00f3nico despu\u00e9s de realizar el pedido.<\/p>\t\t\t\t\t\t\t\t<\/div>\n\t\t\t\t<\/div>\n\t\t\t\t<div class=\"elementor-element elementor-element-0bb0fa9 elementor-widget elementor-widget-heading\" data-id=\"0bb0fa9\" data-element_type=\"widget\" data-e-type=\"widget\" data-widget_type=\"heading.default\">\n\t\t\t\t<div class=\"elementor-widget-container\">\n\t\t\t\t\t<p class=\"elementor-heading-title elementor-size-default\">M\u00e9todos de env\u00edo<\/p>\t\t\t\t<\/div>\n\t\t\t\t<\/div>\n\t\t\t\t<div class=\"elementor-element elementor-element-741dd95 elementor-widget elementor-widget-text-editor\" data-id=\"741dd95\" data-element_type=\"widget\" data-e-type=\"widget\" data-widget_type=\"text-editor.default\">\n\t\t\t\t<div class=\"elementor-widget-container\">\n\t\t\t\t\t\t\t\t\t<div class=\"wp-block-group\"><div class=\"wp-block-group__inner-container is-layout-constrained wp-block-group-is-layout-constrained\"><p>Siempre te mantendremos informado lo mejor posible. <strong>tiempo estimado de entrega<\/strong> y el estado actual de su pedido. Tambi\u00e9n tienes la opci\u00f3n de realizar el seguimiento de la entrega a trav\u00e9s de nuestro servicio de paqueter\u00eda DHL utilizando un n\u00famero de seguimiento. Recibir\u00e1s el n\u00famero de seguimiento y el enlace de seguimiento por correo electr\u00f3nico con la confirmaci\u00f3n de env\u00edo.<\/p><p>El <strong>Gastos de env\u00edo<\/strong> cada uno difiere <strong>Pa\u00eds de entrega<\/strong>. Dentro de Alemania, la entrega a domicilio es gratuita. Los costos de env\u00edo individuales se indican en el \u00e1rea de pago durante el proceso de pago.<\/p><p>Nota: Al realizar env\u00edos a pa\u00edses fuera de la UE, es posible que se apliquen impuestos o costos adicionales (por ejemplo, derechos de aduana) a su pedido.<\/p><\/div><\/div>\t\t\t\t\t\t\t\t<\/div>\n\t\t\t\t<\/div>\n\t\t\t\t\t<\/div>\n\t\t\t\t<\/div>\n\t\t\t\t<\/div>","protected":false},"excerpt":{"rendered":"<p>Individuelle Finanzierungsl\u00f6sungen f\u00fcr Gesch\u00e4ftskunden F\u00fcr unsere gewerblichen Kunden bieten wir ma\u00dfgeschneiderte Finanzierungsm\u00f6glichkeiten \u2013 wahlweise per Leasing oder Mietkauf. Sprechen Sie uns gerne dazu an, wir beraten Sie pers\u00f6nlich. Privatkunden Als Privatkunde haben Sie die M\u00f6glichkeit bequem per Vorkasse zu bestellen. Gerne nehmen wir Ihre Bestellung telefonisch unter 07231 \/ 7810780 oder per E-Mail an info@nanodron.de [&hellip;]<\/p>\n","protected":false},"author":1,"featured_media":0,"parent":0,"menu_order":999,"comment_status":"closed","ping_status":"closed","template":"","meta":{"site-sidebar-layout":"no-sidebar","site-content-layout":"","ast-site-content-layout":"full-width-container","site-content-style":"default","site-sidebar-style":"default","ast-global-header-display":"","ast-banner-title-visibility":"","ast-main-header-display":"","ast-hfb-above-header-display":"","ast-hfb-below-header-display":"","ast-hfb-mobile-header-display":"","site-post-title":"disabled","ast-breadcrumbs-content":"","ast-featured-img":"disabled","footer-sml-layout":"","theme-transparent-header-meta":"","adv-header-id-meta":"","stick-header-meta":"","header-above-stick-meta":"","header-main-stick-meta":"","header-below-stick-meta":"","astra-migrate-meta-layouts":"default","ast-page-background-enabled":"default","ast-page-background-meta":{"desktop":{"background-color":"var(--ast-global-color-4)","background-image":"","background-repeat":"repeat","background-position":"center center","background-size":"auto","background-attachment":"scroll","background-type":"","background-media":"","overlay-type":"","overlay-color":"","overlay-opacity":"","overlay-gradient":""},"tablet":{"background-color":"","background-image":"","background-repeat":"repeat","background-position":"center center","background-size":"auto","background-attachment":"scroll","background-type":"","background-media":"","overlay-type":"","overlay-color":"","overlay-opacity":"","overlay-gradient":""},"mobile":{"background-color":"","background-image":"","background-repeat":"repeat","background-position":"center center","background-size":"auto","background-attachment":"scroll","background-type":"","background-media":"","overlay-type":"","overlay-color":"","overlay-opacity":"","overlay-gradient":""}},"ast-content-background-meta":{"desktop":{"background-color":"var(--ast-global-color-5)","background-image":"","background-repeat":"repeat","background-position":"center center","background-size":"auto","background-attachment":"scroll","background-type":"","background-media":"","overlay-type":"","overlay-color":"","overlay-opacity":"","overlay-gradient":""},"tablet":{"background-color":"var(--ast-global-color-5)","background-image":"","background-repeat":"repeat","background-position":"center center","background-size":"auto","background-attachment":"scroll","background-type":"","background-media":"","overlay-type":"","overlay-color":"","overlay-opacity":"","overlay-gradient":""},"mobile":{"background-color":"var(--ast-global-color-5)","background-image":"","background-repeat":"repeat","background-position":"center center","background-size":"auto","background-attachment":"scroll","background-type":"","background-media":"","overlay-type":"","overlay-color":"","overlay-opacity":"","overlay-gradient":""}},"footnotes":""},"class_list":["post-143","page","type-page","status-publish","hentry"],"_links":{"self":[{"href":"https:\/\/nanodron.de\/es\/wp-json\/wp\/v2\/pages\/143","targetHints":{"allow":["GET"]}}],"collection":[{"href":"https:\/\/nanodron.de\/es\/wp-json\/wp\/v2\/pages"}],"about":[{"href":"https:\/\/nanodron.de\/es\/wp-json\/wp\/v2\/types\/page"}],"author":[{"embeddable":true,"href":"https:\/\/nanodron.de\/es\/wp-json\/wp\/v2\/users\/1"}],"replies":[{"embeddable":true,"href":"https:\/\/nanodron.de\/es\/wp-json\/wp\/v2\/comments?post=143"}],"version-history":[{"count":11,"href":"https:\/\/nanodron.de\/es\/wp-json\/wp\/v2\/pages\/143\/revisions"}],"predecessor-version":[{"id":4737,"href":"https:\/\/nanodron.de\/es\/wp-json\/wp\/v2\/pages\/143\/revisions\/4737"}],"wp:attachment":[{"href":"https:\/\/nanodron.de\/es\/wp-json\/wp\/v2\/media?parent=143"}],"curies":[{"name":"gracias","href":"https:\/\/api.w.org\/{rel}","templated":true}]}}