{"id":771,"date":"2023-12-15T11:18:11","date_gmt":"2023-12-15T10:18:11","guid":{"rendered":"https:\/\/nanodron.de\/?page_id=771"},"modified":"2025-11-02T19:59:09","modified_gmt":"2025-11-02T18:59:09","slug":"service","status":"publish","type":"page","link":"https:\/\/nanodron.de\/en\/service\/","title":{"rendered":"SERVICE"},"content":{"rendered":"\t\t<div data-elementor-type=\"wp-page\" data-elementor-id=\"771\" class=\"elementor elementor-771\" data-elementor-post-type=\"page\">\n\t\t\t\t\t\t<section class=\"elementor-section elementor-top-section elementor-element elementor-element-ad8dc87 elementor-section-boxed elementor-section-height-default elementor-section-height-default\" data-id=\"ad8dc87\" data-element_type=\"section\" data-e-type=\"section\" data-settings=\"{&quot;background_background&quot;:&quot;slideshow&quot;,&quot;background_slideshow_gallery&quot;:[{&quot;id&quot;:4514,&quot;url&quot;:&quot;https:\\\/\\\/nanodron.de\\\/wp-content\\\/uploads\\\/2025\\\/09\\\/NANO_white.jpg&quot;}],&quot;background_slideshow_loop&quot;:&quot;yes&quot;,&quot;background_slideshow_slide_duration&quot;:5000,&quot;background_slideshow_slide_transition&quot;:&quot;fade&quot;,&quot;background_slideshow_transition_duration&quot;:500}\">\n\t\t\t\t\t\t<div class=\"elementor-container elementor-column-gap-default\">\n\t\t\t\t\t<div class=\"elementor-column elementor-col-100 elementor-top-column elementor-element elementor-element-1436212\" data-id=\"1436212\" data-element_type=\"column\" data-e-type=\"column\">\n\t\t\t<div class=\"elementor-widget-wrap elementor-element-populated\">\n\t\t\t\t\t\t<div class=\"elementor-element elementor-element-1deeed0 elementor-widget elementor-widget-heading\" data-id=\"1deeed0\" data-element_type=\"widget\" data-e-type=\"widget\" data-widget_type=\"heading.default\">\n\t\t\t\t<div class=\"elementor-widget-container\">\n\t\t\t\t\t<h1 class=\"elementor-heading-title elementor-size-default\">SERVICE<\/h1>\t\t\t\t<\/div>\n\t\t\t\t<\/div>\n\t\t\t\t<div class=\"elementor-element elementor-element-9cf98ed elementor-widget elementor-widget-text-editor\" data-id=\"9cf98ed\" data-element_type=\"widget\" data-e-type=\"widget\" data-widget_type=\"text-editor.default\">\n\t\t\t\t<div class=\"elementor-widget-container\">\n\t\t\t\t\t\t\t\t\t<div class=\"flex flex-col px-5 py-1 pr-10\"><div class=\"transition-opacity duration-200 group relative w-auto max-w-full text-small @4xl:text-body @md:max-w-[90%] @4xl:max-w-[85%] break-words whitespace-pre-wrap flex flex-col space-y-1 @md:space-y-2 incoming self-start items-start\" style=\"text-align: left;\"><div id=\"message--NnB8PWPD5VXhihBCy6Z\" class=\"max-w-full border rounded-2xl py-1.5 px-2.5 relative space-y-4 w-full @md:w-auto border-gray-300\"><div class=\"break-words markdown-formatted-text\"><span style=\"color: #ffffff;\">CASADRON, NANOFLEX, NANOVENT &amp; NANODRON<\/span><\/div><\/div><\/div><\/div>\t\t\t\t\t\t\t\t<\/div>\n\t\t\t\t<\/div>\n\t\t\t\t\t<\/div>\n\t\t<\/div>\n\t\t\t\t\t<\/div>\n\t\t<\/section>\n\t\t\t\t<section class=\"elementor-section elementor-top-section elementor-element elementor-element-1acefa7 elementor-section-boxed elementor-section-height-default elementor-section-height-default\" data-id=\"1acefa7\" data-element_type=\"section\" data-e-type=\"section\" data-settings=\"{&quot;background_background&quot;:&quot;gradient&quot;}\">\n\t\t\t\t\t\t<div class=\"elementor-container elementor-column-gap-default\">\n\t\t\t\t\t<div class=\"elementor-column elementor-col-100 elementor-top-column elementor-element elementor-element-9ffdfd6\" data-id=\"9ffdfd6\" data-element_type=\"column\" data-e-type=\"column\">\n\t\t\t<div class=\"elementor-widget-wrap elementor-element-populated\">\n\t\t\t\t\t\t<div class=\"elementor-element elementor-element-2658a73 elementor-widget elementor-widget-text-editor\" data-id=\"2658a73\" data-element_type=\"widget\" data-e-type=\"widget\" data-widget_type=\"text-editor.default\">\n\t\t\t\t<div class=\"elementor-widget-container\">\n\t\t\t\t\t\t\t\t\t<div class=\"flex flex-col px-5 py-1 pr-10\"><div class=\"transition-opacity duration-200 group relative w-auto max-w-full text-small @4xl:text-body @md:max-w-[90%] @4xl:max-w-[85%] break-words whitespace-pre-wrap flex flex-col space-y-1 @md:space-y-2 incoming self-start items-start\"><div id=\"message--NnB8PWPD5VXhihBCy6Z\" class=\"max-w-full border rounded-2xl py-1.5 px-2.5 relative space-y-4 w-full @md:w-auto border-gray-300\"><div class=\"break-words markdown-formatted-text\"><p class=\"my-0.5\">Als Hersteller bieten wir f\u00fcr die gesamte bisherige Produktpalette CASADRON, NANOFLEX, NANOVENT sowie die aktuelle Serie NANODRON alle Service- und Wartungsleistungen an. Wir stellen sicher, dass alle Originalersatzteile verf\u00fcgbar sind, um die Funktionalit\u00e4t und Effizienz Ihrer Ger\u00e4te <br \/>zu gew\u00e4hrleisten.<\/p><\/div><\/div><\/div><\/div>\t\t\t\t\t\t\t\t<\/div>\n\t\t\t\t<\/div>\n\t\t\t\t\t<\/div>\n\t\t<\/div>\n\t\t\t\t\t<\/div>\n\t\t<\/section>\n\t\t\t\t<section class=\"elementor-section elementor-top-section elementor-element elementor-element-8037a2e elementor-section-full_width elementor-section-height-min-height elementor-section-stretched elementor-section-height-default elementor-section-items-middle\" data-id=\"8037a2e\" data-element_type=\"section\" data-e-type=\"section\" data-settings=\"{&quot;background_background&quot;:&quot;classic&quot;,&quot;stretch_section&quot;:&quot;section-stretched&quot;}\">\n\t\t\t\t\t\t<div class=\"elementor-container elementor-column-gap-no\">\n\t\t\t\t\t<div class=\"elementor-column elementor-col-50 elementor-top-column elementor-element elementor-element-8dcb5e4\" data-id=\"8dcb5e4\" data-element_type=\"column\" data-e-type=\"column\">\n\t\t\t<div class=\"elementor-widget-wrap elementor-element-populated\">\n\t\t\t\t\t\t<div class=\"elementor-element elementor-element-9b6e0d0 elementor-widget elementor-widget-image\" data-id=\"9b6e0d0\" data-element_type=\"widget\" data-e-type=\"widget\" data-widget_type=\"image.default\">\n\t\t\t\t<div class=\"elementor-widget-container\">\n\t\t\t\t\t\t\t\t\t\t\t\t\t\t\t<img fetchpriority=\"high\" decoding=\"async\" width=\"1179\" height=\"870\" src=\"https:\/\/nanodron.de\/wp-content\/uploads\/2025\/09\/NANODRON_Filter_Wartung.jpg\" class=\"attachment-full size-full wp-image-4497\" alt=\"Dirty NANODRON Filter\" srcset=\"https:\/\/nanodron.de\/wp-content\/uploads\/2025\/09\/NANODRON_Filter_Wartung.jpg 1179w, https:\/\/nanodron.de\/wp-content\/uploads\/2025\/09\/NANODRON_Filter_Wartung-300x221.jpg 300w, https:\/\/nanodron.de\/wp-content\/uploads\/2025\/09\/NANODRON_Filter_Wartung-1024x756.jpg 1024w, https:\/\/nanodron.de\/wp-content\/uploads\/2025\/09\/NANODRON_Filter_Wartung-768x567.jpg 768w, https:\/\/nanodron.de\/wp-content\/uploads\/2025\/09\/NANODRON_Filter_Wartung-16x12.jpg 16w, https:\/\/nanodron.de\/wp-content\/uploads\/2025\/09\/NANODRON_Filter_Wartung-600x443.jpg 600w\" sizes=\"(max-width: 1179px) 100vw, 1179px\" \/>\t\t\t\t\t\t\t\t\t\t\t\t\t\t\t<\/div>\n\t\t\t\t<\/div>\n\t\t\t\t\t<\/div>\n\t\t<\/div>\n\t\t\t\t<div class=\"elementor-column elementor-col-50 elementor-top-column elementor-element elementor-element-ee85ecf\" data-id=\"ee85ecf\" data-element_type=\"column\" data-e-type=\"column\">\n\t\t\t<div class=\"elementor-widget-wrap elementor-element-populated\">\n\t\t\t\t\t\t<div class=\"elementor-element elementor-element-d36cc3f elementor-widget elementor-widget-heading\" data-id=\"d36cc3f\" data-element_type=\"widget\" data-e-type=\"widget\" data-widget_type=\"heading.default\">\n\t\t\t\t<div class=\"elementor-widget-container\">\n\t\t\t\t\t<h2 class=\"elementor-heading-title elementor-size-default\">Service &amp; Wartung <\/h2>\t\t\t\t<\/div>\n\t\t\t\t<\/div>\n\t\t\t\t<div class=\"elementor-element elementor-element-73c3ce8 elementor-widget elementor-widget-heading\" data-id=\"73c3ce8\" data-element_type=\"widget\" data-e-type=\"widget\" data-widget_type=\"heading.default\">\n\t\t\t\t<div class=\"elementor-widget-container\">\n\t\t\t\t\t<p class=\"elementor-heading-title elementor-size-default\">F\u00fcr saubere Luft, Tag f\u00fcr Tag<\/p>\t\t\t\t<\/div>\n\t\t\t\t<\/div>\n\t\t\t\t<div class=\"elementor-element elementor-element-aa1025b elementor-widget elementor-widget-text-editor\" data-id=\"aa1025b\" data-element_type=\"widget\" data-e-type=\"widget\" data-widget_type=\"text-editor.default\">\n\t\t\t\t<div class=\"elementor-widget-container\">\n\t\t\t\t\t\t\t\t\t<p>Die regelm\u00e4\u00dfige Wartung und Pflege des NANODRON\u00ae Lufthygienesystems ist entscheidend, um eine langfristige, effektive und st\u00f6rungsfreie Nutzung sicherzustellen. Ihr Luftreiniger arbeitet tagt\u00e4glich im Hintergrund und reinigt die Raumluft von Staub, Pollen, Ger\u00fcchen und Feinstaub. Mit der Zeit sammeln sich die Schmutzpartikel im Filter an, wodurch die Reinigungsleistung nachlassen kann. Um eine konstant hohe Luftqualit\u00e4t zu gew\u00e4hrleisten, sind Filter regelm\u00e4\u00dfig auszutauschen. Ein gut gewarteter Luftreiniger bleibt leistungsstark und effizient.<\/p><p data-start=\"611\" data-end=\"784\"><strong>Service im ganzen Bundesgebiet<br \/><\/strong>Unsere Servicetechniker sind f\u00fcr Sie deutschlandweit im Einsatz und sorgen daf\u00fcr, dass Ihr Luftreiniger regelm\u00e4\u00dfig gewartet wird \u2013 schnell, sorgf\u00e4ltig und zum fairen Preis. Die Wartung umfasst einen Wechsel des kompletten Filterpakets, Reinigung oder Entsorgung der Altfilter sowie Funktionscheck des Luftreinigers, um sicherzustellen, dass alles weiterhin wie gew\u00fcnscht l\u00e4uft.<\/p>\t\t\t\t\t\t\t\t<\/div>\n\t\t\t\t<\/div>\n\t\t\t\t\t<\/div>\n\t\t<\/div>\n\t\t\t\t\t<\/div>\n\t\t<\/section>\n\t\t<div class=\"elementor-element elementor-element-58f3edb e-flex e-con-boxed e-con e-parent\" data-id=\"58f3edb\" data-element_type=\"container\" data-e-type=\"container\" data-settings=\"{&quot;background_background&quot;:&quot;gradient&quot;}\">\n\t\t\t\t\t<div class=\"e-con-inner\">\n\t\t\t\t<div class=\"elementor-element elementor-element-23f5b1b elementor-widget elementor-widget-text-editor\" data-id=\"23f5b1b\" data-element_type=\"widget\" data-e-type=\"widget\" data-widget_type=\"text-editor.default\">\n\t\t\t\t<div class=\"elementor-widget-container\">\n\t\t\t\t\t\t\t\t\t<p data-start=\"1990\" data-end=\"2018\">Auf Wunsch bieten wir Ihnen einen exklusiven Vertrag f\u00fcr Wartung bzw. Service an. Damit stellen wir sicher, dass Ihr Luftreiniger stets mit einem voll funktionsf\u00e4higen Filtersystem ausgestattet ist und Sie jederzeit von optimaler Luftqualit\u00e4t profitieren.<\/p><p data-start=\"1990\" data-end=\"2018\"><strong>Vorteile im \u00dcberblick:<\/strong><br \/>\u00a0 \u00a0&#8211; Sicherer Betrieb aller Funktionen\u00a0<br \/>\u00a0 \u00a0&#8211; Maximale Leistung und Effektivit\u00e4t\u202f<br \/>\u00a0 \u00a0&#8211; L\u00e4ngere Lebensdauer Ihres\u00a0NANODRON\u00ae <br \/>\u00a0 \u00a0&#8211; Stetig saubere Raumluft bei Einsparung von Energie- und Reparaturkosten\u202f\u00a0<\/p>\t\t\t\t\t\t\t\t<\/div>\n\t\t\t\t<\/div>\n\t\t\t\t\t<\/div>\n\t\t\t\t<\/div>\n\t\t\t\t<section class=\"elementor-section elementor-top-section elementor-element elementor-element-eb51ede elementor-section-full_width elementor-section-height-min-height elementor-reverse-tablet elementor-reverse-mobile_extra elementor-reverse-mobile elementor-section-height-default elementor-section-items-middle\" data-id=\"eb51ede\" data-element_type=\"section\" data-e-type=\"section\" data-settings=\"{&quot;background_background&quot;:&quot;gradient&quot;}\">\n\t\t\t\t\t\t\t<div class=\"elementor-background-overlay\"><\/div>\n\t\t\t\t\t\t\t<div class=\"elementor-container elementor-column-gap-no\">\n\t\t\t\t\t<div class=\"elementor-column elementor-col-50 elementor-top-column elementor-element elementor-element-a16c836\" data-id=\"a16c836\" data-element_type=\"column\" data-e-type=\"column\">\n\t\t\t<div class=\"elementor-widget-wrap elementor-element-populated\">\n\t\t\t\t\t\t<div class=\"elementor-element elementor-element-96f8549 elementor-align-left elementor-mobile_extra-align-justify elementor-mobile-align-justify elementor-widget elementor-widget-button\" data-id=\"96f8549\" data-element_type=\"widget\" data-e-type=\"widget\" data-widget_type=\"button.default\">\n\t\t\t\t<div class=\"elementor-widget-container\">\n\t\t\t\t\t\t\t\t\t<div class=\"elementor-button-wrapper\">\n\t\t\t\t\t<a class=\"elementor-button elementor-button-link elementor-size-sm\" href=\"https:\/\/nanodron.de\/kontakt\">\n\t\t\t\t\t\t<span class=\"elementor-button-content-wrapper\">\n\t\t\t\t\t\t<span class=\"elementor-button-icon\">\n\t\t\t\t<svg aria-hidden=\"true\" class=\"e-font-icon-svg e-fas-wrench\" viewBox=\"0 0 512 512\" xmlns=\"http:\/\/www.w3.org\/2000\/svg\"><path d=\"M507.73 109.1c-2.24-9.03-13.54-12.09-20.12-5.51l-74.36 74.36-67.88-11.31-11.31-67.88 74.36-74.36c6.62-6.62 3.43-17.9-5.66-20.16-47.38-11.74-99.55.91-136.58 37.93-39.64 39.64-50.55 97.1-34.05 147.2L18.74 402.76c-24.99 24.99-24.99 65.51 0 90.5 24.99 24.99 65.51 24.99 90.5 0l213.21-213.21c50.12 16.71 107.47 5.68 147.37-34.22 37.07-37.07 49.7-89.32 37.91-136.73zM64 472c-13.25 0-24-10.75-24-24 0-13.26 10.75-24 24-24s24 10.74 24 24c0 13.25-10.75 24-24 24z\"><\/path><\/svg>\t\t\t<\/span>\n\t\t\t\t\t\t\t\t\t<span class=\"elementor-button-text\">JETZT SERVICE ANFRAGEN<\/span>\n\t\t\t\t\t<\/span>\n\t\t\t\t\t<\/a>\n\t\t\t\t<\/div>\n\t\t\t\t\t\t\t\t<\/div>\n\t\t\t\t<\/div>\n\t\t\t\t<div class=\"elementor-element elementor-element-bec004c elementor-widget elementor-widget-text-editor\" data-id=\"bec004c\" data-element_type=\"widget\" data-e-type=\"widget\" data-widget_type=\"text-editor.default\">\n\t\t\t\t<div class=\"elementor-widget-container\">\n\t\t\t\t\t\t\t\t\t<p data-start=\"1711\" data-end=\"1743\"><strong>Welche Wartungsintervalle gelten f\u00fcr den Service?<br \/><\/strong>Je nach Einsatzort und Nutzung (z.\u202fB. Raumgr\u00f6\u00dfe, Luftbelastung, Zusatzfunktionen) variieren die Wartungsintervalle. Empfohlen wird<\/p><p><strong>Vorfilter:<\/strong> bei Bedarf unter flie\u00dfendem Wasser auswaschen<\/p><p><strong>Elektronikfilter:<\/strong> alle 3-12 Monate je nach Einsatzgebiet<\/p><p><strong>Aktivkohlefilter:<\/strong> mindestens einmal pro Jahr im Rahmen der Wartung; bei starker Beanspruchung in handwerklicher Umgebung (z.B. Dentallabor, etc.) \u00f6fter\u00a0<\/p><p>Geben Sie Ihrem NANODRON\u00ae Luftreiniger die Pflege, die es verdient: Durch diese einfachen Wartungsma\u00dfnahmen tragen Sie dazu bei, die Lebensdauer Ihres Ger\u00e4ts zu verl\u00e4ngern und die Luftqualit\u00e4t in Ihrem Raum kontinuierlich hoch zu halten. Zudem wird der Verschlei\u00df minmiert und die Betriebskosten niedrig gehalten.<\/p>\t\t\t\t\t\t\t\t<\/div>\n\t\t\t\t<\/div>\n\t\t\t\t\t<\/div>\n\t\t<\/div>\n\t\t\t\t<div class=\"elementor-column elementor-col-50 elementor-top-column elementor-element elementor-element-4f99524\" data-id=\"4f99524\" data-element_type=\"column\" data-e-type=\"column\">\n\t\t\t<div class=\"elementor-widget-wrap elementor-element-populated\">\n\t\t\t\t\t\t<div class=\"elementor-element elementor-element-f78ec44 elementor-widget-laptop__width-initial elementor-widget elementor-widget-image\" data-id=\"f78ec44\" data-element_type=\"widget\" data-e-type=\"widget\" data-widget_type=\"image.default\">\n\t\t\t\t<div class=\"elementor-widget-container\">\n\t\t\t\t\t\t\t\t\t\t\t\t\t\t\t<img decoding=\"async\" width=\"749\" height=\"720\" src=\"https:\/\/nanodron.de\/wp-content\/uploads\/2025\/09\/Nano_Service.jpg\" class=\"attachment-full size-full wp-image-4537\" alt=\"NANODRON Service\" srcset=\"https:\/\/nanodron.de\/wp-content\/uploads\/2025\/09\/Nano_Service.jpg 749w, https:\/\/nanodron.de\/wp-content\/uploads\/2025\/09\/Nano_Service-300x288.jpg 300w, https:\/\/nanodron.de\/wp-content\/uploads\/2025\/09\/Nano_Service-12x12.jpg 12w, https:\/\/nanodron.de\/wp-content\/uploads\/2025\/09\/Nano_Service-600x577.jpg 600w\" sizes=\"(max-width: 749px) 100vw, 749px\" \/>\t\t\t\t\t\t\t\t\t\t\t\t\t\t\t<\/div>\n\t\t\t\t<\/div>\n\t\t\t\t\t<\/div>\n\t\t<\/div>\n\t\t\t\t\t<\/div>\n\t\t<\/section>\n\t\t\t\t<\/div>\n\t\t","protected":false},"excerpt":{"rendered":"<p>SERVICE CASADRON, NANOFLEX, NANOVENT &amp; NANODRON Als Hersteller bieten wir f\u00fcr die gesamte bisherige Produktpalette CASADRON, NANOFLEX, NANOVENT sowie die aktuelle Serie NANODRON alle Service- und Wartungsleistungen an. Wir stellen sicher, dass alle Originalersatzteile verf\u00fcgbar sind, um die Funktionalit\u00e4t und Effizienz Ihrer Ger\u00e4te zu gew\u00e4hrleisten. Service &amp; Wartung F\u00fcr saubere Luft, Tag f\u00fcr Tag Die [&hellip;]<\/p>\n","protected":false},"author":1,"featured_media":2818,"parent":0,"menu_order":5,"comment_status":"closed","ping_status":"closed","template":"elementor_header_footer","meta":{"site-sidebar-layout":"no-sidebar","site-content-layout":"","ast-site-content-layout":"full-width-container","site-content-style":"default","site-sidebar-style":"default","ast-global-header-display":"disabled","ast-banner-title-visibility":"disabled","ast-main-header-display":"","ast-hfb-above-header-display":"","ast-hfb-below-header-display":"","ast-hfb-mobile-header-display":"","site-post-title":"disabled","ast-breadcrumbs-content":"","ast-featured-img":"disabled","footer-sml-layout":"disabled","theme-transparent-header-meta":"","adv-header-id-meta":"","stick-header-meta":"","header-above-stick-meta":"","header-main-stick-meta":"","header-below-stick-meta":"","astra-migrate-meta-layouts":"","ast-page-background-enabled":"default","ast-page-background-meta":{"desktop":{"background-color":"var(--ast-global-color-4)","background-image":"","background-repeat":"repeat","background-position":"center center","background-size":"auto","background-attachment":"scroll","background-type":"","background-media":"","overlay-type":"","overlay-color":"","overlay-opacity":"","overlay-gradient":""},"tablet":{"background-color":"","background-image":"","background-repeat":"repeat","background-position":"center center","background-size":"auto","background-attachment":"scroll","background-type":"","background-media":"","overlay-type":"","overlay-color":"","overlay-opacity":"","overlay-gradient":""},"mobile":{"background-color":"","background-image":"","background-repeat":"repeat","background-position":"center center","background-size":"auto","background-attachment":"scroll","background-type":"","background-media":"","overlay-type":"","overlay-color":"","overlay-opacity":"","overlay-gradient":""}},"ast-content-background-meta":{"desktop":{"background-color":"var(--ast-global-color-5)","background-image":"","background-repeat":"repeat","background-position":"center center","background-size":"auto","background-attachment":"scroll","background-type":"","background-media":"","overlay-type":"","overlay-color":"","overlay-opacity":"","overlay-gradient":""},"tablet":{"background-color":"var(--ast-global-color-5)","background-image":"","background-repeat":"repeat","background-position":"center center","background-size":"auto","background-attachment":"scroll","background-type":"","background-media":"","overlay-type":"","overlay-color":"","overlay-opacity":"","overlay-gradient":""},"mobile":{"background-color":"var(--ast-global-color-5)","background-image":"","background-repeat":"repeat","background-position":"center center","background-size":"auto","background-attachment":"scroll","background-type":"","background-media":"","overlay-type":"","overlay-color":"","overlay-opacity":"","overlay-gradient":""}},"footnotes":""},"class_list":["post-771","page","type-page","status-publish","has-post-thumbnail","hentry"],"_links":{"self":[{"href":"https:\/\/nanodron.de\/en\/wp-json\/wp\/v2\/pages\/771","targetHints":{"allow":["GET"]}}],"collection":[{"href":"https:\/\/nanodron.de\/en\/wp-json\/wp\/v2\/pages"}],"about":[{"href":"https:\/\/nanodron.de\/en\/wp-json\/wp\/v2\/types\/page"}],"author":[{"embeddable":true,"href":"https:\/\/nanodron.de\/en\/wp-json\/wp\/v2\/users\/1"}],"replies":[{"embeddable":true,"href":"https:\/\/nanodron.de\/en\/wp-json\/wp\/v2\/comments?post=771"}],"version-history":[{"count":10,"href":"https:\/\/nanodron.de\/en\/wp-json\/wp\/v2\/pages\/771\/revisions"}],"predecessor-version":[{"id":4989,"href":"https:\/\/nanodron.de\/en\/wp-json\/wp\/v2\/pages\/771\/revisions\/4989"}],"wp:featuredmedia":[{"embeddable":true,"href":"https:\/\/nanodron.de\/en\/wp-json\/wp\/v2\/media\/2818"}],"wp:attachment":[{"href":"https:\/\/nanodron.de\/en\/wp-json\/wp\/v2\/media?parent=771"}],"curies":[{"name":"wp","href":"https:\/\/api.w.org\/{rel}","templated":true}]}}