{"id":62,"date":"2023-11-25T13:26:47","date_gmt":"2023-11-25T12:26:47","guid":{"rendered":"https:\/\/nanodron.de\/?page_id=62"},"modified":"2025-09-12T20:06:44","modified_gmt":"2025-09-12T18:06:44","slug":"widerrufsbelehrung","status":"publish","type":"page","link":"https:\/\/nanodron.de\/en\/widerrufsbelehrung\/","title":{"rendered":"Right of withdrawal"},"content":{"rendered":"<div data-elementor-type=\"wp-page\" data-elementor-id=\"62\" class=\"elementor elementor-62\" data-elementor-post-type=\"page\">\n\t\t\t\t<div class=\"elementor-element elementor-element-ccddca1 e-flex e-con-boxed e-con e-parent\" data-id=\"ccddca1\" data-element_type=\"container\" data-e-type=\"container\">\n\t\t\t\t\t<div class=\"e-con-inner\">\n\t\t\t\t<div class=\"elementor-element elementor-element-9d4a2fe elementor-widget elementor-widget-text-editor\" data-id=\"9d4a2fe\" data-element_type=\"widget\" data-e-type=\"widget\" data-widget_type=\"text-editor.default\">\n\t\t\t\t<div class=\"elementor-widget-container\">\n\t\t\t\t\t\t\t\t\t<h4><strong>Right of withdrawal\u00a0<\/strong><\/h4><p>\u00a0<\/p><p><strong>A. Right of withdrawal<br \/><\/strong>If the buyer is a consumer, he or she has a right of withdrawal in accordance with the following provisions:<\/p><p>You have the right to withdraw from this contract within fourteen days without giving any reason. The withdrawal period shall be fourteen days from the day on which you or a third party other than the carrier designated by you takes possession of the goods.\u00a0<\/p><p>To exercise your right of withdrawal, you must inform us (NANODRON GmbH, Eisenbahnstr. 25, 75179 Pforzheim, Germany, telephone: +49 7231 781 07 80, email: info@nanodron.de) of your decision to withdraw from this contract by means of a clear statement (e.g., a letter sent by post or email). You may use the attached model withdrawal form for this purpose, but this is not mandatory.<\/p><p>In order to meet the cancellation period, it is sufficient that you send the notification of your exercise of the right of cancellation before the cancellation period expires.<\/p><p><strong>B. Consequences of revocation<\/strong><br \/>If you cancel this contract, we will refund all payments that we have received from you, including delivery costs (with the exception of additional costs resulting from your choice of a delivery method other than the cheapest standard delivery offered by us), promptly and at the latest within fourteen days from the day on which we received notification of your cancellation of this contract. For this refund, we will use the same means of payment that you used for the original transaction, unless something else was expressly agreed with you; under no circumstances will you be charged any fees for this refund. We may refuse to refund until we have received the goods back or until you have provided proof that you have returned the goods, whichever is earlier.<\/p><p>You must return or hand over the goods immediately and in any event no later than fourteen days from the date on which you notify us of the cancellation of this contract to<\/p><p>NANODRON GmbH, Eisenbahnstr. 25, 75179 Pforzheim, Germany<\/p><p>to return or hand over the goods. This deadline is met if you send the goods before the expiry of the fourteen-day period.<\/p><p>You will bear the direct cost of returning the goods. You will only be liable for any loss of value of the goods if this loss of value is due to handling of the goods that is not necessary to check their quality, properties, and functioning. &quot;Checking the quality, properties, and functioning&quot; means testing and trying out the respective goods, as is possible and customary in a retail store, for example.\u00a0<\/p><p><strong>C. Exclusion of the right of withdrawal<br \/><\/strong>The right of withdrawal does not apply to contracts for the delivery of goods that are manufactured according to customer specifications or are clearly tailored to personal needs.<\/p><p><b>D. Sample cancellation form<br \/><\/b>(If you wish to cancel the contract, please fill out this form and return it)<b><br \/><\/b><\/p><p>\u2013 To: NANODRON GmbH, Eisenbahnstr. 25, 75179 Pforzheim, Tel. +49 7231 781 07 80<\/p><p>\u2013 I\/we (*) hereby revoke the contract concluded by me\/us (*) for the purchase of the following goods (*)\/the provision of the following service (*)<\/p><p>\u2013 Ordered on (*)\/received on (*)<\/p><p>\u2013 Name of the consumer(s)<\/p><p>\u2013 Address of the consumer(s)<\/p><p>\u2013 Signature of the consumer(s) (only if notification is made on paper)<\/p><p>- Date<\/p><p>(*) Delete as appropriate<\/p>\t\t\t\t\t\t\t\t<\/div>\n\t\t\t\t<\/div>\n\t\t\t\t\t<\/div>\n\t\t\t\t<\/div>\n\t\t\t\t<\/div>","protected":false},"excerpt":{"rendered":"<p>Widerrufsbelehrung\u00a0 \u00a0 A. WiderrufsrechtIst der K\u00e4ufer Verbraucher, steht ihm ein Widerrufsrecht nach folgender Ma\u00dfgabe zu: Sie haben das Recht, binnen vierzehn Tagen ohne Angabe von Gr\u00fcnden diesen Vertrag zu widerrufen. Die Widerrufsfrist betr\u00e4gt vierzehn Tage ab dem Tag, an dem Sie oder ein von Ihnen benannter Dritter, der nicht Bef\u00f6rderer ist, die Waren in Besitz [&hellip;]<\/p>\n","protected":false},"author":1,"featured_media":0,"parent":0,"menu_order":999,"comment_status":"closed","ping_status":"closed","template":"","meta":{"site-sidebar-layout":"no-sidebar","site-content-layout":"","ast-site-content-layout":"full-width-container","site-content-style":"default","site-sidebar-style":"default","ast-global-header-display":"","ast-banner-title-visibility":"","ast-main-header-display":"","ast-hfb-above-header-display":"","ast-hfb-below-header-display":"","ast-hfb-mobile-header-display":"","site-post-title":"disabled","ast-breadcrumbs-content":"","ast-featured-img":"disabled","footer-sml-layout":"","theme-transparent-header-meta":"","adv-header-id-meta":"","stick-header-meta":"","header-above-stick-meta":"","header-main-stick-meta":"","header-below-stick-meta":"","astra-migrate-meta-layouts":"default","ast-page-background-enabled":"default","ast-page-background-meta":{"desktop":{"background-color":"var(--ast-global-color-4)","background-image":"","background-repeat":"repeat","background-position":"center center","background-size":"auto","background-attachment":"scroll","background-type":"","background-media":"","overlay-type":"","overlay-color":"","overlay-opacity":"","overlay-gradient":""},"tablet":{"background-color":"","background-image":"","background-repeat":"repeat","background-position":"center center","background-size":"auto","background-attachment":"scroll","background-type":"","background-media":"","overlay-type":"","overlay-color":"","overlay-opacity":"","overlay-gradient":""},"mobile":{"background-color":"","background-image":"","background-repeat":"repeat","background-position":"center center","background-size":"auto","background-attachment":"scroll","background-type":"","background-media":"","overlay-type":"","overlay-color":"","overlay-opacity":"","overlay-gradient":""}},"ast-content-background-meta":{"desktop":{"background-color":"var(--ast-global-color-5)","background-image":"","background-repeat":"repeat","background-position":"center center","background-size":"auto","background-attachment":"scroll","background-type":"","background-media":"","overlay-type":"","overlay-color":"","overlay-opacity":"","overlay-gradient":""},"tablet":{"background-color":"var(--ast-global-color-5)","background-image":"","background-repeat":"repeat","background-position":"center center","background-size":"auto","background-attachment":"scroll","background-type":"","background-media":"","overlay-type":"","overlay-color":"","overlay-opacity":"","overlay-gradient":""},"mobile":{"background-color":"var(--ast-global-color-5)","background-image":"","background-repeat":"repeat","background-position":"center center","background-size":"auto","background-attachment":"scroll","background-type":"","background-media":"","overlay-type":"","overlay-color":"","overlay-opacity":"","overlay-gradient":""}},"footnotes":""},"class_list":["post-62","page","type-page","status-publish","hentry"],"_links":{"self":[{"href":"https:\/\/nanodron.de\/en\/wp-json\/wp\/v2\/pages\/62","targetHints":{"allow":["GET"]}}],"collection":[{"href":"https:\/\/nanodron.de\/en\/wp-json\/wp\/v2\/pages"}],"about":[{"href":"https:\/\/nanodron.de\/en\/wp-json\/wp\/v2\/types\/page"}],"author":[{"embeddable":true,"href":"https:\/\/nanodron.de\/en\/wp-json\/wp\/v2\/users\/1"}],"replies":[{"embeddable":true,"href":"https:\/\/nanodron.de\/en\/wp-json\/wp\/v2\/comments?post=62"}],"version-history":[{"count":10,"href":"https:\/\/nanodron.de\/en\/wp-json\/wp\/v2\/pages\/62\/revisions"}],"predecessor-version":[{"id":4613,"href":"https:\/\/nanodron.de\/en\/wp-json\/wp\/v2\/pages\/62\/revisions\/4613"}],"wp:attachment":[{"href":"https:\/\/nanodron.de\/en\/wp-json\/wp\/v2\/media?parent=62"}],"curies":[{"name":"wp","href":"https:\/\/api.w.org\/{rel}","templated":true}]}}