{"id":143,"date":"2023-12-01T15:14:20","date_gmt":"2023-12-01T14:14:20","guid":{"rendered":"https:\/\/nanodron.de\/?page_id=143"},"modified":"2025-09-12T20:03:41","modified_gmt":"2025-09-12T18:03:41","slug":"zahlungarten-und-versandarten","status":"publish","type":"page","link":"https:\/\/nanodron.de\/en\/zahlungarten-und-versandarten\/","title":{"rendered":"payment methods and shipping methods"},"content":{"rendered":"<div data-elementor-type=\"wp-page\" data-elementor-id=\"143\" class=\"elementor elementor-143\" data-elementor-post-type=\"page\">\n\t\t\t\t<div class=\"elementor-element elementor-element-51a323e e-flex e-con-boxed e-con e-parent\" data-id=\"51a323e\" data-element_type=\"container\" data-e-type=\"container\">\n\t\t\t\t\t<div class=\"e-con-inner\">\n\t\t\t\t<div class=\"elementor-element elementor-element-48bf275 elementor-widget elementor-widget-heading\" data-id=\"48bf275\" data-element_type=\"widget\" data-e-type=\"widget\" data-widget_type=\"heading.default\">\n\t\t\t\t<div class=\"elementor-widget-container\">\n\t\t\t\t\t<p class=\"elementor-heading-title elementor-size-default\">Individual financing solutions for business customers<\/p>\t\t\t\t<\/div>\n\t\t\t\t<\/div>\n\t\t\t\t<div class=\"elementor-element elementor-element-059456d elementor-widget elementor-widget-text-editor\" data-id=\"059456d\" data-element_type=\"widget\" data-e-type=\"widget\" data-widget_type=\"text-editor.default\">\n\t\t\t\t<div class=\"elementor-widget-container\">\n\t\t\t\t\t\t\t\t\t<p>We offer customized financing options for our commercial customers \u2013 either through leasing or hire purchase. Feel free to contact us; we&#039;ll be happy to advise you personally.<\/p>\t\t\t\t\t\t\t\t<\/div>\n\t\t\t\t<\/div>\n\t\t\t\t<div class=\"elementor-element elementor-element-e20af43 elementor-widget elementor-widget-heading\" data-id=\"e20af43\" data-element_type=\"widget\" data-e-type=\"widget\" data-widget_type=\"heading.default\">\n\t\t\t\t<div class=\"elementor-widget-container\">\n\t\t\t\t\t<p class=\"elementor-heading-title elementor-size-default\">Private customers<\/p>\t\t\t\t<\/div>\n\t\t\t\t<\/div>\n\t\t\t\t<div class=\"elementor-element elementor-element-85dc887 elementor-widget elementor-widget-text-editor\" data-id=\"85dc887\" data-element_type=\"widget\" data-e-type=\"widget\" data-widget_type=\"text-editor.default\">\n\t\t\t\t<div class=\"elementor-widget-container\">\n\t\t\t\t\t\t\t\t\t<p>As a private customer, you have the option of conveniently ordering by prepayment. <br \/>We are happy to take your order by phone at <strong data-start=\"571\" data-end=\"590\">07231 \/ 7810780<\/strong> or by email to <strong data-start=\"610\" data-end=\"630\"><a class=\"cursor-pointer\" rel=\"noopener\" data-start=\"612\" data-end=\"628\">info@nanodron.de<\/a><\/strong> in contrast to. <br \/>Alternatively, you can order your NANODRON\u00ae directly from our online shop.<\/p>\t\t\t\t\t\t\t\t<\/div>\n\t\t\t\t<\/div>\n\t\t\t\t<div class=\"elementor-element elementor-element-bb1d94e elementor-widget elementor-widget-heading\" data-id=\"bb1d94e\" data-element_type=\"widget\" data-e-type=\"widget\" data-widget_type=\"heading.default\">\n\t\t\t\t<div class=\"elementor-widget-container\">\n\t\t\t\t\t<p class=\"elementor-heading-title elementor-size-default\">Further information on payment methods<\/p>\t\t\t\t<\/div>\n\t\t\t\t<\/div>\n\t\t\t\t<div class=\"elementor-element elementor-element-8ee32db elementor-widget elementor-widget-text-editor\" data-id=\"8ee32db\" data-element_type=\"widget\" data-e-type=\"widget\" data-widget_type=\"text-editor.default\">\n\t\t\t\t<div class=\"elementor-widget-container\">\n\t\t\t\t\t\t\t\t\t<p>Pay safely and easily. All possible payment methods are displayed during the ordering process. You decide how you prefer to pay:<\/p><p><strong>Payments by credit card (via provider Stripe)<\/strong><\/p><p>The following credit cards are accepted: VISA, Mastercard, American Express<\/p><p>To pay by credit card, you need the 16-digit card number, the validity period and the check digit, also known as CVV\/CVC. For VISA and MasterCard, the check digit corresponds to the three digits next to the signature field on the back of the card. On the American Express card, the 4-digit check digit is on the front, to the right above the embossed card number. Your data is protected using the secure SSL encryption process and processed immediately.<br \/>If payment is successful by credit card, the invoice amount will be debited from your credit card account when the goods are dispatched.<\/p><p><strong>payment by bank transfer<\/strong> <strong>(prepayment)<\/strong><\/p><p>Simply use our bank details and your order number for the transfer. Our bank details for the transfer will be sent to you by email after the order has been placed.<\/p>\t\t\t\t\t\t\t\t<\/div>\n\t\t\t\t<\/div>\n\t\t\t\t<div class=\"elementor-element elementor-element-0bb0fa9 elementor-widget elementor-widget-heading\" data-id=\"0bb0fa9\" data-element_type=\"widget\" data-e-type=\"widget\" data-widget_type=\"heading.default\">\n\t\t\t\t<div class=\"elementor-widget-container\">\n\t\t\t\t\t<p class=\"elementor-heading-title elementor-size-default\">Shipping methods<\/p>\t\t\t\t<\/div>\n\t\t\t\t<\/div>\n\t\t\t\t<div class=\"elementor-element elementor-element-741dd95 elementor-widget elementor-widget-text-editor\" data-id=\"741dd95\" data-element_type=\"widget\" data-e-type=\"widget\" data-widget_type=\"text-editor.default\">\n\t\t\t\t<div class=\"elementor-widget-container\">\n\t\t\t\t\t\t\t\t\t<div class=\"wp-block-group\"><div class=\"wp-block-group__inner-container is-layout-constrained wp-block-group-is-layout-constrained\"><p>We will always keep you as up to date as possible about the <strong>estimated delivery time<\/strong> and the current status of your order. You also have the option of tracking the delivery via our parcel service provider DHL using a tracking number. You will receive the tracking number and the link to the tracking by email with the shipping confirmation.<\/p><p>The <strong>shipping costs<\/strong> differ depending on <strong>delivery country<\/strong>Within Germany, delivery to your home is free of charge. Individual shipping costs are specified in the checkout area.<\/p><p>Note: When shipping to a non-EU country, additional taxes or costs (e.g. customs duties) may apply to your order.<\/p><\/div><\/div>\t\t\t\t\t\t\t\t<\/div>\n\t\t\t\t<\/div>\n\t\t\t\t\t<\/div>\n\t\t\t\t<\/div>\n\t\t\t\t<\/div>","protected":false},"excerpt":{"rendered":"<p>Individuelle Finanzierungsl\u00f6sungen f\u00fcr Gesch\u00e4ftskunden F\u00fcr unsere gewerblichen Kunden bieten wir ma\u00dfgeschneiderte Finanzierungsm\u00f6glichkeiten \u2013 wahlweise per Leasing oder Mietkauf. Sprechen Sie uns gerne dazu an, wir beraten Sie pers\u00f6nlich. Privatkunden Als Privatkunde haben Sie die M\u00f6glichkeit bequem per Vorkasse zu bestellen. Gerne nehmen wir Ihre Bestellung telefonisch unter 07231 \/ 7810780 oder per E-Mail an info@nanodron.de [&hellip;]<\/p>\n","protected":false},"author":1,"featured_media":0,"parent":0,"menu_order":999,"comment_status":"closed","ping_status":"closed","template":"","meta":{"site-sidebar-layout":"no-sidebar","site-content-layout":"","ast-site-content-layout":"full-width-container","site-content-style":"default","site-sidebar-style":"default","ast-global-header-display":"","ast-banner-title-visibility":"","ast-main-header-display":"","ast-hfb-above-header-display":"","ast-hfb-below-header-display":"","ast-hfb-mobile-header-display":"","site-post-title":"disabled","ast-breadcrumbs-content":"","ast-featured-img":"disabled","footer-sml-layout":"","theme-transparent-header-meta":"","adv-header-id-meta":"","stick-header-meta":"","header-above-stick-meta":"","header-main-stick-meta":"","header-below-stick-meta":"","astra-migrate-meta-layouts":"default","ast-page-background-enabled":"default","ast-page-background-meta":{"desktop":{"background-color":"var(--ast-global-color-4)","background-image":"","background-repeat":"repeat","background-position":"center center","background-size":"auto","background-attachment":"scroll","background-type":"","background-media":"","overlay-type":"","overlay-color":"","overlay-opacity":"","overlay-gradient":""},"tablet":{"background-color":"","background-image":"","background-repeat":"repeat","background-position":"center center","background-size":"auto","background-attachment":"scroll","background-type":"","background-media":"","overlay-type":"","overlay-color":"","overlay-opacity":"","overlay-gradient":""},"mobile":{"background-color":"","background-image":"","background-repeat":"repeat","background-position":"center center","background-size":"auto","background-attachment":"scroll","background-type":"","background-media":"","overlay-type":"","overlay-color":"","overlay-opacity":"","overlay-gradient":""}},"ast-content-background-meta":{"desktop":{"background-color":"var(--ast-global-color-5)","background-image":"","background-repeat":"repeat","background-position":"center center","background-size":"auto","background-attachment":"scroll","background-type":"","background-media":"","overlay-type":"","overlay-color":"","overlay-opacity":"","overlay-gradient":""},"tablet":{"background-color":"var(--ast-global-color-5)","background-image":"","background-repeat":"repeat","background-position":"center center","background-size":"auto","background-attachment":"scroll","background-type":"","background-media":"","overlay-type":"","overlay-color":"","overlay-opacity":"","overlay-gradient":""},"mobile":{"background-color":"var(--ast-global-color-5)","background-image":"","background-repeat":"repeat","background-position":"center center","background-size":"auto","background-attachment":"scroll","background-type":"","background-media":"","overlay-type":"","overlay-color":"","overlay-opacity":"","overlay-gradient":""}},"footnotes":""},"class_list":["post-143","page","type-page","status-publish","hentry"],"_links":{"self":[{"href":"https:\/\/nanodron.de\/en\/wp-json\/wp\/v2\/pages\/143","targetHints":{"allow":["GET"]}}],"collection":[{"href":"https:\/\/nanodron.de\/en\/wp-json\/wp\/v2\/pages"}],"about":[{"href":"https:\/\/nanodron.de\/en\/wp-json\/wp\/v2\/types\/page"}],"author":[{"embeddable":true,"href":"https:\/\/nanodron.de\/en\/wp-json\/wp\/v2\/users\/1"}],"replies":[{"embeddable":true,"href":"https:\/\/nanodron.de\/en\/wp-json\/wp\/v2\/comments?post=143"}],"version-history":[{"count":11,"href":"https:\/\/nanodron.de\/en\/wp-json\/wp\/v2\/pages\/143\/revisions"}],"predecessor-version":[{"id":4737,"href":"https:\/\/nanodron.de\/en\/wp-json\/wp\/v2\/pages\/143\/revisions\/4737"}],"wp:attachment":[{"href":"https:\/\/nanodron.de\/en\/wp-json\/wp\/v2\/media?parent=143"}],"curies":[{"name":"wp","href":"https:\/\/api.w.org\/{rel}","templated":true}]}}