{"id":143,"date":"2023-12-01T15:14:20","date_gmt":"2023-12-01T14:14:20","guid":{"rendered":"https:\/\/nanodron.de\/?page_id=143"},"modified":"2025-09-12T20:03:41","modified_gmt":"2025-09-12T18:03:41","slug":"zahlungarten-und-versandarten","status":"publish","type":"page","link":"https:\/\/nanodron.de\/ar\/zahlungarten-und-versandarten\/","title":{"rendered":"\u0637\u0631\u0642 \u0627\u0644\u062f\u0641\u0639 \u0648\u0627\u0644\u0634\u062d\u0646"},"content":{"rendered":"<div data-elementor-type=\"wp-page\" data-elementor-id=\"143\" class=\"elementor elementor-143\" data-elementor-post-type=\"page\">\n\t\t\t\t<div class=\"elementor-element elementor-element-51a323e e-flex e-con-boxed e-con e-parent\" data-id=\"51a323e\" data-element_type=\"container\" data-e-type=\"container\">\n\t\t\t\t\t<div class=\"e-con-inner\">\n\t\t\t\t<div class=\"elementor-element elementor-element-48bf275 elementor-widget elementor-widget-heading\" data-id=\"48bf275\" data-element_type=\"widget\" data-e-type=\"widget\" data-widget_type=\"heading.default\">\n\t\t\t\t<div class=\"elementor-widget-container\">\n\t\t\t\t\t<p class=\"elementor-heading-title elementor-size-default\">\u062d\u0644\u0648\u0644 \u0627\u0644\u062a\u0645\u0648\u064a\u0644 \u0627\u0644\u0641\u0631\u062f\u064a\u0629 \u0644\u0639\u0645\u0644\u0627\u0621 \u0627\u0644\u0623\u0639\u0645\u0627\u0644<\/p>\t\t\t\t<\/div>\n\t\t\t\t<\/div>\n\t\t\t\t<div class=\"elementor-element elementor-element-059456d elementor-widget elementor-widget-text-editor\" data-id=\"059456d\" data-element_type=\"widget\" data-e-type=\"widget\" data-widget_type=\"text-editor.default\">\n\t\t\t\t<div class=\"elementor-widget-container\">\n\t\t\t\t\t\t\t\t\t<p>\u0646\u0642\u062f\u0645 \u062e\u064a\u0627\u0631\u0627\u062a \u062a\u0645\u0648\u064a\u0644 \u0645\u062e\u0635\u0635\u0629 \u0644\u0639\u0645\u0644\u0627\u0626\u0646\u0627 \u0627\u0644\u062a\u062c\u0627\u0631\u064a\u064a\u0646\u060c \u0633\u0648\u0627\u0621\u064b \u0645\u0646 \u062e\u0644\u0627\u0644 \u0627\u0644\u062a\u0623\u062c\u064a\u0631 \u0627\u0644\u062a\u0645\u0648\u064a\u0644\u064a \u0623\u0648 \u0627\u0644\u0628\u064a\u0639 \u0628\u0627\u0644\u062a\u0642\u0633\u064a\u0637. \u062a\u0648\u0627\u0635\u0644\u0648\u0627 \u0645\u0639\u0646\u0627\u060c \u0648\u0633\u0646\u0633\u0639\u062f \u0628\u062a\u0642\u062f\u064a\u0645 \u0627\u0644\u0645\u0634\u0648\u0631\u0629 \u0644\u0643\u0645 \u0634\u062e\u0635\u064a\u064b\u0627.<\/p>\t\t\t\t\t\t\t\t<\/div>\n\t\t\t\t<\/div>\n\t\t\t\t<div class=\"elementor-element elementor-element-e20af43 elementor-widget elementor-widget-heading\" data-id=\"e20af43\" data-element_type=\"widget\" data-e-type=\"widget\" data-widget_type=\"heading.default\">\n\t\t\t\t<div class=\"elementor-widget-container\">\n\t\t\t\t\t<p class=\"elementor-heading-title elementor-size-default\">\u0627\u0644\u0639\u0645\u0644\u0627\u0621 \u0645\u0646 \u0627\u0644\u0642\u0637\u0627\u0639 \u0627\u0644\u062e\u0627\u0635<\/p>\t\t\t\t<\/div>\n\t\t\t\t<\/div>\n\t\t\t\t<div class=\"elementor-element elementor-element-85dc887 elementor-widget elementor-widget-text-editor\" data-id=\"85dc887\" data-element_type=\"widget\" data-e-type=\"widget\" data-widget_type=\"text-editor.default\">\n\t\t\t\t<div class=\"elementor-widget-container\">\n\t\t\t\t\t\t\t\t\t<p>\u0628\u0627\u0639\u062a\u0628\u0627\u0631\u0643 \u0639\u0645\u064a\u0644\u064b\u0627 \u062e\u0627\u0635\u064b\u0627\u060c \u0644\u062f\u064a\u0643 \u062e\u064a\u0627\u0631 \u0627\u0644\u0637\u0644\u0628 \u0628\u0633\u0647\u0648\u0644\u0629 \u0639\u0646 \u0637\u0631\u064a\u0642 \u0627\u0644\u062f\u0641\u0639 \u0627\u0644\u0645\u0633\u0628\u0642. <br \/>\u064a\u0633\u0639\u062f\u0646\u0627 \u062a\u0644\u0642\u064a \u0637\u0644\u0628\u0643 \u0639\u0628\u0631 \u0627\u0644\u0647\u0627\u062a\u0641 \u0639\u0644\u0649 <strong data-start=\"571\" data-end=\"590\">07231 \/ 7810780<\/strong> \u0623\u0648 \u0639\u0628\u0631 \u0627\u0644\u0628\u0631\u064a\u062f \u0627\u0644\u0625\u0644\u0643\u062a\u0631\u0648\u0646\u064a \u0625\u0644\u0649 <strong data-start=\"610\" data-end=\"630\"><a class=\"cursor-pointer\" rel=\"noopener\" data-start=\"612\" data-end=\"628\">info@nanodron.de<\/a><\/strong> \u0639\u0644\u0649 \u0627\u0644\u0646\u0642\u064a\u0636 \u0645\u0646 \u0630\u0644\u0643. <br \/>\u0648\u0628\u062f\u0644\u0627\u064b \u0645\u0646 \u0630\u0644\u0643\u060c \u064a\u0645\u0643\u0646\u0643 \u0637\u0644\u0628 NANODRON\u00ae \u0627\u0644\u062e\u0627\u0635 \u0628\u0643 \u0645\u0628\u0627\u0634\u0631\u0629\u064b \u0645\u0646 \u0645\u062a\u062c\u0631\u0646\u0627 \u0639\u0628\u0631 \u0627\u0644\u0625\u0646\u062a\u0631\u0646\u062a.<\/p>\t\t\t\t\t\t\t\t<\/div>\n\t\t\t\t<\/div>\n\t\t\t\t<div class=\"elementor-element elementor-element-bb1d94e elementor-widget elementor-widget-heading\" data-id=\"bb1d94e\" data-element_type=\"widget\" data-e-type=\"widget\" data-widget_type=\"heading.default\">\n\t\t\t\t<div class=\"elementor-widget-container\">\n\t\t\t\t\t<p class=\"elementor-heading-title elementor-size-default\">\u0645\u0632\u064a\u062f \u0645\u0646 \u0627\u0644\u0645\u0639\u0644\u0648\u0645\u0627\u062a \u062d\u0648\u0644 \u0637\u0631\u0642 \u0627\u0644\u062f\u0641\u0639<\/p>\t\t\t\t<\/div>\n\t\t\t\t<\/div>\n\t\t\t\t<div class=\"elementor-element elementor-element-8ee32db elementor-widget elementor-widget-text-editor\" data-id=\"8ee32db\" data-element_type=\"widget\" data-e-type=\"widget\" data-widget_type=\"text-editor.default\">\n\t\t\t\t<div class=\"elementor-widget-container\">\n\t\t\t\t\t\t\t\t\t<p>\u0627\u062f\u0641\u0639 \u0628\u0623\u0645\u0627\u0646 \u0648\u0633\u0647\u0648\u0644\u0629. \u064a\u062a\u0645 \u0639\u0631\u0636 \u062c\u0645\u064a\u0639 \u0637\u0631\u0642 \u0627\u0644\u062f\u0641\u0639 \u0627\u0644\u0645\u0645\u0643\u0646\u0629 \u0623\u062b\u0646\u0627\u0621 \u0639\u0645\u0644\u064a\u0629 \u0627\u0644\u0637\u0644\u0628. \u0639\u0644\u064a\u0643 \u0623\u0646 \u062a\u0642\u0631\u0631 \u0627\u0644\u0637\u0631\u064a\u0642\u0629 \u0627\u0644\u062a\u064a \u062a\u0641\u0636\u0644\u0647\u0627 \u0644\u0644\u062f\u0641\u0639:<\/p><p><strong>\u0627\u0644\u062f\u0641\u0639 \u0639\u0646 \u0637\u0631\u064a\u0642 \u0628\u0637\u0627\u0642\u0629 \u0627\u0644\u0627\u0626\u062a\u0645\u0627\u0646 (\u0639\u0628\u0631 \u0645\u0632\u0648\u062f Stripe)<\/strong><\/p><p>\u064a\u062a\u0645 \u0642\u0628\u0648\u0644 \u0628\u0637\u0627\u0642\u0627\u062a \u0627\u0644\u0627\u0626\u062a\u0645\u0627\u0646 \u0627\u0644\u062a\u0627\u0644\u064a\u0629: \u0641\u064a\u0632\u0627\u060c \u0645\u0627\u0633\u062a\u0631\u0643\u0627\u0631\u062f\u060c \u0623\u0645\u0631\u064a\u0643\u0627\u0646 \u0625\u0643\u0633\u0628\u0631\u064a\u0633<\/p><p>\u0644\u0644\u062f\u0641\u0639 \u0639\u0646 \u0637\u0631\u064a\u0642 \u0628\u0637\u0627\u0642\u0629 \u0627\u0644\u0627\u0626\u062a\u0645\u0627\u0646\u060c \u062a\u062d\u062a\u0627\u062c \u0625\u0644\u0649 \u0631\u0642\u0645 \u0627\u0644\u0628\u0637\u0627\u0642\u0629 \u0627\u0644\u0645\u0643\u0648\u0646 \u0645\u0646 16 \u0631\u0642\u0645\u064b\u0627 \u0648\u0641\u062a\u0631\u0629 \u0627\u0644\u0635\u0644\u0627\u062d\u064a\u0629 \u0648\u0631\u0642\u0645 \u0627\u0644\u0634\u064a\u0643\u060c \u0627\u0644\u0645\u0639\u0631\u0648\u0641 \u0623\u064a\u0636\u064b\u0627 \u0628\u0627\u0633\u0645 CVV\/CVC. \u0628\u0627\u0644\u0646\u0633\u0628\u0629 \u0644\u0628\u0637\u0627\u0642\u0627\u062a VISA \u0648MasterCard\u060c \u064a\u062a\u0648\u0627\u0641\u0642 \u0631\u0642\u0645 \u0627\u0644\u062a\u062d\u0642\u0642 \u0645\u0639 \u0627\u0644\u0623\u0631\u0642\u0627\u0645 \u0627\u0644\u062b\u0644\u0627\u062b\u0629 \u0627\u0644\u0645\u0648\u062c\u0648\u062f\u0629 \u0628\u062c\u0648\u0627\u0631 \u062d\u0642\u0644 \u0627\u0644\u062a\u0648\u0642\u064a\u0639 \u0627\u0644\u0645\u0648\u062c\u0648\u062f \u0639\u0644\u0649 \u0638\u0647\u0631 \u0627\u0644\u0628\u0637\u0627\u0642\u0629. \u0639\u0644\u0649 \u0628\u0637\u0627\u0642\u0629 \u0623\u0645\u0631\u064a\u0643\u0627\u0646 \u0625\u0643\u0633\u0628\u0631\u064a\u0633\u060c \u064a\u0648\u062c\u062f \u0631\u0642\u0645 \u0627\u0644\u0634\u064a\u0643 \u0627\u0644\u0645\u0643\u0648\u0646 \u0645\u0646 4 \u0623\u0631\u0642\u0627\u0645 \u0641\u064a \u0627\u0644\u0645\u0642\u062f\u0645\u0629\u060c \u0623\u0639\u0644\u0649 \u0631\u0642\u0645 \u0627\u0644\u0628\u0637\u0627\u0642\u0629 \u0627\u0644\u0645\u0646\u0642\u0648\u0634 \u0645\u0628\u0627\u0634\u0631\u0629. \u0633\u062a\u062a\u0645 \u062d\u0645\u0627\u064a\u0629 \u0628\u064a\u0627\u0646\u0627\u062a\u0643 \u0628\u0627\u0633\u062a\u062e\u062f\u0627\u0645 \u0639\u0645\u0644\u064a\u0629 \u062a\u0634\u0641\u064a\u0631 SSL \u0627\u0644\u0622\u0645\u0646\u0629 \u0648\u0645\u0639\u0627\u0644\u062c\u062a\u0647\u0627 \u0639\u0644\u0649 \u0627\u0644\u0641\u0648\u0631.<br \/>\u0625\u0630\u0627 \u0642\u0645\u062a \u0628\u0627\u0644\u062f\u0641\u0639 \u0628\u0646\u062c\u0627\u062d \u0639\u0646 \u0637\u0631\u064a\u0642 \u0628\u0637\u0627\u0642\u0629 \u0627\u0644\u0627\u0626\u062a\u0645\u0627\u0646\u060c \u0641\u0633\u064a\u062a\u0645 \u062e\u0635\u0645 \u0645\u0628\u0644\u063a \u0627\u0644\u0641\u0627\u062a\u0648\u0631\u0629 \u0645\u0646 \u062d\u0633\u0627\u0628 \u0628\u0637\u0627\u0642\u062a\u0643 \u0627\u0644\u0627\u0626\u062a\u0645\u0627\u0646\u064a\u0629 \u0639\u0646\u062f \u0634\u062d\u0646 \u0627\u0644\u0628\u0636\u0627\u0626\u0639.<\/p><p><strong>\u0627\u0644\u062f\u0641\u0639 \u0639\u0646 \u0637\u0631\u064a\u0642 \u0627\u0644\u062a\u062d\u0648\u064a\u0644 \u0627\u0644\u0628\u0646\u0643\u064a<\/strong> <strong>(\u0627\u0644\u062f\u0641\u0639\u0629 \u0627\u0644\u0645\u0642\u062f\u0645\u0629)<\/strong><\/p><p>\u0645\u0627 \u0639\u0644\u064a\u0643 \u0633\u0648\u0649 \u0627\u0633\u062a\u062e\u062f\u0627\u0645 \u0628\u064a\u0627\u0646\u0627\u062a\u0646\u0627 \u0627\u0644\u0645\u0635\u0631\u0641\u064a\u0629 \u0648\u0631\u0642\u0645 \u0637\u0644\u0628\u0643 \u0644\u0625\u062c\u0631\u0627\u0621 \u0627\u0644\u062a\u062d\u0648\u064a\u0644. \u0633\u064a\u062a\u0645 \u0625\u0631\u0633\u0627\u0644 \u0627\u0644\u062a\u0641\u0627\u0635\u064a\u0644 \u0627\u0644\u0645\u0635\u0631\u0641\u064a\u0629 \u0627\u0644\u062e\u0627\u0635\u0629 \u0628\u0627\u0644\u062a\u062d\u0648\u064a\u0644 \u0639\u0628\u0631 \u0627\u0644\u0628\u0631\u064a\u062f \u0627\u0644\u0625\u0644\u0643\u062a\u0631\u0648\u0646\u064a \u0628\u0639\u062f \u0627\u0644\u0637\u0644\u0628.<\/p>\t\t\t\t\t\t\t\t<\/div>\n\t\t\t\t<\/div>\n\t\t\t\t<div class=\"elementor-element elementor-element-0bb0fa9 elementor-widget elementor-widget-heading\" data-id=\"0bb0fa9\" data-element_type=\"widget\" data-e-type=\"widget\" data-widget_type=\"heading.default\">\n\t\t\t\t<div class=\"elementor-widget-container\">\n\t\t\t\t\t<p class=\"elementor-heading-title elementor-size-default\">\u0637\u0631\u0642 \u0627\u0644\u0634\u062d\u0646<\/p>\t\t\t\t<\/div>\n\t\t\t\t<\/div>\n\t\t\t\t<div class=\"elementor-element elementor-element-741dd95 elementor-widget elementor-widget-text-editor\" data-id=\"741dd95\" data-element_type=\"widget\" data-e-type=\"widget\" data-widget_type=\"text-editor.default\">\n\t\t\t\t<div class=\"elementor-widget-container\">\n\t\t\t\t\t\t\t\t\t<div class=\"wp-block-group\"><div class=\"wp-block-group__inner-container is-layout-constrained wp-block-group-is-layout-constrained\"><p>\u0633\u0646\u0628\u0642\u064a\u0643 \u062f\u0627\u0626\u0645\u064b\u0627 \u0639\u0644\u0649 \u0627\u0637\u0644\u0627\u0639 \u0628\u0623\u0641\u0636\u0644 \u0645\u0627 \u064a\u0645\u0643\u0646 <strong>\u0648\u0642\u062a \u0627\u0644\u062a\u0633\u0644\u064a\u0645 \u0627\u0644\u0645\u0642\u062f\u0631<\/strong> \u0648\u0627\u0644\u062d\u0627\u0644\u0629 \u0627\u0644\u062d\u0627\u0644\u064a\u0629 \u0644\u0637\u0644\u0628\u0643. \u0644\u062f\u064a\u0643 \u0623\u064a\u0636\u064b\u0627 \u062e\u064a\u0627\u0631 \u062a\u062a\u0628\u0639 \u0627\u0644\u062a\u0633\u0644\u064a\u0645 \u0639\u0628\u0631 \u062e\u062f\u0645\u0629 \u0627\u0644\u0637\u0631\u0648\u062f DHL \u0627\u0644\u062e\u0627\u0635\u0629 \u0628\u0646\u0627 \u0628\u0627\u0633\u062a\u062e\u062f\u0627\u0645 \u0631\u0642\u0645 \u0627\u0644\u062a\u062a\u0628\u0639. \u0633\u0648\u0641 \u062a\u062a\u0644\u0642\u0649 \u0631\u0642\u0645 \u0627\u0644\u062a\u062a\u0628\u0639 \u0648\u0631\u0627\u0628\u0637 \u0627\u0644\u062a\u062a\u0628\u0639 \u0639\u0628\u0631 \u0627\u0644\u0628\u0631\u064a\u062f \u0627\u0644\u0625\u0644\u0643\u062a\u0631\u0648\u0646\u064a \u0645\u0639 \u062a\u0623\u0643\u064a\u062f \u0627\u0644\u0634\u062d\u0646.<\/p><p>\u0627\u0644 <strong>\u062a\u0643\u0627\u0644\u064a\u0641 \u0627\u0644\u0634\u062d\u0646<\/strong> \u064a\u062e\u062a\u0644\u0641 \u0643\u0644 \u0645\u0646\u0647\u0645\u0627 <strong>\u0628\u0644\u062f \u0627\u0644\u062a\u0633\u0644\u064a\u0645<\/strong>. \u062f\u0627\u062e\u0644 \u0623\u0644\u0645\u0627\u0646\u064a\u0627\u060c \u0627\u0644\u062a\u0648\u0635\u064a\u0644 \u0625\u0644\u0649 \u0645\u0646\u0632\u0644\u0643 \u0645\u062c\u0627\u0646\u064a. \u064a\u062a\u0645 \u0630\u0643\u0631 \u062a\u0643\u0627\u0644\u064a\u0641 \u0627\u0644\u0634\u062d\u0646 \u0627\u0644\u0641\u0631\u062f\u064a\u0629 \u0641\u064a \u0645\u0646\u0637\u0642\u0629 \u0627\u0644\u062e\u0631\u0648\u062c \u0623\u062b\u0646\u0627\u0621 \u0627\u0644\u062e\u0631\u0648\u062c.<\/p><p>\u0645\u0644\u062d\u0648\u0638\u0629: \u0639\u0646\u062f \u0627\u0644\u0634\u062d\u0646 \u0625\u0644\u0649 \u062f\u0648\u0644 \u062e\u0627\u0631\u062c \u0627\u0644\u0627\u062a\u062d\u0627\u062f \u0627\u0644\u0623\u0648\u0631\u0648\u0628\u064a\u060c \u0642\u062f \u064a\u062a\u0645 \u062a\u0637\u0628\u064a\u0642 \u0636\u0631\u0627\u0626\u0628 \u0623\u0648 \u062a\u0643\u0627\u0644\u064a\u0641 \u0625\u0636\u0627\u0641\u064a\u0629 (\u0645\u062b\u0644 \u0627\u0644\u0631\u0633\u0648\u0645 \u0627\u0644\u062c\u0645\u0631\u0643\u064a\u0629) \u0639\u0644\u0649 \u0637\u0644\u0628\u0643.<\/p><\/div><\/div>\t\t\t\t\t\t\t\t<\/div>\n\t\t\t\t<\/div>\n\t\t\t\t\t<\/div>\n\t\t\t\t<\/div>\n\t\t\t\t<\/div>","protected":false},"excerpt":{"rendered":"<p>Individuelle Finanzierungsl\u00f6sungen f\u00fcr Gesch\u00e4ftskunden F\u00fcr unsere gewerblichen Kunden bieten wir ma\u00dfgeschneiderte Finanzierungsm\u00f6glichkeiten \u2013 wahlweise per Leasing oder Mietkauf. Sprechen Sie uns gerne dazu an, wir beraten Sie pers\u00f6nlich. Privatkunden Als Privatkunde haben Sie die M\u00f6glichkeit bequem per Vorkasse zu bestellen. Gerne nehmen wir Ihre Bestellung telefonisch unter 07231 \/ 7810780 oder per E-Mail an info@nanodron.de [&hellip;]<\/p>\n","protected":false},"author":1,"featured_media":0,"parent":0,"menu_order":999,"comment_status":"closed","ping_status":"closed","template":"","meta":{"site-sidebar-layout":"no-sidebar","site-content-layout":"","ast-site-content-layout":"full-width-container","site-content-style":"default","site-sidebar-style":"default","ast-global-header-display":"","ast-banner-title-visibility":"","ast-main-header-display":"","ast-hfb-above-header-display":"","ast-hfb-below-header-display":"","ast-hfb-mobile-header-display":"","site-post-title":"disabled","ast-breadcrumbs-content":"","ast-featured-img":"disabled","footer-sml-layout":"","theme-transparent-header-meta":"","adv-header-id-meta":"","stick-header-meta":"","header-above-stick-meta":"","header-main-stick-meta":"","header-below-stick-meta":"","astra-migrate-meta-layouts":"default","ast-page-background-enabled":"default","ast-page-background-meta":{"desktop":{"background-color":"var(--ast-global-color-4)","background-image":"","background-repeat":"repeat","background-position":"center center","background-size":"auto","background-attachment":"scroll","background-type":"","background-media":"","overlay-type":"","overlay-color":"","overlay-opacity":"","overlay-gradient":""},"tablet":{"background-color":"","background-image":"","background-repeat":"repeat","background-position":"center center","background-size":"auto","background-attachment":"scroll","background-type":"","background-media":"","overlay-type":"","overlay-color":"","overlay-opacity":"","overlay-gradient":""},"mobile":{"background-color":"","background-image":"","background-repeat":"repeat","background-position":"center center","background-size":"auto","background-attachment":"scroll","background-type":"","background-media":"","overlay-type":"","overlay-color":"","overlay-opacity":"","overlay-gradient":""}},"ast-content-background-meta":{"desktop":{"background-color":"var(--ast-global-color-5)","background-image":"","background-repeat":"repeat","background-position":"center center","background-size":"auto","background-attachment":"scroll","background-type":"","background-media":"","overlay-type":"","overlay-color":"","overlay-opacity":"","overlay-gradient":""},"tablet":{"background-color":"var(--ast-global-color-5)","background-image":"","background-repeat":"repeat","background-position":"center center","background-size":"auto","background-attachment":"scroll","background-type":"","background-media":"","overlay-type":"","overlay-color":"","overlay-opacity":"","overlay-gradient":""},"mobile":{"background-color":"var(--ast-global-color-5)","background-image":"","background-repeat":"repeat","background-position":"center center","background-size":"auto","background-attachment":"scroll","background-type":"","background-media":"","overlay-type":"","overlay-color":"","overlay-opacity":"","overlay-gradient":""}},"footnotes":""},"class_list":["post-143","page","type-page","status-publish","hentry"],"_links":{"self":[{"href":"https:\/\/nanodron.de\/ar\/wp-json\/wp\/v2\/pages\/143","targetHints":{"allow":["GET"]}}],"collection":[{"href":"https:\/\/nanodron.de\/ar\/wp-json\/wp\/v2\/pages"}],"about":[{"href":"https:\/\/nanodron.de\/ar\/wp-json\/wp\/v2\/types\/page"}],"author":[{"embeddable":true,"href":"https:\/\/nanodron.de\/ar\/wp-json\/wp\/v2\/users\/1"}],"replies":[{"embeddable":true,"href":"https:\/\/nanodron.de\/ar\/wp-json\/wp\/v2\/comments?post=143"}],"version-history":[{"count":11,"href":"https:\/\/nanodron.de\/ar\/wp-json\/wp\/v2\/pages\/143\/revisions"}],"predecessor-version":[{"id":4737,"href":"https:\/\/nanodron.de\/ar\/wp-json\/wp\/v2\/pages\/143\/revisions\/4737"}],"wp:attachment":[{"href":"https:\/\/nanodron.de\/ar\/wp-json\/wp\/v2\/media?parent=143"}],"curies":[{"name":"\u0648\u0648\u0631\u062f\u0628\u0631\u064a\u0633","href":"https:\/\/api.w.org\/{rel}","templated":true}]}}